{"id":29222,"date":"2022-01-22T12:29:09","date_gmt":"2022-01-22T11:29:09","guid":{"rendered":"https:\/\/demoweb.info\/sexshop001\/producto\/uncorked-rose-vibrador-de-silicona\/"},"modified":"2022-01-22T12:29:09","modified_gmt":"2022-01-22T11:29:09","slug":"uncorked-rose-vibrador-de-silicona","status":"publish","type":"product","link":"https:\/\/demoweb.info\/sexshop001\/producto\/uncorked-rose-vibrador-de-silicona\/","title":{"rendered":"UNCORKED ROS\u00c9 &#8211; VIBRADOR DE SILICONA"},"content":{"rendered":"<p><strong>UNCORKED ROS\u00c9<\/strong><\/p>\n<p>Desde la vida de la jet-set hasta el ajetreo de la oficina, Uncorked \u2122 Ros\u00e9 sabe exactamente lo que necesitas despu\u00e9s de un largo d\u00eda.<\/p>\n<p>Este delicioso mini masajeador tiene un poder impresionante para posibilidades ilimitadas. El vibrador de silicona est\u00e1 repleto de 10 velocidades de vibraciones sensacionales que brindan una estimulaci\u00f3n devastadora.<\/p>\n<p>Controla sin esfuerzo el placer puro con un control de bot\u00f3n de f\u00e1cil toque y mant\u00e9nlo presionado durante 3 segundos para encender o apagar. Con una forma suave y una superficie flexible, podr\u00e1s disfrutar de vibraciones emocionantes desde cualquier \u00e1ngulo que desees.<\/p>\n<p>Divi\u00e9rtete con hasta 3 horas de pulsaciones apasionadas con cada carga. Recarga tu pasi\u00f3n en solo 2.5 horas conectando el cable USB provisto en el puerto de carga autosellante en la parte posterior del masajeador.<\/p>\n<p>El discreto tama\u00f1o del delgado masajeador lo convierte en el compa\u00f1ero de viaje perfecto, permiti\u00e9ndote abrazar el placer que irradia dondequiera que te lleven tus fantas\u00edas.<\/p>\n<p><strong>Caracter\u00edsticas:<\/strong><\/p>\n<p>Delicioso mini masajeador con una potencia impresionante para posibilidades ilimitadas<\/p>\n<ul>\n<li>10 velocidades de vibraci\u00f3n<\/li>\n<li>Silicona lujosa segura para el cuerpo<\/li>\n<li>Control de bot\u00f3n f\u00e1cil: mant\u00e9ngalo presionado durante 3 segundos para encender o apagar<\/li>\n<li>USB recargable: cable de carga incluido<\/li>\n<\/ul>\n<p><strong>Medidas:<\/strong><\/p>\n<ul>\n<li>Totales: 12 x 3,75 cm<\/li>\n<li>Insertables: 7,5 x 2,5 cm<\/li>\n<\/ul>\n","protected":false},"excerpt":{"rendered":"<p>UNCORKED ROS\u00c9 Desde la vida de la jet-set hasta el ajetreo de la oficina, Uncorked \u2122 Ros\u00e9 sabe exactamente lo<\/p>\n","protected":false},"featured_media":29223,"comment_status":"open","ping_status":"open","template":"","meta":[],"product_cat":[476],"product_tag":[660,1143],"class_list":["post-29222","product","type-product","status-publish","has-post-thumbnail","hentry","product_cat-silicona-balas-y-huevos","product_tag-calexotics","product_tag-uncorked"],"bundled_by":[],"bundle_stock_status":"instock","bundle_stock_quantity":1,"bundle_virtual":false,"bundle_layout":"","bundle_add_to_cart_form_location":"","bundle_editable_in_cart":false,"bundle_sold_individually_context":"","bundle_item_grouping":"","bundle_min_size":"","bundle_max_size":"","bundled_items":[],"yoast_head":"<!-- This site is optimized with the Yoast SEO plugin v20.6 - https:\/\/yoast.com\/wordpress\/plugins\/seo\/ -->\n<title>UNCORKED ROS\u00c9 - VIBRADOR DE SILICONA - Tienda Er\u00f3tica<\/title>\n<meta name=\"robots\" content=\"noindex, follow, max-snippet:-1, max-image-preview:large, max-video-preview:-1\" \/>\n<meta property=\"og:locale\" content=\"es_ES\" \/>\n<meta property=\"og:type\" content=\"article\" \/>\n<meta property=\"og:title\" content=\"UNCORKED ROS\u00c9 - VIBRADOR DE SILICONA - Tienda Er\u00f3tica\" \/>\n<meta property=\"og:description\" content=\"UNCORKED ROS\u00c9 Desde la vida de la jet-set hasta el ajetreo de la oficina, Uncorked \u2122 Ros\u00e9 sabe exactamente lo\" \/>\n<meta property=\"og:url\" content=\"https:\/\/demoweb.info\/sexshop001\/producto\/uncorked-rose-vibrador-de-silicona\/\" \/>\n<meta property=\"og:site_name\" content=\"Tienda Er\u00f3tica\" \/>\n<meta property=\"og:image\" content=\"https:\/\/demoweb.info\/sexshop001\/wp-content\/uploads\/2022\/01\/UNCORKED-ROSE-VIBRADOR-DE-SILICONA.jpg\" \/>\n\t<meta property=\"og:image:width\" content=\"550\" \/>\n\t<meta property=\"og:image:height\" content=\"550\" \/>\n\t<meta property=\"og:image:type\" content=\"image\/jpeg\" \/>\n<meta name=\"twitter:card\" content=\"summary_large_image\" \/>\n<meta name=\"twitter:label1\" content=\"Tiempo de lectura\" \/>\n\t<meta name=\"twitter:data1\" content=\"1 minuto\" \/>\n<script type=\"application\/ld+json\" class=\"yoast-schema-graph\">{\"@context\":\"https:\/\/schema.org\",\"@graph\":[{\"@type\":\"WebPage\",\"@id\":\"https:\/\/demoweb.info\/sexshop001\/producto\/uncorked-rose-vibrador-de-silicona\/\",\"url\":\"https:\/\/demoweb.info\/sexshop001\/producto\/uncorked-rose-vibrador-de-silicona\/\",\"name\":\"UNCORKED ROS\u00c9 - VIBRADOR DE SILICONA - Tienda Er\u00f3tica\",\"isPartOf\":{\"@id\":\"https:\/\/demoweb.info\/sexshop001\/#website\"},\"datePublished\":\"2022-01-22T11:29:09+00:00\",\"dateModified\":\"2022-01-22T11:29:09+00:00\",\"breadcrumb\":{\"@id\":\"https:\/\/demoweb.info\/sexshop001\/producto\/uncorked-rose-vibrador-de-silicona\/#breadcrumb\"},\"inLanguage\":\"es\",\"potentialAction\":[{\"@type\":\"ReadAction\",\"target\":[\"https:\/\/demoweb.info\/sexshop001\/producto\/uncorked-rose-vibrador-de-silicona\/\"]}]},{\"@type\":\"BreadcrumbList\",\"@id\":\"https:\/\/demoweb.info\/sexshop001\/producto\/uncorked-rose-vibrador-de-silicona\/#breadcrumb\",\"itemListElement\":[{\"@type\":\"ListItem\",\"position\":1,\"name\":\"Portada\",\"item\":\"https:\/\/demoweb.info\/sexshop001\/\"},{\"@type\":\"ListItem\",\"position\":2,\"name\":\"Tienda\",\"item\":\"https:\/\/demoweb.info\/sexshop001\/tienda\/\"},{\"@type\":\"ListItem\",\"position\":3,\"name\":\"UNCORKED ROS\u00c9 &#8211; VIBRADOR DE SILICONA\"}]},{\"@type\":\"WebSite\",\"@id\":\"https:\/\/demoweb.info\/sexshop001\/#website\",\"url\":\"https:\/\/demoweb.info\/sexshop001\/\",\"name\":\"Tienda Er\u00f3tica\",\"description\":\"DEMOWEB SL\",\"potentialAction\":[{\"@type\":\"SearchAction\",\"target\":{\"@type\":\"EntryPoint\",\"urlTemplate\":\"https:\/\/demoweb.info\/sexshop001\/?s={search_term_string}\"},\"query-input\":\"required name=search_term_string\"}],\"inLanguage\":\"es\"}]}<\/script>\n<!-- \/ Yoast SEO plugin. -->","yoast_head_json":{"title":"UNCORKED ROS\u00c9 - VIBRADOR DE SILICONA - Tienda Er\u00f3tica","robots":{"index":"noindex","follow":"follow","max-snippet":"max-snippet:-1","max-image-preview":"max-image-preview:large","max-video-preview":"max-video-preview:-1"},"og_locale":"es_ES","og_type":"article","og_title":"UNCORKED ROS\u00c9 - VIBRADOR DE SILICONA - Tienda Er\u00f3tica","og_description":"UNCORKED ROS\u00c9 Desde la vida de la jet-set hasta el ajetreo de la oficina, Uncorked \u2122 Ros\u00e9 sabe exactamente lo","og_url":"https:\/\/demoweb.info\/sexshop001\/producto\/uncorked-rose-vibrador-de-silicona\/","og_site_name":"Tienda Er\u00f3tica","og_image":[{"width":550,"height":550,"url":"https:\/\/demoweb.info\/sexshop001\/wp-content\/uploads\/2022\/01\/UNCORKED-ROSE-VIBRADOR-DE-SILICONA.jpg","type":"image\/jpeg"}],"twitter_card":"summary_large_image","twitter_misc":{"Tiempo de lectura":"1 minuto"},"schema":{"@context":"https:\/\/schema.org","@graph":[{"@type":"WebPage","@id":"https:\/\/demoweb.info\/sexshop001\/producto\/uncorked-rose-vibrador-de-silicona\/","url":"https:\/\/demoweb.info\/sexshop001\/producto\/uncorked-rose-vibrador-de-silicona\/","name":"UNCORKED ROS\u00c9 - VIBRADOR DE SILICONA - Tienda Er\u00f3tica","isPartOf":{"@id":"https:\/\/demoweb.info\/sexshop001\/#website"},"datePublished":"2022-01-22T11:29:09+00:00","dateModified":"2022-01-22T11:29:09+00:00","breadcrumb":{"@id":"https:\/\/demoweb.info\/sexshop001\/producto\/uncorked-rose-vibrador-de-silicona\/#breadcrumb"},"inLanguage":"es","potentialAction":[{"@type":"ReadAction","target":["https:\/\/demoweb.info\/sexshop001\/producto\/uncorked-rose-vibrador-de-silicona\/"]}]},{"@type":"BreadcrumbList","@id":"https:\/\/demoweb.info\/sexshop001\/producto\/uncorked-rose-vibrador-de-silicona\/#breadcrumb","itemListElement":[{"@type":"ListItem","position":1,"name":"Portada","item":"https:\/\/demoweb.info\/sexshop001\/"},{"@type":"ListItem","position":2,"name":"Tienda","item":"https:\/\/demoweb.info\/sexshop001\/tienda\/"},{"@type":"ListItem","position":3,"name":"UNCORKED ROS\u00c9 &#8211; VIBRADOR DE SILICONA"}]},{"@type":"WebSite","@id":"https:\/\/demoweb.info\/sexshop001\/#website","url":"https:\/\/demoweb.info\/sexshop001\/","name":"Tienda Er\u00f3tica","description":"DEMOWEB SL","potentialAction":[{"@type":"SearchAction","target":{"@type":"EntryPoint","urlTemplate":"https:\/\/demoweb.info\/sexshop001\/?s={search_term_string}"},"query-input":"required name=search_term_string"}],"inLanguage":"es"}]}},"_links":{"self":[{"href":"https:\/\/demoweb.info\/sexshop001\/wp-json\/wp\/v3\/product\/29222","targetHints":{"allow":["GET"]}}],"collection":[{"href":"https:\/\/demoweb.info\/sexshop001\/wp-json\/wp\/v3\/product"}],"about":[{"href":"https:\/\/demoweb.info\/sexshop001\/wp-json\/wp\/v2\/types\/product"}],"replies":[{"embeddable":true,"href":"https:\/\/demoweb.info\/sexshop001\/wp-json\/wp\/v2\/comments?post=29222"}],"wp:featuredmedia":[{"embeddable":true,"href":"https:\/\/demoweb.info\/sexshop001\/wp-json\/wp\/v2\/media\/29223"}],"wp:attachment":[{"href":"https:\/\/demoweb.info\/sexshop001\/wp-json\/wp\/v2\/media?parent=29222"}],"wp:term":[{"taxonomy":"product_cat","embeddable":true,"href":"https:\/\/demoweb.info\/sexshop001\/wp-json\/wp\/v2\/product_cat?post=29222"},{"taxonomy":"product_tag","embeddable":true,"href":"https:\/\/demoweb.info\/sexshop001\/wp-json\/wp\/v2\/product_tag?post=29222"}],"curies":[{"name":"wp","href":"https:\/\/api.w.org\/{rel}","templated":true}]}}