{"id":29201,"date":"2022-01-22T12:28:42","date_gmt":"2022-01-22T11:28:42","guid":{"rendered":"https:\/\/demoweb.info\/sexshop001\/producto\/vibrador-throb-thumper-doble-estimulacion-rosa\/"},"modified":"2022-01-22T12:28:58","modified_gmt":"2022-01-22T11:28:58","slug":"vibrador-throb-thumper-doble-estimulacion-rosa","status":"publish","type":"product","link":"https:\/\/demoweb.info\/sexshop001\/producto\/vibrador-throb-thumper-doble-estimulacion-rosa\/","title":{"rendered":"VIBRADOR THROB THUMPER DOBLE ESTIMULACION &#8211; ROSA"},"content":{"rendered":"<p><strong>THROB THUMPER<\/strong><\/p>\n<p>Con el doble de poderosa acci\u00f3n de golpes, el emocionante Throb Thumper est\u00e1 hecho para acelerar tu pulso.<\/p>\n<p>Este potente masajeador tiene 2 almohadillas de golpes colocadas de forma \u00fanica en ambos lados del eje para brindar un golpe profundo y retumbante.<\/p>\n<p>Adopte el placer totalmente personalizado con 3 velocidades de emocionante acci\u00f3n de golpes controladas de forma independiente y 7 funciones intensas de vibraci\u00f3n.<\/p>\n<p>La punta curva pulsante ofrece 3 velocidades emocionantes de sensaci\u00f3n de golpe que redefinen el placer.<\/p>\n<p>El control de 3 botones de f\u00e1cil toque le permite alternar entre las configuraciones de sacudidas de rodilla.<\/p>\n<p>Recargue el vibrador de silicona premium en 2 horas con el cable de carga USB provisto para disfrutar de 60 minutos de estimulaci\u00f3n de alta velocidad u 80 minutos de vibraciones de baja velocidad.<\/p>\n<p>El puerto de carga autosellante y el cuerpo de silicona te permiten sentirte lleno de vapor con este ambiente impermeable.<\/p>\n<p>La silicona de primera calidad hipoalerg\u00e9nica es segura para el cuerpo, sin perfume y sin ftalatos para mantener los puntos m\u00e1s sensibles, felices y saludables.<\/p>\n<p>&bull; 2 veces la acci\u00f3n de golpes para duplicar el placer<\/p>\n<p>&bull; 2 almohadillas de golpes de ubicaci\u00f3n \u00fanica en ambos lados del eje<\/p>\n<p>&bull; Potente masajeador con acci\u00f3n de vibraci\u00f3n y golpes independientes<\/p>\n<p>&bull; 3 velocidades de acci\u00f3n de golpes multidireccionales<\/p>\n<p>&bull; 7 funciones intensas de vibraci\u00f3n, pulsaci\u00f3n y escalada<\/p>\n<p>&bull; F\u00e1cil control con bot\u00f3n pulsador: mant\u00e9ngalo pulsado durante 3 segundos para encender o apagar<\/p>\n<p>&bull; USB recargable: cable de carga incluido.<\/p>\n<p>Caracteristicas:<\/p>\n<ul>\n<li>Dimensiones del producto:14.5 cm x 3.25 cm (eje) 21.5 cm x 3.75 cm (en general)<\/li>\n<li>Vibrando: Si<\/li>\n<li>Modos de vibraci\u00f3n: 7<\/li>\n<li>Impermeable: S\u00ed<\/li>\n<li>Bodysafe: Si<\/li>\n<li>Material Silicona (vibrador, botones) ABS con revestimiento met\u00e1lico (decoraci\u00f3n)<\/li>\n<li>Si recargable<\/li>\n<li>Bater\u00edas requeridas USB Recargable<\/li>\n<li>Tiempo de carga en minutos Carga completa en 2 horas<\/li>\n<li>Tiempo de funcionamiento en minutos Funciona durante 1 hora a alta velocidad y 80 minutos a baja velocidad.<\/li>\n<\/ul>\n","protected":false},"excerpt":{"rendered":"<p>THROB THUMPER Con el doble de poderosa acci\u00f3n de golpes, el emocionante Throb Thumper est\u00e1 hecho para acelerar tu pulso.<\/p>\n","protected":false},"featured_media":29202,"comment_status":"open","ping_status":"open","template":"","meta":[],"product_cat":[315],"product_tag":[660,1142],"class_list":["post-29201","product","type-product","status-publish","has-post-thumbnail","hentry","product_cat-silicona-vibradores-juguetes-xxx","product_tag-calexotics","product_tag-throb"],"bundled_by":[],"bundle_stock_status":"instock","bundle_stock_quantity":1,"bundle_virtual":false,"bundle_layout":"","bundle_add_to_cart_form_location":"","bundle_editable_in_cart":false,"bundle_sold_individually_context":"","bundle_item_grouping":"","bundle_min_size":"","bundle_max_size":"","bundled_items":[],"yoast_head":"<!-- This site is optimized with the Yoast SEO plugin v20.6 - https:\/\/yoast.com\/wordpress\/plugins\/seo\/ -->\n<title>VIBRADOR THROB THUMPER DOBLE ESTIMULACION - ROSA - Tienda Er\u00f3tica<\/title>\n<meta name=\"robots\" content=\"noindex, follow, max-snippet:-1, max-image-preview:large, max-video-preview:-1\" \/>\n<meta property=\"og:locale\" content=\"es_ES\" \/>\n<meta property=\"og:type\" content=\"article\" \/>\n<meta property=\"og:title\" content=\"VIBRADOR THROB THUMPER DOBLE ESTIMULACION - ROSA - Tienda Er\u00f3tica\" \/>\n<meta property=\"og:description\" content=\"THROB THUMPER Con el doble de poderosa acci\u00f3n de golpes, el emocionante Throb Thumper est\u00e1 hecho para acelerar tu pulso.\" \/>\n<meta property=\"og:url\" content=\"https:\/\/demoweb.info\/sexshop001\/producto\/vibrador-throb-thumper-doble-estimulacion-rosa\/\" \/>\n<meta property=\"og:site_name\" content=\"Tienda Er\u00f3tica\" \/>\n<meta property=\"article:modified_time\" content=\"2022-01-22T11:28:58+00:00\" \/>\n<meta property=\"og:image\" content=\"https:\/\/demoweb.info\/sexshop001\/wp-content\/uploads\/2022\/01\/VIBRADOR-THROB-THUMPER-DOBLE-ESTIMULACION-ROSA.jpg\" \/>\n\t<meta property=\"og:image:width\" content=\"550\" \/>\n\t<meta property=\"og:image:height\" content=\"550\" \/>\n\t<meta property=\"og:image:type\" content=\"image\/jpeg\" \/>\n<meta name=\"twitter:card\" content=\"summary_large_image\" \/>\n<meta name=\"twitter:label1\" content=\"Tiempo de lectura\" \/>\n\t<meta name=\"twitter:data1\" content=\"2 minutos\" \/>\n<script type=\"application\/ld+json\" class=\"yoast-schema-graph\">{\"@context\":\"https:\/\/schema.org\",\"@graph\":[{\"@type\":\"WebPage\",\"@id\":\"https:\/\/demoweb.info\/sexshop001\/producto\/vibrador-throb-thumper-doble-estimulacion-rosa\/\",\"url\":\"https:\/\/demoweb.info\/sexshop001\/producto\/vibrador-throb-thumper-doble-estimulacion-rosa\/\",\"name\":\"VIBRADOR THROB THUMPER DOBLE ESTIMULACION - ROSA - Tienda Er\u00f3tica\",\"isPartOf\":{\"@id\":\"https:\/\/demoweb.info\/sexshop001\/#website\"},\"datePublished\":\"2022-01-22T11:28:42+00:00\",\"dateModified\":\"2022-01-22T11:28:58+00:00\",\"breadcrumb\":{\"@id\":\"https:\/\/demoweb.info\/sexshop001\/producto\/vibrador-throb-thumper-doble-estimulacion-rosa\/#breadcrumb\"},\"inLanguage\":\"es\",\"potentialAction\":[{\"@type\":\"ReadAction\",\"target\":[\"https:\/\/demoweb.info\/sexshop001\/producto\/vibrador-throb-thumper-doble-estimulacion-rosa\/\"]}]},{\"@type\":\"BreadcrumbList\",\"@id\":\"https:\/\/demoweb.info\/sexshop001\/producto\/vibrador-throb-thumper-doble-estimulacion-rosa\/#breadcrumb\",\"itemListElement\":[{\"@type\":\"ListItem\",\"position\":1,\"name\":\"Portada\",\"item\":\"https:\/\/demoweb.info\/sexshop001\/\"},{\"@type\":\"ListItem\",\"position\":2,\"name\":\"Tienda\",\"item\":\"https:\/\/demoweb.info\/sexshop001\/tienda\/\"},{\"@type\":\"ListItem\",\"position\":3,\"name\":\"VIBRADOR THROB THUMPER DOBLE ESTIMULACION &#8211; ROSA\"}]},{\"@type\":\"WebSite\",\"@id\":\"https:\/\/demoweb.info\/sexshop001\/#website\",\"url\":\"https:\/\/demoweb.info\/sexshop001\/\",\"name\":\"Tienda Er\u00f3tica\",\"description\":\"DEMOWEB SL\",\"potentialAction\":[{\"@type\":\"SearchAction\",\"target\":{\"@type\":\"EntryPoint\",\"urlTemplate\":\"https:\/\/demoweb.info\/sexshop001\/?s={search_term_string}\"},\"query-input\":\"required name=search_term_string\"}],\"inLanguage\":\"es\"}]}<\/script>\n<!-- \/ Yoast SEO plugin. -->","yoast_head_json":{"title":"VIBRADOR THROB THUMPER DOBLE ESTIMULACION - ROSA - Tienda Er\u00f3tica","robots":{"index":"noindex","follow":"follow","max-snippet":"max-snippet:-1","max-image-preview":"max-image-preview:large","max-video-preview":"max-video-preview:-1"},"og_locale":"es_ES","og_type":"article","og_title":"VIBRADOR THROB THUMPER DOBLE ESTIMULACION - ROSA - Tienda Er\u00f3tica","og_description":"THROB THUMPER Con el doble de poderosa acci\u00f3n de golpes, el emocionante Throb Thumper est\u00e1 hecho para acelerar tu pulso.","og_url":"https:\/\/demoweb.info\/sexshop001\/producto\/vibrador-throb-thumper-doble-estimulacion-rosa\/","og_site_name":"Tienda Er\u00f3tica","article_modified_time":"2022-01-22T11:28:58+00:00","og_image":[{"width":550,"height":550,"url":"https:\/\/demoweb.info\/sexshop001\/wp-content\/uploads\/2022\/01\/VIBRADOR-THROB-THUMPER-DOBLE-ESTIMULACION-ROSA.jpg","type":"image\/jpeg"}],"twitter_card":"summary_large_image","twitter_misc":{"Tiempo de lectura":"2 minutos"},"schema":{"@context":"https:\/\/schema.org","@graph":[{"@type":"WebPage","@id":"https:\/\/demoweb.info\/sexshop001\/producto\/vibrador-throb-thumper-doble-estimulacion-rosa\/","url":"https:\/\/demoweb.info\/sexshop001\/producto\/vibrador-throb-thumper-doble-estimulacion-rosa\/","name":"VIBRADOR THROB THUMPER DOBLE ESTIMULACION - ROSA - Tienda Er\u00f3tica","isPartOf":{"@id":"https:\/\/demoweb.info\/sexshop001\/#website"},"datePublished":"2022-01-22T11:28:42+00:00","dateModified":"2022-01-22T11:28:58+00:00","breadcrumb":{"@id":"https:\/\/demoweb.info\/sexshop001\/producto\/vibrador-throb-thumper-doble-estimulacion-rosa\/#breadcrumb"},"inLanguage":"es","potentialAction":[{"@type":"ReadAction","target":["https:\/\/demoweb.info\/sexshop001\/producto\/vibrador-throb-thumper-doble-estimulacion-rosa\/"]}]},{"@type":"BreadcrumbList","@id":"https:\/\/demoweb.info\/sexshop001\/producto\/vibrador-throb-thumper-doble-estimulacion-rosa\/#breadcrumb","itemListElement":[{"@type":"ListItem","position":1,"name":"Portada","item":"https:\/\/demoweb.info\/sexshop001\/"},{"@type":"ListItem","position":2,"name":"Tienda","item":"https:\/\/demoweb.info\/sexshop001\/tienda\/"},{"@type":"ListItem","position":3,"name":"VIBRADOR THROB THUMPER DOBLE ESTIMULACION &#8211; ROSA"}]},{"@type":"WebSite","@id":"https:\/\/demoweb.info\/sexshop001\/#website","url":"https:\/\/demoweb.info\/sexshop001\/","name":"Tienda Er\u00f3tica","description":"DEMOWEB SL","potentialAction":[{"@type":"SearchAction","target":{"@type":"EntryPoint","urlTemplate":"https:\/\/demoweb.info\/sexshop001\/?s={search_term_string}"},"query-input":"required name=search_term_string"}],"inLanguage":"es"}]}},"_links":{"self":[{"href":"https:\/\/demoweb.info\/sexshop001\/wp-json\/wp\/v3\/product\/29201","targetHints":{"allow":["GET"]}}],"collection":[{"href":"https:\/\/demoweb.info\/sexshop001\/wp-json\/wp\/v3\/product"}],"about":[{"href":"https:\/\/demoweb.info\/sexshop001\/wp-json\/wp\/v2\/types\/product"}],"replies":[{"embeddable":true,"href":"https:\/\/demoweb.info\/sexshop001\/wp-json\/wp\/v2\/comments?post=29201"}],"wp:featuredmedia":[{"embeddable":true,"href":"https:\/\/demoweb.info\/sexshop001\/wp-json\/wp\/v2\/media\/29202"}],"wp:attachment":[{"href":"https:\/\/demoweb.info\/sexshop001\/wp-json\/wp\/v2\/media?parent=29201"}],"wp:term":[{"taxonomy":"product_cat","embeddable":true,"href":"https:\/\/demoweb.info\/sexshop001\/wp-json\/wp\/v2\/product_cat?post=29201"},{"taxonomy":"product_tag","embeddable":true,"href":"https:\/\/demoweb.info\/sexshop001\/wp-json\/wp\/v2\/product_tag?post=29201"}],"curies":[{"name":"wp","href":"https:\/\/api.w.org\/{rel}","templated":true}]}}