{"id":29194,"date":"2022-01-22T12:28:42","date_gmt":"2022-01-22T11:28:42","guid":{"rendered":"https:\/\/demoweb.info\/sexshop001\/producto\/my-pod-bala-de-viaje-blanco\/"},"modified":"2022-01-22T12:28:55","modified_gmt":"2022-01-22T11:28:55","slug":"my-pod-bala-de-viaje-blanco","status":"publish","type":"product","link":"https:\/\/demoweb.info\/sexshop001\/producto\/my-pod-bala-de-viaje-blanco\/","title":{"rendered":"MY POD &#8211; BALA DE VIAJE &#8211; BLANCO"},"content":{"rendered":"<p><strong>MY POD<\/strong><\/p>\n<p>MyPod est\u00e1 redefiniendo el placer con tecnolog\u00eda, conveniencia y movilidad en su n\u00facleo.<\/p>\n<p>Este masajeador de vanguardia brinda una experiencia de placer incomparable cuando y donde lo desee.<\/p>\n<p>Con un estuche de carga \u00fanico, luz esterilizadora ultravioleta incorporada y potentes vibraciones, la bala MyPod es el futuro del placer listo para viajar.<\/p>\n<p>No m\u00e1s cables o cables desordenados, este masajeador es el primero de su tipo con un estuche de carga inal\u00e1mbrica con conexi\u00f3n magn\u00e9tica.<\/p>\n<p>Simplemente coloque el masajeador en el estuche para recargar una bala completamente drenada hasta 2 veces.<\/p>\n<p>Con 7 funciones de potente vibraci\u00f3n, pulsaci\u00f3n y escalada, este elegante masajeador te transportar\u00e1 a un para\u00edso de placer.<\/p>\n<p>Detenga las conjeturas sobre la cantidad de masa que queda, las luces indicadoras de la bater\u00eda le permiten saber cu\u00e1ndo el masajeador est\u00e1 listo para jugar.<\/p>\n<p>El placer de viajar listo no debe significar una limpieza complicada, por lo que la luz desinfectante UV incorporada \u00fanica en su tipo limpia y desinfecta la bala en 10 minutos dentro del estuche de carga.<\/p>\n<p>La bala delgada funciona durante 40 minutos a alta velocidad, 50 minutos a baja velocidad y puede recargar completamente el masajeador y la carcasa en solo 2 horas.<\/p>\n<p>&bull; Masajeador vibratorio totalmente aut\u00f3nomo con estuche recargable<\/p>\n<p>&bull; 7 potentes funciones de vibraci\u00f3n, pulsaci\u00f3n y escalada<\/p>\n<p>&bull; La luz de desinfecci\u00f3n UV incorporada limpia y desinfecta en 10 minutos<\/p>\n<p>&bull; Estuche de carga inal\u00e1mbrica con luz indicadora de bater\u00eda<\/p>\n<p>&bull; El estuche inal\u00e1mbrico completamente cargado se cargar\u00e1 completamente drenado masajeador 2 veces<\/p>\n<p>&bull; Carga magn\u00e9tica de contacto<\/p>\n<p>&bull; El masajeador vibratorio es resistente al agua<\/p>\n<p>&bull; Funci\u00f3n de bloqueo de seguridad para viajes: mant\u00e9ngalo presionado durante 3 segundos para encenderlo o apagarlo<\/p>\n<p>&bull; Estuche de carga inal\u00e1mbrico recargable USB: cable de carga incluido<\/p>\n<p><strong>Caracter\u00edsticas:<\/strong><\/p>\n<ul>\n<li>Dimensiones del producto: 11.5 cm x 5.75 cm x 4.5 cm (caja) |  7,5 cm x 2,5 cm (masajeador) | 9 cm x 3,25 cm (en general)<\/li>\n<li>Vibrando: Si<\/li>\n<li>Modos de vibraci\u00f3n: 7<\/li>\n<li>Impermeable: S\u00ed<\/li>\n<li>Bodysafe: Si<\/li>\n<li>Material ABS (caja, anillo de caja, masajeador) Aleaci\u00f3n de zinc cromado sin n\u00edquel (anillo de decoraci\u00f3n)<\/li>\n<li>Si: recargable<\/li>\n<li>Bater\u00edas requeridas USB Recargable<\/li>\n<li>Tiempo de carga en minutos Carga completa en 2 horas &#8211; masajeador y estuche<\/li>\n<li>Tiempo de funcionamiento en minutos El masajeador funciona durante 40 minutos a alta velocidad y 50 minutos a baja velocidad.<\/li>\n<\/ul>\n","protected":false},"excerpt":{"rendered":"<p>MY POD MyPod est\u00e1 redefiniendo el placer con tecnolog\u00eda, conveniencia y movilidad en su n\u00facleo. Este masajeador de vanguardia brinda<\/p>\n","protected":false},"featured_media":29195,"comment_status":"open","ping_status":"open","template":"","meta":[],"product_cat":[502],"product_tag":[660,1141],"class_list":["post-29194","product","type-product","status-publish","has-post-thumbnail","hentry","product_cat-luxury","product_tag-calexotics","product_tag-my-pod"],"bundled_by":[],"bundle_stock_status":"instock","bundle_stock_quantity":1,"bundle_virtual":false,"bundle_layout":"","bundle_add_to_cart_form_location":"","bundle_editable_in_cart":false,"bundle_sold_individually_context":"","bundle_item_grouping":"","bundle_min_size":"","bundle_max_size":"","bundled_items":[],"yoast_head":"<!-- This site is optimized with the Yoast SEO plugin v20.6 - https:\/\/yoast.com\/wordpress\/plugins\/seo\/ -->\n<title>MY POD - BALA DE VIAJE - BLANCO - Tienda Er\u00f3tica<\/title>\n<meta name=\"robots\" content=\"noindex, follow, max-snippet:-1, max-image-preview:large, max-video-preview:-1\" \/>\n<meta property=\"og:locale\" content=\"es_ES\" \/>\n<meta property=\"og:type\" content=\"article\" \/>\n<meta property=\"og:title\" content=\"MY POD - BALA DE VIAJE - BLANCO - Tienda Er\u00f3tica\" \/>\n<meta property=\"og:description\" content=\"MY POD MyPod est\u00e1 redefiniendo el placer con tecnolog\u00eda, conveniencia y movilidad en su n\u00facleo. Este masajeador de vanguardia brinda\" \/>\n<meta property=\"og:url\" content=\"https:\/\/demoweb.info\/sexshop001\/producto\/my-pod-bala-de-viaje-blanco\/\" \/>\n<meta property=\"og:site_name\" content=\"Tienda Er\u00f3tica\" \/>\n<meta property=\"article:modified_time\" content=\"2022-01-22T11:28:55+00:00\" \/>\n<meta property=\"og:image\" content=\"https:\/\/demoweb.info\/sexshop001\/wp-content\/uploads\/2022\/01\/MY-POD-BALA-DE-VIAJE-BLANCO.jpg\" \/>\n\t<meta property=\"og:image:width\" content=\"550\" \/>\n\t<meta property=\"og:image:height\" content=\"550\" \/>\n\t<meta property=\"og:image:type\" content=\"image\/jpeg\" \/>\n<meta name=\"twitter:card\" content=\"summary_large_image\" \/>\n<meta name=\"twitter:label1\" content=\"Tiempo de lectura\" \/>\n\t<meta name=\"twitter:data1\" content=\"2 minutos\" \/>\n<script type=\"application\/ld+json\" class=\"yoast-schema-graph\">{\"@context\":\"https:\/\/schema.org\",\"@graph\":[{\"@type\":\"WebPage\",\"@id\":\"https:\/\/demoweb.info\/sexshop001\/producto\/my-pod-bala-de-viaje-blanco\/\",\"url\":\"https:\/\/demoweb.info\/sexshop001\/producto\/my-pod-bala-de-viaje-blanco\/\",\"name\":\"MY POD - BALA DE VIAJE - BLANCO - Tienda Er\u00f3tica\",\"isPartOf\":{\"@id\":\"https:\/\/demoweb.info\/sexshop001\/#website\"},\"datePublished\":\"2022-01-22T11:28:42+00:00\",\"dateModified\":\"2022-01-22T11:28:55+00:00\",\"breadcrumb\":{\"@id\":\"https:\/\/demoweb.info\/sexshop001\/producto\/my-pod-bala-de-viaje-blanco\/#breadcrumb\"},\"inLanguage\":\"es\",\"potentialAction\":[{\"@type\":\"ReadAction\",\"target\":[\"https:\/\/demoweb.info\/sexshop001\/producto\/my-pod-bala-de-viaje-blanco\/\"]}]},{\"@type\":\"BreadcrumbList\",\"@id\":\"https:\/\/demoweb.info\/sexshop001\/producto\/my-pod-bala-de-viaje-blanco\/#breadcrumb\",\"itemListElement\":[{\"@type\":\"ListItem\",\"position\":1,\"name\":\"Portada\",\"item\":\"https:\/\/demoweb.info\/sexshop001\/\"},{\"@type\":\"ListItem\",\"position\":2,\"name\":\"Tienda\",\"item\":\"https:\/\/demoweb.info\/sexshop001\/tienda\/\"},{\"@type\":\"ListItem\",\"position\":3,\"name\":\"MY POD &#8211; BALA DE VIAJE &#8211; BLANCO\"}]},{\"@type\":\"WebSite\",\"@id\":\"https:\/\/demoweb.info\/sexshop001\/#website\",\"url\":\"https:\/\/demoweb.info\/sexshop001\/\",\"name\":\"Tienda Er\u00f3tica\",\"description\":\"DEMOWEB SL\",\"potentialAction\":[{\"@type\":\"SearchAction\",\"target\":{\"@type\":\"EntryPoint\",\"urlTemplate\":\"https:\/\/demoweb.info\/sexshop001\/?s={search_term_string}\"},\"query-input\":\"required name=search_term_string\"}],\"inLanguage\":\"es\"}]}<\/script>\n<!-- \/ Yoast SEO plugin. -->","yoast_head_json":{"title":"MY POD - BALA DE VIAJE - BLANCO - Tienda Er\u00f3tica","robots":{"index":"noindex","follow":"follow","max-snippet":"max-snippet:-1","max-image-preview":"max-image-preview:large","max-video-preview":"max-video-preview:-1"},"og_locale":"es_ES","og_type":"article","og_title":"MY POD - BALA DE VIAJE - BLANCO - Tienda Er\u00f3tica","og_description":"MY POD MyPod est\u00e1 redefiniendo el placer con tecnolog\u00eda, conveniencia y movilidad en su n\u00facleo. Este masajeador de vanguardia brinda","og_url":"https:\/\/demoweb.info\/sexshop001\/producto\/my-pod-bala-de-viaje-blanco\/","og_site_name":"Tienda Er\u00f3tica","article_modified_time":"2022-01-22T11:28:55+00:00","og_image":[{"width":550,"height":550,"url":"https:\/\/demoweb.info\/sexshop001\/wp-content\/uploads\/2022\/01\/MY-POD-BALA-DE-VIAJE-BLANCO.jpg","type":"image\/jpeg"}],"twitter_card":"summary_large_image","twitter_misc":{"Tiempo de lectura":"2 minutos"},"schema":{"@context":"https:\/\/schema.org","@graph":[{"@type":"WebPage","@id":"https:\/\/demoweb.info\/sexshop001\/producto\/my-pod-bala-de-viaje-blanco\/","url":"https:\/\/demoweb.info\/sexshop001\/producto\/my-pod-bala-de-viaje-blanco\/","name":"MY POD - BALA DE VIAJE - BLANCO - Tienda Er\u00f3tica","isPartOf":{"@id":"https:\/\/demoweb.info\/sexshop001\/#website"},"datePublished":"2022-01-22T11:28:42+00:00","dateModified":"2022-01-22T11:28:55+00:00","breadcrumb":{"@id":"https:\/\/demoweb.info\/sexshop001\/producto\/my-pod-bala-de-viaje-blanco\/#breadcrumb"},"inLanguage":"es","potentialAction":[{"@type":"ReadAction","target":["https:\/\/demoweb.info\/sexshop001\/producto\/my-pod-bala-de-viaje-blanco\/"]}]},{"@type":"BreadcrumbList","@id":"https:\/\/demoweb.info\/sexshop001\/producto\/my-pod-bala-de-viaje-blanco\/#breadcrumb","itemListElement":[{"@type":"ListItem","position":1,"name":"Portada","item":"https:\/\/demoweb.info\/sexshop001\/"},{"@type":"ListItem","position":2,"name":"Tienda","item":"https:\/\/demoweb.info\/sexshop001\/tienda\/"},{"@type":"ListItem","position":3,"name":"MY POD &#8211; BALA DE VIAJE &#8211; BLANCO"}]},{"@type":"WebSite","@id":"https:\/\/demoweb.info\/sexshop001\/#website","url":"https:\/\/demoweb.info\/sexshop001\/","name":"Tienda Er\u00f3tica","description":"DEMOWEB SL","potentialAction":[{"@type":"SearchAction","target":{"@type":"EntryPoint","urlTemplate":"https:\/\/demoweb.info\/sexshop001\/?s={search_term_string}"},"query-input":"required name=search_term_string"}],"inLanguage":"es"}]}},"_links":{"self":[{"href":"https:\/\/demoweb.info\/sexshop001\/wp-json\/wp\/v3\/product\/29194","targetHints":{"allow":["GET"]}}],"collection":[{"href":"https:\/\/demoweb.info\/sexshop001\/wp-json\/wp\/v3\/product"}],"about":[{"href":"https:\/\/demoweb.info\/sexshop001\/wp-json\/wp\/v2\/types\/product"}],"replies":[{"embeddable":true,"href":"https:\/\/demoweb.info\/sexshop001\/wp-json\/wp\/v2\/comments?post=29194"}],"wp:featuredmedia":[{"embeddable":true,"href":"https:\/\/demoweb.info\/sexshop001\/wp-json\/wp\/v2\/media\/29195"}],"wp:attachment":[{"href":"https:\/\/demoweb.info\/sexshop001\/wp-json\/wp\/v2\/media?parent=29194"}],"wp:term":[{"taxonomy":"product_cat","embeddable":true,"href":"https:\/\/demoweb.info\/sexshop001\/wp-json\/wp\/v2\/product_cat?post=29194"},{"taxonomy":"product_tag","embeddable":true,"href":"https:\/\/demoweb.info\/sexshop001\/wp-json\/wp\/v2\/product_tag?post=29194"}],"curies":[{"name":"wp","href":"https:\/\/api.w.org\/{rel}","templated":true}]}}