{"id":29173,"date":"2022-01-22T12:28:42","date_gmt":"2022-01-22T11:28:42","guid":{"rendered":"https:\/\/demoweb.info\/sexshop001\/producto\/g-love-g-kiss-masajeador-doble-estimulacion-morado\/"},"modified":"2022-01-22T12:28:45","modified_gmt":"2022-01-22T11:28:45","slug":"g-love-g-kiss-masajeador-doble-estimulacion-morado","status":"publish","type":"product","link":"https:\/\/demoweb.info\/sexshop001\/producto\/g-love-g-kiss-masajeador-doble-estimulacion-morado\/","title":{"rendered":"G-LOVE G-KISS &#8211; MASAJEADOR DOBLE ESTIMULACI\u00d3N &#8211; MORADO"},"content":{"rendered":"<p><strong>G-LOVE G-KISS<\/strong><\/p>\n<p>El magn\u00edfico G-Love G-Kiss es un masajeador de doble estimulaci\u00f3n con eje vibrante y un teaser con forma de lengua parpadeante.<\/p>\n<p>\u00c1mate a ti mismo con el eje G flexible, 7 funciones independientes de acci\u00f3n de parpadeo y 12 funciones independientes de vibraciones.<\/p>\n<p>La punta teaser parpadeante y el eje sensualmente curvado son perfectos para provocar puntos dulces internos y externos.<\/p>\n<p>Para una superficie ultra suave y un cuerpo flexible, el estimulador curvo y el masajeador est\u00e1n cubiertos de una silicona brillante.<\/p>\n<p>Este vibrador suave como la seda est\u00e1 repleto de 12 funciones de vibraci\u00f3n y 7 funciones independientes de estimulaci\u00f3n parpadeante hechas solo para usted.<\/p>\n<p>Los botones de control de f\u00e1cil toque le permiten alternar sin esfuerzo cada funci\u00f3n de vibraci\u00f3n, mientras aumenta o disminuye la intensidad de la funci\u00f3n.<\/p>\n<p>Ya sea que est\u00e9 tomando un ba\u00f1o con un amante o disfrutando de una apasionante sesi\u00f3n en solitario, espere hasta 55 minutos de vibraci\u00f3n impermeable.<\/p>\n<p>Recargue el placer y vuelva al tiempo de juego en solo 2 horas con el cable USB provisto.<\/p>\n<p>El masajeador flexible est\u00e1 hecho de una silicona higi\u00e9nicamente superior.<\/p>\n<p>Este material seguro para el cuerpo no tiene perfume y no contiene ftalatos para mantener sus puntos m\u00e1s sensibles felices y saludables.<\/p>\n<p>&bull; Masajeador de doble estimulaci\u00f3n con eje vibrante y teaser de lengua parpadeante<\/p>\n<p>&bull; 7 funciones de acci\u00f3n de parpadeo independiente en el estimulador<\/p>\n<p>&bull; 12 funciones de vibraci\u00f3n, pulsaci\u00f3n y escalada independientes en el eje<\/p>\n<p>&bull; Silicona lujosa segura para el cuerpo con acentos brillantes<\/p>\n<p>&bull; Eje flexible que se mueve contigo<\/p>\n<p>&bull; El chip de memoria de \u00faltima generaci\u00f3n se reanuda en la \u00faltima funci\u00f3n utilizada<\/p>\n<p>&bull; Control de bot\u00f3n f\u00e1cil: mant\u00e9ngalo presionado durante 3 segundos para encender o apagar<\/p>\n<p>&bull; USB recargable: cable de carga incluido.<\/p>\n<p>Caracteristicas:<\/p>\n<ul>\n<li>Dimensiones del producto: 13.25 cm x 3.25 cm (eje) |4,5 cm x 2,5 cm (estimulador) 19 cm x 3.75 cm (en general)<\/li>\n<li>Vibrando: Si<\/li>\n<li>Modos de vibraci\u00f3n: 12<\/li>\n<li>Modos de velocidad: 7<\/li>\n<li>Impermeable: S\u00ed<\/li>\n<li>Bodysafe: Si<\/li>\n<li>Material Silicona (vibrador) ABS con revestimiento met\u00e1lico (decoraci\u00f3n)<\/li>\n<li>Si recargable<\/li>\n<li>Bater\u00edas requeridas USB Recargable<\/li>\n<li>Tiempo de carga en minutos Carga completa en 2 horas<\/li>\n<li>Tiempo de funcionamiento en minutos Funciona durante 40 minutos a alta velocidad y 55 minutos a baja velocidad.<\/li>\n<\/ul>\n","protected":false},"excerpt":{"rendered":"<p>G-LOVE G-KISS El magn\u00edfico G-Love G-Kiss es un masajeador de doble estimulaci\u00f3n con eje vibrante y un teaser con forma<\/p>\n","protected":false},"featured_media":29174,"comment_status":"open","ping_status":"open","template":"","meta":[],"product_cat":[434],"product_tag":[660,1140],"class_list":["post-29173","product","type-product","status-publish","has-post-thumbnail","hentry","product_cat-doble-estimulacion-vibradores-juguetes-xxx","product_tag-calexotics","product_tag-g-love"],"bundled_by":[],"bundle_stock_status":"instock","bundle_stock_quantity":2,"bundle_virtual":false,"bundle_layout":"","bundle_add_to_cart_form_location":"","bundle_editable_in_cart":false,"bundle_sold_individually_context":"","bundle_item_grouping":"","bundle_min_size":"","bundle_max_size":"","bundled_items":[],"yoast_head":"<!-- This site is optimized with the Yoast SEO plugin v20.6 - https:\/\/yoast.com\/wordpress\/plugins\/seo\/ -->\n<title>G-LOVE G-KISS - MASAJEADOR DOBLE ESTIMULACI\u00d3N - MORADO - Tienda Er\u00f3tica<\/title>\n<meta name=\"robots\" content=\"noindex, follow, max-snippet:-1, max-image-preview:large, max-video-preview:-1\" \/>\n<meta property=\"og:locale\" content=\"es_ES\" \/>\n<meta property=\"og:type\" content=\"article\" \/>\n<meta property=\"og:title\" content=\"G-LOVE G-KISS - MASAJEADOR DOBLE ESTIMULACI\u00d3N - MORADO - Tienda Er\u00f3tica\" \/>\n<meta property=\"og:description\" content=\"G-LOVE G-KISS El magn\u00edfico G-Love G-Kiss es un masajeador de doble estimulaci\u00f3n con eje vibrante y un teaser con forma\" \/>\n<meta property=\"og:url\" content=\"https:\/\/demoweb.info\/sexshop001\/producto\/g-love-g-kiss-masajeador-doble-estimulacion-morado\/\" \/>\n<meta property=\"og:site_name\" content=\"Tienda Er\u00f3tica\" \/>\n<meta property=\"article:modified_time\" content=\"2022-01-22T11:28:45+00:00\" \/>\n<meta property=\"og:image\" content=\"https:\/\/demoweb.info\/sexshop001\/wp-content\/uploads\/2022\/01\/G-LOVE-G-KISS-MASAJEADOR-DOBLE-ESTIMULACION-MORADO.jpg\" \/>\n\t<meta property=\"og:image:width\" content=\"550\" \/>\n\t<meta property=\"og:image:height\" content=\"550\" \/>\n\t<meta property=\"og:image:type\" content=\"image\/jpeg\" \/>\n<meta name=\"twitter:card\" content=\"summary_large_image\" \/>\n<meta name=\"twitter:label1\" content=\"Tiempo de lectura\" \/>\n\t<meta name=\"twitter:data1\" content=\"2 minutos\" \/>\n<script type=\"application\/ld+json\" class=\"yoast-schema-graph\">{\"@context\":\"https:\/\/schema.org\",\"@graph\":[{\"@type\":\"WebPage\",\"@id\":\"https:\/\/demoweb.info\/sexshop001\/producto\/g-love-g-kiss-masajeador-doble-estimulacion-morado\/\",\"url\":\"https:\/\/demoweb.info\/sexshop001\/producto\/g-love-g-kiss-masajeador-doble-estimulacion-morado\/\",\"name\":\"G-LOVE G-KISS - MASAJEADOR DOBLE ESTIMULACI\u00d3N - MORADO - Tienda Er\u00f3tica\",\"isPartOf\":{\"@id\":\"https:\/\/demoweb.info\/sexshop001\/#website\"},\"datePublished\":\"2022-01-22T11:28:42+00:00\",\"dateModified\":\"2022-01-22T11:28:45+00:00\",\"breadcrumb\":{\"@id\":\"https:\/\/demoweb.info\/sexshop001\/producto\/g-love-g-kiss-masajeador-doble-estimulacion-morado\/#breadcrumb\"},\"inLanguage\":\"es\",\"potentialAction\":[{\"@type\":\"ReadAction\",\"target\":[\"https:\/\/demoweb.info\/sexshop001\/producto\/g-love-g-kiss-masajeador-doble-estimulacion-morado\/\"]}]},{\"@type\":\"BreadcrumbList\",\"@id\":\"https:\/\/demoweb.info\/sexshop001\/producto\/g-love-g-kiss-masajeador-doble-estimulacion-morado\/#breadcrumb\",\"itemListElement\":[{\"@type\":\"ListItem\",\"position\":1,\"name\":\"Portada\",\"item\":\"https:\/\/demoweb.info\/sexshop001\/\"},{\"@type\":\"ListItem\",\"position\":2,\"name\":\"Tienda\",\"item\":\"https:\/\/demoweb.info\/sexshop001\/tienda\/\"},{\"@type\":\"ListItem\",\"position\":3,\"name\":\"G-LOVE G-KISS &#8211; MASAJEADOR DOBLE ESTIMULACI\u00d3N &#8211; MORADO\"}]},{\"@type\":\"WebSite\",\"@id\":\"https:\/\/demoweb.info\/sexshop001\/#website\",\"url\":\"https:\/\/demoweb.info\/sexshop001\/\",\"name\":\"Tienda Er\u00f3tica\",\"description\":\"DEMOWEB SL\",\"potentialAction\":[{\"@type\":\"SearchAction\",\"target\":{\"@type\":\"EntryPoint\",\"urlTemplate\":\"https:\/\/demoweb.info\/sexshop001\/?s={search_term_string}\"},\"query-input\":\"required name=search_term_string\"}],\"inLanguage\":\"es\"}]}<\/script>\n<!-- \/ Yoast SEO plugin. -->","yoast_head_json":{"title":"G-LOVE G-KISS - MASAJEADOR DOBLE ESTIMULACI\u00d3N - MORADO - Tienda Er\u00f3tica","robots":{"index":"noindex","follow":"follow","max-snippet":"max-snippet:-1","max-image-preview":"max-image-preview:large","max-video-preview":"max-video-preview:-1"},"og_locale":"es_ES","og_type":"article","og_title":"G-LOVE G-KISS - MASAJEADOR DOBLE ESTIMULACI\u00d3N - MORADO - Tienda Er\u00f3tica","og_description":"G-LOVE G-KISS El magn\u00edfico G-Love G-Kiss es un masajeador de doble estimulaci\u00f3n con eje vibrante y un teaser con forma","og_url":"https:\/\/demoweb.info\/sexshop001\/producto\/g-love-g-kiss-masajeador-doble-estimulacion-morado\/","og_site_name":"Tienda Er\u00f3tica","article_modified_time":"2022-01-22T11:28:45+00:00","og_image":[{"width":550,"height":550,"url":"https:\/\/demoweb.info\/sexshop001\/wp-content\/uploads\/2022\/01\/G-LOVE-G-KISS-MASAJEADOR-DOBLE-ESTIMULACION-MORADO.jpg","type":"image\/jpeg"}],"twitter_card":"summary_large_image","twitter_misc":{"Tiempo de lectura":"2 minutos"},"schema":{"@context":"https:\/\/schema.org","@graph":[{"@type":"WebPage","@id":"https:\/\/demoweb.info\/sexshop001\/producto\/g-love-g-kiss-masajeador-doble-estimulacion-morado\/","url":"https:\/\/demoweb.info\/sexshop001\/producto\/g-love-g-kiss-masajeador-doble-estimulacion-morado\/","name":"G-LOVE G-KISS - MASAJEADOR DOBLE ESTIMULACI\u00d3N - MORADO - Tienda Er\u00f3tica","isPartOf":{"@id":"https:\/\/demoweb.info\/sexshop001\/#website"},"datePublished":"2022-01-22T11:28:42+00:00","dateModified":"2022-01-22T11:28:45+00:00","breadcrumb":{"@id":"https:\/\/demoweb.info\/sexshop001\/producto\/g-love-g-kiss-masajeador-doble-estimulacion-morado\/#breadcrumb"},"inLanguage":"es","potentialAction":[{"@type":"ReadAction","target":["https:\/\/demoweb.info\/sexshop001\/producto\/g-love-g-kiss-masajeador-doble-estimulacion-morado\/"]}]},{"@type":"BreadcrumbList","@id":"https:\/\/demoweb.info\/sexshop001\/producto\/g-love-g-kiss-masajeador-doble-estimulacion-morado\/#breadcrumb","itemListElement":[{"@type":"ListItem","position":1,"name":"Portada","item":"https:\/\/demoweb.info\/sexshop001\/"},{"@type":"ListItem","position":2,"name":"Tienda","item":"https:\/\/demoweb.info\/sexshop001\/tienda\/"},{"@type":"ListItem","position":3,"name":"G-LOVE G-KISS &#8211; MASAJEADOR DOBLE ESTIMULACI\u00d3N &#8211; MORADO"}]},{"@type":"WebSite","@id":"https:\/\/demoweb.info\/sexshop001\/#website","url":"https:\/\/demoweb.info\/sexshop001\/","name":"Tienda Er\u00f3tica","description":"DEMOWEB SL","potentialAction":[{"@type":"SearchAction","target":{"@type":"EntryPoint","urlTemplate":"https:\/\/demoweb.info\/sexshop001\/?s={search_term_string}"},"query-input":"required name=search_term_string"}],"inLanguage":"es"}]}},"_links":{"self":[{"href":"https:\/\/demoweb.info\/sexshop001\/wp-json\/wp\/v3\/product\/29173","targetHints":{"allow":["GET"]}}],"collection":[{"href":"https:\/\/demoweb.info\/sexshop001\/wp-json\/wp\/v3\/product"}],"about":[{"href":"https:\/\/demoweb.info\/sexshop001\/wp-json\/wp\/v2\/types\/product"}],"replies":[{"embeddable":true,"href":"https:\/\/demoweb.info\/sexshop001\/wp-json\/wp\/v2\/comments?post=29173"}],"wp:featuredmedia":[{"embeddable":true,"href":"https:\/\/demoweb.info\/sexshop001\/wp-json\/wp\/v2\/media\/29174"}],"wp:attachment":[{"href":"https:\/\/demoweb.info\/sexshop001\/wp-json\/wp\/v2\/media?parent=29173"}],"wp:term":[{"taxonomy":"product_cat","embeddable":true,"href":"https:\/\/demoweb.info\/sexshop001\/wp-json\/wp\/v2\/product_cat?post=29173"},{"taxonomy":"product_tag","embeddable":true,"href":"https:\/\/demoweb.info\/sexshop001\/wp-json\/wp\/v2\/product_tag?post=29173"}],"curies":[{"name":"wp","href":"https:\/\/api.w.org\/{rel}","templated":true}]}}