{"id":29155,"date":"2022-01-22T12:28:17","date_gmt":"2022-01-22T11:28:17","guid":{"rendered":"https:\/\/demoweb.info\/sexshop001\/producto\/arnes-boundless-negro\/"},"modified":"2022-01-22T12:28:34","modified_gmt":"2022-01-22T11:28:34","slug":"arnes-boundless-negro","status":"publish","type":"product","link":"https:\/\/demoweb.info\/sexshop001\/producto\/arnes-boundless-negro\/","title":{"rendered":"ARNES BOUNDLESS &#8211; NEGRO"},"content":{"rendered":"<p><strong>BOUNDLESS BOXER BRIEF<\/strong><\/p>\n<p>El arn\u00e9s Boundless Boxer Brief es un arn\u00e9s ultrac\u00f3modo y f\u00e1cil de usar dise\u00f1ado pensando en un rendimiento y una comodidad potentes.<\/p>\n<p>Este arn\u00e9s cl\u00e1sico tiene una pretina extra ancha de apoyo, material el\u00e1stico suave y correas de sonda internas para brindar el m\u00e1ximo apoyo.<\/p>\n<p>Disfrute de un f\u00e1cil acceso a su sonda favorita con el c\u00f3modo dise\u00f1o interior de doble panel.<\/p>\n<p>La junta t\u00f3rica reforzada y duradera se estira para adaptarse a su compresor, vibrador o consolador favorito.<\/p>\n<p>Tanto a los principiantes como a los usuarios expertos les encantar\u00e1 el placer sin frustraciones con este arn\u00e9s f\u00e1cil de usar.<\/p>\n<p>Simplemente asegure su sonda favorita, desl\u00edcela en las correas extra el\u00e1sticas de la cintura y los muslos y sum\u00e9rjase en la penetraci\u00f3n apasionada o disfrute de un uso c\u00f3modo durante todo el d\u00eda.<\/p>\n<p>Disfrute de una limpieza f\u00e1cil lavando a m\u00e1quina y colgando para secar.<\/p>\n<p>&bull; Formado como un par de b\u00f3xers; funciona como un arn\u00e9s de primera calidad<\/p>\n<p>&bull; El dise\u00f1o ajustado se puede usar discretamente debajo de la ropa<\/p>\n<p>&bull; Cintura extra ancha para un soporte superior<\/p>\n<p>&bull; El\u00e1stico y c\u00f3modo con forro suave<\/p>\n<p>&bull; Bolsillo interno para asegurar su empaque en su lugar (empaque no incluido)<\/p>\n<p>&bull; Interior de doble panel para f\u00e1cil acceso a su sonda favorita (sonda no incluida)<\/p>\n<p>&bull; La junta t\u00f3rica reforzada se estira para adaptarse a la mayor\u00eda de los empacadores, dongs o sondas.<\/p>\n<p><strong>Caracteristicas:<\/strong><\/p>\n<ul>\n<li>Impermeable: No<\/li>\n<li>Bodysafe: Si<\/li>\n<li>Material: 78% nailon, 22% spandex (tela) 48% nailon, 35% poli\u00e9ster, 17% spandex (cintura)<\/li>\n<\/ul>\n","protected":false},"excerpt":{"rendered":"<p>BOUNDLESS BOXER BRIEF El arn\u00e9s Boundless Boxer Brief es un arn\u00e9s ultrac\u00f3modo y f\u00e1cil de usar dise\u00f1ado pensando en un<\/p>\n","protected":false},"featured_media":29156,"comment_status":"open","ping_status":"open","template":"","meta":[],"product_cat":[780],"product_tag":[888,660],"class_list":["post-29155","product","type-product","status-publish","has-post-thumbnail","hentry","product_cat-basicos-arneses","product_tag-boundless","product_tag-calexotics"],"bundled_by":[],"bundle_stock_status":"instock","bundle_stock_quantity":2,"bundle_virtual":false,"bundle_layout":"","bundle_add_to_cart_form_location":"","bundle_editable_in_cart":false,"bundle_sold_individually_context":"","bundle_item_grouping":"","bundle_min_size":"","bundle_max_size":"","bundled_items":[],"yoast_head":"<!-- This site is optimized with the Yoast SEO plugin v20.6 - https:\/\/yoast.com\/wordpress\/plugins\/seo\/ -->\n<title>ARNES BOUNDLESS - NEGRO - Tienda Er\u00f3tica<\/title>\n<meta name=\"robots\" content=\"noindex, follow, max-snippet:-1, max-image-preview:large, max-video-preview:-1\" \/>\n<meta property=\"og:locale\" content=\"es_ES\" \/>\n<meta property=\"og:type\" content=\"article\" \/>\n<meta property=\"og:title\" content=\"ARNES BOUNDLESS - NEGRO - Tienda Er\u00f3tica\" \/>\n<meta property=\"og:description\" content=\"BOUNDLESS BOXER BRIEF El arn\u00e9s Boundless Boxer Brief es un arn\u00e9s ultrac\u00f3modo y f\u00e1cil de usar dise\u00f1ado pensando en un\" \/>\n<meta property=\"og:url\" content=\"https:\/\/demoweb.info\/sexshop001\/producto\/arnes-boundless-negro\/\" \/>\n<meta property=\"og:site_name\" content=\"Tienda Er\u00f3tica\" \/>\n<meta property=\"article:modified_time\" content=\"2022-01-22T11:28:34+00:00\" \/>\n<meta property=\"og:image\" content=\"https:\/\/demoweb.info\/sexshop001\/wp-content\/uploads\/2022\/01\/ARNES-BOUNDLESS-NEGRO.jpg\" \/>\n\t<meta property=\"og:image:width\" content=\"550\" \/>\n\t<meta property=\"og:image:height\" content=\"550\" \/>\n\t<meta property=\"og:image:type\" content=\"image\/jpeg\" \/>\n<meta name=\"twitter:card\" content=\"summary_large_image\" \/>\n<meta name=\"twitter:label1\" content=\"Tiempo de lectura\" \/>\n\t<meta name=\"twitter:data1\" content=\"1 minuto\" \/>\n<script type=\"application\/ld+json\" class=\"yoast-schema-graph\">{\"@context\":\"https:\/\/schema.org\",\"@graph\":[{\"@type\":\"WebPage\",\"@id\":\"https:\/\/demoweb.info\/sexshop001\/producto\/arnes-boundless-negro\/\",\"url\":\"https:\/\/demoweb.info\/sexshop001\/producto\/arnes-boundless-negro\/\",\"name\":\"ARNES BOUNDLESS - NEGRO - Tienda Er\u00f3tica\",\"isPartOf\":{\"@id\":\"https:\/\/demoweb.info\/sexshop001\/#website\"},\"datePublished\":\"2022-01-22T11:28:17+00:00\",\"dateModified\":\"2022-01-22T11:28:34+00:00\",\"breadcrumb\":{\"@id\":\"https:\/\/demoweb.info\/sexshop001\/producto\/arnes-boundless-negro\/#breadcrumb\"},\"inLanguage\":\"es\",\"potentialAction\":[{\"@type\":\"ReadAction\",\"target\":[\"https:\/\/demoweb.info\/sexshop001\/producto\/arnes-boundless-negro\/\"]}]},{\"@type\":\"BreadcrumbList\",\"@id\":\"https:\/\/demoweb.info\/sexshop001\/producto\/arnes-boundless-negro\/#breadcrumb\",\"itemListElement\":[{\"@type\":\"ListItem\",\"position\":1,\"name\":\"Portada\",\"item\":\"https:\/\/demoweb.info\/sexshop001\/\"},{\"@type\":\"ListItem\",\"position\":2,\"name\":\"Tienda\",\"item\":\"https:\/\/demoweb.info\/sexshop001\/tienda\/\"},{\"@type\":\"ListItem\",\"position\":3,\"name\":\"ARNES BOUNDLESS &#8211; NEGRO\"}]},{\"@type\":\"WebSite\",\"@id\":\"https:\/\/demoweb.info\/sexshop001\/#website\",\"url\":\"https:\/\/demoweb.info\/sexshop001\/\",\"name\":\"Tienda Er\u00f3tica\",\"description\":\"DEMOWEB SL\",\"potentialAction\":[{\"@type\":\"SearchAction\",\"target\":{\"@type\":\"EntryPoint\",\"urlTemplate\":\"https:\/\/demoweb.info\/sexshop001\/?s={search_term_string}\"},\"query-input\":\"required name=search_term_string\"}],\"inLanguage\":\"es\"}]}<\/script>\n<!-- \/ Yoast SEO plugin. -->","yoast_head_json":{"title":"ARNES BOUNDLESS - NEGRO - Tienda Er\u00f3tica","robots":{"index":"noindex","follow":"follow","max-snippet":"max-snippet:-1","max-image-preview":"max-image-preview:large","max-video-preview":"max-video-preview:-1"},"og_locale":"es_ES","og_type":"article","og_title":"ARNES BOUNDLESS - NEGRO - Tienda Er\u00f3tica","og_description":"BOUNDLESS BOXER BRIEF El arn\u00e9s Boundless Boxer Brief es un arn\u00e9s ultrac\u00f3modo y f\u00e1cil de usar dise\u00f1ado pensando en un","og_url":"https:\/\/demoweb.info\/sexshop001\/producto\/arnes-boundless-negro\/","og_site_name":"Tienda Er\u00f3tica","article_modified_time":"2022-01-22T11:28:34+00:00","og_image":[{"width":550,"height":550,"url":"https:\/\/demoweb.info\/sexshop001\/wp-content\/uploads\/2022\/01\/ARNES-BOUNDLESS-NEGRO.jpg","type":"image\/jpeg"}],"twitter_card":"summary_large_image","twitter_misc":{"Tiempo de lectura":"1 minuto"},"schema":{"@context":"https:\/\/schema.org","@graph":[{"@type":"WebPage","@id":"https:\/\/demoweb.info\/sexshop001\/producto\/arnes-boundless-negro\/","url":"https:\/\/demoweb.info\/sexshop001\/producto\/arnes-boundless-negro\/","name":"ARNES BOUNDLESS - NEGRO - Tienda Er\u00f3tica","isPartOf":{"@id":"https:\/\/demoweb.info\/sexshop001\/#website"},"datePublished":"2022-01-22T11:28:17+00:00","dateModified":"2022-01-22T11:28:34+00:00","breadcrumb":{"@id":"https:\/\/demoweb.info\/sexshop001\/producto\/arnes-boundless-negro\/#breadcrumb"},"inLanguage":"es","potentialAction":[{"@type":"ReadAction","target":["https:\/\/demoweb.info\/sexshop001\/producto\/arnes-boundless-negro\/"]}]},{"@type":"BreadcrumbList","@id":"https:\/\/demoweb.info\/sexshop001\/producto\/arnes-boundless-negro\/#breadcrumb","itemListElement":[{"@type":"ListItem","position":1,"name":"Portada","item":"https:\/\/demoweb.info\/sexshop001\/"},{"@type":"ListItem","position":2,"name":"Tienda","item":"https:\/\/demoweb.info\/sexshop001\/tienda\/"},{"@type":"ListItem","position":3,"name":"ARNES BOUNDLESS &#8211; NEGRO"}]},{"@type":"WebSite","@id":"https:\/\/demoweb.info\/sexshop001\/#website","url":"https:\/\/demoweb.info\/sexshop001\/","name":"Tienda Er\u00f3tica","description":"DEMOWEB SL","potentialAction":[{"@type":"SearchAction","target":{"@type":"EntryPoint","urlTemplate":"https:\/\/demoweb.info\/sexshop001\/?s={search_term_string}"},"query-input":"required name=search_term_string"}],"inLanguage":"es"}]}},"_links":{"self":[{"href":"https:\/\/demoweb.info\/sexshop001\/wp-json\/wp\/v3\/product\/29155","targetHints":{"allow":["GET"]}}],"collection":[{"href":"https:\/\/demoweb.info\/sexshop001\/wp-json\/wp\/v3\/product"}],"about":[{"href":"https:\/\/demoweb.info\/sexshop001\/wp-json\/wp\/v2\/types\/product"}],"replies":[{"embeddable":true,"href":"https:\/\/demoweb.info\/sexshop001\/wp-json\/wp\/v2\/comments?post=29155"}],"wp:featuredmedia":[{"embeddable":true,"href":"https:\/\/demoweb.info\/sexshop001\/wp-json\/wp\/v2\/media\/29156"}],"wp:attachment":[{"href":"https:\/\/demoweb.info\/sexshop001\/wp-json\/wp\/v2\/media?parent=29155"}],"wp:term":[{"taxonomy":"product_cat","embeddable":true,"href":"https:\/\/demoweb.info\/sexshop001\/wp-json\/wp\/v2\/product_cat?post=29155"},{"taxonomy":"product_tag","embeddable":true,"href":"https:\/\/demoweb.info\/sexshop001\/wp-json\/wp\/v2\/product_tag?post=29155"}],"curies":[{"name":"wp","href":"https:\/\/api.w.org\/{rel}","templated":true}]}}