{"id":29149,"date":"2022-01-22T12:28:17","date_gmt":"2022-01-22T11:28:17","guid":{"rendered":"https:\/\/demoweb.info\/sexshop001\/producto\/arnes-boundless-con-liguero-negro-3\/"},"modified":"2022-01-22T12:28:32","modified_gmt":"2022-01-22T11:28:32","slug":"arnes-boundless-con-liguero-negro-3","status":"publish","type":"product","link":"https:\/\/demoweb.info\/sexshop001\/producto\/arnes-boundless-con-liguero-negro-3\/","title":{"rendered":"ARNES BOUNDLESS CON LIGUERO &#8211; NEGRO"},"content":{"rendered":"<p><strong>BOUNDLESS THONG WITH GARTER<\/strong><\/p>\n<p>El tanga Boundless con liga es un arn\u00e9s ultrac\u00f3modo dise\u00f1ado como un calzoncillo sin espalda atrevido con un rendimiento poderoso y comodidad en mente.<\/p>\n<p>Este atrevido arn\u00e9s tiene una pretina extra ancha, un dise\u00f1o exclusivo de liguero y una junta t\u00f3rica reforzada para brindar el mejor soporte.<\/p>\n<p>La junta t\u00f3rica reforzada y duradera se estira para adaptarse a su compresor, vibrador o consolador favorito.<\/p>\n<p>Con un dise\u00f1o ajustado, este c\u00f3modo arn\u00e9s se puede usar discretamente debajo de la ropa.<\/p>\n<p>El sensual liguero se completa con correas ajustables para un ajuste sexy pero c\u00f3modo.<\/p>\n<p>Disfrute del placer hecho para dos con el interior de doble panel para un f\u00e1cil acceso a su sonda favorita.<\/p>\n<p>Tanto los principiantes como los usuarios expertos adorar\u00e1n el placer sin frustraciones con este arn\u00e9s f\u00e1cil de usar.<\/p>\n<p>Simplemente asegure su sonda favorita, col\u00f3quese en el atrevido arn\u00e9s de tanga y sum\u00e9rjase en la penetraci\u00f3n apasionada o disfrute de un uso c\u00f3modo durante todo el d\u00eda.<\/p>\n<p>Disfrute de una limpieza f\u00e1cil lavando a m\u00e1quina y colgando para secar.<\/p>\n<p>&bull; Forma de tanga con liguero; funciona como un arn\u00e9s premium<\/p>\n<p>&bull; El dise\u00f1o ajustado se puede usar discretamente debajo de la ropa<\/p>\n<p>&bull; Cintura extra ancha para un soporte superior<\/p>\n<p>&bull; El\u00e1stico y c\u00f3modo con forro suave<\/p>\n<p>&bull; Liguero sensual con correas ajustables<\/p>\n<p>&bull; Interior de doble panel para un f\u00e1cil acceso a su sonda favorita ( sonda no incluida)<\/p>\n<p>&bull; La junta t\u00f3rica reforzada se estira para adaptarse a la mayor\u00eda de los dongs o sondas.<\/p>\n<p><strong>Caracteristicas:<\/strong><\/p>\n<ul>\n<li>Impermeable:No<\/li>\n<li>Bodysafe Si<\/li>\n<li>Material:78% nailon, 22% elastano (tela) 48% nailon, 35% poli\u00e9ster, 17% elastano (cintura) nailon (correas de liga) Hierro sin n\u00edquel con revestimiento de nailon (ganchos de liga)<\/li>\n<\/ul>\n","protected":false},"excerpt":{"rendered":"<p>BOUNDLESS THONG WITH GARTER El tanga Boundless con liga es un arn\u00e9s ultrac\u00f3modo dise\u00f1ado como un calzoncillo sin espalda atrevido<\/p>\n","protected":false},"featured_media":29150,"comment_status":"open","ping_status":"open","template":"","meta":[],"product_cat":[780],"product_tag":[888,660],"class_list":["post-29149","product","type-product","status-publish","has-post-thumbnail","hentry","product_cat-basicos-arneses","product_tag-boundless","product_tag-calexotics"],"bundled_by":[],"bundle_stock_status":"instock","bundle_stock_quantity":2,"bundle_virtual":false,"bundle_layout":"","bundle_add_to_cart_form_location":"","bundle_editable_in_cart":false,"bundle_sold_individually_context":"","bundle_item_grouping":"","bundle_min_size":"","bundle_max_size":"","bundled_items":[],"yoast_head":"<!-- This site is optimized with the Yoast SEO plugin v20.6 - https:\/\/yoast.com\/wordpress\/plugins\/seo\/ -->\n<title>ARNES BOUNDLESS CON LIGUERO - NEGRO - Tienda Er\u00f3tica<\/title>\n<meta name=\"robots\" content=\"noindex, follow, max-snippet:-1, max-image-preview:large, max-video-preview:-1\" \/>\n<meta property=\"og:locale\" content=\"es_ES\" \/>\n<meta property=\"og:type\" content=\"article\" \/>\n<meta property=\"og:title\" content=\"ARNES BOUNDLESS CON LIGUERO - NEGRO - Tienda Er\u00f3tica\" \/>\n<meta property=\"og:description\" content=\"BOUNDLESS THONG WITH GARTER El tanga Boundless con liga es un arn\u00e9s ultrac\u00f3modo dise\u00f1ado como un calzoncillo sin espalda atrevido\" \/>\n<meta property=\"og:url\" content=\"https:\/\/demoweb.info\/sexshop001\/producto\/arnes-boundless-con-liguero-negro-3\/\" \/>\n<meta property=\"og:site_name\" content=\"Tienda Er\u00f3tica\" \/>\n<meta property=\"article:modified_time\" content=\"2022-01-22T11:28:32+00:00\" \/>\n<meta property=\"og:image\" content=\"https:\/\/demoweb.info\/sexshop001\/wp-content\/uploads\/2022\/01\/ARNES-BOUNDLESS-CON-LIGUERO-NEGRO-7.jpg\" \/>\n\t<meta property=\"og:image:width\" content=\"550\" \/>\n\t<meta property=\"og:image:height\" content=\"550\" \/>\n\t<meta property=\"og:image:type\" content=\"image\/jpeg\" \/>\n<meta name=\"twitter:card\" content=\"summary_large_image\" \/>\n<meta name=\"twitter:label1\" content=\"Tiempo de lectura\" \/>\n\t<meta name=\"twitter:data1\" content=\"2 minutos\" \/>\n<script type=\"application\/ld+json\" class=\"yoast-schema-graph\">{\"@context\":\"https:\/\/schema.org\",\"@graph\":[{\"@type\":\"WebPage\",\"@id\":\"https:\/\/demoweb.info\/sexshop001\/producto\/arnes-boundless-con-liguero-negro-3\/\",\"url\":\"https:\/\/demoweb.info\/sexshop001\/producto\/arnes-boundless-con-liguero-negro-3\/\",\"name\":\"ARNES BOUNDLESS CON LIGUERO - NEGRO - Tienda Er\u00f3tica\",\"isPartOf\":{\"@id\":\"https:\/\/demoweb.info\/sexshop001\/#website\"},\"datePublished\":\"2022-01-22T11:28:17+00:00\",\"dateModified\":\"2022-01-22T11:28:32+00:00\",\"breadcrumb\":{\"@id\":\"https:\/\/demoweb.info\/sexshop001\/producto\/arnes-boundless-con-liguero-negro-3\/#breadcrumb\"},\"inLanguage\":\"es\",\"potentialAction\":[{\"@type\":\"ReadAction\",\"target\":[\"https:\/\/demoweb.info\/sexshop001\/producto\/arnes-boundless-con-liguero-negro-3\/\"]}]},{\"@type\":\"BreadcrumbList\",\"@id\":\"https:\/\/demoweb.info\/sexshop001\/producto\/arnes-boundless-con-liguero-negro-3\/#breadcrumb\",\"itemListElement\":[{\"@type\":\"ListItem\",\"position\":1,\"name\":\"Portada\",\"item\":\"https:\/\/demoweb.info\/sexshop001\/\"},{\"@type\":\"ListItem\",\"position\":2,\"name\":\"Tienda\",\"item\":\"https:\/\/demoweb.info\/sexshop001\/tienda\/\"},{\"@type\":\"ListItem\",\"position\":3,\"name\":\"ARNES BOUNDLESS CON LIGUERO &#8211; NEGRO\"}]},{\"@type\":\"WebSite\",\"@id\":\"https:\/\/demoweb.info\/sexshop001\/#website\",\"url\":\"https:\/\/demoweb.info\/sexshop001\/\",\"name\":\"Tienda Er\u00f3tica\",\"description\":\"DEMOWEB SL\",\"potentialAction\":[{\"@type\":\"SearchAction\",\"target\":{\"@type\":\"EntryPoint\",\"urlTemplate\":\"https:\/\/demoweb.info\/sexshop001\/?s={search_term_string}\"},\"query-input\":\"required name=search_term_string\"}],\"inLanguage\":\"es\"}]}<\/script>\n<!-- \/ Yoast SEO plugin. -->","yoast_head_json":{"title":"ARNES BOUNDLESS CON LIGUERO - NEGRO - Tienda Er\u00f3tica","robots":{"index":"noindex","follow":"follow","max-snippet":"max-snippet:-1","max-image-preview":"max-image-preview:large","max-video-preview":"max-video-preview:-1"},"og_locale":"es_ES","og_type":"article","og_title":"ARNES BOUNDLESS CON LIGUERO - NEGRO - Tienda Er\u00f3tica","og_description":"BOUNDLESS THONG WITH GARTER El tanga Boundless con liga es un arn\u00e9s ultrac\u00f3modo dise\u00f1ado como un calzoncillo sin espalda atrevido","og_url":"https:\/\/demoweb.info\/sexshop001\/producto\/arnes-boundless-con-liguero-negro-3\/","og_site_name":"Tienda Er\u00f3tica","article_modified_time":"2022-01-22T11:28:32+00:00","og_image":[{"width":550,"height":550,"url":"https:\/\/demoweb.info\/sexshop001\/wp-content\/uploads\/2022\/01\/ARNES-BOUNDLESS-CON-LIGUERO-NEGRO-7.jpg","type":"image\/jpeg"}],"twitter_card":"summary_large_image","twitter_misc":{"Tiempo de lectura":"2 minutos"},"schema":{"@context":"https:\/\/schema.org","@graph":[{"@type":"WebPage","@id":"https:\/\/demoweb.info\/sexshop001\/producto\/arnes-boundless-con-liguero-negro-3\/","url":"https:\/\/demoweb.info\/sexshop001\/producto\/arnes-boundless-con-liguero-negro-3\/","name":"ARNES BOUNDLESS CON LIGUERO - NEGRO - Tienda Er\u00f3tica","isPartOf":{"@id":"https:\/\/demoweb.info\/sexshop001\/#website"},"datePublished":"2022-01-22T11:28:17+00:00","dateModified":"2022-01-22T11:28:32+00:00","breadcrumb":{"@id":"https:\/\/demoweb.info\/sexshop001\/producto\/arnes-boundless-con-liguero-negro-3\/#breadcrumb"},"inLanguage":"es","potentialAction":[{"@type":"ReadAction","target":["https:\/\/demoweb.info\/sexshop001\/producto\/arnes-boundless-con-liguero-negro-3\/"]}]},{"@type":"BreadcrumbList","@id":"https:\/\/demoweb.info\/sexshop001\/producto\/arnes-boundless-con-liguero-negro-3\/#breadcrumb","itemListElement":[{"@type":"ListItem","position":1,"name":"Portada","item":"https:\/\/demoweb.info\/sexshop001\/"},{"@type":"ListItem","position":2,"name":"Tienda","item":"https:\/\/demoweb.info\/sexshop001\/tienda\/"},{"@type":"ListItem","position":3,"name":"ARNES BOUNDLESS CON LIGUERO &#8211; NEGRO"}]},{"@type":"WebSite","@id":"https:\/\/demoweb.info\/sexshop001\/#website","url":"https:\/\/demoweb.info\/sexshop001\/","name":"Tienda Er\u00f3tica","description":"DEMOWEB SL","potentialAction":[{"@type":"SearchAction","target":{"@type":"EntryPoint","urlTemplate":"https:\/\/demoweb.info\/sexshop001\/?s={search_term_string}"},"query-input":"required name=search_term_string"}],"inLanguage":"es"}]}},"_links":{"self":[{"href":"https:\/\/demoweb.info\/sexshop001\/wp-json\/wp\/v3\/product\/29149","targetHints":{"allow":["GET"]}}],"collection":[{"href":"https:\/\/demoweb.info\/sexshop001\/wp-json\/wp\/v3\/product"}],"about":[{"href":"https:\/\/demoweb.info\/sexshop001\/wp-json\/wp\/v2\/types\/product"}],"replies":[{"embeddable":true,"href":"https:\/\/demoweb.info\/sexshop001\/wp-json\/wp\/v2\/comments?post=29149"}],"wp:featuredmedia":[{"embeddable":true,"href":"https:\/\/demoweb.info\/sexshop001\/wp-json\/wp\/v2\/media\/29150"}],"wp:attachment":[{"href":"https:\/\/demoweb.info\/sexshop001\/wp-json\/wp\/v2\/media?parent=29149"}],"wp:term":[{"taxonomy":"product_cat","embeddable":true,"href":"https:\/\/demoweb.info\/sexshop001\/wp-json\/wp\/v2\/product_cat?post=29149"},{"taxonomy":"product_tag","embeddable":true,"href":"https:\/\/demoweb.info\/sexshop001\/wp-json\/wp\/v2\/product_tag?post=29149"}],"curies":[{"name":"wp","href":"https:\/\/api.w.org\/{rel}","templated":true}]}}