{"id":29091,"date":"2022-01-22T12:27:49","date_gmt":"2022-01-22T11:27:49","guid":{"rendered":"https:\/\/demoweb.info\/sexshop001\/producto\/plug-boundless-12cm-ridged-negro\/"},"modified":"2022-01-22T12:28:02","modified_gmt":"2022-01-22T11:28:02","slug":"plug-boundless-12cm-ridged-negro","status":"publish","type":"product","link":"https:\/\/demoweb.info\/sexshop001\/producto\/plug-boundless-12cm-ridged-negro\/","title":{"rendered":"PLUG BOUNDLESS 12CM RIDGED &#8211; NEGRO"},"content":{"rendered":"<p><strong>BOUNDLESS 12CM RIDGED<\/strong><\/p>\n<p>La sonda suave Boundless de 4.75 \u201dseguramente lo empujar\u00e1 al mundo org\u00e1smico de la estimulaci\u00f3n interna sensacional.<\/p>\n<p>El eje perfectamente angulado, el eje sensualmente estriado y la fuerte base de la ventosa le permiten proporcionar una estimulaci\u00f3n precisa con cada empuje.<\/p>\n<p>La sonda acentuada y el eje de textura r\u00edgida se crean para provocar perfectamente las curvas \u00edntimas y complacer los puntos dulces internos.<\/p>\n<p>Una base de ventosa potente es perfecta para un juego creativo de placer con manos libres, simplemente desl\u00edzate en tu arn\u00e9s favorito o m\u00f3ntelo en una superficie plana para una perversa buen tiempo.<\/p>\n<p>La silicona de primera calidad hipoalerg\u00e9nica es segura para el cuerpo, sin perfume y sin ftalatos para mantener los puntos m\u00e1s sensibles, felices y saludables.<\/p>\n<p>&bull; Sonda de silicona premium con textura sensual y sin costuras<\/p>\n<p>&bull; Dise\u00f1o curvo y estriado para mayor comodidad y facilidad de uso<\/p>\n<p>&bull; Base de ventosa de perfil bajo resistente<\/p>\n<p>&bull; Se adapta a la mayor\u00eda de los arneses.<\/p>\n<p>Caracter\u00edsticas:<\/p>\n<ul>\n<li>Dimensiones del producto: 12 cm x 2.5 cm (sonda) | 7.5 cm (base)<\/li>\n<li>Impermeable: S\u00ed<\/li>\n<li>Bodysafe: Si<\/li>\n<li>Material: Silicona<\/li>\n<li>Ventosa: S\u00ed<\/li>\n<\/ul>\n","protected":false},"excerpt":{"rendered":"<p>BOUNDLESS 12CM RIDGED La sonda suave Boundless de 4.75 \u201dseguramente lo empujar\u00e1 al mundo org\u00e1smico de la estimulaci\u00f3n interna sensacional.<\/p>\n","protected":false},"featured_media":29092,"comment_status":"open","ping_status":"open","template":"","meta":[],"product_cat":[338],"product_tag":[888,660],"class_list":["post-29091","product","type-product","status-publish","has-post-thumbnail","hentry","product_cat-silicona-plugs","product_tag-boundless","product_tag-calexotics"],"bundled_by":[],"bundle_stock_status":"instock","bundle_stock_quantity":3,"bundle_virtual":false,"bundle_layout":"","bundle_add_to_cart_form_location":"","bundle_editable_in_cart":false,"bundle_sold_individually_context":"","bundle_item_grouping":"","bundle_min_size":"","bundle_max_size":"","bundled_items":[],"yoast_head":"<!-- This site is optimized with the Yoast SEO plugin v20.6 - https:\/\/yoast.com\/wordpress\/plugins\/seo\/ -->\n<title>PLUG BOUNDLESS 12CM RIDGED - NEGRO - Tienda Er\u00f3tica<\/title>\n<meta name=\"robots\" content=\"noindex, follow, max-snippet:-1, max-image-preview:large, max-video-preview:-1\" \/>\n<meta property=\"og:locale\" content=\"es_ES\" \/>\n<meta property=\"og:type\" content=\"article\" \/>\n<meta property=\"og:title\" content=\"PLUG BOUNDLESS 12CM RIDGED - NEGRO - Tienda Er\u00f3tica\" \/>\n<meta property=\"og:description\" content=\"BOUNDLESS 12CM RIDGED La sonda suave Boundless de 4.75 \u201dseguramente lo empujar\u00e1 al mundo org\u00e1smico de la estimulaci\u00f3n interna sensacional.\" \/>\n<meta property=\"og:url\" content=\"https:\/\/demoweb.info\/sexshop001\/producto\/plug-boundless-12cm-ridged-negro\/\" \/>\n<meta property=\"og:site_name\" content=\"Tienda Er\u00f3tica\" \/>\n<meta property=\"article:modified_time\" content=\"2022-01-22T11:28:02+00:00\" \/>\n<meta property=\"og:image\" content=\"https:\/\/demoweb.info\/sexshop001\/wp-content\/uploads\/2022\/01\/PLUG-BOUNDLESS-12CM-RIDGED-NEGRO.jpg\" \/>\n\t<meta property=\"og:image:width\" content=\"550\" \/>\n\t<meta property=\"og:image:height\" content=\"550\" \/>\n\t<meta property=\"og:image:type\" content=\"image\/jpeg\" \/>\n<meta name=\"twitter:card\" content=\"summary_large_image\" \/>\n<meta name=\"twitter:label1\" content=\"Tiempo de lectura\" \/>\n\t<meta name=\"twitter:data1\" content=\"1 minuto\" \/>\n<script type=\"application\/ld+json\" class=\"yoast-schema-graph\">{\"@context\":\"https:\/\/schema.org\",\"@graph\":[{\"@type\":\"WebPage\",\"@id\":\"https:\/\/demoweb.info\/sexshop001\/producto\/plug-boundless-12cm-ridged-negro\/\",\"url\":\"https:\/\/demoweb.info\/sexshop001\/producto\/plug-boundless-12cm-ridged-negro\/\",\"name\":\"PLUG BOUNDLESS 12CM RIDGED - NEGRO - Tienda Er\u00f3tica\",\"isPartOf\":{\"@id\":\"https:\/\/demoweb.info\/sexshop001\/#website\"},\"datePublished\":\"2022-01-22T11:27:49+00:00\",\"dateModified\":\"2022-01-22T11:28:02+00:00\",\"breadcrumb\":{\"@id\":\"https:\/\/demoweb.info\/sexshop001\/producto\/plug-boundless-12cm-ridged-negro\/#breadcrumb\"},\"inLanguage\":\"es\",\"potentialAction\":[{\"@type\":\"ReadAction\",\"target\":[\"https:\/\/demoweb.info\/sexshop001\/producto\/plug-boundless-12cm-ridged-negro\/\"]}]},{\"@type\":\"BreadcrumbList\",\"@id\":\"https:\/\/demoweb.info\/sexshop001\/producto\/plug-boundless-12cm-ridged-negro\/#breadcrumb\",\"itemListElement\":[{\"@type\":\"ListItem\",\"position\":1,\"name\":\"Portada\",\"item\":\"https:\/\/demoweb.info\/sexshop001\/\"},{\"@type\":\"ListItem\",\"position\":2,\"name\":\"Tienda\",\"item\":\"https:\/\/demoweb.info\/sexshop001\/tienda\/\"},{\"@type\":\"ListItem\",\"position\":3,\"name\":\"PLUG BOUNDLESS 12CM RIDGED &#8211; NEGRO\"}]},{\"@type\":\"WebSite\",\"@id\":\"https:\/\/demoweb.info\/sexshop001\/#website\",\"url\":\"https:\/\/demoweb.info\/sexshop001\/\",\"name\":\"Tienda Er\u00f3tica\",\"description\":\"DEMOWEB SL\",\"potentialAction\":[{\"@type\":\"SearchAction\",\"target\":{\"@type\":\"EntryPoint\",\"urlTemplate\":\"https:\/\/demoweb.info\/sexshop001\/?s={search_term_string}\"},\"query-input\":\"required name=search_term_string\"}],\"inLanguage\":\"es\"}]}<\/script>\n<!-- \/ Yoast SEO plugin. -->","yoast_head_json":{"title":"PLUG BOUNDLESS 12CM RIDGED - NEGRO - Tienda Er\u00f3tica","robots":{"index":"noindex","follow":"follow","max-snippet":"max-snippet:-1","max-image-preview":"max-image-preview:large","max-video-preview":"max-video-preview:-1"},"og_locale":"es_ES","og_type":"article","og_title":"PLUG BOUNDLESS 12CM RIDGED - NEGRO - Tienda Er\u00f3tica","og_description":"BOUNDLESS 12CM RIDGED La sonda suave Boundless de 4.75 \u201dseguramente lo empujar\u00e1 al mundo org\u00e1smico de la estimulaci\u00f3n interna sensacional.","og_url":"https:\/\/demoweb.info\/sexshop001\/producto\/plug-boundless-12cm-ridged-negro\/","og_site_name":"Tienda Er\u00f3tica","article_modified_time":"2022-01-22T11:28:02+00:00","og_image":[{"width":550,"height":550,"url":"https:\/\/demoweb.info\/sexshop001\/wp-content\/uploads\/2022\/01\/PLUG-BOUNDLESS-12CM-RIDGED-NEGRO.jpg","type":"image\/jpeg"}],"twitter_card":"summary_large_image","twitter_misc":{"Tiempo de lectura":"1 minuto"},"schema":{"@context":"https:\/\/schema.org","@graph":[{"@type":"WebPage","@id":"https:\/\/demoweb.info\/sexshop001\/producto\/plug-boundless-12cm-ridged-negro\/","url":"https:\/\/demoweb.info\/sexshop001\/producto\/plug-boundless-12cm-ridged-negro\/","name":"PLUG BOUNDLESS 12CM RIDGED - NEGRO - Tienda Er\u00f3tica","isPartOf":{"@id":"https:\/\/demoweb.info\/sexshop001\/#website"},"datePublished":"2022-01-22T11:27:49+00:00","dateModified":"2022-01-22T11:28:02+00:00","breadcrumb":{"@id":"https:\/\/demoweb.info\/sexshop001\/producto\/plug-boundless-12cm-ridged-negro\/#breadcrumb"},"inLanguage":"es","potentialAction":[{"@type":"ReadAction","target":["https:\/\/demoweb.info\/sexshop001\/producto\/plug-boundless-12cm-ridged-negro\/"]}]},{"@type":"BreadcrumbList","@id":"https:\/\/demoweb.info\/sexshop001\/producto\/plug-boundless-12cm-ridged-negro\/#breadcrumb","itemListElement":[{"@type":"ListItem","position":1,"name":"Portada","item":"https:\/\/demoweb.info\/sexshop001\/"},{"@type":"ListItem","position":2,"name":"Tienda","item":"https:\/\/demoweb.info\/sexshop001\/tienda\/"},{"@type":"ListItem","position":3,"name":"PLUG BOUNDLESS 12CM RIDGED &#8211; NEGRO"}]},{"@type":"WebSite","@id":"https:\/\/demoweb.info\/sexshop001\/#website","url":"https:\/\/demoweb.info\/sexshop001\/","name":"Tienda Er\u00f3tica","description":"DEMOWEB SL","potentialAction":[{"@type":"SearchAction","target":{"@type":"EntryPoint","urlTemplate":"https:\/\/demoweb.info\/sexshop001\/?s={search_term_string}"},"query-input":"required name=search_term_string"}],"inLanguage":"es"}]}},"_links":{"self":[{"href":"https:\/\/demoweb.info\/sexshop001\/wp-json\/wp\/v3\/product\/29091","targetHints":{"allow":["GET"]}}],"collection":[{"href":"https:\/\/demoweb.info\/sexshop001\/wp-json\/wp\/v3\/product"}],"about":[{"href":"https:\/\/demoweb.info\/sexshop001\/wp-json\/wp\/v2\/types\/product"}],"replies":[{"embeddable":true,"href":"https:\/\/demoweb.info\/sexshop001\/wp-json\/wp\/v2\/comments?post=29091"}],"wp:featuredmedia":[{"embeddable":true,"href":"https:\/\/demoweb.info\/sexshop001\/wp-json\/wp\/v2\/media\/29092"}],"wp:attachment":[{"href":"https:\/\/demoweb.info\/sexshop001\/wp-json\/wp\/v2\/media?parent=29091"}],"wp:term":[{"taxonomy":"product_cat","embeddable":true,"href":"https:\/\/demoweb.info\/sexshop001\/wp-json\/wp\/v2\/product_cat?post=29091"},{"taxonomy":"product_tag","embeddable":true,"href":"https:\/\/demoweb.info\/sexshop001\/wp-json\/wp\/v2\/product_tag?post=29091"}],"curies":[{"name":"wp","href":"https:\/\/api.w.org\/{rel}","templated":true}]}}