{"id":29063,"date":"2022-01-22T12:27:49","date_gmt":"2022-01-22T11:27:49","guid":{"rendered":"https:\/\/demoweb.info\/sexshop001\/producto\/vibrador-slay-seduce-me-amarillo\/"},"modified":"2022-01-22T12:27:49","modified_gmt":"2022-01-22T11:27:49","slug":"vibrador-slay-seduce-me-amarillo","status":"publish","type":"product","link":"https:\/\/demoweb.info\/sexshop001\/producto\/vibrador-slay-seduce-me-amarillo\/","title":{"rendered":"VIBRADOR &#8211; SLAY SEDUCE ME &#8211; AMARILLO"},"content":{"rendered":"<p><strong>SLAY SEDUCE ME <\/strong><\/p>\n<p>Desliza el sensual Slay\u00ae #SeduceMe en tu bolso o bolso para disfrutar de un temblor de rodillas dondequiera que vayas.<\/p>\n<p>El mini masajeador de balas cabe entre los dedos para permitirle brindar una tentaci\u00f3n precisa y emoci\u00f3n con vibraciones sensualmente acanaladas.<\/p>\n<p>Divi\u00e9rtete mientras pasas por 10 indulgentes funciones de vibraci\u00f3n, pulsaci\u00f3n y escalamiento con el bot\u00f3n de control de f\u00e1cil toque.<\/p>\n<p>Controle sin esfuerzo el puro placer con un bot\u00f3n de silicona de f\u00e1cil toque y mant\u00e9ngalo presionado durante 3 segundos para encenderlo o apagarlo.<\/p>\n<p>La silicona ultra suave y el cuerpo de textura \u00fanica son ideales para explorar los puntos sensuales dulces y los puntos de placer \u00edntimo con facilidad.<\/p>\n<p>Con una punta redondeada y una superficie flexible, podr\u00e1 disfrutar de vibraciones emocionantes desde cualquier \u00e1ngulo que desee.<\/p>\n<p>Utilice el control suave de un solo bot\u00f3n para disfrutar de hasta 2 horas de placer vibratorio.<\/p>\n<p>Cargue su pasi\u00f3n en solo 2 horas conectando el cable USB provisto en el puerto de carga autosellante en la parte posterior del masajeador.<\/p>\n<p>El discreto masajeador delgado de 4 pulgadas lo convierte en el compa\u00f1ero de viaje perfecto, permiti\u00e9ndote abrazar el placer irradiado dondequiera que te lleven tus fantas\u00edas.<\/p>\n<p>&bull; Masajeador de silicona recargable y f\u00e1cil de operar con ondas sensuales<\/p>\n<p>&bull; 10 funciones de vibraci\u00f3n intensa, pulsaci\u00f3n y aumento<\/p>\n<p>&bull; El chip de memoria de \u00faltima generaci\u00f3n se reanuda en la \u00faltima funci\u00f3n utilizada<\/p>\n<p>&bull; Funci\u00f3n de bloqueo de seguridad para viajes: mant\u00e9ngalo presionado durante 3 segundos para girar encendido o apagado<\/p>\n<p>&bull; USB recargable &#8211; cable de carga incluido.<\/p>\n<p><strong>Caracter\u00edsticas:<\/strong><\/p>\n<ul>\n<li>Dimensiones del producto: 3.5 \u201dx .75 &#39;\/ 9 x 2 cm (masajeador) | 4,75 &#39;x 1&#39; \/ 12 x 2,5 cm (en general)<\/li>\n<li>Vibrando: Si<\/li>\n<li>Modos de vibraci\u00f3n: 10<\/li>\n<li>Impermeable: S\u00ed<\/li>\n<li>Bodysafe: Si<\/li>\n<li>Material Silicona: (masajeador) ABS con ba\u00f1o de oro (decoraci\u00f3n)<\/li>\n<li>Si recargable<\/li>\n<li>Bater\u00edas requeridas: USB Recargable<\/li>\n<li>Tiempo de carga en minutos Carga completa en 2 horas<\/li>\n<li>Tiempo de funcionamiento en minutos Funciona durante 1,5 horas a alta velocidad y 2 horas a baja velocidad.<\/li>\n<\/ul>\n","protected":false},"excerpt":{"rendered":"<p>SLAY SEDUCE ME Desliza el sensual Slay\u00ae #SeduceMe en tu bolso o bolso para disfrutar de un temblor de rodillas<\/p>\n","protected":false},"featured_media":29064,"comment_status":"open","ping_status":"open","template":"","meta":[],"product_cat":[315],"product_tag":[660,884],"class_list":["post-29063","product","type-product","status-publish","has-post-thumbnail","hentry","product_cat-silicona-vibradores-juguetes-xxx","product_tag-calexotics","product_tag-slay"],"bundled_by":[],"bundle_stock_status":"instock","bundle_stock_quantity":2,"bundle_virtual":false,"bundle_layout":"","bundle_add_to_cart_form_location":"","bundle_editable_in_cart":false,"bundle_sold_individually_context":"","bundle_item_grouping":"","bundle_min_size":"","bundle_max_size":"","bundled_items":[],"yoast_head":"<!-- This site is optimized with the Yoast SEO plugin v20.6 - https:\/\/yoast.com\/wordpress\/plugins\/seo\/ -->\n<title>VIBRADOR - SLAY SEDUCE ME - AMARILLO - Tienda Er\u00f3tica<\/title>\n<meta name=\"robots\" content=\"noindex, follow, max-snippet:-1, max-image-preview:large, max-video-preview:-1\" \/>\n<meta property=\"og:locale\" content=\"es_ES\" \/>\n<meta property=\"og:type\" content=\"article\" \/>\n<meta property=\"og:title\" content=\"VIBRADOR - SLAY SEDUCE ME - AMARILLO - Tienda Er\u00f3tica\" \/>\n<meta property=\"og:description\" content=\"SLAY SEDUCE ME Desliza el sensual Slay\u00ae #SeduceMe en tu bolso o bolso para disfrutar de un temblor de rodillas\" \/>\n<meta property=\"og:url\" content=\"https:\/\/demoweb.info\/sexshop001\/producto\/vibrador-slay-seduce-me-amarillo\/\" \/>\n<meta property=\"og:site_name\" content=\"Tienda Er\u00f3tica\" \/>\n<meta property=\"og:image\" content=\"https:\/\/demoweb.info\/sexshop001\/wp-content\/uploads\/2022\/01\/VIBRADOR-SLAY-SEDUCE-ME-AMARILLO.jpg\" \/>\n\t<meta property=\"og:image:width\" content=\"550\" \/>\n\t<meta property=\"og:image:height\" content=\"550\" \/>\n\t<meta property=\"og:image:type\" content=\"image\/jpeg\" \/>\n<meta name=\"twitter:card\" content=\"summary_large_image\" \/>\n<meta name=\"twitter:label1\" content=\"Tiempo de lectura\" \/>\n\t<meta name=\"twitter:data1\" content=\"2 minutos\" \/>\n<script type=\"application\/ld+json\" class=\"yoast-schema-graph\">{\"@context\":\"https:\/\/schema.org\",\"@graph\":[{\"@type\":\"WebPage\",\"@id\":\"https:\/\/demoweb.info\/sexshop001\/producto\/vibrador-slay-seduce-me-amarillo\/\",\"url\":\"https:\/\/demoweb.info\/sexshop001\/producto\/vibrador-slay-seduce-me-amarillo\/\",\"name\":\"VIBRADOR - SLAY SEDUCE ME - AMARILLO - Tienda Er\u00f3tica\",\"isPartOf\":{\"@id\":\"https:\/\/demoweb.info\/sexshop001\/#website\"},\"datePublished\":\"2022-01-22T11:27:49+00:00\",\"dateModified\":\"2022-01-22T11:27:49+00:00\",\"breadcrumb\":{\"@id\":\"https:\/\/demoweb.info\/sexshop001\/producto\/vibrador-slay-seduce-me-amarillo\/#breadcrumb\"},\"inLanguage\":\"es\",\"potentialAction\":[{\"@type\":\"ReadAction\",\"target\":[\"https:\/\/demoweb.info\/sexshop001\/producto\/vibrador-slay-seduce-me-amarillo\/\"]}]},{\"@type\":\"BreadcrumbList\",\"@id\":\"https:\/\/demoweb.info\/sexshop001\/producto\/vibrador-slay-seduce-me-amarillo\/#breadcrumb\",\"itemListElement\":[{\"@type\":\"ListItem\",\"position\":1,\"name\":\"Portada\",\"item\":\"https:\/\/demoweb.info\/sexshop001\/\"},{\"@type\":\"ListItem\",\"position\":2,\"name\":\"Tienda\",\"item\":\"https:\/\/demoweb.info\/sexshop001\/tienda\/\"},{\"@type\":\"ListItem\",\"position\":3,\"name\":\"VIBRADOR &#8211; SLAY SEDUCE ME &#8211; AMARILLO\"}]},{\"@type\":\"WebSite\",\"@id\":\"https:\/\/demoweb.info\/sexshop001\/#website\",\"url\":\"https:\/\/demoweb.info\/sexshop001\/\",\"name\":\"Tienda Er\u00f3tica\",\"description\":\"DEMOWEB SL\",\"potentialAction\":[{\"@type\":\"SearchAction\",\"target\":{\"@type\":\"EntryPoint\",\"urlTemplate\":\"https:\/\/demoweb.info\/sexshop001\/?s={search_term_string}\"},\"query-input\":\"required name=search_term_string\"}],\"inLanguage\":\"es\"}]}<\/script>\n<!-- \/ Yoast SEO plugin. -->","yoast_head_json":{"title":"VIBRADOR - SLAY SEDUCE ME - AMARILLO - Tienda Er\u00f3tica","robots":{"index":"noindex","follow":"follow","max-snippet":"max-snippet:-1","max-image-preview":"max-image-preview:large","max-video-preview":"max-video-preview:-1"},"og_locale":"es_ES","og_type":"article","og_title":"VIBRADOR - SLAY SEDUCE ME - AMARILLO - Tienda Er\u00f3tica","og_description":"SLAY SEDUCE ME Desliza el sensual Slay\u00ae #SeduceMe en tu bolso o bolso para disfrutar de un temblor de rodillas","og_url":"https:\/\/demoweb.info\/sexshop001\/producto\/vibrador-slay-seduce-me-amarillo\/","og_site_name":"Tienda Er\u00f3tica","og_image":[{"width":550,"height":550,"url":"https:\/\/demoweb.info\/sexshop001\/wp-content\/uploads\/2022\/01\/VIBRADOR-SLAY-SEDUCE-ME-AMARILLO.jpg","type":"image\/jpeg"}],"twitter_card":"summary_large_image","twitter_misc":{"Tiempo de lectura":"2 minutos"},"schema":{"@context":"https:\/\/schema.org","@graph":[{"@type":"WebPage","@id":"https:\/\/demoweb.info\/sexshop001\/producto\/vibrador-slay-seduce-me-amarillo\/","url":"https:\/\/demoweb.info\/sexshop001\/producto\/vibrador-slay-seduce-me-amarillo\/","name":"VIBRADOR - SLAY SEDUCE ME - AMARILLO - Tienda Er\u00f3tica","isPartOf":{"@id":"https:\/\/demoweb.info\/sexshop001\/#website"},"datePublished":"2022-01-22T11:27:49+00:00","dateModified":"2022-01-22T11:27:49+00:00","breadcrumb":{"@id":"https:\/\/demoweb.info\/sexshop001\/producto\/vibrador-slay-seduce-me-amarillo\/#breadcrumb"},"inLanguage":"es","potentialAction":[{"@type":"ReadAction","target":["https:\/\/demoweb.info\/sexshop001\/producto\/vibrador-slay-seduce-me-amarillo\/"]}]},{"@type":"BreadcrumbList","@id":"https:\/\/demoweb.info\/sexshop001\/producto\/vibrador-slay-seduce-me-amarillo\/#breadcrumb","itemListElement":[{"@type":"ListItem","position":1,"name":"Portada","item":"https:\/\/demoweb.info\/sexshop001\/"},{"@type":"ListItem","position":2,"name":"Tienda","item":"https:\/\/demoweb.info\/sexshop001\/tienda\/"},{"@type":"ListItem","position":3,"name":"VIBRADOR &#8211; SLAY SEDUCE ME &#8211; AMARILLO"}]},{"@type":"WebSite","@id":"https:\/\/demoweb.info\/sexshop001\/#website","url":"https:\/\/demoweb.info\/sexshop001\/","name":"Tienda Er\u00f3tica","description":"DEMOWEB SL","potentialAction":[{"@type":"SearchAction","target":{"@type":"EntryPoint","urlTemplate":"https:\/\/demoweb.info\/sexshop001\/?s={search_term_string}"},"query-input":"required name=search_term_string"}],"inLanguage":"es"}]}},"_links":{"self":[{"href":"https:\/\/demoweb.info\/sexshop001\/wp-json\/wp\/v3\/product\/29063","targetHints":{"allow":["GET"]}}],"collection":[{"href":"https:\/\/demoweb.info\/sexshop001\/wp-json\/wp\/v3\/product"}],"about":[{"href":"https:\/\/demoweb.info\/sexshop001\/wp-json\/wp\/v2\/types\/product"}],"replies":[{"embeddable":true,"href":"https:\/\/demoweb.info\/sexshop001\/wp-json\/wp\/v2\/comments?post=29063"}],"wp:featuredmedia":[{"embeddable":true,"href":"https:\/\/demoweb.info\/sexshop001\/wp-json\/wp\/v2\/media\/29064"}],"wp:attachment":[{"href":"https:\/\/demoweb.info\/sexshop001\/wp-json\/wp\/v2\/media?parent=29063"}],"wp:term":[{"taxonomy":"product_cat","embeddable":true,"href":"https:\/\/demoweb.info\/sexshop001\/wp-json\/wp\/v2\/product_cat?post=29063"},{"taxonomy":"product_tag","embeddable":true,"href":"https:\/\/demoweb.info\/sexshop001\/wp-json\/wp\/v2\/product_tag?post=29063"}],"curies":[{"name":"wp","href":"https:\/\/api.w.org\/{rel}","templated":true}]}}