{"id":29056,"date":"2022-01-22T12:27:22","date_gmt":"2022-01-22T11:27:22","guid":{"rendered":"https:\/\/demoweb.info\/sexshop001\/producto\/wristband-remote-rimming-probe-azul\/"},"modified":"2022-01-22T12:27:44","modified_gmt":"2022-01-22T11:27:44","slug":"wristband-remote-rimming-probe-azul","status":"publish","type":"product","link":"https:\/\/demoweb.info\/sexshop001\/producto\/wristband-remote-rimming-probe-azul\/","title":{"rendered":"WRISTBAND REMOTE RIMMING PROBE &#8211; AZUL"},"content":{"rendered":"<p><strong>WRISTBAND REMOTE RIMMING PROBE<\/strong><\/p>\n<p>El elegante y discreto controlador de pulsera facilita que usted o su pareja controlen la intensidad de la vibraci\u00f3n con solo tocar un bot\u00f3n.<\/p>\n<p>Cuando o donde la pasi\u00f3n te lleve, el rango de radio de 32 pies de este apasionado vibrador y las 12 intensas funciones de vibraci\u00f3n est\u00e1n listas para jugar.<\/p>\n<p>Elige la intensidad de tu placer y monta las olas de estimulaci\u00f3n interna org\u00e1smica con rotaci\u00f3n y vibraci\u00f3n sincronizadas.<\/p>\n<p>El eje sensualmente curvado, la ventosa y el control remoto de f\u00e1cil empuje le permiten sumergirse profundamente en la estimulaci\u00f3n manos libres sin esfuerzo.<\/p>\n<p>Disfrute de una inserci\u00f3n c\u00f3moda, una estimulaci\u00f3n sin esfuerzo y una extracci\u00f3n suave con la forma ergon\u00f3mica suave, el dise\u00f1o flexible y la base curva.<\/p>\n<p>Recargue el masajeador de silicona premium en 80 minutos con el cable de carga USB provisto para disfrutar de 40 minutos de estimulaci\u00f3n de alta velocidad o 60 minutos de baja velocidad. vibraciones.<\/p>\n<p>Mientras que el bot\u00f3n f\u00e1cil controla la intensidad y la sonda regordeta le brinda la estimulaci\u00f3n que desea, el chip de memoria integrado de \u00faltima generaci\u00f3n recuerda c\u00f3mo le gusta al comenzar con la \u00faltima funci\u00f3n utilizada.<\/p>\n<p>&bull; Sonda anal de rimming recargable de silicona de primera calidad con vibraci\u00f3n sincr\u00f3nica y rotaci\u00f3n de cuentas<\/p>\n<p>&bull; Motores dobles con 12 funciones intensas de vibraci\u00f3n, pulsaci\u00f3n y escalada<\/p>\n<p>&bull; Punta vibratoria sincr\u00f3nica y bolas giratorias m\u00e1s base de ventosa resistente<\/p>\n<p>&bull; Impermeable, la sonda de silicona vibrante y giratoria se puede usar de forma independiente de control remoto<\/p>\n<p>&bull; Control remoto de pulsera compacto y discreto a prueba de agua: \u00a1util\u00edcelo solo o con un compa\u00f1ero!<\/p>\n<p>&bull; El chip de memoria de \u00faltima generaci\u00f3n se reanuda en la \u00faltima funci\u00f3n utilizada<\/p>\n<p>&bull; Funci\u00f3n de bloqueo de seguridad para viajes: mant\u00e9ngalo presionado durante 3 segundos para encenderlo o apagarlo<\/p>\n<p>&bull; Alcance extendido de 32.75 &#39;\/ 10 m<\/p>\n<p>&bull; Certificado RED incluido<\/p>\n<p>&bull; USB recargable (estimulador y control remoto) &#8211; cable de carga dual incluido.<\/p>\n<ul>\n<li>Dimensiones del producto: 12 x 3,25 cm (sonda) | 5.5 &#39;x 2.75 \u201d\/ 14 x 7 cm (total) | La pulsera se ajusta hasta 9 &#39;\/ 22,75 cm<\/li>\n<li>Vibrando Si<\/li>\n<li>Modos de vibraci\u00f3n: 12<\/li>\n<li>Impermeable: S\u00ed<\/li>\n<li>Bodysafe Si<\/li>\n<li>Material Silicona (sonda, controlador) ABS con ba\u00f1o de plata (decoraci\u00f3n) Acero inoxidable (cierre)<\/li>\n<li>Si recargable<\/li>\n<li>Bater\u00edas requeridas USB Recargable<\/li>\n<li>Tiempo de carga en minutos Carga completa en 1 hora<\/li>\n<li>Tiempo de funcionamiento en minutos Funciona durante 40 minutos a alta velocidad y 1 hora a baja velocidad.<\/li>\n<li>Ventosa: S\u00ed<\/li>\n<\/ul>\n","protected":false},"excerpt":{"rendered":"<p>WRISTBAND REMOTE RIMMING PROBE El elegante y discreto controlador de pulsera facilita que usted o su pareja controlen la intensidad<\/p>\n","protected":false},"featured_media":29057,"comment_status":"open","ping_status":"open","template":"","meta":[],"product_cat":[295],"product_tag":[660,983],"class_list":["post-29056","product","type-product","status-publish","has-post-thumbnail","hentry","product_cat-vibradores-plugs","product_tag-calexotics","product_tag-eclipse"],"bundled_by":[],"bundle_stock_status":"instock","bundle_stock_quantity":2,"bundle_virtual":false,"bundle_layout":"","bundle_add_to_cart_form_location":"","bundle_editable_in_cart":false,"bundle_sold_individually_context":"","bundle_item_grouping":"","bundle_min_size":"","bundle_max_size":"","bundled_items":[],"yoast_head":"<!-- This site is optimized with the Yoast SEO plugin v20.6 - https:\/\/yoast.com\/wordpress\/plugins\/seo\/ -->\n<title>WRISTBAND REMOTE RIMMING PROBE - AZUL - Tienda Er\u00f3tica<\/title>\n<meta name=\"robots\" content=\"noindex, follow, max-snippet:-1, max-image-preview:large, max-video-preview:-1\" \/>\n<meta property=\"og:locale\" content=\"es_ES\" \/>\n<meta property=\"og:type\" content=\"article\" \/>\n<meta property=\"og:title\" content=\"WRISTBAND REMOTE RIMMING PROBE - AZUL - Tienda Er\u00f3tica\" \/>\n<meta property=\"og:description\" content=\"WRISTBAND REMOTE RIMMING PROBE El elegante y discreto controlador de pulsera facilita que usted o su pareja controlen la intensidad\" \/>\n<meta property=\"og:url\" content=\"https:\/\/demoweb.info\/sexshop001\/producto\/wristband-remote-rimming-probe-azul\/\" \/>\n<meta property=\"og:site_name\" content=\"Tienda Er\u00f3tica\" \/>\n<meta property=\"article:modified_time\" content=\"2022-01-22T11:27:44+00:00\" \/>\n<meta property=\"og:image\" content=\"https:\/\/demoweb.info\/sexshop001\/wp-content\/uploads\/2022\/01\/WRISTBAND-REMOTE-RIMMING-PROBE-AZUL.jpg\" \/>\n\t<meta property=\"og:image:width\" content=\"550\" \/>\n\t<meta property=\"og:image:height\" content=\"550\" \/>\n\t<meta property=\"og:image:type\" content=\"image\/jpeg\" \/>\n<meta name=\"twitter:card\" content=\"summary_large_image\" \/>\n<meta name=\"twitter:label1\" content=\"Tiempo de lectura\" \/>\n\t<meta name=\"twitter:data1\" content=\"2 minutos\" \/>\n<script type=\"application\/ld+json\" class=\"yoast-schema-graph\">{\"@context\":\"https:\/\/schema.org\",\"@graph\":[{\"@type\":\"WebPage\",\"@id\":\"https:\/\/demoweb.info\/sexshop001\/producto\/wristband-remote-rimming-probe-azul\/\",\"url\":\"https:\/\/demoweb.info\/sexshop001\/producto\/wristband-remote-rimming-probe-azul\/\",\"name\":\"WRISTBAND REMOTE RIMMING PROBE - AZUL - Tienda Er\u00f3tica\",\"isPartOf\":{\"@id\":\"https:\/\/demoweb.info\/sexshop001\/#website\"},\"datePublished\":\"2022-01-22T11:27:22+00:00\",\"dateModified\":\"2022-01-22T11:27:44+00:00\",\"breadcrumb\":{\"@id\":\"https:\/\/demoweb.info\/sexshop001\/producto\/wristband-remote-rimming-probe-azul\/#breadcrumb\"},\"inLanguage\":\"es\",\"potentialAction\":[{\"@type\":\"ReadAction\",\"target\":[\"https:\/\/demoweb.info\/sexshop001\/producto\/wristband-remote-rimming-probe-azul\/\"]}]},{\"@type\":\"BreadcrumbList\",\"@id\":\"https:\/\/demoweb.info\/sexshop001\/producto\/wristband-remote-rimming-probe-azul\/#breadcrumb\",\"itemListElement\":[{\"@type\":\"ListItem\",\"position\":1,\"name\":\"Portada\",\"item\":\"https:\/\/demoweb.info\/sexshop001\/\"},{\"@type\":\"ListItem\",\"position\":2,\"name\":\"Tienda\",\"item\":\"https:\/\/demoweb.info\/sexshop001\/tienda\/\"},{\"@type\":\"ListItem\",\"position\":3,\"name\":\"WRISTBAND REMOTE RIMMING PROBE &#8211; AZUL\"}]},{\"@type\":\"WebSite\",\"@id\":\"https:\/\/demoweb.info\/sexshop001\/#website\",\"url\":\"https:\/\/demoweb.info\/sexshop001\/\",\"name\":\"Tienda Er\u00f3tica\",\"description\":\"DEMOWEB SL\",\"potentialAction\":[{\"@type\":\"SearchAction\",\"target\":{\"@type\":\"EntryPoint\",\"urlTemplate\":\"https:\/\/demoweb.info\/sexshop001\/?s={search_term_string}\"},\"query-input\":\"required name=search_term_string\"}],\"inLanguage\":\"es\"}]}<\/script>\n<!-- \/ Yoast SEO plugin. -->","yoast_head_json":{"title":"WRISTBAND REMOTE RIMMING PROBE - AZUL - Tienda Er\u00f3tica","robots":{"index":"noindex","follow":"follow","max-snippet":"max-snippet:-1","max-image-preview":"max-image-preview:large","max-video-preview":"max-video-preview:-1"},"og_locale":"es_ES","og_type":"article","og_title":"WRISTBAND REMOTE RIMMING PROBE - AZUL - Tienda Er\u00f3tica","og_description":"WRISTBAND REMOTE RIMMING PROBE El elegante y discreto controlador de pulsera facilita que usted o su pareja controlen la intensidad","og_url":"https:\/\/demoweb.info\/sexshop001\/producto\/wristband-remote-rimming-probe-azul\/","og_site_name":"Tienda Er\u00f3tica","article_modified_time":"2022-01-22T11:27:44+00:00","og_image":[{"width":550,"height":550,"url":"https:\/\/demoweb.info\/sexshop001\/wp-content\/uploads\/2022\/01\/WRISTBAND-REMOTE-RIMMING-PROBE-AZUL.jpg","type":"image\/jpeg"}],"twitter_card":"summary_large_image","twitter_misc":{"Tiempo de lectura":"2 minutos"},"schema":{"@context":"https:\/\/schema.org","@graph":[{"@type":"WebPage","@id":"https:\/\/demoweb.info\/sexshop001\/producto\/wristband-remote-rimming-probe-azul\/","url":"https:\/\/demoweb.info\/sexshop001\/producto\/wristband-remote-rimming-probe-azul\/","name":"WRISTBAND REMOTE RIMMING PROBE - AZUL - Tienda Er\u00f3tica","isPartOf":{"@id":"https:\/\/demoweb.info\/sexshop001\/#website"},"datePublished":"2022-01-22T11:27:22+00:00","dateModified":"2022-01-22T11:27:44+00:00","breadcrumb":{"@id":"https:\/\/demoweb.info\/sexshop001\/producto\/wristband-remote-rimming-probe-azul\/#breadcrumb"},"inLanguage":"es","potentialAction":[{"@type":"ReadAction","target":["https:\/\/demoweb.info\/sexshop001\/producto\/wristband-remote-rimming-probe-azul\/"]}]},{"@type":"BreadcrumbList","@id":"https:\/\/demoweb.info\/sexshop001\/producto\/wristband-remote-rimming-probe-azul\/#breadcrumb","itemListElement":[{"@type":"ListItem","position":1,"name":"Portada","item":"https:\/\/demoweb.info\/sexshop001\/"},{"@type":"ListItem","position":2,"name":"Tienda","item":"https:\/\/demoweb.info\/sexshop001\/tienda\/"},{"@type":"ListItem","position":3,"name":"WRISTBAND REMOTE RIMMING PROBE &#8211; AZUL"}]},{"@type":"WebSite","@id":"https:\/\/demoweb.info\/sexshop001\/#website","url":"https:\/\/demoweb.info\/sexshop001\/","name":"Tienda Er\u00f3tica","description":"DEMOWEB SL","potentialAction":[{"@type":"SearchAction","target":{"@type":"EntryPoint","urlTemplate":"https:\/\/demoweb.info\/sexshop001\/?s={search_term_string}"},"query-input":"required name=search_term_string"}],"inLanguage":"es"}]}},"_links":{"self":[{"href":"https:\/\/demoweb.info\/sexshop001\/wp-json\/wp\/v3\/product\/29056","targetHints":{"allow":["GET"]}}],"collection":[{"href":"https:\/\/demoweb.info\/sexshop001\/wp-json\/wp\/v3\/product"}],"about":[{"href":"https:\/\/demoweb.info\/sexshop001\/wp-json\/wp\/v2\/types\/product"}],"replies":[{"embeddable":true,"href":"https:\/\/demoweb.info\/sexshop001\/wp-json\/wp\/v2\/comments?post=29056"}],"wp:featuredmedia":[{"embeddable":true,"href":"https:\/\/demoweb.info\/sexshop001\/wp-json\/wp\/v2\/media\/29057"}],"wp:attachment":[{"href":"https:\/\/demoweb.info\/sexshop001\/wp-json\/wp\/v2\/media?parent=29056"}],"wp:term":[{"taxonomy":"product_cat","embeddable":true,"href":"https:\/\/demoweb.info\/sexshop001\/wp-json\/wp\/v2\/product_cat?post=29056"},{"taxonomy":"product_tag","embeddable":true,"href":"https:\/\/demoweb.info\/sexshop001\/wp-json\/wp\/v2\/product_tag?post=29056"}],"curies":[{"name":"wp","href":"https:\/\/api.w.org\/{rel}","templated":true}]}}