{"id":29049,"date":"2022-01-22T12:27:22","date_gmt":"2022-01-22T11:27:22","guid":{"rendered":"https:\/\/demoweb.info\/sexshop001\/producto\/eclipse-plug-con-rotacion-y-pulsera-control-remoto-gris\/"},"modified":"2022-01-22T12:27:41","modified_gmt":"2022-01-22T11:27:41","slug":"eclipse-plug-con-rotacion-y-pulsera-control-remoto-gris","status":"publish","type":"product","link":"https:\/\/demoweb.info\/sexshop001\/producto\/eclipse-plug-con-rotacion-y-pulsera-control-remoto-gris\/","title":{"rendered":"ECLIPSE &#8211; PLUG CON ROTACI\u00d3N Y PULSERA CONTROL  REMOTO &#8211; GRIS"},"content":{"rendered":"<p><strong>WRISTBAND REMOTE ROTATOR PROBE<\/strong><\/p>\n<p>La sonda rotadora de empuje remota de pulsera Eclipse \u2122 es una sonda de silicona sensual creada para facilitarle el placer anal emocionante.<\/p>\n<p>El elegante control remoto de pulsera controla 12 potentes funciones de vibraci\u00f3n con intensas acciones de rotaci\u00f3n y empuje sincronizadas y dos potentes motores.<\/p>\n<p>El elegante y discreto controlador de pulsera facilita que usted o su pareja controlen la intensidad de la vibraci\u00f3n con solo tocar un bot\u00f3n.<\/p>\n<p>Cuando sea o donde sea que te lleve la pasi\u00f3n, el rango de radio de 32 pies de este vibrador apasionado y las 12 funciones intensas de estimulaci\u00f3n intensa est\u00e1n listas para jugar.<\/p>\n<p>Elige la intensidad de tu placer y monta las olas de estimulaci\u00f3n interna org\u00e1smica con rotaci\u00f3n sincronizada, vibraci\u00f3n y acciones de empuje.<\/p>\n<p>El eje sensualmente curvado, la base contorneada y el control de empuje f\u00e1cil le permiten sumergirse profundamente en la estimulaci\u00f3n sin esfuerzo.<\/p>\n<p>Dos potentes motores de vibraci\u00f3n en el eje y la base brindan una vibrante estimulaci\u00f3n de puerta trasera, mientras que el cuerpo contorneado se flexiona y se mueve contigo durante tus momentos con mayor calificaci\u00f3n X.<\/p>\n<p>Disfrute de una inserci\u00f3n c\u00f3moda, una estimulaci\u00f3n sin esfuerzo y una extracci\u00f3n suave con la forma ergon\u00f3mica suave, el dise\u00f1o flexible y la base curva.<\/p>\n<p>Recargue el masajeador de silicona premium en 90 minutos con el cable de carga USB provisto para disfrutar de 45 minutos de estimulaci\u00f3n de alta velocidad o 60 minutos de baja velocidad. vibraciones.<\/p>\n<p>Mientras que el bot\u00f3n f\u00e1cil controla la intensidad y la sonda regordeta le brinda la estimulaci\u00f3n que desea, el chip de memoria integrado de \u00faltima generaci\u00f3n recuerda c\u00f3mo le gusta al comenzar con la \u00faltima funci\u00f3n utilizada.<\/p>\n<p>&bull; Sonda anal recargable de silicona de primera calidad con eje giratorio y de empuje sincr\u00f3nico<\/p>\n<p>&bull; Motores duales con 12 funciones intensas de vibraci\u00f3n, pulsaci\u00f3n y escalada<\/p>\n<p>&bull; Eje giratorio y de empuje sincr\u00f3nico<\/p>\n<p>&bull; Resistente al agua, la sonda giratoria y de empuje de silicona se puede utilizar independientemente del control remoto<\/p>\n<p>&bull; Resistente al agua compacto y discreto control remoto de pulsera: \u00a1util\u00edcelo solo o con un compa\u00f1ero!<\/p>\n<p>&bull; El chip de memoria de \u00faltima generaci\u00f3n se reanuda en la \u00faltima funci\u00f3n utilizada<\/p>\n<p>&bull; Funci\u00f3n de bloqueo de seguridad para viajes: mant\u00e9ngalo presionado durante 3 segundos para encenderlo o apagarlo<\/p>\n<p>&bull; Alcance extendido de 32.75 &#39;\/ 10 m<\/p>\n<p>&bull; Certificado RED incluido<\/p>\n<p>&bull; USB recargable (estimulador y control remoto) &#8211; cable de carga dual incluido.<\/p>\n<p><strong>Caracter\u00edsticas:<\/strong><\/p>\n<ul>\n<li>Dimensiones del producto: 9.5 x 3.25 cm (sonda) | 11.5 x 3.75 cm (base) | La pulsera se ajusta hasta 22,75 cm<\/li>\n<li>Vibrando: Si<\/li>\n<li>Modos de vibraci\u00f3n: 12<\/li>\n<li>Modos de velocidad: 4<\/li>\n<li>Impermeable: S\u00ed<\/li>\n<li>Bodysafe: Si<\/li>\n<li>Material Silicona (sonda, controlador) ABS con ba\u00f1o de plata (decoraci\u00f3n) Acero inoxidable (cierre)<\/li>\n<li>Si: recargable<\/li>\n<li>Bater\u00edas requeridas USB Recargable<\/li>\n<li>Tiempo de carga en minutos: Carga completa en 1,5 horas<\/li>\n<li>Tiempo de funcionamiento en minutos Funciona durante 45 minutos a alta velocidad y 1 hora a baja velocidad.<\/li>\n<\/ul>\n","protected":false},"excerpt":{"rendered":"<p>WRISTBAND REMOTE ROTATOR PROBE La sonda rotadora de empuje remota de pulsera Eclipse \u2122 es una sonda de silicona sensual<\/p>\n","protected":false},"featured_media":29050,"comment_status":"open","ping_status":"open","template":"","meta":[],"product_cat":[295],"product_tag":[660,983],"class_list":["post-29049","product","type-product","status-publish","has-post-thumbnail","hentry","product_cat-vibradores-plugs","product_tag-calexotics","product_tag-eclipse"],"bundled_by":[],"bundle_stock_status":"instock","bundle_stock_quantity":2,"bundle_virtual":false,"bundle_layout":"","bundle_add_to_cart_form_location":"","bundle_editable_in_cart":false,"bundle_sold_individually_context":"","bundle_item_grouping":"","bundle_min_size":"","bundle_max_size":"","bundled_items":[],"yoast_head":"<!-- This site is optimized with the Yoast SEO plugin v20.6 - https:\/\/yoast.com\/wordpress\/plugins\/seo\/ -->\n<title>ECLIPSE - PLUG CON ROTACI\u00d3N Y PULSERA CONTROL REMOTO - GRIS - Tienda Er\u00f3tica<\/title>\n<meta name=\"robots\" content=\"noindex, follow, max-snippet:-1, max-image-preview:large, max-video-preview:-1\" \/>\n<meta property=\"og:locale\" content=\"es_ES\" \/>\n<meta property=\"og:type\" content=\"article\" \/>\n<meta property=\"og:title\" content=\"ECLIPSE - PLUG CON ROTACI\u00d3N Y PULSERA CONTROL REMOTO - GRIS - Tienda Er\u00f3tica\" \/>\n<meta property=\"og:description\" content=\"WRISTBAND REMOTE ROTATOR PROBE La sonda rotadora de empuje remota de pulsera Eclipse \u2122 es una sonda de silicona sensual\" \/>\n<meta property=\"og:url\" content=\"https:\/\/demoweb.info\/sexshop001\/producto\/eclipse-plug-con-rotacion-y-pulsera-control-remoto-gris\/\" \/>\n<meta property=\"og:site_name\" content=\"Tienda Er\u00f3tica\" \/>\n<meta property=\"article:modified_time\" content=\"2022-01-22T11:27:41+00:00\" \/>\n<meta property=\"og:image\" content=\"https:\/\/demoweb.info\/sexshop001\/wp-content\/uploads\/2022\/01\/ECLIPSE-PLUG-CON-ROTACION-Y-PULSERA-CONTROL-REMOTO-GRIS.jpg\" \/>\n\t<meta property=\"og:image:width\" content=\"550\" \/>\n\t<meta property=\"og:image:height\" content=\"550\" \/>\n\t<meta property=\"og:image:type\" content=\"image\/jpeg\" \/>\n<meta name=\"twitter:card\" content=\"summary_large_image\" \/>\n<meta name=\"twitter:label1\" content=\"Tiempo de lectura\" \/>\n\t<meta name=\"twitter:data1\" content=\"3 minutos\" \/>\n<script type=\"application\/ld+json\" class=\"yoast-schema-graph\">{\"@context\":\"https:\/\/schema.org\",\"@graph\":[{\"@type\":\"WebPage\",\"@id\":\"https:\/\/demoweb.info\/sexshop001\/producto\/eclipse-plug-con-rotacion-y-pulsera-control-remoto-gris\/\",\"url\":\"https:\/\/demoweb.info\/sexshop001\/producto\/eclipse-plug-con-rotacion-y-pulsera-control-remoto-gris\/\",\"name\":\"ECLIPSE - PLUG CON ROTACI\u00d3N Y PULSERA CONTROL REMOTO - GRIS - Tienda Er\u00f3tica\",\"isPartOf\":{\"@id\":\"https:\/\/demoweb.info\/sexshop001\/#website\"},\"datePublished\":\"2022-01-22T11:27:22+00:00\",\"dateModified\":\"2022-01-22T11:27:41+00:00\",\"breadcrumb\":{\"@id\":\"https:\/\/demoweb.info\/sexshop001\/producto\/eclipse-plug-con-rotacion-y-pulsera-control-remoto-gris\/#breadcrumb\"},\"inLanguage\":\"es\",\"potentialAction\":[{\"@type\":\"ReadAction\",\"target\":[\"https:\/\/demoweb.info\/sexshop001\/producto\/eclipse-plug-con-rotacion-y-pulsera-control-remoto-gris\/\"]}]},{\"@type\":\"BreadcrumbList\",\"@id\":\"https:\/\/demoweb.info\/sexshop001\/producto\/eclipse-plug-con-rotacion-y-pulsera-control-remoto-gris\/#breadcrumb\",\"itemListElement\":[{\"@type\":\"ListItem\",\"position\":1,\"name\":\"Portada\",\"item\":\"https:\/\/demoweb.info\/sexshop001\/\"},{\"@type\":\"ListItem\",\"position\":2,\"name\":\"Tienda\",\"item\":\"https:\/\/demoweb.info\/sexshop001\/tienda\/\"},{\"@type\":\"ListItem\",\"position\":3,\"name\":\"ECLIPSE &#8211; PLUG CON ROTACI\u00d3N Y PULSERA CONTROL REMOTO &#8211; GRIS\"}]},{\"@type\":\"WebSite\",\"@id\":\"https:\/\/demoweb.info\/sexshop001\/#website\",\"url\":\"https:\/\/demoweb.info\/sexshop001\/\",\"name\":\"Tienda Er\u00f3tica\",\"description\":\"DEMOWEB SL\",\"potentialAction\":[{\"@type\":\"SearchAction\",\"target\":{\"@type\":\"EntryPoint\",\"urlTemplate\":\"https:\/\/demoweb.info\/sexshop001\/?s={search_term_string}\"},\"query-input\":\"required name=search_term_string\"}],\"inLanguage\":\"es\"}]}<\/script>\n<!-- \/ Yoast SEO plugin. -->","yoast_head_json":{"title":"ECLIPSE - PLUG CON ROTACI\u00d3N Y PULSERA CONTROL REMOTO - GRIS - Tienda Er\u00f3tica","robots":{"index":"noindex","follow":"follow","max-snippet":"max-snippet:-1","max-image-preview":"max-image-preview:large","max-video-preview":"max-video-preview:-1"},"og_locale":"es_ES","og_type":"article","og_title":"ECLIPSE - PLUG CON ROTACI\u00d3N Y PULSERA CONTROL REMOTO - GRIS - Tienda Er\u00f3tica","og_description":"WRISTBAND REMOTE ROTATOR PROBE La sonda rotadora de empuje remota de pulsera Eclipse \u2122 es una sonda de silicona sensual","og_url":"https:\/\/demoweb.info\/sexshop001\/producto\/eclipse-plug-con-rotacion-y-pulsera-control-remoto-gris\/","og_site_name":"Tienda Er\u00f3tica","article_modified_time":"2022-01-22T11:27:41+00:00","og_image":[{"width":550,"height":550,"url":"https:\/\/demoweb.info\/sexshop001\/wp-content\/uploads\/2022\/01\/ECLIPSE-PLUG-CON-ROTACION-Y-PULSERA-CONTROL-REMOTO-GRIS.jpg","type":"image\/jpeg"}],"twitter_card":"summary_large_image","twitter_misc":{"Tiempo de lectura":"3 minutos"},"schema":{"@context":"https:\/\/schema.org","@graph":[{"@type":"WebPage","@id":"https:\/\/demoweb.info\/sexshop001\/producto\/eclipse-plug-con-rotacion-y-pulsera-control-remoto-gris\/","url":"https:\/\/demoweb.info\/sexshop001\/producto\/eclipse-plug-con-rotacion-y-pulsera-control-remoto-gris\/","name":"ECLIPSE - PLUG CON ROTACI\u00d3N Y PULSERA CONTROL REMOTO - GRIS - Tienda Er\u00f3tica","isPartOf":{"@id":"https:\/\/demoweb.info\/sexshop001\/#website"},"datePublished":"2022-01-22T11:27:22+00:00","dateModified":"2022-01-22T11:27:41+00:00","breadcrumb":{"@id":"https:\/\/demoweb.info\/sexshop001\/producto\/eclipse-plug-con-rotacion-y-pulsera-control-remoto-gris\/#breadcrumb"},"inLanguage":"es","potentialAction":[{"@type":"ReadAction","target":["https:\/\/demoweb.info\/sexshop001\/producto\/eclipse-plug-con-rotacion-y-pulsera-control-remoto-gris\/"]}]},{"@type":"BreadcrumbList","@id":"https:\/\/demoweb.info\/sexshop001\/producto\/eclipse-plug-con-rotacion-y-pulsera-control-remoto-gris\/#breadcrumb","itemListElement":[{"@type":"ListItem","position":1,"name":"Portada","item":"https:\/\/demoweb.info\/sexshop001\/"},{"@type":"ListItem","position":2,"name":"Tienda","item":"https:\/\/demoweb.info\/sexshop001\/tienda\/"},{"@type":"ListItem","position":3,"name":"ECLIPSE &#8211; PLUG CON ROTACI\u00d3N Y PULSERA CONTROL REMOTO &#8211; GRIS"}]},{"@type":"WebSite","@id":"https:\/\/demoweb.info\/sexshop001\/#website","url":"https:\/\/demoweb.info\/sexshop001\/","name":"Tienda Er\u00f3tica","description":"DEMOWEB SL","potentialAction":[{"@type":"SearchAction","target":{"@type":"EntryPoint","urlTemplate":"https:\/\/demoweb.info\/sexshop001\/?s={search_term_string}"},"query-input":"required name=search_term_string"}],"inLanguage":"es"}]}},"_links":{"self":[{"href":"https:\/\/demoweb.info\/sexshop001\/wp-json\/wp\/v3\/product\/29049","targetHints":{"allow":["GET"]}}],"collection":[{"href":"https:\/\/demoweb.info\/sexshop001\/wp-json\/wp\/v3\/product"}],"about":[{"href":"https:\/\/demoweb.info\/sexshop001\/wp-json\/wp\/v2\/types\/product"}],"replies":[{"embeddable":true,"href":"https:\/\/demoweb.info\/sexshop001\/wp-json\/wp\/v2\/comments?post=29049"}],"wp:featuredmedia":[{"embeddable":true,"href":"https:\/\/demoweb.info\/sexshop001\/wp-json\/wp\/v2\/media\/29050"}],"wp:attachment":[{"href":"https:\/\/demoweb.info\/sexshop001\/wp-json\/wp\/v2\/media?parent=29049"}],"wp:term":[{"taxonomy":"product_cat","embeddable":true,"href":"https:\/\/demoweb.info\/sexshop001\/wp-json\/wp\/v2\/product_cat?post=29049"},{"taxonomy":"product_tag","embeddable":true,"href":"https:\/\/demoweb.info\/sexshop001\/wp-json\/wp\/v2\/product_tag?post=29049"}],"curies":[{"name":"wp","href":"https:\/\/api.w.org\/{rel}","templated":true}]}}