{"id":29042,"date":"2022-01-22T12:27:22","date_gmt":"2022-01-22T11:27:22","guid":{"rendered":"https:\/\/demoweb.info\/sexshop001\/producto\/optimum-power-masturbador-pulsar-stroker\/"},"modified":"2022-01-22T12:27:38","modified_gmt":"2022-01-22T11:27:38","slug":"optimum-power-masturbador-pulsar-stroker","status":"publish","type":"product","link":"https:\/\/demoweb.info\/sexshop001\/producto\/optimum-power-masturbador-pulsar-stroker\/","title":{"rendered":"OPTIMUM POWER &#8211; MASTURBADOR PULSAR STROKER"},"content":{"rendered":"<p><strong>PULSAR STROKER<\/strong><\/p>\n<p>Envu\u00e9lvase en un placer palpitante del siguiente nivel con el poderoso Optimum Power\u00ae Pulsar Stroker.<\/p>\n<p>Este masturbador vibrador totalmente aut\u00f3nomo fue creado para envolver los sentidos con una experiencia de caricias totalmente personalizable.<\/p>\n<p>Una c\u00e1mara de textura ultra ajustada te envuelve firmemente, mientras que 3 niveles de succi\u00f3n potente y 4 funciones independientes de vibraci\u00f3n brindan un placer incomparable.<\/p>\n<p>El panel de control de f\u00e1cil toque facilita el ajuste de las funciones; mantenga presionado el bot\u00f3n de encendido durante 3 segundos para encender \/ apagar.<\/p>\n<p>Se puede quitar una funda de textura ultra-apretada y ultrasuave para limpiarla o usarla de forma independiente para el stroker.<\/p>\n<p>Disfrute de la tapa extra\u00edble para un almacenamiento limpio y seguro.<\/p>\n<p>Disfrute de m\u00e1s de 1,5 horas de placer de succi\u00f3n a baja velocidad y recargue la pasi\u00f3n en solo 2 horas con el cable USB proporcionado.<\/p>\n<p>&bull; Masturbador recargable totalmente aut\u00f3nomo con capacidad de vibraci\u00f3n y succi\u00f3n<\/p>\n<p>&bull; Funda removible ultra suave y realista para una f\u00e1cil limpieza o uso independiente<\/p>\n<p>&bull; 4 funciones independientes de vibraci\u00f3n intensa, pulsaci\u00f3n y escalada<\/p>\n<p>&bull; 3 niveles de succi\u00f3n potente, m\u00e1s continua succi\u00f3n y vibraci\u00f3n<\/p>\n<p>&bull; C\u00e1mara texturizada para sensaciones adicionales<\/p>\n<p>&bull; Control de bot\u00f3n f\u00e1cil: mant\u00e9ngalo presionado durante 3 segundos para encender o apagar<\/p>\n<p>&bull; Tapa extra\u00edble para un almacenamiento seguro y limpio<\/p>\n<p>&bull; USB recargable: cable de carga incluido<\/p>\n<p><strong>Caracter\u00edsticas:<\/strong><\/p>\n<ul>\n<li>Dimensiones del producto: 14 x 7.5 cm (manga) | 8.5 x 3 \/ 21.5 x 7.5 cm (caja)<\/li>\n<li>Vibrando: Si<\/li>\n<li>Modos de vibraci\u00f3n: 3<\/li>\n<li>Modos de velocidad: 4<\/li>\n<li>Impermeable: S\u00ed<\/li>\n<li>Bodysafe: Si<\/li>\n<li>Material ABS con PU Funda (estuche) ABS (decoraci\u00f3n) TPE (funda) Silicona (botones, tapa del puerto de carga)<\/li>\n<li>Recargable<\/li>\n<li>Bater\u00edas requeridas USB Recargable<\/li>\n<li>Tiempo de carga en minutos: Carga completa en 2 horas<\/li>\n<li>Tiempo de funcionamiento en minutos:Funciona durante 75 minutos a alta velocidad y 1,5 horas a baja velocidad.<\/li>\n<\/ul>\n","protected":false},"excerpt":{"rendered":"<p>PULSAR STROKER Envu\u00e9lvase en un placer palpitante del siguiente nivel con el poderoso Optimum Power\u00ae Pulsar Stroker. Este masturbador vibrador<\/p>\n","protected":false},"featured_media":29043,"comment_status":"open","ping_status":"open","template":"","meta":[],"product_cat":[364],"product_tag":[660,963],"class_list":["post-29042","product","type-product","status-publish","has-post-thumbnail","hentry","product_cat-con-vibracion","product_tag-calexotics","product_tag-optimum-power"],"bundled_by":[],"bundle_stock_status":"instock","bundle_stock_quantity":1,"bundle_virtual":false,"bundle_layout":"","bundle_add_to_cart_form_location":"","bundle_editable_in_cart":false,"bundle_sold_individually_context":"","bundle_item_grouping":"","bundle_min_size":"","bundle_max_size":"","bundled_items":[],"yoast_head":"<!-- This site is optimized with the Yoast SEO plugin v20.6 - https:\/\/yoast.com\/wordpress\/plugins\/seo\/ -->\n<title>OPTIMUM POWER - MASTURBADOR PULSAR STROKER - Tienda Er\u00f3tica<\/title>\n<meta name=\"robots\" content=\"noindex, follow, max-snippet:-1, max-image-preview:large, max-video-preview:-1\" \/>\n<meta property=\"og:locale\" content=\"es_ES\" \/>\n<meta property=\"og:type\" content=\"article\" \/>\n<meta property=\"og:title\" content=\"OPTIMUM POWER - MASTURBADOR PULSAR STROKER - Tienda Er\u00f3tica\" \/>\n<meta property=\"og:description\" content=\"PULSAR STROKER Envu\u00e9lvase en un placer palpitante del siguiente nivel con el poderoso Optimum Power\u00ae Pulsar Stroker. Este masturbador vibrador\" \/>\n<meta property=\"og:url\" content=\"https:\/\/demoweb.info\/sexshop001\/producto\/optimum-power-masturbador-pulsar-stroker\/\" \/>\n<meta property=\"og:site_name\" content=\"Tienda Er\u00f3tica\" \/>\n<meta property=\"article:modified_time\" content=\"2022-01-22T11:27:38+00:00\" \/>\n<meta property=\"og:image\" content=\"https:\/\/demoweb.info\/sexshop001\/wp-content\/uploads\/2022\/01\/OPTIMUM-POWER-MASTURBADOR-PULSAR-STROKER.jpg\" \/>\n\t<meta property=\"og:image:width\" content=\"550\" \/>\n\t<meta property=\"og:image:height\" content=\"550\" \/>\n\t<meta property=\"og:image:type\" content=\"image\/jpeg\" \/>\n<meta name=\"twitter:card\" content=\"summary_large_image\" \/>\n<meta name=\"twitter:label1\" content=\"Tiempo de lectura\" \/>\n\t<meta name=\"twitter:data1\" content=\"2 minutos\" \/>\n<script type=\"application\/ld+json\" class=\"yoast-schema-graph\">{\"@context\":\"https:\/\/schema.org\",\"@graph\":[{\"@type\":\"WebPage\",\"@id\":\"https:\/\/demoweb.info\/sexshop001\/producto\/optimum-power-masturbador-pulsar-stroker\/\",\"url\":\"https:\/\/demoweb.info\/sexshop001\/producto\/optimum-power-masturbador-pulsar-stroker\/\",\"name\":\"OPTIMUM POWER - MASTURBADOR PULSAR STROKER - Tienda Er\u00f3tica\",\"isPartOf\":{\"@id\":\"https:\/\/demoweb.info\/sexshop001\/#website\"},\"datePublished\":\"2022-01-22T11:27:22+00:00\",\"dateModified\":\"2022-01-22T11:27:38+00:00\",\"breadcrumb\":{\"@id\":\"https:\/\/demoweb.info\/sexshop001\/producto\/optimum-power-masturbador-pulsar-stroker\/#breadcrumb\"},\"inLanguage\":\"es\",\"potentialAction\":[{\"@type\":\"ReadAction\",\"target\":[\"https:\/\/demoweb.info\/sexshop001\/producto\/optimum-power-masturbador-pulsar-stroker\/\"]}]},{\"@type\":\"BreadcrumbList\",\"@id\":\"https:\/\/demoweb.info\/sexshop001\/producto\/optimum-power-masturbador-pulsar-stroker\/#breadcrumb\",\"itemListElement\":[{\"@type\":\"ListItem\",\"position\":1,\"name\":\"Portada\",\"item\":\"https:\/\/demoweb.info\/sexshop001\/\"},{\"@type\":\"ListItem\",\"position\":2,\"name\":\"Tienda\",\"item\":\"https:\/\/demoweb.info\/sexshop001\/tienda\/\"},{\"@type\":\"ListItem\",\"position\":3,\"name\":\"OPTIMUM POWER &#8211; MASTURBADOR PULSAR STROKER\"}]},{\"@type\":\"WebSite\",\"@id\":\"https:\/\/demoweb.info\/sexshop001\/#website\",\"url\":\"https:\/\/demoweb.info\/sexshop001\/\",\"name\":\"Tienda Er\u00f3tica\",\"description\":\"DEMOWEB SL\",\"potentialAction\":[{\"@type\":\"SearchAction\",\"target\":{\"@type\":\"EntryPoint\",\"urlTemplate\":\"https:\/\/demoweb.info\/sexshop001\/?s={search_term_string}\"},\"query-input\":\"required name=search_term_string\"}],\"inLanguage\":\"es\"}]}<\/script>\n<!-- \/ Yoast SEO plugin. -->","yoast_head_json":{"title":"OPTIMUM POWER - MASTURBADOR PULSAR STROKER - Tienda Er\u00f3tica","robots":{"index":"noindex","follow":"follow","max-snippet":"max-snippet:-1","max-image-preview":"max-image-preview:large","max-video-preview":"max-video-preview:-1"},"og_locale":"es_ES","og_type":"article","og_title":"OPTIMUM POWER - MASTURBADOR PULSAR STROKER - Tienda Er\u00f3tica","og_description":"PULSAR STROKER Envu\u00e9lvase en un placer palpitante del siguiente nivel con el poderoso Optimum Power\u00ae Pulsar Stroker. Este masturbador vibrador","og_url":"https:\/\/demoweb.info\/sexshop001\/producto\/optimum-power-masturbador-pulsar-stroker\/","og_site_name":"Tienda Er\u00f3tica","article_modified_time":"2022-01-22T11:27:38+00:00","og_image":[{"width":550,"height":550,"url":"https:\/\/demoweb.info\/sexshop001\/wp-content\/uploads\/2022\/01\/OPTIMUM-POWER-MASTURBADOR-PULSAR-STROKER.jpg","type":"image\/jpeg"}],"twitter_card":"summary_large_image","twitter_misc":{"Tiempo de lectura":"2 minutos"},"schema":{"@context":"https:\/\/schema.org","@graph":[{"@type":"WebPage","@id":"https:\/\/demoweb.info\/sexshop001\/producto\/optimum-power-masturbador-pulsar-stroker\/","url":"https:\/\/demoweb.info\/sexshop001\/producto\/optimum-power-masturbador-pulsar-stroker\/","name":"OPTIMUM POWER - MASTURBADOR PULSAR STROKER - Tienda Er\u00f3tica","isPartOf":{"@id":"https:\/\/demoweb.info\/sexshop001\/#website"},"datePublished":"2022-01-22T11:27:22+00:00","dateModified":"2022-01-22T11:27:38+00:00","breadcrumb":{"@id":"https:\/\/demoweb.info\/sexshop001\/producto\/optimum-power-masturbador-pulsar-stroker\/#breadcrumb"},"inLanguage":"es","potentialAction":[{"@type":"ReadAction","target":["https:\/\/demoweb.info\/sexshop001\/producto\/optimum-power-masturbador-pulsar-stroker\/"]}]},{"@type":"BreadcrumbList","@id":"https:\/\/demoweb.info\/sexshop001\/producto\/optimum-power-masturbador-pulsar-stroker\/#breadcrumb","itemListElement":[{"@type":"ListItem","position":1,"name":"Portada","item":"https:\/\/demoweb.info\/sexshop001\/"},{"@type":"ListItem","position":2,"name":"Tienda","item":"https:\/\/demoweb.info\/sexshop001\/tienda\/"},{"@type":"ListItem","position":3,"name":"OPTIMUM POWER &#8211; MASTURBADOR PULSAR STROKER"}]},{"@type":"WebSite","@id":"https:\/\/demoweb.info\/sexshop001\/#website","url":"https:\/\/demoweb.info\/sexshop001\/","name":"Tienda Er\u00f3tica","description":"DEMOWEB SL","potentialAction":[{"@type":"SearchAction","target":{"@type":"EntryPoint","urlTemplate":"https:\/\/demoweb.info\/sexshop001\/?s={search_term_string}"},"query-input":"required name=search_term_string"}],"inLanguage":"es"}]}},"_links":{"self":[{"href":"https:\/\/demoweb.info\/sexshop001\/wp-json\/wp\/v3\/product\/29042","targetHints":{"allow":["GET"]}}],"collection":[{"href":"https:\/\/demoweb.info\/sexshop001\/wp-json\/wp\/v3\/product"}],"about":[{"href":"https:\/\/demoweb.info\/sexshop001\/wp-json\/wp\/v2\/types\/product"}],"replies":[{"embeddable":true,"href":"https:\/\/demoweb.info\/sexshop001\/wp-json\/wp\/v2\/comments?post=29042"}],"wp:featuredmedia":[{"embeddable":true,"href":"https:\/\/demoweb.info\/sexshop001\/wp-json\/wp\/v2\/media\/29043"}],"wp:attachment":[{"href":"https:\/\/demoweb.info\/sexshop001\/wp-json\/wp\/v2\/media?parent=29042"}],"wp:term":[{"taxonomy":"product_cat","embeddable":true,"href":"https:\/\/demoweb.info\/sexshop001\/wp-json\/wp\/v2\/product_cat?post=29042"},{"taxonomy":"product_tag","embeddable":true,"href":"https:\/\/demoweb.info\/sexshop001\/wp-json\/wp\/v2\/product_tag?post=29042"}],"curies":[{"name":"wp","href":"https:\/\/api.w.org\/{rel}","templated":true}]}}