{"id":29035,"date":"2022-01-22T12:27:22","date_gmt":"2022-01-22T11:27:22","guid":{"rendered":"https:\/\/demoweb.info\/sexshop001\/producto\/masturwand-masturbador-con-vibracion\/"},"modified":"2022-01-22T12:27:35","modified_gmt":"2022-01-22T11:27:35","slug":"masturwand-masturbador-con-vibracion","status":"publish","type":"product","link":"https:\/\/demoweb.info\/sexshop001\/producto\/masturwand-masturbador-con-vibracion\/","title":{"rendered":"MASTURWAND MASTURBADOR CON VIBRACI\u00d3N"},"content":{"rendered":"<p><strong>MASTURWAND VIBRATING STROKER<\/strong><\/p>\n<p>Maximiza cada brazada con Optimum Power\u00ae Masturwand Vibrating Stroker.<\/p>\n<p>Este dise\u00f1o de manga abierta \u00fanico en su tipo y las funciones de vibraci\u00f3n intensa permiten una acci\u00f3n de acariciado m\u00e1xima.<\/p>\n<p>La exclusiva cabeza flexible con sensuales crestas emite 7 funciones de vibraciones retumbantes para sensaciones alucinantes. Un asa de f\u00e1cil agarre y un control de bot\u00f3n f\u00e1cil hacen que sea f\u00e1cil disfrutar del placer en sus propias manos.<\/p>\n<p>Para encender \/ apagar, simplemente mantenga presionado el control de un solo bot\u00f3n durante 3 segundos. Espere m\u00e1s de 2 horas de placer a baja velocidad y 1,5 horas de sensaciones de alta velocidad, con un tiempo de carga completo de 2,5 horas.<\/p>\n<p><strong>Caracter\u00edsticas:<\/strong><\/p>\n<ul>\n<li>El dise\u00f1o \u00fanico de manga abierta permite la m\u00e1xima acci\u00f3n de acariciado<\/li>\n<li>Cabezal flexible con sensuales crestas para una sensaci\u00f3n alucinante<\/li>\n<li>7 funciones de vibraci\u00f3n, pulsaci\u00f3n y escalada retumbantes<\/li>\n<li>Mango de f\u00e1cil agarre<\/li>\n<li>Control de bot\u00f3n f\u00e1cil: mant\u00e9ngalo presionado durante 3 segundos para encender o apagado<\/li>\n<li>USB recargable &#8211; cable de carga incluido<\/li>\n<li>Medidas Totales: 20,25 x 7,5 cm<\/li>\n<li>Medidas del masturbador: 4,5 x 7,5 cm<\/li>\n<\/ul>\n","protected":false},"excerpt":{"rendered":"<p>MASTURWAND VIBRATING STROKER Maximiza cada brazada con Optimum Power\u00ae Masturwand Vibrating Stroker. Este dise\u00f1o de manga abierta \u00fanico en su<\/p>\n","protected":false},"featured_media":29036,"comment_status":"open","ping_status":"open","template":"","meta":[],"product_cat":[364],"product_tag":[660,963],"class_list":["post-29035","product","type-product","status-publish","has-post-thumbnail","hentry","product_cat-con-vibracion","product_tag-calexotics","product_tag-optimum-power"],"bundled_by":[],"bundle_stock_status":"instock","bundle_stock_quantity":1,"bundle_virtual":false,"bundle_layout":"","bundle_add_to_cart_form_location":"","bundle_editable_in_cart":false,"bundle_sold_individually_context":"","bundle_item_grouping":"","bundle_min_size":"","bundle_max_size":"","bundled_items":[],"yoast_head":"<!-- This site is optimized with the Yoast SEO plugin v20.6 - https:\/\/yoast.com\/wordpress\/plugins\/seo\/ -->\n<title>MASTURWAND MASTURBADOR CON VIBRACI\u00d3N - Tienda Er\u00f3tica<\/title>\n<meta name=\"robots\" content=\"noindex, follow, max-snippet:-1, max-image-preview:large, max-video-preview:-1\" \/>\n<meta property=\"og:locale\" content=\"es_ES\" \/>\n<meta property=\"og:type\" content=\"article\" \/>\n<meta property=\"og:title\" content=\"MASTURWAND MASTURBADOR CON VIBRACI\u00d3N - Tienda Er\u00f3tica\" \/>\n<meta property=\"og:description\" content=\"MASTURWAND VIBRATING STROKER Maximiza cada brazada con Optimum Power\u00ae Masturwand Vibrating Stroker. Este dise\u00f1o de manga abierta \u00fanico en su\" \/>\n<meta property=\"og:url\" content=\"https:\/\/demoweb.info\/sexshop001\/producto\/masturwand-masturbador-con-vibracion\/\" \/>\n<meta property=\"og:site_name\" content=\"Tienda Er\u00f3tica\" \/>\n<meta property=\"article:modified_time\" content=\"2022-01-22T11:27:35+00:00\" \/>\n<meta property=\"og:image\" content=\"https:\/\/demoweb.info\/sexshop001\/wp-content\/uploads\/2022\/01\/MASTURWAND-MASTURBADOR-CON-VIBRACION.jpg\" \/>\n\t<meta property=\"og:image:width\" content=\"550\" \/>\n\t<meta property=\"og:image:height\" content=\"550\" \/>\n\t<meta property=\"og:image:type\" content=\"image\/jpeg\" \/>\n<meta name=\"twitter:card\" content=\"summary_large_image\" \/>\n<meta name=\"twitter:label1\" content=\"Tiempo de lectura\" \/>\n\t<meta name=\"twitter:data1\" content=\"1 minuto\" \/>\n<script type=\"application\/ld+json\" class=\"yoast-schema-graph\">{\"@context\":\"https:\/\/schema.org\",\"@graph\":[{\"@type\":\"WebPage\",\"@id\":\"https:\/\/demoweb.info\/sexshop001\/producto\/masturwand-masturbador-con-vibracion\/\",\"url\":\"https:\/\/demoweb.info\/sexshop001\/producto\/masturwand-masturbador-con-vibracion\/\",\"name\":\"MASTURWAND MASTURBADOR CON VIBRACI\u00d3N - Tienda Er\u00f3tica\",\"isPartOf\":{\"@id\":\"https:\/\/demoweb.info\/sexshop001\/#website\"},\"datePublished\":\"2022-01-22T11:27:22+00:00\",\"dateModified\":\"2022-01-22T11:27:35+00:00\",\"breadcrumb\":{\"@id\":\"https:\/\/demoweb.info\/sexshop001\/producto\/masturwand-masturbador-con-vibracion\/#breadcrumb\"},\"inLanguage\":\"es\",\"potentialAction\":[{\"@type\":\"ReadAction\",\"target\":[\"https:\/\/demoweb.info\/sexshop001\/producto\/masturwand-masturbador-con-vibracion\/\"]}]},{\"@type\":\"BreadcrumbList\",\"@id\":\"https:\/\/demoweb.info\/sexshop001\/producto\/masturwand-masturbador-con-vibracion\/#breadcrumb\",\"itemListElement\":[{\"@type\":\"ListItem\",\"position\":1,\"name\":\"Portada\",\"item\":\"https:\/\/demoweb.info\/sexshop001\/\"},{\"@type\":\"ListItem\",\"position\":2,\"name\":\"Tienda\",\"item\":\"https:\/\/demoweb.info\/sexshop001\/tienda\/\"},{\"@type\":\"ListItem\",\"position\":3,\"name\":\"MASTURWAND MASTURBADOR CON VIBRACI\u00d3N\"}]},{\"@type\":\"WebSite\",\"@id\":\"https:\/\/demoweb.info\/sexshop001\/#website\",\"url\":\"https:\/\/demoweb.info\/sexshop001\/\",\"name\":\"Tienda Er\u00f3tica\",\"description\":\"DEMOWEB SL\",\"potentialAction\":[{\"@type\":\"SearchAction\",\"target\":{\"@type\":\"EntryPoint\",\"urlTemplate\":\"https:\/\/demoweb.info\/sexshop001\/?s={search_term_string}\"},\"query-input\":\"required name=search_term_string\"}],\"inLanguage\":\"es\"}]}<\/script>\n<!-- \/ Yoast SEO plugin. -->","yoast_head_json":{"title":"MASTURWAND MASTURBADOR CON VIBRACI\u00d3N - Tienda Er\u00f3tica","robots":{"index":"noindex","follow":"follow","max-snippet":"max-snippet:-1","max-image-preview":"max-image-preview:large","max-video-preview":"max-video-preview:-1"},"og_locale":"es_ES","og_type":"article","og_title":"MASTURWAND MASTURBADOR CON VIBRACI\u00d3N - Tienda Er\u00f3tica","og_description":"MASTURWAND VIBRATING STROKER Maximiza cada brazada con Optimum Power\u00ae Masturwand Vibrating Stroker. Este dise\u00f1o de manga abierta \u00fanico en su","og_url":"https:\/\/demoweb.info\/sexshop001\/producto\/masturwand-masturbador-con-vibracion\/","og_site_name":"Tienda Er\u00f3tica","article_modified_time":"2022-01-22T11:27:35+00:00","og_image":[{"width":550,"height":550,"url":"https:\/\/demoweb.info\/sexshop001\/wp-content\/uploads\/2022\/01\/MASTURWAND-MASTURBADOR-CON-VIBRACION.jpg","type":"image\/jpeg"}],"twitter_card":"summary_large_image","twitter_misc":{"Tiempo de lectura":"1 minuto"},"schema":{"@context":"https:\/\/schema.org","@graph":[{"@type":"WebPage","@id":"https:\/\/demoweb.info\/sexshop001\/producto\/masturwand-masturbador-con-vibracion\/","url":"https:\/\/demoweb.info\/sexshop001\/producto\/masturwand-masturbador-con-vibracion\/","name":"MASTURWAND MASTURBADOR CON VIBRACI\u00d3N - Tienda Er\u00f3tica","isPartOf":{"@id":"https:\/\/demoweb.info\/sexshop001\/#website"},"datePublished":"2022-01-22T11:27:22+00:00","dateModified":"2022-01-22T11:27:35+00:00","breadcrumb":{"@id":"https:\/\/demoweb.info\/sexshop001\/producto\/masturwand-masturbador-con-vibracion\/#breadcrumb"},"inLanguage":"es","potentialAction":[{"@type":"ReadAction","target":["https:\/\/demoweb.info\/sexshop001\/producto\/masturwand-masturbador-con-vibracion\/"]}]},{"@type":"BreadcrumbList","@id":"https:\/\/demoweb.info\/sexshop001\/producto\/masturwand-masturbador-con-vibracion\/#breadcrumb","itemListElement":[{"@type":"ListItem","position":1,"name":"Portada","item":"https:\/\/demoweb.info\/sexshop001\/"},{"@type":"ListItem","position":2,"name":"Tienda","item":"https:\/\/demoweb.info\/sexshop001\/tienda\/"},{"@type":"ListItem","position":3,"name":"MASTURWAND MASTURBADOR CON VIBRACI\u00d3N"}]},{"@type":"WebSite","@id":"https:\/\/demoweb.info\/sexshop001\/#website","url":"https:\/\/demoweb.info\/sexshop001\/","name":"Tienda Er\u00f3tica","description":"DEMOWEB SL","potentialAction":[{"@type":"SearchAction","target":{"@type":"EntryPoint","urlTemplate":"https:\/\/demoweb.info\/sexshop001\/?s={search_term_string}"},"query-input":"required name=search_term_string"}],"inLanguage":"es"}]}},"_links":{"self":[{"href":"https:\/\/demoweb.info\/sexshop001\/wp-json\/wp\/v3\/product\/29035","targetHints":{"allow":["GET"]}}],"collection":[{"href":"https:\/\/demoweb.info\/sexshop001\/wp-json\/wp\/v3\/product"}],"about":[{"href":"https:\/\/demoweb.info\/sexshop001\/wp-json\/wp\/v2\/types\/product"}],"replies":[{"embeddable":true,"href":"https:\/\/demoweb.info\/sexshop001\/wp-json\/wp\/v2\/comments?post=29035"}],"wp:featuredmedia":[{"embeddable":true,"href":"https:\/\/demoweb.info\/sexshop001\/wp-json\/wp\/v2\/media\/29036"}],"wp:attachment":[{"href":"https:\/\/demoweb.info\/sexshop001\/wp-json\/wp\/v2\/media?parent=29035"}],"wp:term":[{"taxonomy":"product_cat","embeddable":true,"href":"https:\/\/demoweb.info\/sexshop001\/wp-json\/wp\/v2\/product_cat?post=29035"},{"taxonomy":"product_tag","embeddable":true,"href":"https:\/\/demoweb.info\/sexshop001\/wp-json\/wp\/v2\/product_tag?post=29035"}],"curies":[{"name":"wp","href":"https:\/\/api.w.org\/{rel}","templated":true}]}}