{"id":29021,"date":"2022-01-22T12:27:22","date_gmt":"2022-01-22T11:27:22","guid":{"rendered":"https:\/\/demoweb.info\/sexshop001\/producto\/silicone-remote-foreplay-set\/"},"modified":"2022-01-22T12:27:28","modified_gmt":"2022-01-22T11:27:28","slug":"silicone-remote-foreplay-set","status":"publish","type":"product","link":"https:\/\/demoweb.info\/sexshop001\/producto\/silicone-remote-foreplay-set\/","title":{"rendered":"SILICONE REMOTE FOREPLAY SET"},"content":{"rendered":"<p><strong>SILICONE REMOTE FOREPLAY SET<\/strong><\/p>\n<p>Ya sea que desee divertirse con un compa\u00f1ero o disfrutar de un sensual tiempo a solas, este poderoso juego de juegos previos con control remoto de silicona est\u00e1 hecho para un juego de placer vers\u00e1til.<\/p>\n<p>Este emocionante juego incluye un estimulador curvo con control remoto de pulsera y un anillo reforzador contorneado con control remoto de mano. La bala de contorno sensual y el anillo de mejora ofrecen 12 funciones independientes de vibraci\u00f3n para una experiencia de placer completamente personalizable.<\/p>\n<p>El anillo reforzador para el pene presenta un cuerpo contorneado sensualmente, un anillo el\u00e1stico y un control remoto para parpadear a trav\u00e9s de 12 poderosas funciones de vibraci\u00f3n. Ya sea que disfrute de sus propias manos o el control de la mano de un compa\u00f1ero, el control remoto de pulsera parpadea sin esfuerzo a trav\u00e9s de 12 funciones de vibraci\u00f3n poderosa con solo tocar un bot\u00f3n.<\/p>\n<p>Para un juego vers\u00e1til y para mantener las cosas vibrando a la perfecci\u00f3n, cada juguete con control remoto est\u00e1 en una frecuencia remota diferente. El potente estimulador funciona durante 2 horas a alta velocidad y 3 horas a baja velocidad. El anillo reforzador ajustado funciona durante 50 minutos a alta velocidad y 1,5 horas a baja velocidad. Ambos se recargan completamente en solo 1 hora.<\/p>\n<p><strong>Caracter\u00edsticas:<\/strong><\/p>\n<p>Control remoto y recargable: \u00a1util\u00edcelo solo o con un compa\u00f1ero!<\/p>\n<ul>\n<li>El juego de 4 piezas incluye autoestimulador, anillo de mejora m\u00e1s 2 controles remotos independientes &bull; Autoestimulador &#8211; bala curva con cable de f\u00e1cil recuperaci\u00f3n y control remoto de pulsera<\/li>\n<li>Anillo de mejora &#8211; anillo perfectamente contorneado y control remoto f\u00e1cil de usar &bull; Autoestimulador y anillo de mejora cada uno cuentan con 12 funciones de vibraci\u00f3n, pulsaci\u00f3n y escalamiento<\/li>\n<li>El chip de memoria de \u00faltima generaci\u00f3n se reanuda en la \u00faltima funci\u00f3n utilizada &bull; Juego vers\u00e1til con frecuencias independientes<\/li>\n<li>Los estimuladores a prueba de agua se pueden usar independientemente del control remoto<\/li>\n<li>Alcance extendido de 10 m<\/li>\n<li>USB recargable (estimuladores y controles remotos) &#8211; 2 cables de carga dobles incluidos<\/li>\n<\/ul>\n<p><strong>Dimensiones del producto:<\/strong><\/p>\n<ul>\n<li>7,5 cm x 3,25 cm (estimulador) |<\/li>\n<li>9 cm x 4,5 cm (total &#8211; anillo)<\/li>\n<li>2,5 cm (di\u00e1metro &#8211; anillo)<\/li>\n<li>La pulsera se ajusta hasta 22,75 cm<\/li>\n<\/ul>\n","protected":false},"excerpt":{"rendered":"<p>SILICONE REMOTE FOREPLAY SET Ya sea que desee divertirse con un compa\u00f1ero o disfrutar de un sensual tiempo a solas,<\/p>\n","protected":false},"featured_media":29022,"comment_status":"open","ping_status":"open","template":"","meta":[],"product_cat":[322],"product_tag":[660,879],"class_list":["post-29021","product","type-product","status-publish","has-post-thumbnail","hentry","product_cat-con-mando","product_tag-calexotics","product_tag-remote-controlled-vibes"],"bundled_by":[],"bundle_stock_status":"outofstock","bundle_stock_quantity":0,"bundle_virtual":false,"bundle_layout":"","bundle_add_to_cart_form_location":"","bundle_editable_in_cart":false,"bundle_sold_individually_context":"","bundle_item_grouping":"","bundle_min_size":"","bundle_max_size":"","bundled_items":[],"yoast_head":"<!-- This site is optimized with the Yoast SEO plugin v20.6 - https:\/\/yoast.com\/wordpress\/plugins\/seo\/ -->\n<title>SILICONE REMOTE FOREPLAY SET - Tienda Er\u00f3tica<\/title>\n<meta name=\"robots\" content=\"noindex, follow, max-snippet:-1, max-image-preview:large, max-video-preview:-1\" \/>\n<meta property=\"og:locale\" content=\"es_ES\" \/>\n<meta property=\"og:type\" content=\"article\" \/>\n<meta property=\"og:title\" content=\"SILICONE REMOTE FOREPLAY SET - Tienda Er\u00f3tica\" \/>\n<meta property=\"og:description\" content=\"SILICONE REMOTE FOREPLAY SET Ya sea que desee divertirse con un compa\u00f1ero o disfrutar de un sensual tiempo a solas,\" \/>\n<meta property=\"og:url\" content=\"https:\/\/demoweb.info\/sexshop001\/producto\/silicone-remote-foreplay-set\/\" \/>\n<meta property=\"og:site_name\" content=\"Tienda Er\u00f3tica\" \/>\n<meta property=\"article:modified_time\" content=\"2022-01-22T11:27:28+00:00\" \/>\n<meta property=\"og:image\" content=\"https:\/\/demoweb.info\/sexshop001\/wp-content\/uploads\/2022\/01\/SILICONE-REMOTE-FOREPLAY-SET.jpg\" \/>\n\t<meta property=\"og:image:width\" content=\"550\" \/>\n\t<meta property=\"og:image:height\" content=\"550\" \/>\n\t<meta property=\"og:image:type\" content=\"image\/jpeg\" \/>\n<meta name=\"twitter:card\" content=\"summary_large_image\" \/>\n<meta name=\"twitter:label1\" content=\"Tiempo de lectura\" \/>\n\t<meta name=\"twitter:data1\" content=\"2 minutos\" \/>\n<script type=\"application\/ld+json\" class=\"yoast-schema-graph\">{\"@context\":\"https:\/\/schema.org\",\"@graph\":[{\"@type\":\"WebPage\",\"@id\":\"https:\/\/demoweb.info\/sexshop001\/producto\/silicone-remote-foreplay-set\/\",\"url\":\"https:\/\/demoweb.info\/sexshop001\/producto\/silicone-remote-foreplay-set\/\",\"name\":\"SILICONE REMOTE FOREPLAY SET - Tienda Er\u00f3tica\",\"isPartOf\":{\"@id\":\"https:\/\/demoweb.info\/sexshop001\/#website\"},\"datePublished\":\"2022-01-22T11:27:22+00:00\",\"dateModified\":\"2022-01-22T11:27:28+00:00\",\"breadcrumb\":{\"@id\":\"https:\/\/demoweb.info\/sexshop001\/producto\/silicone-remote-foreplay-set\/#breadcrumb\"},\"inLanguage\":\"es\",\"potentialAction\":[{\"@type\":\"ReadAction\",\"target\":[\"https:\/\/demoweb.info\/sexshop001\/producto\/silicone-remote-foreplay-set\/\"]}]},{\"@type\":\"BreadcrumbList\",\"@id\":\"https:\/\/demoweb.info\/sexshop001\/producto\/silicone-remote-foreplay-set\/#breadcrumb\",\"itemListElement\":[{\"@type\":\"ListItem\",\"position\":1,\"name\":\"Portada\",\"item\":\"https:\/\/demoweb.info\/sexshop001\/\"},{\"@type\":\"ListItem\",\"position\":2,\"name\":\"Tienda\",\"item\":\"https:\/\/demoweb.info\/sexshop001\/tienda\/\"},{\"@type\":\"ListItem\",\"position\":3,\"name\":\"SILICONE REMOTE FOREPLAY SET\"}]},{\"@type\":\"WebSite\",\"@id\":\"https:\/\/demoweb.info\/sexshop001\/#website\",\"url\":\"https:\/\/demoweb.info\/sexshop001\/\",\"name\":\"Tienda Er\u00f3tica\",\"description\":\"DEMOWEB SL\",\"potentialAction\":[{\"@type\":\"SearchAction\",\"target\":{\"@type\":\"EntryPoint\",\"urlTemplate\":\"https:\/\/demoweb.info\/sexshop001\/?s={search_term_string}\"},\"query-input\":\"required name=search_term_string\"}],\"inLanguage\":\"es\"}]}<\/script>\n<!-- \/ Yoast SEO plugin. -->","yoast_head_json":{"title":"SILICONE REMOTE FOREPLAY SET - Tienda Er\u00f3tica","robots":{"index":"noindex","follow":"follow","max-snippet":"max-snippet:-1","max-image-preview":"max-image-preview:large","max-video-preview":"max-video-preview:-1"},"og_locale":"es_ES","og_type":"article","og_title":"SILICONE REMOTE FOREPLAY SET - Tienda Er\u00f3tica","og_description":"SILICONE REMOTE FOREPLAY SET Ya sea que desee divertirse con un compa\u00f1ero o disfrutar de un sensual tiempo a solas,","og_url":"https:\/\/demoweb.info\/sexshop001\/producto\/silicone-remote-foreplay-set\/","og_site_name":"Tienda Er\u00f3tica","article_modified_time":"2022-01-22T11:27:28+00:00","og_image":[{"width":550,"height":550,"url":"https:\/\/demoweb.info\/sexshop001\/wp-content\/uploads\/2022\/01\/SILICONE-REMOTE-FOREPLAY-SET.jpg","type":"image\/jpeg"}],"twitter_card":"summary_large_image","twitter_misc":{"Tiempo de lectura":"2 minutos"},"schema":{"@context":"https:\/\/schema.org","@graph":[{"@type":"WebPage","@id":"https:\/\/demoweb.info\/sexshop001\/producto\/silicone-remote-foreplay-set\/","url":"https:\/\/demoweb.info\/sexshop001\/producto\/silicone-remote-foreplay-set\/","name":"SILICONE REMOTE FOREPLAY SET - Tienda Er\u00f3tica","isPartOf":{"@id":"https:\/\/demoweb.info\/sexshop001\/#website"},"datePublished":"2022-01-22T11:27:22+00:00","dateModified":"2022-01-22T11:27:28+00:00","breadcrumb":{"@id":"https:\/\/demoweb.info\/sexshop001\/producto\/silicone-remote-foreplay-set\/#breadcrumb"},"inLanguage":"es","potentialAction":[{"@type":"ReadAction","target":["https:\/\/demoweb.info\/sexshop001\/producto\/silicone-remote-foreplay-set\/"]}]},{"@type":"BreadcrumbList","@id":"https:\/\/demoweb.info\/sexshop001\/producto\/silicone-remote-foreplay-set\/#breadcrumb","itemListElement":[{"@type":"ListItem","position":1,"name":"Portada","item":"https:\/\/demoweb.info\/sexshop001\/"},{"@type":"ListItem","position":2,"name":"Tienda","item":"https:\/\/demoweb.info\/sexshop001\/tienda\/"},{"@type":"ListItem","position":3,"name":"SILICONE REMOTE FOREPLAY SET"}]},{"@type":"WebSite","@id":"https:\/\/demoweb.info\/sexshop001\/#website","url":"https:\/\/demoweb.info\/sexshop001\/","name":"Tienda Er\u00f3tica","description":"DEMOWEB SL","potentialAction":[{"@type":"SearchAction","target":{"@type":"EntryPoint","urlTemplate":"https:\/\/demoweb.info\/sexshop001\/?s={search_term_string}"},"query-input":"required name=search_term_string"}],"inLanguage":"es"}]}},"_links":{"self":[{"href":"https:\/\/demoweb.info\/sexshop001\/wp-json\/wp\/v3\/product\/29021","targetHints":{"allow":["GET"]}}],"collection":[{"href":"https:\/\/demoweb.info\/sexshop001\/wp-json\/wp\/v3\/product"}],"about":[{"href":"https:\/\/demoweb.info\/sexshop001\/wp-json\/wp\/v2\/types\/product"}],"replies":[{"embeddable":true,"href":"https:\/\/demoweb.info\/sexshop001\/wp-json\/wp\/v2\/comments?post=29021"}],"wp:featuredmedia":[{"embeddable":true,"href":"https:\/\/demoweb.info\/sexshop001\/wp-json\/wp\/v2\/media\/29022"}],"wp:attachment":[{"href":"https:\/\/demoweb.info\/sexshop001\/wp-json\/wp\/v2\/media?parent=29021"}],"wp:term":[{"taxonomy":"product_cat","embeddable":true,"href":"https:\/\/demoweb.info\/sexshop001\/wp-json\/wp\/v2\/product_cat?post=29021"},{"taxonomy":"product_tag","embeddable":true,"href":"https:\/\/demoweb.info\/sexshop001\/wp-json\/wp\/v2\/product_tag?post=29021"}],"curies":[{"name":"wp","href":"https:\/\/api.w.org\/{rel}","templated":true}]}}