{"id":29014,"date":"2022-01-22T12:27:22","date_gmt":"2022-01-22T11:27:22","guid":{"rendered":"https:\/\/demoweb.info\/sexshop001\/producto\/satisfyer-sexy-secret-panty\/"},"modified":"2022-01-22T12:27:25","modified_gmt":"2022-01-22T11:27:25","slug":"satisfyer-sexy-secret-panty","status":"publish","type":"product","link":"https:\/\/demoweb.info\/sexshop001\/producto\/satisfyer-sexy-secret-panty\/","title":{"rendered":"SATISFYER SEXY SECRET PANTY"},"content":{"rendered":"<p><strong>SATISFYER SEXY SECRET PANTY<\/strong><\/p>\n<p>Shhh &#8211; \u00a1es un secreto, un SECRETO SEXY! Bienvenido al maravilloso mundo del placer m\u00e1s discreto.<\/p>\n<p>T\u00f3mese el tiempo en cualquier momento del d\u00eda, ya que SEXY SECRET est\u00e1 hecho pensando en la comodidad. Est\u00e1 cuidadosamente guardado en su braguita, lo que lo hace muy f\u00e1cil de controlar a trav\u00e9s de la aplicaci\u00f3n Satisfyer Connect.<\/p>\n<p>Utilice nuestra nueva e innovadora aplicaci\u00f3n y su gran cantidad de funciones como control remoto para su nueva vibra. \u00bfEl tel\u00e9fono est\u00e1 muerto? \u00a1No hay problema! Hay un bot\u00f3n de un toque en el dispositivo que le permite controlar las vibraciones directamente desde el dispositivo.<\/p>\n<p>Con un cuerpo elevado y una gran superficie hecha de silicona s\u00faper suave, SEXY SECRET proporciona una agradable estimulaci\u00f3n general de la vulva. Este suculento estilo panty viene con un im\u00e1n, para asegurarse de que siempre se mantenga en el lugar perfecto. \u00a1La noche de citas se ha vuelto mucho m\u00e1s emocionante!<\/p>\n<p>\u00bfContin\u00faas con tu cita en el jacuzzi? No hay nada que te detenga ahora &#8230; SEXY SECRET es resistente al agua, con una clasificaci\u00f3n IPX7.<\/p>\n","protected":false},"excerpt":{"rendered":"<p>SATISFYER SEXY SECRET PANTY Shhh &#8211; \u00a1es un secreto, un SECRETO SEXY! Bienvenido al maravilloso mundo del placer m\u00e1s discreto.<\/p>\n","protected":false},"featured_media":29015,"comment_status":"open","ping_status":"open","template":"","meta":[],"product_cat":[504],"product_tag":[819,442],"class_list":["post-29014","product","type-product","status-publish","has-post-thumbnail","hentry","product_cat-con-app","product_tag-connect","product_tag-satisfyer"],"bundled_by":[],"bundle_stock_status":"instock","bundle_stock_quantity":25,"bundle_virtual":false,"bundle_layout":"","bundle_add_to_cart_form_location":"","bundle_editable_in_cart":false,"bundle_sold_individually_context":"","bundle_item_grouping":"","bundle_min_size":"","bundle_max_size":"","bundled_items":[],"yoast_head":"<!-- This site is optimized with the Yoast SEO plugin v20.6 - https:\/\/yoast.com\/wordpress\/plugins\/seo\/ -->\n<title>SATISFYER SEXY SECRET PANTY - Tienda Er\u00f3tica<\/title>\n<meta name=\"robots\" content=\"noindex, follow, max-snippet:-1, max-image-preview:large, max-video-preview:-1\" \/>\n<meta property=\"og:locale\" content=\"es_ES\" \/>\n<meta property=\"og:type\" content=\"article\" \/>\n<meta property=\"og:title\" content=\"SATISFYER SEXY SECRET PANTY - Tienda Er\u00f3tica\" \/>\n<meta property=\"og:description\" content=\"SATISFYER SEXY SECRET PANTY Shhh &#8211; \u00a1es un secreto, un SECRETO SEXY! Bienvenido al maravilloso mundo del placer m\u00e1s discreto.\" \/>\n<meta property=\"og:url\" content=\"https:\/\/demoweb.info\/sexshop001\/producto\/satisfyer-sexy-secret-panty\/\" \/>\n<meta property=\"og:site_name\" content=\"Tienda Er\u00f3tica\" \/>\n<meta property=\"article:modified_time\" content=\"2022-01-22T11:27:25+00:00\" \/>\n<meta property=\"og:image\" content=\"https:\/\/demoweb.info\/sexshop001\/wp-content\/uploads\/2022\/01\/SATISFYER-SEXY-SECRET-PANTY.jpg\" \/>\n\t<meta property=\"og:image:width\" content=\"550\" \/>\n\t<meta property=\"og:image:height\" content=\"550\" \/>\n\t<meta property=\"og:image:type\" content=\"image\/jpeg\" \/>\n<meta name=\"twitter:card\" content=\"summary_large_image\" \/>\n<meta name=\"twitter:label1\" content=\"Tiempo de lectura\" \/>\n\t<meta name=\"twitter:data1\" content=\"1 minuto\" \/>\n<script type=\"application\/ld+json\" class=\"yoast-schema-graph\">{\"@context\":\"https:\/\/schema.org\",\"@graph\":[{\"@type\":\"WebPage\",\"@id\":\"https:\/\/demoweb.info\/sexshop001\/producto\/satisfyer-sexy-secret-panty\/\",\"url\":\"https:\/\/demoweb.info\/sexshop001\/producto\/satisfyer-sexy-secret-panty\/\",\"name\":\"SATISFYER SEXY SECRET PANTY - Tienda Er\u00f3tica\",\"isPartOf\":{\"@id\":\"https:\/\/demoweb.info\/sexshop001\/#website\"},\"datePublished\":\"2022-01-22T11:27:22+00:00\",\"dateModified\":\"2022-01-22T11:27:25+00:00\",\"breadcrumb\":{\"@id\":\"https:\/\/demoweb.info\/sexshop001\/producto\/satisfyer-sexy-secret-panty\/#breadcrumb\"},\"inLanguage\":\"es\",\"potentialAction\":[{\"@type\":\"ReadAction\",\"target\":[\"https:\/\/demoweb.info\/sexshop001\/producto\/satisfyer-sexy-secret-panty\/\"]}]},{\"@type\":\"BreadcrumbList\",\"@id\":\"https:\/\/demoweb.info\/sexshop001\/producto\/satisfyer-sexy-secret-panty\/#breadcrumb\",\"itemListElement\":[{\"@type\":\"ListItem\",\"position\":1,\"name\":\"Portada\",\"item\":\"https:\/\/demoweb.info\/sexshop001\/\"},{\"@type\":\"ListItem\",\"position\":2,\"name\":\"Tienda\",\"item\":\"https:\/\/demoweb.info\/sexshop001\/tienda\/\"},{\"@type\":\"ListItem\",\"position\":3,\"name\":\"SATISFYER SEXY SECRET PANTY\"}]},{\"@type\":\"WebSite\",\"@id\":\"https:\/\/demoweb.info\/sexshop001\/#website\",\"url\":\"https:\/\/demoweb.info\/sexshop001\/\",\"name\":\"Tienda Er\u00f3tica\",\"description\":\"DEMOWEB SL\",\"potentialAction\":[{\"@type\":\"SearchAction\",\"target\":{\"@type\":\"EntryPoint\",\"urlTemplate\":\"https:\/\/demoweb.info\/sexshop001\/?s={search_term_string}\"},\"query-input\":\"required name=search_term_string\"}],\"inLanguage\":\"es\"}]}<\/script>\n<!-- \/ Yoast SEO plugin. -->","yoast_head_json":{"title":"SATISFYER SEXY SECRET PANTY - Tienda Er\u00f3tica","robots":{"index":"noindex","follow":"follow","max-snippet":"max-snippet:-1","max-image-preview":"max-image-preview:large","max-video-preview":"max-video-preview:-1"},"og_locale":"es_ES","og_type":"article","og_title":"SATISFYER SEXY SECRET PANTY - Tienda Er\u00f3tica","og_description":"SATISFYER SEXY SECRET PANTY Shhh &#8211; \u00a1es un secreto, un SECRETO SEXY! Bienvenido al maravilloso mundo del placer m\u00e1s discreto.","og_url":"https:\/\/demoweb.info\/sexshop001\/producto\/satisfyer-sexy-secret-panty\/","og_site_name":"Tienda Er\u00f3tica","article_modified_time":"2022-01-22T11:27:25+00:00","og_image":[{"width":550,"height":550,"url":"https:\/\/demoweb.info\/sexshop001\/wp-content\/uploads\/2022\/01\/SATISFYER-SEXY-SECRET-PANTY.jpg","type":"image\/jpeg"}],"twitter_card":"summary_large_image","twitter_misc":{"Tiempo de lectura":"1 minuto"},"schema":{"@context":"https:\/\/schema.org","@graph":[{"@type":"WebPage","@id":"https:\/\/demoweb.info\/sexshop001\/producto\/satisfyer-sexy-secret-panty\/","url":"https:\/\/demoweb.info\/sexshop001\/producto\/satisfyer-sexy-secret-panty\/","name":"SATISFYER SEXY SECRET PANTY - Tienda Er\u00f3tica","isPartOf":{"@id":"https:\/\/demoweb.info\/sexshop001\/#website"},"datePublished":"2022-01-22T11:27:22+00:00","dateModified":"2022-01-22T11:27:25+00:00","breadcrumb":{"@id":"https:\/\/demoweb.info\/sexshop001\/producto\/satisfyer-sexy-secret-panty\/#breadcrumb"},"inLanguage":"es","potentialAction":[{"@type":"ReadAction","target":["https:\/\/demoweb.info\/sexshop001\/producto\/satisfyer-sexy-secret-panty\/"]}]},{"@type":"BreadcrumbList","@id":"https:\/\/demoweb.info\/sexshop001\/producto\/satisfyer-sexy-secret-panty\/#breadcrumb","itemListElement":[{"@type":"ListItem","position":1,"name":"Portada","item":"https:\/\/demoweb.info\/sexshop001\/"},{"@type":"ListItem","position":2,"name":"Tienda","item":"https:\/\/demoweb.info\/sexshop001\/tienda\/"},{"@type":"ListItem","position":3,"name":"SATISFYER SEXY SECRET PANTY"}]},{"@type":"WebSite","@id":"https:\/\/demoweb.info\/sexshop001\/#website","url":"https:\/\/demoweb.info\/sexshop001\/","name":"Tienda Er\u00f3tica","description":"DEMOWEB SL","potentialAction":[{"@type":"SearchAction","target":{"@type":"EntryPoint","urlTemplate":"https:\/\/demoweb.info\/sexshop001\/?s={search_term_string}"},"query-input":"required name=search_term_string"}],"inLanguage":"es"}]}},"_links":{"self":[{"href":"https:\/\/demoweb.info\/sexshop001\/wp-json\/wp\/v3\/product\/29014","targetHints":{"allow":["GET"]}}],"collection":[{"href":"https:\/\/demoweb.info\/sexshop001\/wp-json\/wp\/v3\/product"}],"about":[{"href":"https:\/\/demoweb.info\/sexshop001\/wp-json\/wp\/v2\/types\/product"}],"replies":[{"embeddable":true,"href":"https:\/\/demoweb.info\/sexshop001\/wp-json\/wp\/v2\/comments?post=29014"}],"wp:featuredmedia":[{"embeddable":true,"href":"https:\/\/demoweb.info\/sexshop001\/wp-json\/wp\/v2\/media\/29015"}],"wp:attachment":[{"href":"https:\/\/demoweb.info\/sexshop001\/wp-json\/wp\/v2\/media?parent=29014"}],"wp:term":[{"taxonomy":"product_cat","embeddable":true,"href":"https:\/\/demoweb.info\/sexshop001\/wp-json\/wp\/v2\/product_cat?post=29014"},{"taxonomy":"product_tag","embeddable":true,"href":"https:\/\/demoweb.info\/sexshop001\/wp-json\/wp\/v2\/product_tag?post=29014"}],"curies":[{"name":"wp","href":"https:\/\/api.w.org\/{rel}","templated":true}]}}