{"id":28814,"date":"2022-01-22T12:25:17","date_gmt":"2022-01-22T11:25:17","guid":{"rendered":"https:\/\/demoweb.info\/sexshop001\/producto\/slube-aroma-cuero-negro-2-x-250-gr\/"},"modified":"2022-01-22T12:25:24","modified_gmt":"2022-01-22T11:25:24","slug":"slube-aroma-cuero-negro-2-x-250-gr","status":"publish","type":"product","link":"https:\/\/demoweb.info\/sexshop001\/producto\/slube-aroma-cuero-negro-2-x-250-gr\/","title":{"rendered":"SLUBE &#8211; AROMA CUERO NEGRO &#8211; 2 X 250 GR"},"content":{"rendered":"<p><strong>SLUBE &#8211; BLACK LEATHER &#8211; 2 X 250 GR<\/strong><\/p>\n<p>\u00a1Desliza, desliza y unta a tu pareja con las suaves y sedosas sensaciones de Slube!<\/p>\n<p>Sum\u00e9rjase en una explosi\u00f3n de fragancia y color con las Ediciones C\u00f3ctel, disfrute de una piscina de lubricante de lujo con Pure o d\u00e9 un paseo salvaje con la versi\u00f3n hardcore de cuero negro.<\/p>\n<p>Ya sea que uses Slube como un gel de masaje sexy, te relajes y te relajes en tu ba\u00f1era de placer o lleves las cosas a un nivel superior al ensuciarte y ensuciar, \u00a1nunca volver\u00e1s a mirar tu ba\u00f1era de la misma manera!<\/p>\n<p>\nSlube es un lubricante que se presenta en forma de cristales. Cuando se agrega al agua tibia, los cristales se rompen, formando un lubricante corporal incre\u00edblemente suave y sensual.<\/p>\n<p>\u00a1Puedes usar Slube para todo, desde una relajante experiencia en la ba\u00f1era hasta masajes sensuales!<\/p>\n<p>Slube recubre la piel por completo, lo que reduce la necesidad de una nueva aplicaci\u00f3n y reduce la fricci\u00f3n entre usted y su pareja. Debido a esto, deja la piel suave y fresca.<\/p>\n<p>Slube tambi\u00e9n retiene el calor en el agua. \u00a1Sabemos que se mantiene caliente hasta 2 horas y media! Mucho tiempo para jugar y no es necesario seguir llenando con agua tibia.<\/p>\n<p>Usar Slube en la ba\u00f1era<\/p>\n<p>\u00a1Usar Slube es f\u00e1cil! Llene su ba\u00f1era, seg\u00fan las instrucciones incluidas, roc\u00ede los cristales Slube sobre el agua y observe c\u00f3mo las sensaciones Slubey comienzan a formarse justo frente a sus ojos.<br \/>\nUna vez que haya terminado, simplemente agregue m\u00e1s agua para diluirlo y luego tire del tap\u00f3n. Luego, mientras tu Slube desaparece por el desag\u00fce, desp\u00eddete con l\u00e1grimas en los ojos &#8230; \u00a1hasta la pr\u00f3xima, por supuesto!<\/p>\n<p>Usar Slube de otras formas<br \/>\n\u00a1Tambi\u00e9n puede usar Slube de otras formas! Sugerimos agregar algunas cucharadas al agua tibia en una botella de agua de pl\u00e1stico. Luego, simplemente agite la botella y en minutos, \u00a1su lubricante corporal perfumado y coloreado estar\u00e1 listo para usar!<\/p>\n<p>Tambi\u00e9n puede mezclarlo en un recipiente, por ejemplo, si lo est\u00e1 usando para masaje. Una vez m\u00e1s, unas pocas cucharadas de agua tibia deber\u00edan ser suficientes.<\/p>\n<p>\u00bfPor qu\u00e9 no usarlo en un playpool y tener una lucha sexy desnuda? \u00a1M\u00e9zclalo en un balde y vi\u00e9rtelo!<\/p>\n<p>\u00bfQuieres una consistencia m\u00e1s espesa? \u00a1Solo agrega m\u00e1s Slube! \u00bfNecesitas que sea m\u00e1s delgado? \u00a1Agrega m\u00e1s agua! Es genial experimentar con Slube y obtenerlo exactamente como lo desea.<\/p>\n<p>Los paquetes dobles de Slube incluyen 2 sobres de 250 g y un folleto de instrucciones.<\/p>\n<p>Esto es suficiente para dos ba\u00f1eras enteras, o varias otras mezclas m\u00e1s peque\u00f1as, dependiendo de c\u00f3mo use Slube.<\/p>\n<p>&#8211; Aroma a cuero negro<\/p>\n<ul>\n<li>Volumen del producto 500 ml ml<\/li>\n<li>Libre de ftalato S\u00ed<\/li>\n<li>Los ingredientes Acrylamide Sodium Acrylate Copolymer<\/li>\n<\/ul>\n","protected":false},"excerpt":{"rendered":"<p>SLUBE &#8211; BLACK LEATHER &#8211; 2 X 250 GR \u00a1Desliza, desliza y unta a tu pareja con las suaves y<\/p>\n","protected":false},"featured_media":28815,"comment_status":"open","ping_status":"open","template":"","meta":[],"product_cat":[578],"product_tag":[843],"class_list":["post-28814","product","type-product","status-publish","has-post-thumbnail","hentry","product_cat-kits-aceites","product_tag-slube"],"bundled_by":[],"bundle_stock_status":"instock","bundle_stock_quantity":2,"bundle_virtual":false,"bundle_layout":"","bundle_add_to_cart_form_location":"","bundle_editable_in_cart":false,"bundle_sold_individually_context":"","bundle_item_grouping":"","bundle_min_size":"","bundle_max_size":"","bundled_items":[],"yoast_head":"<!-- This site is optimized with the Yoast SEO plugin v20.6 - https:\/\/yoast.com\/wordpress\/plugins\/seo\/ -->\n<title>SLUBE - AROMA CUERO NEGRO - 2 X 250 GR - Tienda Er\u00f3tica<\/title>\n<meta name=\"robots\" content=\"noindex, follow, max-snippet:-1, max-image-preview:large, max-video-preview:-1\" \/>\n<meta property=\"og:locale\" content=\"es_ES\" \/>\n<meta property=\"og:type\" content=\"article\" \/>\n<meta property=\"og:title\" content=\"SLUBE - AROMA CUERO NEGRO - 2 X 250 GR - Tienda Er\u00f3tica\" \/>\n<meta property=\"og:description\" content=\"SLUBE &#8211; BLACK LEATHER &#8211; 2 X 250 GR \u00a1Desliza, desliza y unta a tu pareja con las suaves y\" \/>\n<meta property=\"og:url\" content=\"https:\/\/demoweb.info\/sexshop001\/producto\/slube-aroma-cuero-negro-2-x-250-gr\/\" \/>\n<meta property=\"og:site_name\" content=\"Tienda Er\u00f3tica\" \/>\n<meta property=\"article:modified_time\" content=\"2022-01-22T11:25:24+00:00\" \/>\n<meta property=\"og:image\" content=\"https:\/\/demoweb.info\/sexshop001\/wp-content\/uploads\/2022\/01\/SLUBE-AROMA-CUERO-NEGRO-2-X-250-GR.jpg\" \/>\n\t<meta property=\"og:image:width\" content=\"550\" \/>\n\t<meta property=\"og:image:height\" content=\"550\" \/>\n\t<meta property=\"og:image:type\" content=\"image\/jpeg\" \/>\n<meta name=\"twitter:card\" content=\"summary_large_image\" \/>\n<meta name=\"twitter:label1\" content=\"Tiempo de lectura\" \/>\n\t<meta name=\"twitter:data1\" content=\"2 minutos\" \/>\n<script type=\"application\/ld+json\" class=\"yoast-schema-graph\">{\"@context\":\"https:\/\/schema.org\",\"@graph\":[{\"@type\":\"WebPage\",\"@id\":\"https:\/\/demoweb.info\/sexshop001\/producto\/slube-aroma-cuero-negro-2-x-250-gr\/\",\"url\":\"https:\/\/demoweb.info\/sexshop001\/producto\/slube-aroma-cuero-negro-2-x-250-gr\/\",\"name\":\"SLUBE - AROMA CUERO NEGRO - 2 X 250 GR - Tienda Er\u00f3tica\",\"isPartOf\":{\"@id\":\"https:\/\/demoweb.info\/sexshop001\/#website\"},\"datePublished\":\"2022-01-22T11:25:17+00:00\",\"dateModified\":\"2022-01-22T11:25:24+00:00\",\"breadcrumb\":{\"@id\":\"https:\/\/demoweb.info\/sexshop001\/producto\/slube-aroma-cuero-negro-2-x-250-gr\/#breadcrumb\"},\"inLanguage\":\"es\",\"potentialAction\":[{\"@type\":\"ReadAction\",\"target\":[\"https:\/\/demoweb.info\/sexshop001\/producto\/slube-aroma-cuero-negro-2-x-250-gr\/\"]}]},{\"@type\":\"BreadcrumbList\",\"@id\":\"https:\/\/demoweb.info\/sexshop001\/producto\/slube-aroma-cuero-negro-2-x-250-gr\/#breadcrumb\",\"itemListElement\":[{\"@type\":\"ListItem\",\"position\":1,\"name\":\"Portada\",\"item\":\"https:\/\/demoweb.info\/sexshop001\/\"},{\"@type\":\"ListItem\",\"position\":2,\"name\":\"Tienda\",\"item\":\"https:\/\/demoweb.info\/sexshop001\/tienda\/\"},{\"@type\":\"ListItem\",\"position\":3,\"name\":\"SLUBE &#8211; AROMA CUERO NEGRO &#8211; 2 X 250 GR\"}]},{\"@type\":\"WebSite\",\"@id\":\"https:\/\/demoweb.info\/sexshop001\/#website\",\"url\":\"https:\/\/demoweb.info\/sexshop001\/\",\"name\":\"Tienda Er\u00f3tica\",\"description\":\"DEMOWEB SL\",\"potentialAction\":[{\"@type\":\"SearchAction\",\"target\":{\"@type\":\"EntryPoint\",\"urlTemplate\":\"https:\/\/demoweb.info\/sexshop001\/?s={search_term_string}\"},\"query-input\":\"required name=search_term_string\"}],\"inLanguage\":\"es\"}]}<\/script>\n<!-- \/ Yoast SEO plugin. -->","yoast_head_json":{"title":"SLUBE - AROMA CUERO NEGRO - 2 X 250 GR - Tienda Er\u00f3tica","robots":{"index":"noindex","follow":"follow","max-snippet":"max-snippet:-1","max-image-preview":"max-image-preview:large","max-video-preview":"max-video-preview:-1"},"og_locale":"es_ES","og_type":"article","og_title":"SLUBE - AROMA CUERO NEGRO - 2 X 250 GR - Tienda Er\u00f3tica","og_description":"SLUBE &#8211; BLACK LEATHER &#8211; 2 X 250 GR \u00a1Desliza, desliza y unta a tu pareja con las suaves y","og_url":"https:\/\/demoweb.info\/sexshop001\/producto\/slube-aroma-cuero-negro-2-x-250-gr\/","og_site_name":"Tienda Er\u00f3tica","article_modified_time":"2022-01-22T11:25:24+00:00","og_image":[{"width":550,"height":550,"url":"https:\/\/demoweb.info\/sexshop001\/wp-content\/uploads\/2022\/01\/SLUBE-AROMA-CUERO-NEGRO-2-X-250-GR.jpg","type":"image\/jpeg"}],"twitter_card":"summary_large_image","twitter_misc":{"Tiempo de lectura":"2 minutos"},"schema":{"@context":"https:\/\/schema.org","@graph":[{"@type":"WebPage","@id":"https:\/\/demoweb.info\/sexshop001\/producto\/slube-aroma-cuero-negro-2-x-250-gr\/","url":"https:\/\/demoweb.info\/sexshop001\/producto\/slube-aroma-cuero-negro-2-x-250-gr\/","name":"SLUBE - AROMA CUERO NEGRO - 2 X 250 GR - Tienda Er\u00f3tica","isPartOf":{"@id":"https:\/\/demoweb.info\/sexshop001\/#website"},"datePublished":"2022-01-22T11:25:17+00:00","dateModified":"2022-01-22T11:25:24+00:00","breadcrumb":{"@id":"https:\/\/demoweb.info\/sexshop001\/producto\/slube-aroma-cuero-negro-2-x-250-gr\/#breadcrumb"},"inLanguage":"es","potentialAction":[{"@type":"ReadAction","target":["https:\/\/demoweb.info\/sexshop001\/producto\/slube-aroma-cuero-negro-2-x-250-gr\/"]}]},{"@type":"BreadcrumbList","@id":"https:\/\/demoweb.info\/sexshop001\/producto\/slube-aroma-cuero-negro-2-x-250-gr\/#breadcrumb","itemListElement":[{"@type":"ListItem","position":1,"name":"Portada","item":"https:\/\/demoweb.info\/sexshop001\/"},{"@type":"ListItem","position":2,"name":"Tienda","item":"https:\/\/demoweb.info\/sexshop001\/tienda\/"},{"@type":"ListItem","position":3,"name":"SLUBE &#8211; AROMA CUERO NEGRO &#8211; 2 X 250 GR"}]},{"@type":"WebSite","@id":"https:\/\/demoweb.info\/sexshop001\/#website","url":"https:\/\/demoweb.info\/sexshop001\/","name":"Tienda Er\u00f3tica","description":"DEMOWEB SL","potentialAction":[{"@type":"SearchAction","target":{"@type":"EntryPoint","urlTemplate":"https:\/\/demoweb.info\/sexshop001\/?s={search_term_string}"},"query-input":"required name=search_term_string"}],"inLanguage":"es"}]}},"_links":{"self":[{"href":"https:\/\/demoweb.info\/sexshop001\/wp-json\/wp\/v3\/product\/28814","targetHints":{"allow":["GET"]}}],"collection":[{"href":"https:\/\/demoweb.info\/sexshop001\/wp-json\/wp\/v3\/product"}],"about":[{"href":"https:\/\/demoweb.info\/sexshop001\/wp-json\/wp\/v2\/types\/product"}],"replies":[{"embeddable":true,"href":"https:\/\/demoweb.info\/sexshop001\/wp-json\/wp\/v2\/comments?post=28814"}],"wp:featuredmedia":[{"embeddable":true,"href":"https:\/\/demoweb.info\/sexshop001\/wp-json\/wp\/v2\/media\/28815"}],"wp:attachment":[{"href":"https:\/\/demoweb.info\/sexshop001\/wp-json\/wp\/v2\/media?parent=28814"}],"wp:term":[{"taxonomy":"product_cat","embeddable":true,"href":"https:\/\/demoweb.info\/sexshop001\/wp-json\/wp\/v2\/product_cat?post=28814"},{"taxonomy":"product_tag","embeddable":true,"href":"https:\/\/demoweb.info\/sexshop001\/wp-json\/wp\/v2\/product_tag?post=28814"}],"curies":[{"name":"wp","href":"https:\/\/api.w.org\/{rel}","templated":true}]}}