{"id":28737,"date":"2022-01-22T12:24:36","date_gmt":"2022-01-22T11:24:36","guid":{"rendered":"https:\/\/demoweb.info\/sexshop001\/producto\/pulsera-con-bolita-plateada-bandera-lgtb\/"},"modified":"2022-01-22T12:24:39","modified_gmt":"2022-01-22T11:24:39","slug":"pulsera-con-bolita-plateada-bandera-lgtb","status":"publish","type":"product","link":"https:\/\/demoweb.info\/sexshop001\/producto\/pulsera-con-bolita-plateada-bandera-lgtb\/","title":{"rendered":"PULSERA CON BOLITA PLATEADA &#8211; BANDERA LGTB"},"content":{"rendered":"<p><strong>PULSERA CON BOLITA PLATEADA &#8211; BANDERA LGTB<\/strong><\/p>\n<p>Pulsera orgullo gay cinta tela en los colores emblem\u00e1ticos de la bandera del orgullo, terminaci\u00f3n con una bolita plateada, muy ponible y llamativa por los colores intensos y destacan mucho en la mu\u00f1eca.<\/p>\n","protected":false},"excerpt":{"rendered":"<p>PULSERA CON BOLITA PLATEADA &#8211; BANDERA LGTB Pulsera orgullo gay cinta tela en los colores emblem\u00e1ticos de la bandera del<\/p>\n","protected":false},"featured_media":28738,"comment_status":"open","ping_status":"open","template":"","meta":[],"product_cat":[411],"product_tag":[412],"class_list":["post-28737","product","type-product","status-publish","has-post-thumbnail","hentry","product_cat-linea-lgtb","product_tag-diverty-sex"],"bundled_by":[],"bundle_stock_status":"instock","bundle_stock_quantity":14,"bundle_virtual":false,"bundle_layout":"","bundle_add_to_cart_form_location":"","bundle_editable_in_cart":false,"bundle_sold_individually_context":"","bundle_item_grouping":"","bundle_min_size":"","bundle_max_size":"","bundled_items":[],"yoast_head":"<!-- This site is optimized with the Yoast SEO plugin v20.6 - https:\/\/yoast.com\/wordpress\/plugins\/seo\/ -->\n<title>PULSERA CON BOLITA PLATEADA - BANDERA LGTB - Tienda Er\u00f3tica<\/title>\n<meta name=\"robots\" content=\"noindex, follow, max-snippet:-1, max-image-preview:large, max-video-preview:-1\" \/>\n<meta property=\"og:locale\" content=\"es_ES\" \/>\n<meta property=\"og:type\" content=\"article\" \/>\n<meta property=\"og:title\" content=\"PULSERA CON BOLITA PLATEADA - BANDERA LGTB - Tienda Er\u00f3tica\" \/>\n<meta property=\"og:description\" content=\"PULSERA CON BOLITA PLATEADA &#8211; BANDERA LGTB Pulsera orgullo gay cinta tela en los colores emblem\u00e1ticos de la bandera del\" \/>\n<meta property=\"og:url\" content=\"https:\/\/demoweb.info\/sexshop001\/producto\/pulsera-con-bolita-plateada-bandera-lgtb\/\" \/>\n<meta property=\"og:site_name\" content=\"Tienda Er\u00f3tica\" \/>\n<meta property=\"article:modified_time\" content=\"2022-01-22T11:24:39+00:00\" \/>\n<meta property=\"og:image\" content=\"https:\/\/demoweb.info\/sexshop001\/wp-content\/uploads\/2022\/01\/PULSERA-CON-BOLITA-PLATEADA-BANDERA-LGTB.jpg\" \/>\n\t<meta property=\"og:image:width\" content=\"550\" \/>\n\t<meta property=\"og:image:height\" content=\"550\" \/>\n\t<meta property=\"og:image:type\" content=\"image\/jpeg\" \/>\n<meta name=\"twitter:card\" content=\"summary_large_image\" \/>\n<script type=\"application\/ld+json\" class=\"yoast-schema-graph\">{\"@context\":\"https:\/\/schema.org\",\"@graph\":[{\"@type\":\"WebPage\",\"@id\":\"https:\/\/demoweb.info\/sexshop001\/producto\/pulsera-con-bolita-plateada-bandera-lgtb\/\",\"url\":\"https:\/\/demoweb.info\/sexshop001\/producto\/pulsera-con-bolita-plateada-bandera-lgtb\/\",\"name\":\"PULSERA CON BOLITA PLATEADA - BANDERA LGTB - Tienda Er\u00f3tica\",\"isPartOf\":{\"@id\":\"https:\/\/demoweb.info\/sexshop001\/#website\"},\"datePublished\":\"2022-01-22T11:24:36+00:00\",\"dateModified\":\"2022-01-22T11:24:39+00:00\",\"breadcrumb\":{\"@id\":\"https:\/\/demoweb.info\/sexshop001\/producto\/pulsera-con-bolita-plateada-bandera-lgtb\/#breadcrumb\"},\"inLanguage\":\"es\",\"potentialAction\":[{\"@type\":\"ReadAction\",\"target\":[\"https:\/\/demoweb.info\/sexshop001\/producto\/pulsera-con-bolita-plateada-bandera-lgtb\/\"]}]},{\"@type\":\"BreadcrumbList\",\"@id\":\"https:\/\/demoweb.info\/sexshop001\/producto\/pulsera-con-bolita-plateada-bandera-lgtb\/#breadcrumb\",\"itemListElement\":[{\"@type\":\"ListItem\",\"position\":1,\"name\":\"Portada\",\"item\":\"https:\/\/demoweb.info\/sexshop001\/\"},{\"@type\":\"ListItem\",\"position\":2,\"name\":\"Tienda\",\"item\":\"https:\/\/demoweb.info\/sexshop001\/tienda\/\"},{\"@type\":\"ListItem\",\"position\":3,\"name\":\"PULSERA CON BOLITA PLATEADA &#8211; BANDERA LGTB\"}]},{\"@type\":\"WebSite\",\"@id\":\"https:\/\/demoweb.info\/sexshop001\/#website\",\"url\":\"https:\/\/demoweb.info\/sexshop001\/\",\"name\":\"Tienda Er\u00f3tica\",\"description\":\"DEMOWEB SL\",\"potentialAction\":[{\"@type\":\"SearchAction\",\"target\":{\"@type\":\"EntryPoint\",\"urlTemplate\":\"https:\/\/demoweb.info\/sexshop001\/?s={search_term_string}\"},\"query-input\":\"required name=search_term_string\"}],\"inLanguage\":\"es\"}]}<\/script>\n<!-- \/ Yoast SEO plugin. -->","yoast_head_json":{"title":"PULSERA CON BOLITA PLATEADA - BANDERA LGTB - Tienda Er\u00f3tica","robots":{"index":"noindex","follow":"follow","max-snippet":"max-snippet:-1","max-image-preview":"max-image-preview:large","max-video-preview":"max-video-preview:-1"},"og_locale":"es_ES","og_type":"article","og_title":"PULSERA CON BOLITA PLATEADA - BANDERA LGTB - Tienda Er\u00f3tica","og_description":"PULSERA CON BOLITA PLATEADA &#8211; BANDERA LGTB Pulsera orgullo gay cinta tela en los colores emblem\u00e1ticos de la bandera del","og_url":"https:\/\/demoweb.info\/sexshop001\/producto\/pulsera-con-bolita-plateada-bandera-lgtb\/","og_site_name":"Tienda Er\u00f3tica","article_modified_time":"2022-01-22T11:24:39+00:00","og_image":[{"width":550,"height":550,"url":"https:\/\/demoweb.info\/sexshop001\/wp-content\/uploads\/2022\/01\/PULSERA-CON-BOLITA-PLATEADA-BANDERA-LGTB.jpg","type":"image\/jpeg"}],"twitter_card":"summary_large_image","schema":{"@context":"https:\/\/schema.org","@graph":[{"@type":"WebPage","@id":"https:\/\/demoweb.info\/sexshop001\/producto\/pulsera-con-bolita-plateada-bandera-lgtb\/","url":"https:\/\/demoweb.info\/sexshop001\/producto\/pulsera-con-bolita-plateada-bandera-lgtb\/","name":"PULSERA CON BOLITA PLATEADA - BANDERA LGTB - Tienda Er\u00f3tica","isPartOf":{"@id":"https:\/\/demoweb.info\/sexshop001\/#website"},"datePublished":"2022-01-22T11:24:36+00:00","dateModified":"2022-01-22T11:24:39+00:00","breadcrumb":{"@id":"https:\/\/demoweb.info\/sexshop001\/producto\/pulsera-con-bolita-plateada-bandera-lgtb\/#breadcrumb"},"inLanguage":"es","potentialAction":[{"@type":"ReadAction","target":["https:\/\/demoweb.info\/sexshop001\/producto\/pulsera-con-bolita-plateada-bandera-lgtb\/"]}]},{"@type":"BreadcrumbList","@id":"https:\/\/demoweb.info\/sexshop001\/producto\/pulsera-con-bolita-plateada-bandera-lgtb\/#breadcrumb","itemListElement":[{"@type":"ListItem","position":1,"name":"Portada","item":"https:\/\/demoweb.info\/sexshop001\/"},{"@type":"ListItem","position":2,"name":"Tienda","item":"https:\/\/demoweb.info\/sexshop001\/tienda\/"},{"@type":"ListItem","position":3,"name":"PULSERA CON BOLITA PLATEADA &#8211; BANDERA LGTB"}]},{"@type":"WebSite","@id":"https:\/\/demoweb.info\/sexshop001\/#website","url":"https:\/\/demoweb.info\/sexshop001\/","name":"Tienda Er\u00f3tica","description":"DEMOWEB SL","potentialAction":[{"@type":"SearchAction","target":{"@type":"EntryPoint","urlTemplate":"https:\/\/demoweb.info\/sexshop001\/?s={search_term_string}"},"query-input":"required name=search_term_string"}],"inLanguage":"es"}]}},"_links":{"self":[{"href":"https:\/\/demoweb.info\/sexshop001\/wp-json\/wp\/v3\/product\/28737","targetHints":{"allow":["GET"]}}],"collection":[{"href":"https:\/\/demoweb.info\/sexshop001\/wp-json\/wp\/v3\/product"}],"about":[{"href":"https:\/\/demoweb.info\/sexshop001\/wp-json\/wp\/v2\/types\/product"}],"replies":[{"embeddable":true,"href":"https:\/\/demoweb.info\/sexshop001\/wp-json\/wp\/v2\/comments?post=28737"}],"wp:featuredmedia":[{"embeddable":true,"href":"https:\/\/demoweb.info\/sexshop001\/wp-json\/wp\/v2\/media\/28738"}],"wp:attachment":[{"href":"https:\/\/demoweb.info\/sexshop001\/wp-json\/wp\/v2\/media?parent=28737"}],"wp:term":[{"taxonomy":"product_cat","embeddable":true,"href":"https:\/\/demoweb.info\/sexshop001\/wp-json\/wp\/v2\/product_cat?post=28737"},{"taxonomy":"product_tag","embeddable":true,"href":"https:\/\/demoweb.info\/sexshop001\/wp-json\/wp\/v2\/product_tag?post=28737"}],"curies":[{"name":"wp","href":"https:\/\/api.w.org\/{rel}","templated":true}]}}