{"id":28690,"date":"2022-01-22T12:24:09","date_gmt":"2022-01-22T11:24:09","guid":{"rendered":"https:\/\/demoweb.info\/sexshop001\/producto\/adrien-lastic-inspiration\/"},"modified":"2022-01-22T12:24:14","modified_gmt":"2022-01-22T11:24:14","slug":"adrien-lastic-inspiration","status":"publish","type":"product","link":"https:\/\/demoweb.info\/sexshop001\/producto\/adrien-lastic-inspiration\/","title":{"rendered":"ADRIEN LASTIC INSPIRATION"},"content":{"rendered":"<p><strong>INSPIRATION<\/strong><\/p>\n<p>El elegante doble juguete de Adrien Lastic, incluye un estimulador con succi\u00f3n del cl\u00edtoris en combinaci\u00f3n con un huevo vibrador con mando integrado, creado para brindar un aut\u00e9ntico doble \u00e9xtasis. La distancia y el lugar no son un problema ya que puedes conectarte a trav\u00e9s de nuestra nueva aplicaci\u00f3n y compartir momentos \u00edntimos con tu pareja.<\/p>\n<p>Desc\u00e1rgate la APP y empieza a disfrutar en pareja.<\/p>\n<p>Material: ABS\/ Silicona<\/p>\n<p>Medidas: 18 cm x 3,7 &#8211; 4,5 cm<\/p>\n","protected":false},"excerpt":{"rendered":"<p>INSPIRATION El elegante doble juguete de Adrien Lastic, incluye un estimulador con succi\u00f3n del cl\u00edtoris en combinaci\u00f3n con un huevo<\/p>\n","protected":false},"featured_media":28691,"comment_status":"open","ping_status":"open","template":"","meta":[],"product_cat":[445],"product_tag":[435],"class_list":["post-28690","product","type-product","status-publish","has-post-thumbnail","hentry","product_cat-para-parejas-vibradores-juguetes-xxx","product_tag-adrien-lastic"],"bundled_by":[],"bundle_stock_status":"instock","bundle_stock_quantity":25,"bundle_virtual":false,"bundle_layout":"","bundle_add_to_cart_form_location":"","bundle_editable_in_cart":false,"bundle_sold_individually_context":"","bundle_item_grouping":"","bundle_min_size":"","bundle_max_size":"","bundled_items":[],"yoast_head":"<!-- This site is optimized with the Yoast SEO plugin v20.6 - https:\/\/yoast.com\/wordpress\/plugins\/seo\/ -->\n<title>ADRIEN LASTIC INSPIRATION - Tienda Er\u00f3tica<\/title>\n<meta name=\"robots\" content=\"noindex, follow, max-snippet:-1, max-image-preview:large, max-video-preview:-1\" \/>\n<meta property=\"og:locale\" content=\"es_ES\" \/>\n<meta property=\"og:type\" content=\"article\" \/>\n<meta property=\"og:title\" content=\"ADRIEN LASTIC INSPIRATION - Tienda Er\u00f3tica\" \/>\n<meta property=\"og:description\" content=\"INSPIRATION El elegante doble juguete de Adrien Lastic, incluye un estimulador con succi\u00f3n del cl\u00edtoris en combinaci\u00f3n con un huevo\" \/>\n<meta property=\"og:url\" content=\"https:\/\/demoweb.info\/sexshop001\/producto\/adrien-lastic-inspiration\/\" \/>\n<meta property=\"og:site_name\" content=\"Tienda Er\u00f3tica\" \/>\n<meta property=\"article:modified_time\" content=\"2022-01-22T11:24:14+00:00\" \/>\n<meta property=\"og:image\" content=\"https:\/\/demoweb.info\/sexshop001\/wp-content\/uploads\/2022\/01\/ADRIEN-LASTIC-INSPIRATION.jpg\" \/>\n\t<meta property=\"og:image:width\" content=\"550\" \/>\n\t<meta property=\"og:image:height\" content=\"550\" \/>\n\t<meta property=\"og:image:type\" content=\"image\/jpeg\" \/>\n<meta name=\"twitter:card\" content=\"summary_large_image\" \/>\n<script type=\"application\/ld+json\" class=\"yoast-schema-graph\">{\"@context\":\"https:\/\/schema.org\",\"@graph\":[{\"@type\":\"WebPage\",\"@id\":\"https:\/\/demoweb.info\/sexshop001\/producto\/adrien-lastic-inspiration\/\",\"url\":\"https:\/\/demoweb.info\/sexshop001\/producto\/adrien-lastic-inspiration\/\",\"name\":\"ADRIEN LASTIC INSPIRATION - Tienda Er\u00f3tica\",\"isPartOf\":{\"@id\":\"https:\/\/demoweb.info\/sexshop001\/#website\"},\"datePublished\":\"2022-01-22T11:24:09+00:00\",\"dateModified\":\"2022-01-22T11:24:14+00:00\",\"breadcrumb\":{\"@id\":\"https:\/\/demoweb.info\/sexshop001\/producto\/adrien-lastic-inspiration\/#breadcrumb\"},\"inLanguage\":\"es\",\"potentialAction\":[{\"@type\":\"ReadAction\",\"target\":[\"https:\/\/demoweb.info\/sexshop001\/producto\/adrien-lastic-inspiration\/\"]}]},{\"@type\":\"BreadcrumbList\",\"@id\":\"https:\/\/demoweb.info\/sexshop001\/producto\/adrien-lastic-inspiration\/#breadcrumb\",\"itemListElement\":[{\"@type\":\"ListItem\",\"position\":1,\"name\":\"Portada\",\"item\":\"https:\/\/demoweb.info\/sexshop001\/\"},{\"@type\":\"ListItem\",\"position\":2,\"name\":\"Tienda\",\"item\":\"https:\/\/demoweb.info\/sexshop001\/tienda\/\"},{\"@type\":\"ListItem\",\"position\":3,\"name\":\"ADRIEN LASTIC INSPIRATION\"}]},{\"@type\":\"WebSite\",\"@id\":\"https:\/\/demoweb.info\/sexshop001\/#website\",\"url\":\"https:\/\/demoweb.info\/sexshop001\/\",\"name\":\"Tienda Er\u00f3tica\",\"description\":\"DEMOWEB SL\",\"potentialAction\":[{\"@type\":\"SearchAction\",\"target\":{\"@type\":\"EntryPoint\",\"urlTemplate\":\"https:\/\/demoweb.info\/sexshop001\/?s={search_term_string}\"},\"query-input\":\"required name=search_term_string\"}],\"inLanguage\":\"es\"}]}<\/script>\n<!-- \/ Yoast SEO plugin. -->","yoast_head_json":{"title":"ADRIEN LASTIC INSPIRATION - Tienda Er\u00f3tica","robots":{"index":"noindex","follow":"follow","max-snippet":"max-snippet:-1","max-image-preview":"max-image-preview:large","max-video-preview":"max-video-preview:-1"},"og_locale":"es_ES","og_type":"article","og_title":"ADRIEN LASTIC INSPIRATION - Tienda Er\u00f3tica","og_description":"INSPIRATION El elegante doble juguete de Adrien Lastic, incluye un estimulador con succi\u00f3n del cl\u00edtoris en combinaci\u00f3n con un huevo","og_url":"https:\/\/demoweb.info\/sexshop001\/producto\/adrien-lastic-inspiration\/","og_site_name":"Tienda Er\u00f3tica","article_modified_time":"2022-01-22T11:24:14+00:00","og_image":[{"width":550,"height":550,"url":"https:\/\/demoweb.info\/sexshop001\/wp-content\/uploads\/2022\/01\/ADRIEN-LASTIC-INSPIRATION.jpg","type":"image\/jpeg"}],"twitter_card":"summary_large_image","schema":{"@context":"https:\/\/schema.org","@graph":[{"@type":"WebPage","@id":"https:\/\/demoweb.info\/sexshop001\/producto\/adrien-lastic-inspiration\/","url":"https:\/\/demoweb.info\/sexshop001\/producto\/adrien-lastic-inspiration\/","name":"ADRIEN LASTIC INSPIRATION - Tienda Er\u00f3tica","isPartOf":{"@id":"https:\/\/demoweb.info\/sexshop001\/#website"},"datePublished":"2022-01-22T11:24:09+00:00","dateModified":"2022-01-22T11:24:14+00:00","breadcrumb":{"@id":"https:\/\/demoweb.info\/sexshop001\/producto\/adrien-lastic-inspiration\/#breadcrumb"},"inLanguage":"es","potentialAction":[{"@type":"ReadAction","target":["https:\/\/demoweb.info\/sexshop001\/producto\/adrien-lastic-inspiration\/"]}]},{"@type":"BreadcrumbList","@id":"https:\/\/demoweb.info\/sexshop001\/producto\/adrien-lastic-inspiration\/#breadcrumb","itemListElement":[{"@type":"ListItem","position":1,"name":"Portada","item":"https:\/\/demoweb.info\/sexshop001\/"},{"@type":"ListItem","position":2,"name":"Tienda","item":"https:\/\/demoweb.info\/sexshop001\/tienda\/"},{"@type":"ListItem","position":3,"name":"ADRIEN LASTIC INSPIRATION"}]},{"@type":"WebSite","@id":"https:\/\/demoweb.info\/sexshop001\/#website","url":"https:\/\/demoweb.info\/sexshop001\/","name":"Tienda Er\u00f3tica","description":"DEMOWEB SL","potentialAction":[{"@type":"SearchAction","target":{"@type":"EntryPoint","urlTemplate":"https:\/\/demoweb.info\/sexshop001\/?s={search_term_string}"},"query-input":"required name=search_term_string"}],"inLanguage":"es"}]}},"_links":{"self":[{"href":"https:\/\/demoweb.info\/sexshop001\/wp-json\/wp\/v3\/product\/28690","targetHints":{"allow":["GET"]}}],"collection":[{"href":"https:\/\/demoweb.info\/sexshop001\/wp-json\/wp\/v3\/product"}],"about":[{"href":"https:\/\/demoweb.info\/sexshop001\/wp-json\/wp\/v2\/types\/product"}],"replies":[{"embeddable":true,"href":"https:\/\/demoweb.info\/sexshop001\/wp-json\/wp\/v2\/comments?post=28690"}],"wp:featuredmedia":[{"embeddable":true,"href":"https:\/\/demoweb.info\/sexshop001\/wp-json\/wp\/v2\/media\/28691"}],"wp:attachment":[{"href":"https:\/\/demoweb.info\/sexshop001\/wp-json\/wp\/v2\/media?parent=28690"}],"wp:term":[{"taxonomy":"product_cat","embeddable":true,"href":"https:\/\/demoweb.info\/sexshop001\/wp-json\/wp\/v2\/product_cat?post=28690"},{"taxonomy":"product_tag","embeddable":true,"href":"https:\/\/demoweb.info\/sexshop001\/wp-json\/wp\/v2\/product_tag?post=28690"}],"curies":[{"name":"wp","href":"https:\/\/api.w.org\/{rel}","templated":true}]}}