{"id":28668,"date":"2022-01-22T12:23:58","date_gmt":"2022-01-22T11:23:58","guid":{"rendered":"https:\/\/demoweb.info\/sexshop001\/producto\/durex-xl-sensitivos-10uds\/"},"modified":"2022-01-22T12:24:04","modified_gmt":"2022-01-22T11:24:04","slug":"durex-xl-sensitivos-10uds","status":"publish","type":"product","link":"https:\/\/demoweb.info\/sexshop001\/producto\/durex-xl-sensitivos-10uds\/","title":{"rendered":"DUREX XL SENSITIVOS 10UDS"},"content":{"rendered":"<p><strong>DUREX XL SENSITIVOS 10UDS<\/strong><\/p>\n<p>Los preservativos Durex Sensitivo Suave XL tienen un per\u00edmetro extra grande para que puedas estar m\u00e1s c\u00f3modo mientras disfrutas de las relaciones sexuales con tu pareja sin preocupaciones con mayor comodidad.<\/p>\n<p>Estos preservativos son extra lubricados para una mayor sensaci\u00f3n con lubricante de silicona. Adem\u00e1s, ahora los preservativos Durex huelen mejor para hacer de tus relaciones sexuales con tu pareja un momento m\u00e1s agradable.<\/p>\n<p>Cada uno de nuestros preservativos Durex est\u00e1 100% electr\u00f3nicamente testado y ha pasado por 5 test de calidad, proporcionando as\u00ed a sus usuarios la confianza necesaria para disfrutar plenamente del sexo todas y cada una de las veces. Adem\u00e1s, han sido dermatol\u00f3gicamente testados.<\/p>\n<ul>\n<li>PRESERVATIVOS EXTRA GRANDES: Per\u00edmetro de anchura nominal de 57mm para un mayor comfort<\/li>\n<li>PRESERVATIVOS EXTRA LUBRICADOS: Lubricaci\u00f3n de silicona para una experiencia m\u00e1s suave.<\/li>\n<li>GROSOR MEDIO: Grosor medio de 65micras.<\/li>\n<li>L\u00c1TEX DE CAUCHO NATURAL Y TRANSPARENTES: Los preservativos Sensitivos XL de Durex son transparentes y de l\u00e1tex de caucho natural.<\/li>\n<li>EASY-ON: Preservativos de l\u00e1tex suaves con forma anat\u00f3mica Easy-On con dep\u00f3sito.<\/li>\n<\/ul>\n","protected":false},"excerpt":{"rendered":"<p>DUREX XL SENSITIVOS 10UDS Los preservativos Durex Sensitivo Suave XL tienen un per\u00edmetro extra grande para que puedas estar m\u00e1s<\/p>\n","protected":false},"featured_media":28669,"comment_status":"open","ping_status":"open","template":"","meta":[],"product_cat":[859],"product_tag":[396],"class_list":["post-28668","product","type-product","status-publish","has-post-thumbnail","hentry","product_cat-tamano-xxl","product_tag-durex"],"bundled_by":[],"bundle_stock_status":"instock","bundle_stock_quantity":25,"bundle_virtual":false,"bundle_layout":"","bundle_add_to_cart_form_location":"","bundle_editable_in_cart":false,"bundle_sold_individually_context":"","bundle_item_grouping":"","bundle_min_size":"","bundle_max_size":"","bundled_items":[],"yoast_head":"<!-- This site is optimized with the Yoast SEO plugin v20.6 - https:\/\/yoast.com\/wordpress\/plugins\/seo\/ -->\n<title>DUREX XL SENSITIVOS 10UDS - Tienda Er\u00f3tica<\/title>\n<meta name=\"robots\" content=\"noindex, follow, max-snippet:-1, max-image-preview:large, max-video-preview:-1\" \/>\n<meta property=\"og:locale\" content=\"es_ES\" \/>\n<meta property=\"og:type\" content=\"article\" \/>\n<meta property=\"og:title\" content=\"DUREX XL SENSITIVOS 10UDS - Tienda Er\u00f3tica\" \/>\n<meta property=\"og:description\" content=\"DUREX XL SENSITIVOS 10UDS Los preservativos Durex Sensitivo Suave XL tienen un per\u00edmetro extra grande para que puedas estar m\u00e1s\" \/>\n<meta property=\"og:url\" content=\"https:\/\/demoweb.info\/sexshop001\/producto\/durex-xl-sensitivos-10uds\/\" \/>\n<meta property=\"og:site_name\" content=\"Tienda Er\u00f3tica\" \/>\n<meta property=\"article:modified_time\" content=\"2022-01-22T11:24:04+00:00\" \/>\n<meta property=\"og:image\" content=\"https:\/\/demoweb.info\/sexshop001\/wp-content\/uploads\/2022\/01\/DUREX-XL-SENSITIVOS-10UDS.jpg\" \/>\n\t<meta property=\"og:image:width\" content=\"550\" \/>\n\t<meta property=\"og:image:height\" content=\"550\" \/>\n\t<meta property=\"og:image:type\" content=\"image\/jpeg\" \/>\n<meta name=\"twitter:card\" content=\"summary_large_image\" \/>\n<meta name=\"twitter:label1\" content=\"Tiempo de lectura\" \/>\n\t<meta name=\"twitter:data1\" content=\"1 minuto\" \/>\n<script type=\"application\/ld+json\" class=\"yoast-schema-graph\">{\"@context\":\"https:\/\/schema.org\",\"@graph\":[{\"@type\":\"WebPage\",\"@id\":\"https:\/\/demoweb.info\/sexshop001\/producto\/durex-xl-sensitivos-10uds\/\",\"url\":\"https:\/\/demoweb.info\/sexshop001\/producto\/durex-xl-sensitivos-10uds\/\",\"name\":\"DUREX XL SENSITIVOS 10UDS - Tienda Er\u00f3tica\",\"isPartOf\":{\"@id\":\"https:\/\/demoweb.info\/sexshop001\/#website\"},\"datePublished\":\"2022-01-22T11:23:58+00:00\",\"dateModified\":\"2022-01-22T11:24:04+00:00\",\"breadcrumb\":{\"@id\":\"https:\/\/demoweb.info\/sexshop001\/producto\/durex-xl-sensitivos-10uds\/#breadcrumb\"},\"inLanguage\":\"es\",\"potentialAction\":[{\"@type\":\"ReadAction\",\"target\":[\"https:\/\/demoweb.info\/sexshop001\/producto\/durex-xl-sensitivos-10uds\/\"]}]},{\"@type\":\"BreadcrumbList\",\"@id\":\"https:\/\/demoweb.info\/sexshop001\/producto\/durex-xl-sensitivos-10uds\/#breadcrumb\",\"itemListElement\":[{\"@type\":\"ListItem\",\"position\":1,\"name\":\"Portada\",\"item\":\"https:\/\/demoweb.info\/sexshop001\/\"},{\"@type\":\"ListItem\",\"position\":2,\"name\":\"Tienda\",\"item\":\"https:\/\/demoweb.info\/sexshop001\/tienda\/\"},{\"@type\":\"ListItem\",\"position\":3,\"name\":\"DUREX XL SENSITIVOS 10UDS\"}]},{\"@type\":\"WebSite\",\"@id\":\"https:\/\/demoweb.info\/sexshop001\/#website\",\"url\":\"https:\/\/demoweb.info\/sexshop001\/\",\"name\":\"Tienda Er\u00f3tica\",\"description\":\"DEMOWEB SL\",\"potentialAction\":[{\"@type\":\"SearchAction\",\"target\":{\"@type\":\"EntryPoint\",\"urlTemplate\":\"https:\/\/demoweb.info\/sexshop001\/?s={search_term_string}\"},\"query-input\":\"required name=search_term_string\"}],\"inLanguage\":\"es\"}]}<\/script>\n<!-- \/ Yoast SEO plugin. -->","yoast_head_json":{"title":"DUREX XL SENSITIVOS 10UDS - Tienda Er\u00f3tica","robots":{"index":"noindex","follow":"follow","max-snippet":"max-snippet:-1","max-image-preview":"max-image-preview:large","max-video-preview":"max-video-preview:-1"},"og_locale":"es_ES","og_type":"article","og_title":"DUREX XL SENSITIVOS 10UDS - Tienda Er\u00f3tica","og_description":"DUREX XL SENSITIVOS 10UDS Los preservativos Durex Sensitivo Suave XL tienen un per\u00edmetro extra grande para que puedas estar m\u00e1s","og_url":"https:\/\/demoweb.info\/sexshop001\/producto\/durex-xl-sensitivos-10uds\/","og_site_name":"Tienda Er\u00f3tica","article_modified_time":"2022-01-22T11:24:04+00:00","og_image":[{"width":550,"height":550,"url":"https:\/\/demoweb.info\/sexshop001\/wp-content\/uploads\/2022\/01\/DUREX-XL-SENSITIVOS-10UDS.jpg","type":"image\/jpeg"}],"twitter_card":"summary_large_image","twitter_misc":{"Tiempo de lectura":"1 minuto"},"schema":{"@context":"https:\/\/schema.org","@graph":[{"@type":"WebPage","@id":"https:\/\/demoweb.info\/sexshop001\/producto\/durex-xl-sensitivos-10uds\/","url":"https:\/\/demoweb.info\/sexshop001\/producto\/durex-xl-sensitivos-10uds\/","name":"DUREX XL SENSITIVOS 10UDS - Tienda Er\u00f3tica","isPartOf":{"@id":"https:\/\/demoweb.info\/sexshop001\/#website"},"datePublished":"2022-01-22T11:23:58+00:00","dateModified":"2022-01-22T11:24:04+00:00","breadcrumb":{"@id":"https:\/\/demoweb.info\/sexshop001\/producto\/durex-xl-sensitivos-10uds\/#breadcrumb"},"inLanguage":"es","potentialAction":[{"@type":"ReadAction","target":["https:\/\/demoweb.info\/sexshop001\/producto\/durex-xl-sensitivos-10uds\/"]}]},{"@type":"BreadcrumbList","@id":"https:\/\/demoweb.info\/sexshop001\/producto\/durex-xl-sensitivos-10uds\/#breadcrumb","itemListElement":[{"@type":"ListItem","position":1,"name":"Portada","item":"https:\/\/demoweb.info\/sexshop001\/"},{"@type":"ListItem","position":2,"name":"Tienda","item":"https:\/\/demoweb.info\/sexshop001\/tienda\/"},{"@type":"ListItem","position":3,"name":"DUREX XL SENSITIVOS 10UDS"}]},{"@type":"WebSite","@id":"https:\/\/demoweb.info\/sexshop001\/#website","url":"https:\/\/demoweb.info\/sexshop001\/","name":"Tienda Er\u00f3tica","description":"DEMOWEB SL","potentialAction":[{"@type":"SearchAction","target":{"@type":"EntryPoint","urlTemplate":"https:\/\/demoweb.info\/sexshop001\/?s={search_term_string}"},"query-input":"required name=search_term_string"}],"inLanguage":"es"}]}},"_links":{"self":[{"href":"https:\/\/demoweb.info\/sexshop001\/wp-json\/wp\/v3\/product\/28668","targetHints":{"allow":["GET"]}}],"collection":[{"href":"https:\/\/demoweb.info\/sexshop001\/wp-json\/wp\/v3\/product"}],"about":[{"href":"https:\/\/demoweb.info\/sexshop001\/wp-json\/wp\/v2\/types\/product"}],"replies":[{"embeddable":true,"href":"https:\/\/demoweb.info\/sexshop001\/wp-json\/wp\/v2\/comments?post=28668"}],"wp:featuredmedia":[{"embeddable":true,"href":"https:\/\/demoweb.info\/sexshop001\/wp-json\/wp\/v2\/media\/28669"}],"wp:attachment":[{"href":"https:\/\/demoweb.info\/sexshop001\/wp-json\/wp\/v2\/media?parent=28668"}],"wp:term":[{"taxonomy":"product_cat","embeddable":true,"href":"https:\/\/demoweb.info\/sexshop001\/wp-json\/wp\/v2\/product_cat?post=28668"},{"taxonomy":"product_tag","embeddable":true,"href":"https:\/\/demoweb.info\/sexshop001\/wp-json\/wp\/v2\/product_tag?post=28668"}],"curies":[{"name":"wp","href":"https:\/\/api.w.org\/{rel}","templated":true}]}}