{"id":28627,"date":"2022-01-22T12:23:43","date_gmt":"2022-01-22T11:23:43","guid":{"rendered":"https:\/\/demoweb.info\/sexshop001\/producto\/fetish-fantasy-kit-ataduras-para-la-cama-2\/"},"modified":"2022-01-22T12:23:43","modified_gmt":"2022-01-22T11:23:43","slug":"fetish-fantasy-kit-ataduras-para-la-cama-2","status":"publish","type":"product","link":"https:\/\/demoweb.info\/sexshop001\/producto\/fetish-fantasy-kit-ataduras-para-la-cama-2\/","title":{"rendered":"FETISH FANTASY KIT ATADURAS PARA LA CAMA"},"content":{"rendered":"<p><strong>FETISH FANTASY BEDROOM BONDAJE KIT<\/strong>.<\/p>\n<p>Explorad el lado m\u00e1s travieso el uno del otro con este kit bondage todo en uno para principiantes. Es perfecto para las parejas que siempre han querido probar la esclavitud, este kit tiene todo lo necesario para empezar a divertirte con tus juegos fetichistas.<\/p>\n<p>Este kit incluye:<br \/>\n&#8211; Sujeciones para los tobillos y mu\u00f1ecas, cintas para sujetar a la cama, l\u00e1tigo de cuero y m\u00e1scara de sat\u00e9n. Las cintas para sujetar a la cama te dar\u00e1n infinitas posibilidades de placer, simplemente conectando los clips. Adelante, atr\u00e9vete a ser malo!<\/p>\n<p>100% Ajustable.<\/p>\n","protected":false},"excerpt":{"rendered":"<p>FETISH FANTASY BEDROOM BONDAJE KIT. Explorad el lado m\u00e1s travieso el uno del otro con este kit bondage todo en<\/p>\n","protected":false},"featured_media":28628,"comment_status":"open","ping_status":"open","template":"","meta":[],"product_cat":[333],"product_tag":[260,259],"class_list":["post-28627","product","type-product","status-publish","has-post-thumbnail","hentry","product_cat-kits-bdsm","product_tag-fetish-fantasy-series","product_tag-pipedream"],"bundled_by":[],"bundle_stock_status":"instock","bundle_stock_quantity":1,"bundle_virtual":false,"bundle_layout":"","bundle_add_to_cart_form_location":"","bundle_editable_in_cart":false,"bundle_sold_individually_context":"","bundle_item_grouping":"","bundle_min_size":"","bundle_max_size":"","bundled_items":[],"yoast_head":"<!-- This site is optimized with the Yoast SEO plugin v20.6 - https:\/\/yoast.com\/wordpress\/plugins\/seo\/ -->\n<title>FETISH FANTASY KIT ATADURAS PARA LA CAMA - Tienda Er\u00f3tica<\/title>\n<meta name=\"robots\" content=\"noindex, follow, max-snippet:-1, max-image-preview:large, max-video-preview:-1\" \/>\n<meta property=\"og:locale\" content=\"es_ES\" \/>\n<meta property=\"og:type\" content=\"article\" \/>\n<meta property=\"og:title\" content=\"FETISH FANTASY KIT ATADURAS PARA LA CAMA - Tienda Er\u00f3tica\" \/>\n<meta property=\"og:description\" content=\"FETISH FANTASY BEDROOM BONDAJE KIT. Explorad el lado m\u00e1s travieso el uno del otro con este kit bondage todo en\" \/>\n<meta property=\"og:url\" content=\"https:\/\/demoweb.info\/sexshop001\/producto\/fetish-fantasy-kit-ataduras-para-la-cama-2\/\" \/>\n<meta property=\"og:site_name\" content=\"Tienda Er\u00f3tica\" \/>\n<meta property=\"og:image\" content=\"https:\/\/demoweb.info\/sexshop001\/wp-content\/uploads\/2022\/01\/FETISH-FANTASY-KIT-ATADURAS-PARA-LA-CAMA-5.jpg\" \/>\n\t<meta property=\"og:image:width\" content=\"550\" \/>\n\t<meta property=\"og:image:height\" content=\"550\" \/>\n\t<meta property=\"og:image:type\" content=\"image\/jpeg\" \/>\n<meta name=\"twitter:card\" content=\"summary_large_image\" \/>\n<meta name=\"twitter:label1\" content=\"Tiempo de lectura\" \/>\n\t<meta name=\"twitter:data1\" content=\"1 minuto\" \/>\n<script type=\"application\/ld+json\" class=\"yoast-schema-graph\">{\"@context\":\"https:\/\/schema.org\",\"@graph\":[{\"@type\":\"WebPage\",\"@id\":\"https:\/\/demoweb.info\/sexshop001\/producto\/fetish-fantasy-kit-ataduras-para-la-cama-2\/\",\"url\":\"https:\/\/demoweb.info\/sexshop001\/producto\/fetish-fantasy-kit-ataduras-para-la-cama-2\/\",\"name\":\"FETISH FANTASY KIT ATADURAS PARA LA CAMA - Tienda Er\u00f3tica\",\"isPartOf\":{\"@id\":\"https:\/\/demoweb.info\/sexshop001\/#website\"},\"datePublished\":\"2022-01-22T11:23:43+00:00\",\"dateModified\":\"2022-01-22T11:23:43+00:00\",\"breadcrumb\":{\"@id\":\"https:\/\/demoweb.info\/sexshop001\/producto\/fetish-fantasy-kit-ataduras-para-la-cama-2\/#breadcrumb\"},\"inLanguage\":\"es\",\"potentialAction\":[{\"@type\":\"ReadAction\",\"target\":[\"https:\/\/demoweb.info\/sexshop001\/producto\/fetish-fantasy-kit-ataduras-para-la-cama-2\/\"]}]},{\"@type\":\"BreadcrumbList\",\"@id\":\"https:\/\/demoweb.info\/sexshop001\/producto\/fetish-fantasy-kit-ataduras-para-la-cama-2\/#breadcrumb\",\"itemListElement\":[{\"@type\":\"ListItem\",\"position\":1,\"name\":\"Portada\",\"item\":\"https:\/\/demoweb.info\/sexshop001\/\"},{\"@type\":\"ListItem\",\"position\":2,\"name\":\"Tienda\",\"item\":\"https:\/\/demoweb.info\/sexshop001\/tienda\/\"},{\"@type\":\"ListItem\",\"position\":3,\"name\":\"FETISH FANTASY KIT ATADURAS PARA LA CAMA\"}]},{\"@type\":\"WebSite\",\"@id\":\"https:\/\/demoweb.info\/sexshop001\/#website\",\"url\":\"https:\/\/demoweb.info\/sexshop001\/\",\"name\":\"Tienda Er\u00f3tica\",\"description\":\"DEMOWEB SL\",\"potentialAction\":[{\"@type\":\"SearchAction\",\"target\":{\"@type\":\"EntryPoint\",\"urlTemplate\":\"https:\/\/demoweb.info\/sexshop001\/?s={search_term_string}\"},\"query-input\":\"required name=search_term_string\"}],\"inLanguage\":\"es\"}]}<\/script>\n<!-- \/ Yoast SEO plugin. -->","yoast_head_json":{"title":"FETISH FANTASY KIT ATADURAS PARA LA CAMA - Tienda Er\u00f3tica","robots":{"index":"noindex","follow":"follow","max-snippet":"max-snippet:-1","max-image-preview":"max-image-preview:large","max-video-preview":"max-video-preview:-1"},"og_locale":"es_ES","og_type":"article","og_title":"FETISH FANTASY KIT ATADURAS PARA LA CAMA - Tienda Er\u00f3tica","og_description":"FETISH FANTASY BEDROOM BONDAJE KIT. Explorad el lado m\u00e1s travieso el uno del otro con este kit bondage todo en","og_url":"https:\/\/demoweb.info\/sexshop001\/producto\/fetish-fantasy-kit-ataduras-para-la-cama-2\/","og_site_name":"Tienda Er\u00f3tica","og_image":[{"width":550,"height":550,"url":"https:\/\/demoweb.info\/sexshop001\/wp-content\/uploads\/2022\/01\/FETISH-FANTASY-KIT-ATADURAS-PARA-LA-CAMA-5.jpg","type":"image\/jpeg"}],"twitter_card":"summary_large_image","twitter_misc":{"Tiempo de lectura":"1 minuto"},"schema":{"@context":"https:\/\/schema.org","@graph":[{"@type":"WebPage","@id":"https:\/\/demoweb.info\/sexshop001\/producto\/fetish-fantasy-kit-ataduras-para-la-cama-2\/","url":"https:\/\/demoweb.info\/sexshop001\/producto\/fetish-fantasy-kit-ataduras-para-la-cama-2\/","name":"FETISH FANTASY KIT ATADURAS PARA LA CAMA - Tienda Er\u00f3tica","isPartOf":{"@id":"https:\/\/demoweb.info\/sexshop001\/#website"},"datePublished":"2022-01-22T11:23:43+00:00","dateModified":"2022-01-22T11:23:43+00:00","breadcrumb":{"@id":"https:\/\/demoweb.info\/sexshop001\/producto\/fetish-fantasy-kit-ataduras-para-la-cama-2\/#breadcrumb"},"inLanguage":"es","potentialAction":[{"@type":"ReadAction","target":["https:\/\/demoweb.info\/sexshop001\/producto\/fetish-fantasy-kit-ataduras-para-la-cama-2\/"]}]},{"@type":"BreadcrumbList","@id":"https:\/\/demoweb.info\/sexshop001\/producto\/fetish-fantasy-kit-ataduras-para-la-cama-2\/#breadcrumb","itemListElement":[{"@type":"ListItem","position":1,"name":"Portada","item":"https:\/\/demoweb.info\/sexshop001\/"},{"@type":"ListItem","position":2,"name":"Tienda","item":"https:\/\/demoweb.info\/sexshop001\/tienda\/"},{"@type":"ListItem","position":3,"name":"FETISH FANTASY KIT ATADURAS PARA LA CAMA"}]},{"@type":"WebSite","@id":"https:\/\/demoweb.info\/sexshop001\/#website","url":"https:\/\/demoweb.info\/sexshop001\/","name":"Tienda Er\u00f3tica","description":"DEMOWEB SL","potentialAction":[{"@type":"SearchAction","target":{"@type":"EntryPoint","urlTemplate":"https:\/\/demoweb.info\/sexshop001\/?s={search_term_string}"},"query-input":"required name=search_term_string"}],"inLanguage":"es"}]}},"_links":{"self":[{"href":"https:\/\/demoweb.info\/sexshop001\/wp-json\/wp\/v3\/product\/28627","targetHints":{"allow":["GET"]}}],"collection":[{"href":"https:\/\/demoweb.info\/sexshop001\/wp-json\/wp\/v3\/product"}],"about":[{"href":"https:\/\/demoweb.info\/sexshop001\/wp-json\/wp\/v2\/types\/product"}],"replies":[{"embeddable":true,"href":"https:\/\/demoweb.info\/sexshop001\/wp-json\/wp\/v2\/comments?post=28627"}],"wp:featuredmedia":[{"embeddable":true,"href":"https:\/\/demoweb.info\/sexshop001\/wp-json\/wp\/v2\/media\/28628"}],"wp:attachment":[{"href":"https:\/\/demoweb.info\/sexshop001\/wp-json\/wp\/v2\/media?parent=28627"}],"wp:term":[{"taxonomy":"product_cat","embeddable":true,"href":"https:\/\/demoweb.info\/sexshop001\/wp-json\/wp\/v2\/product_cat?post=28627"},{"taxonomy":"product_tag","embeddable":true,"href":"https:\/\/demoweb.info\/sexshop001\/wp-json\/wp\/v2\/product_tag?post=28627"}],"curies":[{"name":"wp","href":"https:\/\/api.w.org\/{rel}","templated":true}]}}