{"id":28624,"date":"2022-01-22T12:23:23","date_gmt":"2022-01-22T11:23:23","guid":{"rendered":"https:\/\/demoweb.info\/sexshop001\/producto\/fetish-fantasy-esposas-para-munecas-rosa-con-cadena\/"},"modified":"2022-01-22T12:23:39","modified_gmt":"2022-01-22T11:23:39","slug":"fetish-fantasy-esposas-para-munecas-rosa-con-cadena","status":"publish","type":"product","link":"https:\/\/demoweb.info\/sexshop001\/producto\/fetish-fantasy-esposas-para-munecas-rosa-con-cadena\/","title":{"rendered":"FETISH FANTASY ESPOSAS PARA MU\u00d1ECAS ROSA CON CADENA"},"content":{"rendered":"<p><font size=&quot;1&quot;><b>FETISH FANTASY WRIST CUFFS PINK<\/b>.<\/p>\n<p>Todos estar\u00e1n pensando en ellas! Suaves, rosas y hechas para que te puedas retorcer del placer, estas sexys esposas rosas sujetar\u00e1n de una forma seductora a tu amante con estilo. El ante s\u00faper suave del que est\u00e1n fabricadas est\u00e1s esposas se ajustan perfectamente a casi todas las tallas, gracias a sus hebillas, mientras que los clips en forma circular de metal asegurar\u00e1n que no se escape! Son perfectas para principiantes, pero lo suficientemente fuertes para satisfacer hasta las sesiones m\u00e1s duras de bondage. Eres lo suficientemente travieso para jugar con<br \/>\n<b>PINK<\/b>??<\/font><\/p>\n","protected":false},"excerpt":{"rendered":"<p>FETISH FANTASY WRIST CUFFS PINK. Todos estar\u00e1n pensando en ellas! Suaves, rosas y hechas para que te puedas retorcer del<\/p>\n","protected":false},"featured_media":28625,"comment_status":"open","ping_status":"open","template":"","meta":[],"product_cat":[507],"product_tag":[260,259],"class_list":["post-28624","product","type-product","status-publish","has-post-thumbnail","hentry","product_cat-basicas","product_tag-fetish-fantasy-series","product_tag-pipedream"],"bundled_by":[],"bundle_stock_status":"instock","bundle_stock_quantity":6,"bundle_virtual":false,"bundle_layout":"","bundle_add_to_cart_form_location":"","bundle_editable_in_cart":false,"bundle_sold_individually_context":"","bundle_item_grouping":"","bundle_min_size":"","bundle_max_size":"","bundled_items":[],"yoast_head":"<!-- This site is optimized with the Yoast SEO plugin v20.6 - https:\/\/yoast.com\/wordpress\/plugins\/seo\/ -->\n<title>FETISH FANTASY ESPOSAS PARA MU\u00d1ECAS ROSA CON CADENA - Tienda Er\u00f3tica<\/title>\n<meta name=\"robots\" content=\"noindex, follow, max-snippet:-1, max-image-preview:large, max-video-preview:-1\" \/>\n<meta property=\"og:locale\" content=\"es_ES\" \/>\n<meta property=\"og:type\" content=\"article\" \/>\n<meta property=\"og:title\" content=\"FETISH FANTASY ESPOSAS PARA MU\u00d1ECAS ROSA CON CADENA - Tienda Er\u00f3tica\" \/>\n<meta property=\"og:description\" content=\"FETISH FANTASY WRIST CUFFS PINK. Todos estar\u00e1n pensando en ellas! Suaves, rosas y hechas para que te puedas retorcer del\" \/>\n<meta property=\"og:url\" content=\"https:\/\/demoweb.info\/sexshop001\/producto\/fetish-fantasy-esposas-para-munecas-rosa-con-cadena\/\" \/>\n<meta property=\"og:site_name\" content=\"Tienda Er\u00f3tica\" \/>\n<meta property=\"article:modified_time\" content=\"2022-01-22T11:23:39+00:00\" \/>\n<meta property=\"og:image\" content=\"https:\/\/demoweb.info\/sexshop001\/wp-content\/uploads\/2022\/01\/FETISH-FANTASY-ESPOSAS-PARA-MUNECAS-ROSA-CON-CADENA.jpg\" \/>\n\t<meta property=\"og:image:width\" content=\"550\" \/>\n\t<meta property=\"og:image:height\" content=\"550\" \/>\n\t<meta property=\"og:image:type\" content=\"image\/jpeg\" \/>\n<meta name=\"twitter:card\" content=\"summary_large_image\" \/>\n<meta name=\"twitter:label1\" content=\"Tiempo de lectura\" \/>\n\t<meta name=\"twitter:data1\" content=\"1 minuto\" \/>\n<script type=\"application\/ld+json\" class=\"yoast-schema-graph\">{\"@context\":\"https:\/\/schema.org\",\"@graph\":[{\"@type\":\"WebPage\",\"@id\":\"https:\/\/demoweb.info\/sexshop001\/producto\/fetish-fantasy-esposas-para-munecas-rosa-con-cadena\/\",\"url\":\"https:\/\/demoweb.info\/sexshop001\/producto\/fetish-fantasy-esposas-para-munecas-rosa-con-cadena\/\",\"name\":\"FETISH FANTASY ESPOSAS PARA MU\u00d1ECAS ROSA CON CADENA - Tienda Er\u00f3tica\",\"isPartOf\":{\"@id\":\"https:\/\/demoweb.info\/sexshop001\/#website\"},\"datePublished\":\"2022-01-22T11:23:23+00:00\",\"dateModified\":\"2022-01-22T11:23:39+00:00\",\"breadcrumb\":{\"@id\":\"https:\/\/demoweb.info\/sexshop001\/producto\/fetish-fantasy-esposas-para-munecas-rosa-con-cadena\/#breadcrumb\"},\"inLanguage\":\"es\",\"potentialAction\":[{\"@type\":\"ReadAction\",\"target\":[\"https:\/\/demoweb.info\/sexshop001\/producto\/fetish-fantasy-esposas-para-munecas-rosa-con-cadena\/\"]}]},{\"@type\":\"BreadcrumbList\",\"@id\":\"https:\/\/demoweb.info\/sexshop001\/producto\/fetish-fantasy-esposas-para-munecas-rosa-con-cadena\/#breadcrumb\",\"itemListElement\":[{\"@type\":\"ListItem\",\"position\":1,\"name\":\"Portada\",\"item\":\"https:\/\/demoweb.info\/sexshop001\/\"},{\"@type\":\"ListItem\",\"position\":2,\"name\":\"Tienda\",\"item\":\"https:\/\/demoweb.info\/sexshop001\/tienda\/\"},{\"@type\":\"ListItem\",\"position\":3,\"name\":\"FETISH FANTASY ESPOSAS PARA MU\u00d1ECAS ROSA CON CADENA\"}]},{\"@type\":\"WebSite\",\"@id\":\"https:\/\/demoweb.info\/sexshop001\/#website\",\"url\":\"https:\/\/demoweb.info\/sexshop001\/\",\"name\":\"Tienda Er\u00f3tica\",\"description\":\"DEMOWEB SL\",\"potentialAction\":[{\"@type\":\"SearchAction\",\"target\":{\"@type\":\"EntryPoint\",\"urlTemplate\":\"https:\/\/demoweb.info\/sexshop001\/?s={search_term_string}\"},\"query-input\":\"required name=search_term_string\"}],\"inLanguage\":\"es\"}]}<\/script>\n<!-- \/ Yoast SEO plugin. -->","yoast_head_json":{"title":"FETISH FANTASY ESPOSAS PARA MU\u00d1ECAS ROSA CON CADENA - Tienda Er\u00f3tica","robots":{"index":"noindex","follow":"follow","max-snippet":"max-snippet:-1","max-image-preview":"max-image-preview:large","max-video-preview":"max-video-preview:-1"},"og_locale":"es_ES","og_type":"article","og_title":"FETISH FANTASY ESPOSAS PARA MU\u00d1ECAS ROSA CON CADENA - Tienda Er\u00f3tica","og_description":"FETISH FANTASY WRIST CUFFS PINK. Todos estar\u00e1n pensando en ellas! Suaves, rosas y hechas para que te puedas retorcer del","og_url":"https:\/\/demoweb.info\/sexshop001\/producto\/fetish-fantasy-esposas-para-munecas-rosa-con-cadena\/","og_site_name":"Tienda Er\u00f3tica","article_modified_time":"2022-01-22T11:23:39+00:00","og_image":[{"width":550,"height":550,"url":"https:\/\/demoweb.info\/sexshop001\/wp-content\/uploads\/2022\/01\/FETISH-FANTASY-ESPOSAS-PARA-MUNECAS-ROSA-CON-CADENA.jpg","type":"image\/jpeg"}],"twitter_card":"summary_large_image","twitter_misc":{"Tiempo de lectura":"1 minuto"},"schema":{"@context":"https:\/\/schema.org","@graph":[{"@type":"WebPage","@id":"https:\/\/demoweb.info\/sexshop001\/producto\/fetish-fantasy-esposas-para-munecas-rosa-con-cadena\/","url":"https:\/\/demoweb.info\/sexshop001\/producto\/fetish-fantasy-esposas-para-munecas-rosa-con-cadena\/","name":"FETISH FANTASY ESPOSAS PARA MU\u00d1ECAS ROSA CON CADENA - Tienda Er\u00f3tica","isPartOf":{"@id":"https:\/\/demoweb.info\/sexshop001\/#website"},"datePublished":"2022-01-22T11:23:23+00:00","dateModified":"2022-01-22T11:23:39+00:00","breadcrumb":{"@id":"https:\/\/demoweb.info\/sexshop001\/producto\/fetish-fantasy-esposas-para-munecas-rosa-con-cadena\/#breadcrumb"},"inLanguage":"es","potentialAction":[{"@type":"ReadAction","target":["https:\/\/demoweb.info\/sexshop001\/producto\/fetish-fantasy-esposas-para-munecas-rosa-con-cadena\/"]}]},{"@type":"BreadcrumbList","@id":"https:\/\/demoweb.info\/sexshop001\/producto\/fetish-fantasy-esposas-para-munecas-rosa-con-cadena\/#breadcrumb","itemListElement":[{"@type":"ListItem","position":1,"name":"Portada","item":"https:\/\/demoweb.info\/sexshop001\/"},{"@type":"ListItem","position":2,"name":"Tienda","item":"https:\/\/demoweb.info\/sexshop001\/tienda\/"},{"@type":"ListItem","position":3,"name":"FETISH FANTASY ESPOSAS PARA MU\u00d1ECAS ROSA CON CADENA"}]},{"@type":"WebSite","@id":"https:\/\/demoweb.info\/sexshop001\/#website","url":"https:\/\/demoweb.info\/sexshop001\/","name":"Tienda Er\u00f3tica","description":"DEMOWEB SL","potentialAction":[{"@type":"SearchAction","target":{"@type":"EntryPoint","urlTemplate":"https:\/\/demoweb.info\/sexshop001\/?s={search_term_string}"},"query-input":"required name=search_term_string"}],"inLanguage":"es"}]}},"_links":{"self":[{"href":"https:\/\/demoweb.info\/sexshop001\/wp-json\/wp\/v3\/product\/28624","targetHints":{"allow":["GET"]}}],"collection":[{"href":"https:\/\/demoweb.info\/sexshop001\/wp-json\/wp\/v3\/product"}],"about":[{"href":"https:\/\/demoweb.info\/sexshop001\/wp-json\/wp\/v2\/types\/product"}],"replies":[{"embeddable":true,"href":"https:\/\/demoweb.info\/sexshop001\/wp-json\/wp\/v2\/comments?post=28624"}],"wp:featuredmedia":[{"embeddable":true,"href":"https:\/\/demoweb.info\/sexshop001\/wp-json\/wp\/v2\/media\/28625"}],"wp:attachment":[{"href":"https:\/\/demoweb.info\/sexshop001\/wp-json\/wp\/v2\/media?parent=28624"}],"wp:term":[{"taxonomy":"product_cat","embeddable":true,"href":"https:\/\/demoweb.info\/sexshop001\/wp-json\/wp\/v2\/product_cat?post=28624"},{"taxonomy":"product_tag","embeddable":true,"href":"https:\/\/demoweb.info\/sexshop001\/wp-json\/wp\/v2\/product_tag?post=28624"}],"curies":[{"name":"wp","href":"https:\/\/api.w.org\/{rel}","templated":true}]}}