{"id":28609,"date":"2022-01-22T12:23:23","date_gmt":"2022-01-22T11:23:23","guid":{"rendered":"https:\/\/demoweb.info\/sexshop001\/producto\/fetish-fantasy-pinzas-de-pezones-con-vibrador-3\/"},"modified":"2022-01-22T12:23:30","modified_gmt":"2022-01-22T11:23:30","slug":"fetish-fantasy-pinzas-de-pezones-con-vibrador-3","status":"publish","type":"product","link":"https:\/\/demoweb.info\/sexshop001\/producto\/fetish-fantasy-pinzas-de-pezones-con-vibrador-3\/","title":{"rendered":"FETISH FANTASY PINZAS DE PEZONES CON VIBRADOR"},"content":{"rendered":"<p><strong>FETISH FANTASY VIBRATING NIPPLE CLAMPS<\/strong>.<\/p>\n<p>Haz que tus pezones se animen con el placer que te transmitir\u00e1n estas pinzas para los pezones con vibraci\u00f3n. Con 10 patrones de vibraci\u00f3n, podr\u00e1s elegir el que sea \u00f3ptimo para ti, \u00bfa que nunca hab\u00eda sido tan divertido jugar con tus pezones?<\/p>\n<p>Elige la tensi\u00f3n que quieres para ellos con el tornillo regulador, escoge la funci\u00f3n que m\u00e1s te guste y deja que las seductoras vibraciones te provoquen y te exciten!<\/p>\n<p>Pru\u00e9balas con la mascara que incluye de regalo, para aumentar la sensibilidad de tus sentidos.<\/p>\n","protected":false},"excerpt":{"rendered":"<p>FETISH FANTASY VIBRATING NIPPLE CLAMPS. Haz que tus pezones se animen con el placer que te transmitir\u00e1n estas pinzas para<\/p>\n","protected":false},"featured_media":28610,"comment_status":"open","ping_status":"open","template":"","meta":[],"product_cat":[705],"product_tag":[260,259],"class_list":["post-28609","product","type-product","status-publish","has-post-thumbnail","hentry","product_cat-con-vibracion-pinzas-pezones","product_tag-fetish-fantasy-series","product_tag-pipedream"],"bundled_by":[],"bundle_stock_status":"instock","bundle_stock_quantity":1,"bundle_virtual":false,"bundle_layout":"","bundle_add_to_cart_form_location":"","bundle_editable_in_cart":false,"bundle_sold_individually_context":"","bundle_item_grouping":"","bundle_min_size":"","bundle_max_size":"","bundled_items":[],"yoast_head":"<!-- This site is optimized with the Yoast SEO plugin v20.6 - https:\/\/yoast.com\/wordpress\/plugins\/seo\/ -->\n<title>FETISH FANTASY PINZAS DE PEZONES CON VIBRADOR - Tienda Er\u00f3tica<\/title>\n<meta name=\"robots\" content=\"noindex, follow, max-snippet:-1, max-image-preview:large, max-video-preview:-1\" \/>\n<meta property=\"og:locale\" content=\"es_ES\" \/>\n<meta property=\"og:type\" content=\"article\" \/>\n<meta property=\"og:title\" content=\"FETISH FANTASY PINZAS DE PEZONES CON VIBRADOR - Tienda Er\u00f3tica\" \/>\n<meta property=\"og:description\" content=\"FETISH FANTASY VIBRATING NIPPLE CLAMPS. Haz que tus pezones se animen con el placer que te transmitir\u00e1n estas pinzas para\" \/>\n<meta property=\"og:url\" content=\"https:\/\/demoweb.info\/sexshop001\/producto\/fetish-fantasy-pinzas-de-pezones-con-vibrador-3\/\" \/>\n<meta property=\"og:site_name\" content=\"Tienda Er\u00f3tica\" \/>\n<meta property=\"article:modified_time\" content=\"2022-01-22T11:23:30+00:00\" \/>\n<meta property=\"og:image\" content=\"https:\/\/demoweb.info\/sexshop001\/wp-content\/uploads\/2022\/01\/FETISH-FANTASY-PINZAS-DE-PEZONES-CON-VIBRADOR-4.jpg\" \/>\n\t<meta property=\"og:image:width\" content=\"550\" \/>\n\t<meta property=\"og:image:height\" content=\"550\" \/>\n\t<meta property=\"og:image:type\" content=\"image\/jpeg\" \/>\n<meta name=\"twitter:card\" content=\"summary_large_image\" \/>\n<meta name=\"twitter:label1\" content=\"Tiempo de lectura\" \/>\n\t<meta name=\"twitter:data1\" content=\"1 minuto\" \/>\n<script type=\"application\/ld+json\" class=\"yoast-schema-graph\">{\"@context\":\"https:\/\/schema.org\",\"@graph\":[{\"@type\":\"WebPage\",\"@id\":\"https:\/\/demoweb.info\/sexshop001\/producto\/fetish-fantasy-pinzas-de-pezones-con-vibrador-3\/\",\"url\":\"https:\/\/demoweb.info\/sexshop001\/producto\/fetish-fantasy-pinzas-de-pezones-con-vibrador-3\/\",\"name\":\"FETISH FANTASY PINZAS DE PEZONES CON VIBRADOR - Tienda Er\u00f3tica\",\"isPartOf\":{\"@id\":\"https:\/\/demoweb.info\/sexshop001\/#website\"},\"datePublished\":\"2022-01-22T11:23:23+00:00\",\"dateModified\":\"2022-01-22T11:23:30+00:00\",\"breadcrumb\":{\"@id\":\"https:\/\/demoweb.info\/sexshop001\/producto\/fetish-fantasy-pinzas-de-pezones-con-vibrador-3\/#breadcrumb\"},\"inLanguage\":\"es\",\"potentialAction\":[{\"@type\":\"ReadAction\",\"target\":[\"https:\/\/demoweb.info\/sexshop001\/producto\/fetish-fantasy-pinzas-de-pezones-con-vibrador-3\/\"]}]},{\"@type\":\"BreadcrumbList\",\"@id\":\"https:\/\/demoweb.info\/sexshop001\/producto\/fetish-fantasy-pinzas-de-pezones-con-vibrador-3\/#breadcrumb\",\"itemListElement\":[{\"@type\":\"ListItem\",\"position\":1,\"name\":\"Portada\",\"item\":\"https:\/\/demoweb.info\/sexshop001\/\"},{\"@type\":\"ListItem\",\"position\":2,\"name\":\"Tienda\",\"item\":\"https:\/\/demoweb.info\/sexshop001\/tienda\/\"},{\"@type\":\"ListItem\",\"position\":3,\"name\":\"FETISH FANTASY PINZAS DE PEZONES CON VIBRADOR\"}]},{\"@type\":\"WebSite\",\"@id\":\"https:\/\/demoweb.info\/sexshop001\/#website\",\"url\":\"https:\/\/demoweb.info\/sexshop001\/\",\"name\":\"Tienda Er\u00f3tica\",\"description\":\"DEMOWEB SL\",\"potentialAction\":[{\"@type\":\"SearchAction\",\"target\":{\"@type\":\"EntryPoint\",\"urlTemplate\":\"https:\/\/demoweb.info\/sexshop001\/?s={search_term_string}\"},\"query-input\":\"required name=search_term_string\"}],\"inLanguage\":\"es\"}]}<\/script>\n<!-- \/ Yoast SEO plugin. -->","yoast_head_json":{"title":"FETISH FANTASY PINZAS DE PEZONES CON VIBRADOR - Tienda Er\u00f3tica","robots":{"index":"noindex","follow":"follow","max-snippet":"max-snippet:-1","max-image-preview":"max-image-preview:large","max-video-preview":"max-video-preview:-1"},"og_locale":"es_ES","og_type":"article","og_title":"FETISH FANTASY PINZAS DE PEZONES CON VIBRADOR - Tienda Er\u00f3tica","og_description":"FETISH FANTASY VIBRATING NIPPLE CLAMPS. Haz que tus pezones se animen con el placer que te transmitir\u00e1n estas pinzas para","og_url":"https:\/\/demoweb.info\/sexshop001\/producto\/fetish-fantasy-pinzas-de-pezones-con-vibrador-3\/","og_site_name":"Tienda Er\u00f3tica","article_modified_time":"2022-01-22T11:23:30+00:00","og_image":[{"width":550,"height":550,"url":"https:\/\/demoweb.info\/sexshop001\/wp-content\/uploads\/2022\/01\/FETISH-FANTASY-PINZAS-DE-PEZONES-CON-VIBRADOR-4.jpg","type":"image\/jpeg"}],"twitter_card":"summary_large_image","twitter_misc":{"Tiempo de lectura":"1 minuto"},"schema":{"@context":"https:\/\/schema.org","@graph":[{"@type":"WebPage","@id":"https:\/\/demoweb.info\/sexshop001\/producto\/fetish-fantasy-pinzas-de-pezones-con-vibrador-3\/","url":"https:\/\/demoweb.info\/sexshop001\/producto\/fetish-fantasy-pinzas-de-pezones-con-vibrador-3\/","name":"FETISH FANTASY PINZAS DE PEZONES CON VIBRADOR - Tienda Er\u00f3tica","isPartOf":{"@id":"https:\/\/demoweb.info\/sexshop001\/#website"},"datePublished":"2022-01-22T11:23:23+00:00","dateModified":"2022-01-22T11:23:30+00:00","breadcrumb":{"@id":"https:\/\/demoweb.info\/sexshop001\/producto\/fetish-fantasy-pinzas-de-pezones-con-vibrador-3\/#breadcrumb"},"inLanguage":"es","potentialAction":[{"@type":"ReadAction","target":["https:\/\/demoweb.info\/sexshop001\/producto\/fetish-fantasy-pinzas-de-pezones-con-vibrador-3\/"]}]},{"@type":"BreadcrumbList","@id":"https:\/\/demoweb.info\/sexshop001\/producto\/fetish-fantasy-pinzas-de-pezones-con-vibrador-3\/#breadcrumb","itemListElement":[{"@type":"ListItem","position":1,"name":"Portada","item":"https:\/\/demoweb.info\/sexshop001\/"},{"@type":"ListItem","position":2,"name":"Tienda","item":"https:\/\/demoweb.info\/sexshop001\/tienda\/"},{"@type":"ListItem","position":3,"name":"FETISH FANTASY PINZAS DE PEZONES CON VIBRADOR"}]},{"@type":"WebSite","@id":"https:\/\/demoweb.info\/sexshop001\/#website","url":"https:\/\/demoweb.info\/sexshop001\/","name":"Tienda Er\u00f3tica","description":"DEMOWEB SL","potentialAction":[{"@type":"SearchAction","target":{"@type":"EntryPoint","urlTemplate":"https:\/\/demoweb.info\/sexshop001\/?s={search_term_string}"},"query-input":"required name=search_term_string"}],"inLanguage":"es"}]}},"_links":{"self":[{"href":"https:\/\/demoweb.info\/sexshop001\/wp-json\/wp\/v3\/product\/28609","targetHints":{"allow":["GET"]}}],"collection":[{"href":"https:\/\/demoweb.info\/sexshop001\/wp-json\/wp\/v3\/product"}],"about":[{"href":"https:\/\/demoweb.info\/sexshop001\/wp-json\/wp\/v2\/types\/product"}],"replies":[{"embeddable":true,"href":"https:\/\/demoweb.info\/sexshop001\/wp-json\/wp\/v2\/comments?post=28609"}],"wp:featuredmedia":[{"embeddable":true,"href":"https:\/\/demoweb.info\/sexshop001\/wp-json\/wp\/v2\/media\/28610"}],"wp:attachment":[{"href":"https:\/\/demoweb.info\/sexshop001\/wp-json\/wp\/v2\/media?parent=28609"}],"wp:term":[{"taxonomy":"product_cat","embeddable":true,"href":"https:\/\/demoweb.info\/sexshop001\/wp-json\/wp\/v2\/product_cat?post=28609"},{"taxonomy":"product_tag","embeddable":true,"href":"https:\/\/demoweb.info\/sexshop001\/wp-json\/wp\/v2\/product_tag?post=28609"}],"curies":[{"name":"wp","href":"https:\/\/api.w.org\/{rel}","templated":true}]}}