{"id":28599,"date":"2022-01-22T12:23:23","date_gmt":"2022-01-22T11:23:23","guid":{"rendered":"https:\/\/demoweb.info\/sexshop001\/producto\/fetish-fantasy-succionador-de-pezones-vibrador-multi-velocidad\/"},"modified":"2022-01-22T12:23:26","modified_gmt":"2022-01-22T11:23:26","slug":"fetish-fantasy-succionador-de-pezones-vibrador-multi-velocidad","status":"publish","type":"product","link":"https:\/\/demoweb.info\/sexshop001\/producto\/fetish-fantasy-succionador-de-pezones-vibrador-multi-velocidad\/","title":{"rendered":"FETISH FANTASY SUCCIONADOR DE PEZONES VIBRADOR MULTI VELOCIDAD"},"content":{"rendered":"<p><strong>FETISH FANTASY MULTI-SPEED VIBRATING NIPPLE PUMPS<\/strong>.<\/p>\n<p>Incrementa la pasi\u00f3n e incrementa tu placer con este magnifico succionador de pezones con vibraci\u00f3n. Estos seductores succionadores est\u00e1n acabados con unas suaves p\u00faas que provocan y excitan tus pezones cuando el vibrador est\u00e1 conectado. Aprieta la bomba de estilo m\u00e9dico hasta que se queden en su sitio, escoge la velocidad de vibraci\u00f3n que es \u00f3ptima para ti y deja que las sensaciones vibrantes invadan todo tu cuerpo. El poderoso succionador de pezones te permitir\u00e1 moverte sin problemas, ya que \u00e9stos permanecer\u00e1n en su sitio.<br \/>\nPerfecto para usarlo sola o en compa\u00f1\u00eda.<\/p>\n<p>Incluye m\u00e1scara de regalo.<\/p>\n","protected":false},"excerpt":{"rendered":"<p>FETISH FANTASY MULTI-SPEED VIBRATING NIPPLE PUMPS. Incrementa la pasi\u00f3n e incrementa tu placer con este magnifico succionador de pezones con<\/p>\n","protected":false},"featured_media":28600,"comment_status":"open","ping_status":"open","template":"","meta":[],"product_cat":[488],"product_tag":[260,259],"class_list":["post-28599","product","type-product","status-publish","has-post-thumbnail","hentry","product_cat-pezones","product_tag-fetish-fantasy-series","product_tag-pipedream"],"bundled_by":[],"bundle_stock_status":"outofstock","bundle_stock_quantity":0,"bundle_virtual":false,"bundle_layout":"","bundle_add_to_cart_form_location":"","bundle_editable_in_cart":false,"bundle_sold_individually_context":"","bundle_item_grouping":"","bundle_min_size":"","bundle_max_size":"","bundled_items":[],"yoast_head":"<!-- This site is optimized with the Yoast SEO plugin v20.6 - https:\/\/yoast.com\/wordpress\/plugins\/seo\/ -->\n<title>FETISH FANTASY SUCCIONADOR DE PEZONES VIBRADOR MULTI VELOCIDAD - Tienda Er\u00f3tica<\/title>\n<meta name=\"robots\" content=\"noindex, follow, max-snippet:-1, max-image-preview:large, max-video-preview:-1\" \/>\n<meta property=\"og:locale\" content=\"es_ES\" \/>\n<meta property=\"og:type\" content=\"article\" \/>\n<meta property=\"og:title\" content=\"FETISH FANTASY SUCCIONADOR DE PEZONES VIBRADOR MULTI VELOCIDAD - Tienda Er\u00f3tica\" \/>\n<meta property=\"og:description\" content=\"FETISH FANTASY MULTI-SPEED VIBRATING NIPPLE PUMPS. Incrementa la pasi\u00f3n e incrementa tu placer con este magnifico succionador de pezones con\" \/>\n<meta property=\"og:url\" content=\"https:\/\/demoweb.info\/sexshop001\/producto\/fetish-fantasy-succionador-de-pezones-vibrador-multi-velocidad\/\" \/>\n<meta property=\"og:site_name\" content=\"Tienda Er\u00f3tica\" \/>\n<meta property=\"article:modified_time\" content=\"2022-01-22T11:23:26+00:00\" \/>\n<meta property=\"og:image\" content=\"https:\/\/demoweb.info\/sexshop001\/wp-content\/uploads\/2022\/01\/FETISH-FANTASY-SUCCIONADOR-DE-PEZONES-VIBRADOR-MULTI-VELOCIDAD.jpg\" \/>\n\t<meta property=\"og:image:width\" content=\"550\" \/>\n\t<meta property=\"og:image:height\" content=\"550\" \/>\n\t<meta property=\"og:image:type\" content=\"image\/jpeg\" \/>\n<meta name=\"twitter:card\" content=\"summary_large_image\" \/>\n<meta name=\"twitter:label1\" content=\"Tiempo de lectura\" \/>\n\t<meta name=\"twitter:data1\" content=\"1 minuto\" \/>\n<script type=\"application\/ld+json\" class=\"yoast-schema-graph\">{\"@context\":\"https:\/\/schema.org\",\"@graph\":[{\"@type\":\"WebPage\",\"@id\":\"https:\/\/demoweb.info\/sexshop001\/producto\/fetish-fantasy-succionador-de-pezones-vibrador-multi-velocidad\/\",\"url\":\"https:\/\/demoweb.info\/sexshop001\/producto\/fetish-fantasy-succionador-de-pezones-vibrador-multi-velocidad\/\",\"name\":\"FETISH FANTASY SUCCIONADOR DE PEZONES VIBRADOR MULTI VELOCIDAD - Tienda Er\u00f3tica\",\"isPartOf\":{\"@id\":\"https:\/\/demoweb.info\/sexshop001\/#website\"},\"datePublished\":\"2022-01-22T11:23:23+00:00\",\"dateModified\":\"2022-01-22T11:23:26+00:00\",\"breadcrumb\":{\"@id\":\"https:\/\/demoweb.info\/sexshop001\/producto\/fetish-fantasy-succionador-de-pezones-vibrador-multi-velocidad\/#breadcrumb\"},\"inLanguage\":\"es\",\"potentialAction\":[{\"@type\":\"ReadAction\",\"target\":[\"https:\/\/demoweb.info\/sexshop001\/producto\/fetish-fantasy-succionador-de-pezones-vibrador-multi-velocidad\/\"]}]},{\"@type\":\"BreadcrumbList\",\"@id\":\"https:\/\/demoweb.info\/sexshop001\/producto\/fetish-fantasy-succionador-de-pezones-vibrador-multi-velocidad\/#breadcrumb\",\"itemListElement\":[{\"@type\":\"ListItem\",\"position\":1,\"name\":\"Portada\",\"item\":\"https:\/\/demoweb.info\/sexshop001\/\"},{\"@type\":\"ListItem\",\"position\":2,\"name\":\"Tienda\",\"item\":\"https:\/\/demoweb.info\/sexshop001\/tienda\/\"},{\"@type\":\"ListItem\",\"position\":3,\"name\":\"FETISH FANTASY SUCCIONADOR DE PEZONES VIBRADOR MULTI VELOCIDAD\"}]},{\"@type\":\"WebSite\",\"@id\":\"https:\/\/demoweb.info\/sexshop001\/#website\",\"url\":\"https:\/\/demoweb.info\/sexshop001\/\",\"name\":\"Tienda Er\u00f3tica\",\"description\":\"DEMOWEB SL\",\"potentialAction\":[{\"@type\":\"SearchAction\",\"target\":{\"@type\":\"EntryPoint\",\"urlTemplate\":\"https:\/\/demoweb.info\/sexshop001\/?s={search_term_string}\"},\"query-input\":\"required name=search_term_string\"}],\"inLanguage\":\"es\"}]}<\/script>\n<!-- \/ Yoast SEO plugin. -->","yoast_head_json":{"title":"FETISH FANTASY SUCCIONADOR DE PEZONES VIBRADOR MULTI VELOCIDAD - Tienda Er\u00f3tica","robots":{"index":"noindex","follow":"follow","max-snippet":"max-snippet:-1","max-image-preview":"max-image-preview:large","max-video-preview":"max-video-preview:-1"},"og_locale":"es_ES","og_type":"article","og_title":"FETISH FANTASY SUCCIONADOR DE PEZONES VIBRADOR MULTI VELOCIDAD - Tienda Er\u00f3tica","og_description":"FETISH FANTASY MULTI-SPEED VIBRATING NIPPLE PUMPS. Incrementa la pasi\u00f3n e incrementa tu placer con este magnifico succionador de pezones con","og_url":"https:\/\/demoweb.info\/sexshop001\/producto\/fetish-fantasy-succionador-de-pezones-vibrador-multi-velocidad\/","og_site_name":"Tienda Er\u00f3tica","article_modified_time":"2022-01-22T11:23:26+00:00","og_image":[{"width":550,"height":550,"url":"https:\/\/demoweb.info\/sexshop001\/wp-content\/uploads\/2022\/01\/FETISH-FANTASY-SUCCIONADOR-DE-PEZONES-VIBRADOR-MULTI-VELOCIDAD.jpg","type":"image\/jpeg"}],"twitter_card":"summary_large_image","twitter_misc":{"Tiempo de lectura":"1 minuto"},"schema":{"@context":"https:\/\/schema.org","@graph":[{"@type":"WebPage","@id":"https:\/\/demoweb.info\/sexshop001\/producto\/fetish-fantasy-succionador-de-pezones-vibrador-multi-velocidad\/","url":"https:\/\/demoweb.info\/sexshop001\/producto\/fetish-fantasy-succionador-de-pezones-vibrador-multi-velocidad\/","name":"FETISH FANTASY SUCCIONADOR DE PEZONES VIBRADOR MULTI VELOCIDAD - Tienda Er\u00f3tica","isPartOf":{"@id":"https:\/\/demoweb.info\/sexshop001\/#website"},"datePublished":"2022-01-22T11:23:23+00:00","dateModified":"2022-01-22T11:23:26+00:00","breadcrumb":{"@id":"https:\/\/demoweb.info\/sexshop001\/producto\/fetish-fantasy-succionador-de-pezones-vibrador-multi-velocidad\/#breadcrumb"},"inLanguage":"es","potentialAction":[{"@type":"ReadAction","target":["https:\/\/demoweb.info\/sexshop001\/producto\/fetish-fantasy-succionador-de-pezones-vibrador-multi-velocidad\/"]}]},{"@type":"BreadcrumbList","@id":"https:\/\/demoweb.info\/sexshop001\/producto\/fetish-fantasy-succionador-de-pezones-vibrador-multi-velocidad\/#breadcrumb","itemListElement":[{"@type":"ListItem","position":1,"name":"Portada","item":"https:\/\/demoweb.info\/sexshop001\/"},{"@type":"ListItem","position":2,"name":"Tienda","item":"https:\/\/demoweb.info\/sexshop001\/tienda\/"},{"@type":"ListItem","position":3,"name":"FETISH FANTASY SUCCIONADOR DE PEZONES VIBRADOR MULTI VELOCIDAD"}]},{"@type":"WebSite","@id":"https:\/\/demoweb.info\/sexshop001\/#website","url":"https:\/\/demoweb.info\/sexshop001\/","name":"Tienda Er\u00f3tica","description":"DEMOWEB SL","potentialAction":[{"@type":"SearchAction","target":{"@type":"EntryPoint","urlTemplate":"https:\/\/demoweb.info\/sexshop001\/?s={search_term_string}"},"query-input":"required name=search_term_string"}],"inLanguage":"es"}]}},"_links":{"self":[{"href":"https:\/\/demoweb.info\/sexshop001\/wp-json\/wp\/v3\/product\/28599","targetHints":{"allow":["GET"]}}],"collection":[{"href":"https:\/\/demoweb.info\/sexshop001\/wp-json\/wp\/v3\/product"}],"about":[{"href":"https:\/\/demoweb.info\/sexshop001\/wp-json\/wp\/v2\/types\/product"}],"replies":[{"embeddable":true,"href":"https:\/\/demoweb.info\/sexshop001\/wp-json\/wp\/v2\/comments?post=28599"}],"wp:featuredmedia":[{"embeddable":true,"href":"https:\/\/demoweb.info\/sexshop001\/wp-json\/wp\/v2\/media\/28600"}],"wp:attachment":[{"href":"https:\/\/demoweb.info\/sexshop001\/wp-json\/wp\/v2\/media?parent=28599"}],"wp:term":[{"taxonomy":"product_cat","embeddable":true,"href":"https:\/\/demoweb.info\/sexshop001\/wp-json\/wp\/v2\/product_cat?post=28599"},{"taxonomy":"product_tag","embeddable":true,"href":"https:\/\/demoweb.info\/sexshop001\/wp-json\/wp\/v2\/product_tag?post=28599"}],"curies":[{"name":"wp","href":"https:\/\/api.w.org\/{rel}","templated":true}]}}