{"id":28511,"date":"2022-01-22T12:22:15","date_gmt":"2022-01-22T11:22:15","guid":{"rendered":"https:\/\/demoweb.info\/sexshop001\/producto\/fetish-fantasy-arnes-super-penetrix\/"},"modified":"2022-01-22T12:22:35","modified_gmt":"2022-01-22T11:22:35","slug":"fetish-fantasy-arnes-super-penetrix","status":"publish","type":"product","link":"https:\/\/demoweb.info\/sexshop001\/producto\/fetish-fantasy-arnes-super-penetrix\/","title":{"rendered":"FETISH FANTASY ARNES SUPER PENETRIX"},"content":{"rendered":"<p><strong>FETISH FANTASY SUPER PENETRIX STRAP-ON<\/strong>.<\/p>\n<p>\u00bfQui\u00e9n dijo que los arneses solo pod\u00edan satisfacer al sujeto pasivo? Experimenta la sensaci\u00f3n de dar y recibir con este arn\u00e9s Super Penetrix. Con un peque\u00f1o vibrador estimulador vaginal para ti, junto al dildo para tu pareja, ambas disfrutar\u00e9is simult\u00e1neamente las emociones de usar un arn\u00e9s con el que satisfacereis cada deseo. Disfruta las vibraciones intensas e internas con cada empuje! El c\u00f3modo arn\u00e9s de vinilo se ajusta a casi todas las tallas, y con los controles de vibraci\u00f3n separados para cada dildo, tendr\u00e1s la estimulaci\u00f3n ah\u00ed donde m\u00e1s deseas. Lo mejor de todo es lo f\u00e1cil que es limpiarlo; con un poco del limpiador <strong>Toy Cleaner<\/strong> de Pipedream y agua tibia. Funciona con 4 pilas <strong>AA<\/strong> no incluidas.<\/p>\n<p>Medidas: Interno 8,5 cm. x 3 cm.; Externo 13 cm. x 2,6 cm.<\/p>\n<p>Incluye una m\u00e1scara de regalo.<\/p>\n","protected":false},"excerpt":{"rendered":"<p>FETISH FANTASY SUPER PENETRIX STRAP-ON. \u00bfQui\u00e9n dijo que los arneses solo pod\u00edan satisfacer al sujeto pasivo? Experimenta la sensaci\u00f3n de<\/p>\n","protected":false},"featured_media":28512,"comment_status":"open","ping_status":"open","template":"","meta":[],"product_cat":[483],"product_tag":[260,259],"class_list":["post-28511","product","type-product","status-publish","has-post-thumbnail","hentry","product_cat-vibradores-con-pene","product_tag-fetish-fantasy-series","product_tag-pipedream"],"bundled_by":[],"bundle_stock_status":"instock","bundle_stock_quantity":5,"bundle_virtual":false,"bundle_layout":"","bundle_add_to_cart_form_location":"","bundle_editable_in_cart":false,"bundle_sold_individually_context":"","bundle_item_grouping":"","bundle_min_size":"","bundle_max_size":"","bundled_items":[],"yoast_head":"<!-- This site is optimized with the Yoast SEO plugin v20.6 - https:\/\/yoast.com\/wordpress\/plugins\/seo\/ -->\n<title>FETISH FANTASY ARNES SUPER PENETRIX - Tienda Er\u00f3tica<\/title>\n<meta name=\"robots\" content=\"noindex, follow, max-snippet:-1, max-image-preview:large, max-video-preview:-1\" \/>\n<meta property=\"og:locale\" content=\"es_ES\" \/>\n<meta property=\"og:type\" content=\"article\" \/>\n<meta property=\"og:title\" content=\"FETISH FANTASY ARNES SUPER PENETRIX - Tienda Er\u00f3tica\" \/>\n<meta property=\"og:description\" content=\"FETISH FANTASY SUPER PENETRIX STRAP-ON. \u00bfQui\u00e9n dijo que los arneses solo pod\u00edan satisfacer al sujeto pasivo? Experimenta la sensaci\u00f3n de\" \/>\n<meta property=\"og:url\" content=\"https:\/\/demoweb.info\/sexshop001\/producto\/fetish-fantasy-arnes-super-penetrix\/\" \/>\n<meta property=\"og:site_name\" content=\"Tienda Er\u00f3tica\" \/>\n<meta property=\"article:modified_time\" content=\"2022-01-22T11:22:35+00:00\" \/>\n<meta property=\"og:image\" content=\"https:\/\/demoweb.info\/sexshop001\/wp-content\/uploads\/2022\/01\/FETISH-FANTASY-ARNES-SUPER-PENETRIX.jpg\" \/>\n\t<meta property=\"og:image:width\" content=\"550\" \/>\n\t<meta property=\"og:image:height\" content=\"550\" \/>\n\t<meta property=\"og:image:type\" content=\"image\/jpeg\" \/>\n<meta name=\"twitter:card\" content=\"summary_large_image\" \/>\n<meta name=\"twitter:label1\" content=\"Tiempo de lectura\" \/>\n\t<meta name=\"twitter:data1\" content=\"1 minuto\" \/>\n<script type=\"application\/ld+json\" class=\"yoast-schema-graph\">{\"@context\":\"https:\/\/schema.org\",\"@graph\":[{\"@type\":\"WebPage\",\"@id\":\"https:\/\/demoweb.info\/sexshop001\/producto\/fetish-fantasy-arnes-super-penetrix\/\",\"url\":\"https:\/\/demoweb.info\/sexshop001\/producto\/fetish-fantasy-arnes-super-penetrix\/\",\"name\":\"FETISH FANTASY ARNES SUPER PENETRIX - Tienda Er\u00f3tica\",\"isPartOf\":{\"@id\":\"https:\/\/demoweb.info\/sexshop001\/#website\"},\"datePublished\":\"2022-01-22T11:22:15+00:00\",\"dateModified\":\"2022-01-22T11:22:35+00:00\",\"breadcrumb\":{\"@id\":\"https:\/\/demoweb.info\/sexshop001\/producto\/fetish-fantasy-arnes-super-penetrix\/#breadcrumb\"},\"inLanguage\":\"es\",\"potentialAction\":[{\"@type\":\"ReadAction\",\"target\":[\"https:\/\/demoweb.info\/sexshop001\/producto\/fetish-fantasy-arnes-super-penetrix\/\"]}]},{\"@type\":\"BreadcrumbList\",\"@id\":\"https:\/\/demoweb.info\/sexshop001\/producto\/fetish-fantasy-arnes-super-penetrix\/#breadcrumb\",\"itemListElement\":[{\"@type\":\"ListItem\",\"position\":1,\"name\":\"Portada\",\"item\":\"https:\/\/demoweb.info\/sexshop001\/\"},{\"@type\":\"ListItem\",\"position\":2,\"name\":\"Tienda\",\"item\":\"https:\/\/demoweb.info\/sexshop001\/tienda\/\"},{\"@type\":\"ListItem\",\"position\":3,\"name\":\"FETISH FANTASY ARNES SUPER PENETRIX\"}]},{\"@type\":\"WebSite\",\"@id\":\"https:\/\/demoweb.info\/sexshop001\/#website\",\"url\":\"https:\/\/demoweb.info\/sexshop001\/\",\"name\":\"Tienda Er\u00f3tica\",\"description\":\"DEMOWEB SL\",\"potentialAction\":[{\"@type\":\"SearchAction\",\"target\":{\"@type\":\"EntryPoint\",\"urlTemplate\":\"https:\/\/demoweb.info\/sexshop001\/?s={search_term_string}\"},\"query-input\":\"required name=search_term_string\"}],\"inLanguage\":\"es\"}]}<\/script>\n<!-- \/ Yoast SEO plugin. -->","yoast_head_json":{"title":"FETISH FANTASY ARNES SUPER PENETRIX - Tienda Er\u00f3tica","robots":{"index":"noindex","follow":"follow","max-snippet":"max-snippet:-1","max-image-preview":"max-image-preview:large","max-video-preview":"max-video-preview:-1"},"og_locale":"es_ES","og_type":"article","og_title":"FETISH FANTASY ARNES SUPER PENETRIX - Tienda Er\u00f3tica","og_description":"FETISH FANTASY SUPER PENETRIX STRAP-ON. \u00bfQui\u00e9n dijo que los arneses solo pod\u00edan satisfacer al sujeto pasivo? Experimenta la sensaci\u00f3n de","og_url":"https:\/\/demoweb.info\/sexshop001\/producto\/fetish-fantasy-arnes-super-penetrix\/","og_site_name":"Tienda Er\u00f3tica","article_modified_time":"2022-01-22T11:22:35+00:00","og_image":[{"width":550,"height":550,"url":"https:\/\/demoweb.info\/sexshop001\/wp-content\/uploads\/2022\/01\/FETISH-FANTASY-ARNES-SUPER-PENETRIX.jpg","type":"image\/jpeg"}],"twitter_card":"summary_large_image","twitter_misc":{"Tiempo de lectura":"1 minuto"},"schema":{"@context":"https:\/\/schema.org","@graph":[{"@type":"WebPage","@id":"https:\/\/demoweb.info\/sexshop001\/producto\/fetish-fantasy-arnes-super-penetrix\/","url":"https:\/\/demoweb.info\/sexshop001\/producto\/fetish-fantasy-arnes-super-penetrix\/","name":"FETISH FANTASY ARNES SUPER PENETRIX - Tienda Er\u00f3tica","isPartOf":{"@id":"https:\/\/demoweb.info\/sexshop001\/#website"},"datePublished":"2022-01-22T11:22:15+00:00","dateModified":"2022-01-22T11:22:35+00:00","breadcrumb":{"@id":"https:\/\/demoweb.info\/sexshop001\/producto\/fetish-fantasy-arnes-super-penetrix\/#breadcrumb"},"inLanguage":"es","potentialAction":[{"@type":"ReadAction","target":["https:\/\/demoweb.info\/sexshop001\/producto\/fetish-fantasy-arnes-super-penetrix\/"]}]},{"@type":"BreadcrumbList","@id":"https:\/\/demoweb.info\/sexshop001\/producto\/fetish-fantasy-arnes-super-penetrix\/#breadcrumb","itemListElement":[{"@type":"ListItem","position":1,"name":"Portada","item":"https:\/\/demoweb.info\/sexshop001\/"},{"@type":"ListItem","position":2,"name":"Tienda","item":"https:\/\/demoweb.info\/sexshop001\/tienda\/"},{"@type":"ListItem","position":3,"name":"FETISH FANTASY ARNES SUPER PENETRIX"}]},{"@type":"WebSite","@id":"https:\/\/demoweb.info\/sexshop001\/#website","url":"https:\/\/demoweb.info\/sexshop001\/","name":"Tienda Er\u00f3tica","description":"DEMOWEB SL","potentialAction":[{"@type":"SearchAction","target":{"@type":"EntryPoint","urlTemplate":"https:\/\/demoweb.info\/sexshop001\/?s={search_term_string}"},"query-input":"required name=search_term_string"}],"inLanguage":"es"}]}},"_links":{"self":[{"href":"https:\/\/demoweb.info\/sexshop001\/wp-json\/wp\/v3\/product\/28511","targetHints":{"allow":["GET"]}}],"collection":[{"href":"https:\/\/demoweb.info\/sexshop001\/wp-json\/wp\/v3\/product"}],"about":[{"href":"https:\/\/demoweb.info\/sexshop001\/wp-json\/wp\/v2\/types\/product"}],"replies":[{"embeddable":true,"href":"https:\/\/demoweb.info\/sexshop001\/wp-json\/wp\/v2\/comments?post=28511"}],"wp:featuredmedia":[{"embeddable":true,"href":"https:\/\/demoweb.info\/sexshop001\/wp-json\/wp\/v2\/media\/28512"}],"wp:attachment":[{"href":"https:\/\/demoweb.info\/sexshop001\/wp-json\/wp\/v2\/media?parent=28511"}],"wp:term":[{"taxonomy":"product_cat","embeddable":true,"href":"https:\/\/demoweb.info\/sexshop001\/wp-json\/wp\/v2\/product_cat?post=28511"},{"taxonomy":"product_tag","embeddable":true,"href":"https:\/\/demoweb.info\/sexshop001\/wp-json\/wp\/v2\/product_tag?post=28511"}],"curies":[{"name":"wp","href":"https:\/\/api.w.org\/{rel}","templated":true}]}}