{"id":28495,"date":"2022-01-22T12:22:15","date_gmt":"2022-01-22T11:22:15","guid":{"rendered":"https:\/\/demoweb.info\/sexshop001\/producto\/fetish-fantasy-arnes-hueco-para-el-y-ella-negro\/"},"modified":"2022-01-22T12:22:27","modified_gmt":"2022-01-22T11:22:27","slug":"fetish-fantasy-arnes-hueco-para-el-y-ella-negro","status":"publish","type":"product","link":"https:\/\/demoweb.info\/sexshop001\/producto\/fetish-fantasy-arnes-hueco-para-el-y-ella-negro\/","title":{"rendered":"FETISH FANTASY ARNES HUECO PARA EL Y ELLA NEGRO"},"content":{"rendered":"<p><strong>FETISH FANTASY HOLLOW STRAP-ON FOR HER OR HIM BLACK<\/strong>.<\/p>\n<p>Aqu\u00ed est\u00e1 el arn\u00e9s perfecto para ambos. Perfecto para los encuentros de mujer a mujer o para experimentar con la zona trasera. Muchos hombres aman las emociones sexuales anales y este arn\u00e9s le proporcionar\u00e1 esa emoci\u00f3n. El dildo hueco tambi\u00e9n puede ayudar a los hombres con dificultad para la erecci\u00f3n, o para los que no pueden aguantar m\u00e1s de un asalto seguido. El arn\u00e9s se adapta f\u00e1cilmente a la mayor\u00eda de tallas y son aptos tambi\u00e9n para las mujeres.<\/p>\n<p>Medidas:<\/p>\n<ul>\n<li>Longitud Insertable: 15 cm<\/li>\n<li>Ancho: 4.5 cm<\/li>\n<li>Longitud insertable interna: 10 cm<\/li>\n<li>Di\u00e1metro insertable interno: 3.5 cm<\/li>\n<\/ul>\n<p>Incluye una m\u00e1scara de regalo.<\/p>\n","protected":false},"excerpt":{"rendered":"<p>FETISH FANTASY HOLLOW STRAP-ON FOR HER OR HIM BLACK. Aqu\u00ed est\u00e1 el arn\u00e9s perfecto para ambos. Perfecto para los encuentros<\/p>\n","protected":false},"featured_media":28496,"comment_status":"open","ping_status":"open","template":"","meta":[],"product_cat":[481],"product_tag":[260,259],"class_list":["post-28495","product","type-product","status-publish","has-post-thumbnail","hentry","product_cat-huecos","product_tag-fetish-fantasy-series","product_tag-pipedream"],"bundled_by":[],"bundle_stock_status":"instock","bundle_stock_quantity":4,"bundle_virtual":false,"bundle_layout":"","bundle_add_to_cart_form_location":"","bundle_editable_in_cart":false,"bundle_sold_individually_context":"","bundle_item_grouping":"","bundle_min_size":"","bundle_max_size":"","bundled_items":[],"yoast_head":"<!-- This site is optimized with the Yoast SEO plugin v20.6 - https:\/\/yoast.com\/wordpress\/plugins\/seo\/ -->\n<title>FETISH FANTASY ARNES HUECO PARA EL Y ELLA NEGRO - Tienda Er\u00f3tica<\/title>\n<meta name=\"robots\" content=\"noindex, follow, max-snippet:-1, max-image-preview:large, max-video-preview:-1\" \/>\n<meta property=\"og:locale\" content=\"es_ES\" \/>\n<meta property=\"og:type\" content=\"article\" \/>\n<meta property=\"og:title\" content=\"FETISH FANTASY ARNES HUECO PARA EL Y ELLA NEGRO - Tienda Er\u00f3tica\" \/>\n<meta property=\"og:description\" content=\"FETISH FANTASY HOLLOW STRAP-ON FOR HER OR HIM BLACK. Aqu\u00ed est\u00e1 el arn\u00e9s perfecto para ambos. Perfecto para los encuentros\" \/>\n<meta property=\"og:url\" content=\"https:\/\/demoweb.info\/sexshop001\/producto\/fetish-fantasy-arnes-hueco-para-el-y-ella-negro\/\" \/>\n<meta property=\"og:site_name\" content=\"Tienda Er\u00f3tica\" \/>\n<meta property=\"article:modified_time\" content=\"2022-01-22T11:22:27+00:00\" \/>\n<meta property=\"og:image\" content=\"https:\/\/demoweb.info\/sexshop001\/wp-content\/uploads\/2022\/01\/FETISH-FANTASY-ARNES-HUECO-PARA-EL-Y-ELLA-NEGRO.jpg\" \/>\n\t<meta property=\"og:image:width\" content=\"550\" \/>\n\t<meta property=\"og:image:height\" content=\"550\" \/>\n\t<meta property=\"og:image:type\" content=\"image\/jpeg\" \/>\n<meta name=\"twitter:card\" content=\"summary_large_image\" \/>\n<meta name=\"twitter:label1\" content=\"Tiempo de lectura\" \/>\n\t<meta name=\"twitter:data1\" content=\"1 minuto\" \/>\n<script type=\"application\/ld+json\" class=\"yoast-schema-graph\">{\"@context\":\"https:\/\/schema.org\",\"@graph\":[{\"@type\":\"WebPage\",\"@id\":\"https:\/\/demoweb.info\/sexshop001\/producto\/fetish-fantasy-arnes-hueco-para-el-y-ella-negro\/\",\"url\":\"https:\/\/demoweb.info\/sexshop001\/producto\/fetish-fantasy-arnes-hueco-para-el-y-ella-negro\/\",\"name\":\"FETISH FANTASY ARNES HUECO PARA EL Y ELLA NEGRO - Tienda Er\u00f3tica\",\"isPartOf\":{\"@id\":\"https:\/\/demoweb.info\/sexshop001\/#website\"},\"datePublished\":\"2022-01-22T11:22:15+00:00\",\"dateModified\":\"2022-01-22T11:22:27+00:00\",\"breadcrumb\":{\"@id\":\"https:\/\/demoweb.info\/sexshop001\/producto\/fetish-fantasy-arnes-hueco-para-el-y-ella-negro\/#breadcrumb\"},\"inLanguage\":\"es\",\"potentialAction\":[{\"@type\":\"ReadAction\",\"target\":[\"https:\/\/demoweb.info\/sexshop001\/producto\/fetish-fantasy-arnes-hueco-para-el-y-ella-negro\/\"]}]},{\"@type\":\"BreadcrumbList\",\"@id\":\"https:\/\/demoweb.info\/sexshop001\/producto\/fetish-fantasy-arnes-hueco-para-el-y-ella-negro\/#breadcrumb\",\"itemListElement\":[{\"@type\":\"ListItem\",\"position\":1,\"name\":\"Portada\",\"item\":\"https:\/\/demoweb.info\/sexshop001\/\"},{\"@type\":\"ListItem\",\"position\":2,\"name\":\"Tienda\",\"item\":\"https:\/\/demoweb.info\/sexshop001\/tienda\/\"},{\"@type\":\"ListItem\",\"position\":3,\"name\":\"FETISH FANTASY ARNES HUECO PARA EL Y ELLA NEGRO\"}]},{\"@type\":\"WebSite\",\"@id\":\"https:\/\/demoweb.info\/sexshop001\/#website\",\"url\":\"https:\/\/demoweb.info\/sexshop001\/\",\"name\":\"Tienda Er\u00f3tica\",\"description\":\"DEMOWEB SL\",\"potentialAction\":[{\"@type\":\"SearchAction\",\"target\":{\"@type\":\"EntryPoint\",\"urlTemplate\":\"https:\/\/demoweb.info\/sexshop001\/?s={search_term_string}\"},\"query-input\":\"required name=search_term_string\"}],\"inLanguage\":\"es\"}]}<\/script>\n<!-- \/ Yoast SEO plugin. -->","yoast_head_json":{"title":"FETISH FANTASY ARNES HUECO PARA EL Y ELLA NEGRO - Tienda Er\u00f3tica","robots":{"index":"noindex","follow":"follow","max-snippet":"max-snippet:-1","max-image-preview":"max-image-preview:large","max-video-preview":"max-video-preview:-1"},"og_locale":"es_ES","og_type":"article","og_title":"FETISH FANTASY ARNES HUECO PARA EL Y ELLA NEGRO - Tienda Er\u00f3tica","og_description":"FETISH FANTASY HOLLOW STRAP-ON FOR HER OR HIM BLACK. Aqu\u00ed est\u00e1 el arn\u00e9s perfecto para ambos. Perfecto para los encuentros","og_url":"https:\/\/demoweb.info\/sexshop001\/producto\/fetish-fantasy-arnes-hueco-para-el-y-ella-negro\/","og_site_name":"Tienda Er\u00f3tica","article_modified_time":"2022-01-22T11:22:27+00:00","og_image":[{"width":550,"height":550,"url":"https:\/\/demoweb.info\/sexshop001\/wp-content\/uploads\/2022\/01\/FETISH-FANTASY-ARNES-HUECO-PARA-EL-Y-ELLA-NEGRO.jpg","type":"image\/jpeg"}],"twitter_card":"summary_large_image","twitter_misc":{"Tiempo de lectura":"1 minuto"},"schema":{"@context":"https:\/\/schema.org","@graph":[{"@type":"WebPage","@id":"https:\/\/demoweb.info\/sexshop001\/producto\/fetish-fantasy-arnes-hueco-para-el-y-ella-negro\/","url":"https:\/\/demoweb.info\/sexshop001\/producto\/fetish-fantasy-arnes-hueco-para-el-y-ella-negro\/","name":"FETISH FANTASY ARNES HUECO PARA EL Y ELLA NEGRO - Tienda Er\u00f3tica","isPartOf":{"@id":"https:\/\/demoweb.info\/sexshop001\/#website"},"datePublished":"2022-01-22T11:22:15+00:00","dateModified":"2022-01-22T11:22:27+00:00","breadcrumb":{"@id":"https:\/\/demoweb.info\/sexshop001\/producto\/fetish-fantasy-arnes-hueco-para-el-y-ella-negro\/#breadcrumb"},"inLanguage":"es","potentialAction":[{"@type":"ReadAction","target":["https:\/\/demoweb.info\/sexshop001\/producto\/fetish-fantasy-arnes-hueco-para-el-y-ella-negro\/"]}]},{"@type":"BreadcrumbList","@id":"https:\/\/demoweb.info\/sexshop001\/producto\/fetish-fantasy-arnes-hueco-para-el-y-ella-negro\/#breadcrumb","itemListElement":[{"@type":"ListItem","position":1,"name":"Portada","item":"https:\/\/demoweb.info\/sexshop001\/"},{"@type":"ListItem","position":2,"name":"Tienda","item":"https:\/\/demoweb.info\/sexshop001\/tienda\/"},{"@type":"ListItem","position":3,"name":"FETISH FANTASY ARNES HUECO PARA EL Y ELLA NEGRO"}]},{"@type":"WebSite","@id":"https:\/\/demoweb.info\/sexshop001\/#website","url":"https:\/\/demoweb.info\/sexshop001\/","name":"Tienda Er\u00f3tica","description":"DEMOWEB SL","potentialAction":[{"@type":"SearchAction","target":{"@type":"EntryPoint","urlTemplate":"https:\/\/demoweb.info\/sexshop001\/?s={search_term_string}"},"query-input":"required name=search_term_string"}],"inLanguage":"es"}]}},"_links":{"self":[{"href":"https:\/\/demoweb.info\/sexshop001\/wp-json\/wp\/v3\/product\/28495","targetHints":{"allow":["GET"]}}],"collection":[{"href":"https:\/\/demoweb.info\/sexshop001\/wp-json\/wp\/v3\/product"}],"about":[{"href":"https:\/\/demoweb.info\/sexshop001\/wp-json\/wp\/v2\/types\/product"}],"replies":[{"embeddable":true,"href":"https:\/\/demoweb.info\/sexshop001\/wp-json\/wp\/v2\/comments?post=28495"}],"wp:featuredmedia":[{"embeddable":true,"href":"https:\/\/demoweb.info\/sexshop001\/wp-json\/wp\/v2\/media\/28496"}],"wp:attachment":[{"href":"https:\/\/demoweb.info\/sexshop001\/wp-json\/wp\/v2\/media?parent=28495"}],"wp:term":[{"taxonomy":"product_cat","embeddable":true,"href":"https:\/\/demoweb.info\/sexshop001\/wp-json\/wp\/v2\/product_cat?post=28495"},{"taxonomy":"product_tag","embeddable":true,"href":"https:\/\/demoweb.info\/sexshop001\/wp-json\/wp\/v2\/product_tag?post=28495"}],"curies":[{"name":"wp","href":"https:\/\/api.w.org\/{rel}","templated":true}]}}