{"id":28422,"date":"2022-01-22T12:21:33","date_gmt":"2022-01-22T11:21:33","guid":{"rendered":"https:\/\/demoweb.info\/sexshop001\/producto\/fetish-fantasy-elite-doble-penetracion\/"},"modified":"2022-01-22T12:21:46","modified_gmt":"2022-01-22T11:21:46","slug":"fetish-fantasy-elite-doble-penetracion","status":"publish","type":"product","link":"https:\/\/demoweb.info\/sexshop001\/producto\/fetish-fantasy-elite-doble-penetracion\/","title":{"rendered":"FETISH FANTASY ELITE DOBLE PENETRACION"},"content":{"rendered":"<p><strong>FETISH FANTASY ELITE DOUBLE TROUBLE<\/strong>.<\/p>\n<p>Disfruta el doble y divi\u00e9rtete el doble&#8230; Con este anillo con pene, dos es mejor que uno! El anillo de silicona en la parte superior del pene act\u00faa como un anillo para mejorar el rendimiento, mientras que el anillo inferior m\u00e1s grande que rodea los test\u00edculos intensifica sus orgasmos. Al instante el hombre se convierte en el doble de lo que era antes, gracias al dildo de silicona suave que se sit\u00faa por debajo de su pene y est\u00e1 listo para trabajar el doble.<\/p>\n<p>El dildo de silicona tiene la punta c\u00f3nica para facilitar la entrada y es suave. Es lo suficientemente firme para que no se doble durante la penetraci\u00f3n. Con este peque\u00f1o y pr\u00e1ctico arn\u00e9s, tu pareja y tu podr\u00e9is experimentar la emoci\u00f3n de la doble penetraci\u00f3n sin tener que involucrar a otro compa\u00f1ero!<\/p>\n<p>Fabricado con silicona m\u00e9dica 100% de alta calidad, este masajeador de cl\u00edtoris es seguro para el cuerpo humano, hipoalerg\u00e9nico y r\u00e1pidamente se calienta hasta alcanzar la temperatura corporal, dando a los usuarios la estimulaci\u00f3n m\u00e1s realista jam\u00e1s imaginada. Es libre de ftalatos, libre de l\u00e1tex, no poroso y el juguete sexual con el material m\u00e1s seguro del mercado de hoy en d\u00eda!<\/p>\n<p>La limpieza es muy sencilla despu\u00e9s de la diversi\u00f3n, pudi\u00e9ndolo introducir en el lavavajillas, esterilizando en agua hirviendo o con el limpiador de juguetes <strong>Pipedream<\/strong> y agua tibia.<\/p>\n<p>Incluye m\u00e1scara, lubricante y limpiador de juguetes de regalo.<\/p>\n<p>Medidas:<\/p>\n<ul>\n<li>Longitud total: 15 cm<\/li>\n<li>Longitud insertable: 14 cm<\/li>\n<li>Di\u00e1metro del dildo: 2,5 cm<\/li>\n<li>Di\u00e1metro del anillo para el pene: 2,5 cm<\/li>\n<li>Di\u00e1metro del anillo para test\u00edculos: 4,3 cm<\/li>\n<\/ul>\n","protected":false},"excerpt":{"rendered":"<p>FETISH FANTASY ELITE DOUBLE TROUBLE. Disfruta el doble y divi\u00e9rtete el doble&#8230; Con este anillo con pene, dos es mejor<\/p>\n","protected":false},"featured_media":28423,"comment_status":"open","ping_status":"open","template":"","meta":[],"product_cat":[559],"product_tag":[482,259],"class_list":["post-28422","product","type-product","status-publish","has-post-thumbnail","hentry","product_cat-con-dildo","product_tag-fetish-fantasy-elite","product_tag-pipedream"],"bundled_by":[],"bundle_stock_status":"instock","bundle_stock_quantity":1,"bundle_virtual":false,"bundle_layout":"","bundle_add_to_cart_form_location":"","bundle_editable_in_cart":false,"bundle_sold_individually_context":"","bundle_item_grouping":"","bundle_min_size":"","bundle_max_size":"","bundled_items":[],"yoast_head":"<!-- This site is optimized with the Yoast SEO plugin v20.6 - https:\/\/yoast.com\/wordpress\/plugins\/seo\/ -->\n<title>FETISH FANTASY ELITE DOBLE PENETRACION - Tienda Er\u00f3tica<\/title>\n<meta name=\"robots\" content=\"noindex, follow, max-snippet:-1, max-image-preview:large, max-video-preview:-1\" \/>\n<meta property=\"og:locale\" content=\"es_ES\" \/>\n<meta property=\"og:type\" content=\"article\" \/>\n<meta property=\"og:title\" content=\"FETISH FANTASY ELITE DOBLE PENETRACION - Tienda Er\u00f3tica\" \/>\n<meta property=\"og:description\" content=\"FETISH FANTASY ELITE DOUBLE TROUBLE. Disfruta el doble y divi\u00e9rtete el doble&#8230; Con este anillo con pene, dos es mejor\" \/>\n<meta property=\"og:url\" content=\"https:\/\/demoweb.info\/sexshop001\/producto\/fetish-fantasy-elite-doble-penetracion\/\" \/>\n<meta property=\"og:site_name\" content=\"Tienda Er\u00f3tica\" \/>\n<meta property=\"article:modified_time\" content=\"2022-01-22T11:21:46+00:00\" \/>\n<meta property=\"og:image\" content=\"https:\/\/demoweb.info\/sexshop001\/wp-content\/uploads\/2022\/01\/FETISH-FANTASY-ELITE-DOBLE-PENETRACION.jpg\" \/>\n\t<meta property=\"og:image:width\" content=\"550\" \/>\n\t<meta property=\"og:image:height\" content=\"550\" \/>\n\t<meta property=\"og:image:type\" content=\"image\/jpeg\" \/>\n<meta name=\"twitter:card\" content=\"summary_large_image\" \/>\n<meta name=\"twitter:label1\" content=\"Tiempo de lectura\" \/>\n\t<meta name=\"twitter:data1\" content=\"1 minuto\" \/>\n<script type=\"application\/ld+json\" class=\"yoast-schema-graph\">{\"@context\":\"https:\/\/schema.org\",\"@graph\":[{\"@type\":\"WebPage\",\"@id\":\"https:\/\/demoweb.info\/sexshop001\/producto\/fetish-fantasy-elite-doble-penetracion\/\",\"url\":\"https:\/\/demoweb.info\/sexshop001\/producto\/fetish-fantasy-elite-doble-penetracion\/\",\"name\":\"FETISH FANTASY ELITE DOBLE PENETRACION - Tienda Er\u00f3tica\",\"isPartOf\":{\"@id\":\"https:\/\/demoweb.info\/sexshop001\/#website\"},\"datePublished\":\"2022-01-22T11:21:33+00:00\",\"dateModified\":\"2022-01-22T11:21:46+00:00\",\"breadcrumb\":{\"@id\":\"https:\/\/demoweb.info\/sexshop001\/producto\/fetish-fantasy-elite-doble-penetracion\/#breadcrumb\"},\"inLanguage\":\"es\",\"potentialAction\":[{\"@type\":\"ReadAction\",\"target\":[\"https:\/\/demoweb.info\/sexshop001\/producto\/fetish-fantasy-elite-doble-penetracion\/\"]}]},{\"@type\":\"BreadcrumbList\",\"@id\":\"https:\/\/demoweb.info\/sexshop001\/producto\/fetish-fantasy-elite-doble-penetracion\/#breadcrumb\",\"itemListElement\":[{\"@type\":\"ListItem\",\"position\":1,\"name\":\"Portada\",\"item\":\"https:\/\/demoweb.info\/sexshop001\/\"},{\"@type\":\"ListItem\",\"position\":2,\"name\":\"Tienda\",\"item\":\"https:\/\/demoweb.info\/sexshop001\/tienda\/\"},{\"@type\":\"ListItem\",\"position\":3,\"name\":\"FETISH FANTASY ELITE DOBLE PENETRACION\"}]},{\"@type\":\"WebSite\",\"@id\":\"https:\/\/demoweb.info\/sexshop001\/#website\",\"url\":\"https:\/\/demoweb.info\/sexshop001\/\",\"name\":\"Tienda Er\u00f3tica\",\"description\":\"DEMOWEB SL\",\"potentialAction\":[{\"@type\":\"SearchAction\",\"target\":{\"@type\":\"EntryPoint\",\"urlTemplate\":\"https:\/\/demoweb.info\/sexshop001\/?s={search_term_string}\"},\"query-input\":\"required name=search_term_string\"}],\"inLanguage\":\"es\"}]}<\/script>\n<!-- \/ Yoast SEO plugin. -->","yoast_head_json":{"title":"FETISH FANTASY ELITE DOBLE PENETRACION - Tienda Er\u00f3tica","robots":{"index":"noindex","follow":"follow","max-snippet":"max-snippet:-1","max-image-preview":"max-image-preview:large","max-video-preview":"max-video-preview:-1"},"og_locale":"es_ES","og_type":"article","og_title":"FETISH FANTASY ELITE DOBLE PENETRACION - Tienda Er\u00f3tica","og_description":"FETISH FANTASY ELITE DOUBLE TROUBLE. Disfruta el doble y divi\u00e9rtete el doble&#8230; Con este anillo con pene, dos es mejor","og_url":"https:\/\/demoweb.info\/sexshop001\/producto\/fetish-fantasy-elite-doble-penetracion\/","og_site_name":"Tienda Er\u00f3tica","article_modified_time":"2022-01-22T11:21:46+00:00","og_image":[{"width":550,"height":550,"url":"https:\/\/demoweb.info\/sexshop001\/wp-content\/uploads\/2022\/01\/FETISH-FANTASY-ELITE-DOBLE-PENETRACION.jpg","type":"image\/jpeg"}],"twitter_card":"summary_large_image","twitter_misc":{"Tiempo de lectura":"1 minuto"},"schema":{"@context":"https:\/\/schema.org","@graph":[{"@type":"WebPage","@id":"https:\/\/demoweb.info\/sexshop001\/producto\/fetish-fantasy-elite-doble-penetracion\/","url":"https:\/\/demoweb.info\/sexshop001\/producto\/fetish-fantasy-elite-doble-penetracion\/","name":"FETISH FANTASY ELITE DOBLE PENETRACION - Tienda Er\u00f3tica","isPartOf":{"@id":"https:\/\/demoweb.info\/sexshop001\/#website"},"datePublished":"2022-01-22T11:21:33+00:00","dateModified":"2022-01-22T11:21:46+00:00","breadcrumb":{"@id":"https:\/\/demoweb.info\/sexshop001\/producto\/fetish-fantasy-elite-doble-penetracion\/#breadcrumb"},"inLanguage":"es","potentialAction":[{"@type":"ReadAction","target":["https:\/\/demoweb.info\/sexshop001\/producto\/fetish-fantasy-elite-doble-penetracion\/"]}]},{"@type":"BreadcrumbList","@id":"https:\/\/demoweb.info\/sexshop001\/producto\/fetish-fantasy-elite-doble-penetracion\/#breadcrumb","itemListElement":[{"@type":"ListItem","position":1,"name":"Portada","item":"https:\/\/demoweb.info\/sexshop001\/"},{"@type":"ListItem","position":2,"name":"Tienda","item":"https:\/\/demoweb.info\/sexshop001\/tienda\/"},{"@type":"ListItem","position":3,"name":"FETISH FANTASY ELITE DOBLE PENETRACION"}]},{"@type":"WebSite","@id":"https:\/\/demoweb.info\/sexshop001\/#website","url":"https:\/\/demoweb.info\/sexshop001\/","name":"Tienda Er\u00f3tica","description":"DEMOWEB SL","potentialAction":[{"@type":"SearchAction","target":{"@type":"EntryPoint","urlTemplate":"https:\/\/demoweb.info\/sexshop001\/?s={search_term_string}"},"query-input":"required name=search_term_string"}],"inLanguage":"es"}]}},"_links":{"self":[{"href":"https:\/\/demoweb.info\/sexshop001\/wp-json\/wp\/v3\/product\/28422","targetHints":{"allow":["GET"]}}],"collection":[{"href":"https:\/\/demoweb.info\/sexshop001\/wp-json\/wp\/v3\/product"}],"about":[{"href":"https:\/\/demoweb.info\/sexshop001\/wp-json\/wp\/v2\/types\/product"}],"replies":[{"embeddable":true,"href":"https:\/\/demoweb.info\/sexshop001\/wp-json\/wp\/v2\/comments?post=28422"}],"wp:featuredmedia":[{"embeddable":true,"href":"https:\/\/demoweb.info\/sexshop001\/wp-json\/wp\/v2\/media\/28423"}],"wp:attachment":[{"href":"https:\/\/demoweb.info\/sexshop001\/wp-json\/wp\/v2\/media?parent=28422"}],"wp:term":[{"taxonomy":"product_cat","embeddable":true,"href":"https:\/\/demoweb.info\/sexshop001\/wp-json\/wp\/v2\/product_cat?post=28422"},{"taxonomy":"product_tag","embeddable":true,"href":"https:\/\/demoweb.info\/sexshop001\/wp-json\/wp\/v2\/product_tag?post=28422"}],"curies":[{"name":"wp","href":"https:\/\/api.w.org\/{rel}","templated":true}]}}