{"id":28417,"date":"2022-01-22T12:21:33","date_gmt":"2022-01-22T11:21:33","guid":{"rendered":"https:\/\/demoweb.info\/sexshop001\/producto\/fetish-fantasy-elite-arnes-universal-transpirable\/"},"modified":"2022-01-22T12:21:44","modified_gmt":"2022-01-22T11:21:44","slug":"fetish-fantasy-elite-arnes-universal-transpirable","status":"publish","type":"product","link":"https:\/\/demoweb.info\/sexshop001\/producto\/fetish-fantasy-elite-arnes-universal-transpirable\/","title":{"rendered":"FETISH FANTASY ELITE ARNES UNIVERSAL TRANSPIRABLE"},"content":{"rendered":"<p><font size=&quot;1&quot;><b>FETISH FANTASY ELITE UNIVERSAL BREATHABLE HARNESS<\/b>.<\/p>\n<p>El arn\u00e9s universal transpirable est\u00e1 hecho de spandex s\u00faper suave y lycra, y cuenta con una cinturilla el\u00e1stica. Ni siquiera te dar\u00e1s cuenta de que est\u00e1s llevando un arn\u00e9s, gracias al material ligero que deja respirar tu piel. El arn\u00e9s ultra c\u00f3modo combina dise\u00f1o y funcionalidad, por lo que es el \u00fanico arn\u00e9s que querr\u00e1s utilizar en todo momento.<\/p>\n<p>El arn\u00e9s universal viene con un anillo de silicona el\u00e1stico que se adapta a una gran variedad de dildos. A diferencia de la mayor\u00eda de los arneses de cuero o vinilo, este material se siente igual que tu tanga de algod\u00f3n favorito y transpira con facilidad cuando la acci\u00f3n se calienta. No hay roce, fricci\u00f3n o molestias en el cuerpo.<\/p>\n<p>Escoge el consolador que m\u00e1s te guste y disfrutar de un sexo con arn\u00e9s sensacional sin preocuparse por que se rompa o afloje. No hay roce, fricci\u00f3n o molestias en el cuerpo. Se adapta a una variedad de tama\u00f1os y tipos de cuerpo y funciona con cualquier consolador<br \/>\n<b>Fetish Fantasy Elite<\/b> con vibrador o sin. El c\u00f3modo arn\u00e9s te permite usarlo por per\u00edodos prolongados de tiempo, prolongando la diversi\u00f3n sin sacrificar su comodidad. Lo mejor de todo, no se afloja o se rompe durante el calor del momento.<\/p>\n<p>Para limpiar el arn\u00e9s solamente debes hacerlo a mano y dejarlo secar sobre una superficie plana. Se adapta al tama\u00f1o de la cintura hasta 107 cm.<\/p>\n<p>No incluye dildo.<\/font><\/p>\n","protected":false},"excerpt":{"rendered":"<p>FETISH FANTASY ELITE UNIVERSAL BREATHABLE HARNESS. El arn\u00e9s universal transpirable est\u00e1 hecho de spandex s\u00faper suave y lycra, y cuenta<\/p>\n","protected":false},"featured_media":28418,"comment_status":"open","ping_status":"open","template":"","meta":[],"product_cat":[780],"product_tag":[482,259],"class_list":["post-28417","product","type-product","status-publish","has-post-thumbnail","hentry","product_cat-basicos-arneses","product_tag-fetish-fantasy-elite","product_tag-pipedream"],"bundled_by":[],"bundle_stock_status":"outofstock","bundle_stock_quantity":0,"bundle_virtual":false,"bundle_layout":"","bundle_add_to_cart_form_location":"","bundle_editable_in_cart":false,"bundle_sold_individually_context":"","bundle_item_grouping":"","bundle_min_size":"","bundle_max_size":"","bundled_items":[],"yoast_head":"<!-- This site is optimized with the Yoast SEO plugin v20.6 - https:\/\/yoast.com\/wordpress\/plugins\/seo\/ -->\n<title>FETISH FANTASY ELITE ARNES UNIVERSAL TRANSPIRABLE - Tienda Er\u00f3tica<\/title>\n<meta name=\"robots\" content=\"noindex, follow, max-snippet:-1, max-image-preview:large, max-video-preview:-1\" \/>\n<meta property=\"og:locale\" content=\"es_ES\" \/>\n<meta property=\"og:type\" content=\"article\" \/>\n<meta property=\"og:title\" content=\"FETISH FANTASY ELITE ARNES UNIVERSAL TRANSPIRABLE - Tienda Er\u00f3tica\" \/>\n<meta property=\"og:description\" content=\"FETISH FANTASY ELITE UNIVERSAL BREATHABLE HARNESS. El arn\u00e9s universal transpirable est\u00e1 hecho de spandex s\u00faper suave y lycra, y cuenta\" \/>\n<meta property=\"og:url\" content=\"https:\/\/demoweb.info\/sexshop001\/producto\/fetish-fantasy-elite-arnes-universal-transpirable\/\" \/>\n<meta property=\"og:site_name\" content=\"Tienda Er\u00f3tica\" \/>\n<meta property=\"article:modified_time\" content=\"2022-01-22T11:21:44+00:00\" \/>\n<meta property=\"og:image\" content=\"https:\/\/demoweb.info\/sexshop001\/wp-content\/uploads\/2022\/01\/FETISH-FANTASY-ELITE-ARNES-UNIVERSAL-TRANSPIRABLE.jpg\" \/>\n\t<meta property=\"og:image:width\" content=\"550\" \/>\n\t<meta property=\"og:image:height\" content=\"550\" \/>\n\t<meta property=\"og:image:type\" content=\"image\/jpeg\" \/>\n<meta name=\"twitter:card\" content=\"summary_large_image\" \/>\n<meta name=\"twitter:label1\" content=\"Tiempo de lectura\" \/>\n\t<meta name=\"twitter:data1\" content=\"1 minuto\" \/>\n<script type=\"application\/ld+json\" class=\"yoast-schema-graph\">{\"@context\":\"https:\/\/schema.org\",\"@graph\":[{\"@type\":\"WebPage\",\"@id\":\"https:\/\/demoweb.info\/sexshop001\/producto\/fetish-fantasy-elite-arnes-universal-transpirable\/\",\"url\":\"https:\/\/demoweb.info\/sexshop001\/producto\/fetish-fantasy-elite-arnes-universal-transpirable\/\",\"name\":\"FETISH FANTASY ELITE ARNES UNIVERSAL TRANSPIRABLE - Tienda Er\u00f3tica\",\"isPartOf\":{\"@id\":\"https:\/\/demoweb.info\/sexshop001\/#website\"},\"datePublished\":\"2022-01-22T11:21:33+00:00\",\"dateModified\":\"2022-01-22T11:21:44+00:00\",\"breadcrumb\":{\"@id\":\"https:\/\/demoweb.info\/sexshop001\/producto\/fetish-fantasy-elite-arnes-universal-transpirable\/#breadcrumb\"},\"inLanguage\":\"es\",\"potentialAction\":[{\"@type\":\"ReadAction\",\"target\":[\"https:\/\/demoweb.info\/sexshop001\/producto\/fetish-fantasy-elite-arnes-universal-transpirable\/\"]}]},{\"@type\":\"BreadcrumbList\",\"@id\":\"https:\/\/demoweb.info\/sexshop001\/producto\/fetish-fantasy-elite-arnes-universal-transpirable\/#breadcrumb\",\"itemListElement\":[{\"@type\":\"ListItem\",\"position\":1,\"name\":\"Portada\",\"item\":\"https:\/\/demoweb.info\/sexshop001\/\"},{\"@type\":\"ListItem\",\"position\":2,\"name\":\"Tienda\",\"item\":\"https:\/\/demoweb.info\/sexshop001\/tienda\/\"},{\"@type\":\"ListItem\",\"position\":3,\"name\":\"FETISH FANTASY ELITE ARNES UNIVERSAL TRANSPIRABLE\"}]},{\"@type\":\"WebSite\",\"@id\":\"https:\/\/demoweb.info\/sexshop001\/#website\",\"url\":\"https:\/\/demoweb.info\/sexshop001\/\",\"name\":\"Tienda Er\u00f3tica\",\"description\":\"DEMOWEB SL\",\"potentialAction\":[{\"@type\":\"SearchAction\",\"target\":{\"@type\":\"EntryPoint\",\"urlTemplate\":\"https:\/\/demoweb.info\/sexshop001\/?s={search_term_string}\"},\"query-input\":\"required name=search_term_string\"}],\"inLanguage\":\"es\"}]}<\/script>\n<!-- \/ Yoast SEO plugin. -->","yoast_head_json":{"title":"FETISH FANTASY ELITE ARNES UNIVERSAL TRANSPIRABLE - Tienda Er\u00f3tica","robots":{"index":"noindex","follow":"follow","max-snippet":"max-snippet:-1","max-image-preview":"max-image-preview:large","max-video-preview":"max-video-preview:-1"},"og_locale":"es_ES","og_type":"article","og_title":"FETISH FANTASY ELITE ARNES UNIVERSAL TRANSPIRABLE - Tienda Er\u00f3tica","og_description":"FETISH FANTASY ELITE UNIVERSAL BREATHABLE HARNESS. El arn\u00e9s universal transpirable est\u00e1 hecho de spandex s\u00faper suave y lycra, y cuenta","og_url":"https:\/\/demoweb.info\/sexshop001\/producto\/fetish-fantasy-elite-arnes-universal-transpirable\/","og_site_name":"Tienda Er\u00f3tica","article_modified_time":"2022-01-22T11:21:44+00:00","og_image":[{"width":550,"height":550,"url":"https:\/\/demoweb.info\/sexshop001\/wp-content\/uploads\/2022\/01\/FETISH-FANTASY-ELITE-ARNES-UNIVERSAL-TRANSPIRABLE.jpg","type":"image\/jpeg"}],"twitter_card":"summary_large_image","twitter_misc":{"Tiempo de lectura":"1 minuto"},"schema":{"@context":"https:\/\/schema.org","@graph":[{"@type":"WebPage","@id":"https:\/\/demoweb.info\/sexshop001\/producto\/fetish-fantasy-elite-arnes-universal-transpirable\/","url":"https:\/\/demoweb.info\/sexshop001\/producto\/fetish-fantasy-elite-arnes-universal-transpirable\/","name":"FETISH FANTASY ELITE ARNES UNIVERSAL TRANSPIRABLE - Tienda Er\u00f3tica","isPartOf":{"@id":"https:\/\/demoweb.info\/sexshop001\/#website"},"datePublished":"2022-01-22T11:21:33+00:00","dateModified":"2022-01-22T11:21:44+00:00","breadcrumb":{"@id":"https:\/\/demoweb.info\/sexshop001\/producto\/fetish-fantasy-elite-arnes-universal-transpirable\/#breadcrumb"},"inLanguage":"es","potentialAction":[{"@type":"ReadAction","target":["https:\/\/demoweb.info\/sexshop001\/producto\/fetish-fantasy-elite-arnes-universal-transpirable\/"]}]},{"@type":"BreadcrumbList","@id":"https:\/\/demoweb.info\/sexshop001\/producto\/fetish-fantasy-elite-arnes-universal-transpirable\/#breadcrumb","itemListElement":[{"@type":"ListItem","position":1,"name":"Portada","item":"https:\/\/demoweb.info\/sexshop001\/"},{"@type":"ListItem","position":2,"name":"Tienda","item":"https:\/\/demoweb.info\/sexshop001\/tienda\/"},{"@type":"ListItem","position":3,"name":"FETISH FANTASY ELITE ARNES UNIVERSAL TRANSPIRABLE"}]},{"@type":"WebSite","@id":"https:\/\/demoweb.info\/sexshop001\/#website","url":"https:\/\/demoweb.info\/sexshop001\/","name":"Tienda Er\u00f3tica","description":"DEMOWEB SL","potentialAction":[{"@type":"SearchAction","target":{"@type":"EntryPoint","urlTemplate":"https:\/\/demoweb.info\/sexshop001\/?s={search_term_string}"},"query-input":"required name=search_term_string"}],"inLanguage":"es"}]}},"_links":{"self":[{"href":"https:\/\/demoweb.info\/sexshop001\/wp-json\/wp\/v3\/product\/28417","targetHints":{"allow":["GET"]}}],"collection":[{"href":"https:\/\/demoweb.info\/sexshop001\/wp-json\/wp\/v3\/product"}],"about":[{"href":"https:\/\/demoweb.info\/sexshop001\/wp-json\/wp\/v2\/types\/product"}],"replies":[{"embeddable":true,"href":"https:\/\/demoweb.info\/sexshop001\/wp-json\/wp\/v2\/comments?post=28417"}],"wp:featuredmedia":[{"embeddable":true,"href":"https:\/\/demoweb.info\/sexshop001\/wp-json\/wp\/v2\/media\/28418"}],"wp:attachment":[{"href":"https:\/\/demoweb.info\/sexshop001\/wp-json\/wp\/v2\/media?parent=28417"}],"wp:term":[{"taxonomy":"product_cat","embeddable":true,"href":"https:\/\/demoweb.info\/sexshop001\/wp-json\/wp\/v2\/product_cat?post=28417"},{"taxonomy":"product_tag","embeddable":true,"href":"https:\/\/demoweb.info\/sexshop001\/wp-json\/wp\/v2\/product_tag?post=28417"}],"curies":[{"name":"wp","href":"https:\/\/api.w.org\/{rel}","templated":true}]}}