{"id":28411,"date":"2022-01-22T12:21:33","date_gmt":"2022-01-22T11:21:33","guid":{"rendered":"https:\/\/demoweb.info\/sexshop001\/producto\/fetish-fantasy-elite-arnes-vibrador-hueco-22-cm-lila\/"},"modified":"2022-01-22T12:21:41","modified_gmt":"2022-01-22T11:21:41","slug":"fetish-fantasy-elite-arnes-vibrador-hueco-22-cm-lila","status":"publish","type":"product","link":"https:\/\/demoweb.info\/sexshop001\/producto\/fetish-fantasy-elite-arnes-vibrador-hueco-22-cm-lila\/","title":{"rendered":"FETISH FANTASY ELITE ARNES VIBRADOR HUECO 22 CM LILA"},"content":{"rendered":"<p><strong>FETISH FANTASY ELITE 22 CM VIBRATING HOLLOW STRAP-ON PURPLE<\/strong>.<\/p>\n<p>El arn\u00e9s hueco es perfecto para principiantes y puede ser usado por cualquiera de los dos. Para los hombres con disfunci\u00f3n er\u00e9ctil, el hueco de arn\u00e9s les permite tanto a disfrutar de la pasi\u00f3n del sexo cara a cara sin las embarazosas decepciones a mitad de camino. Cada correa del arn\u00e9s de silicona se adapta f\u00e1cilmente para adaptarse a la mayor\u00eda de los tama\u00f1os, y el arn\u00e9s permanece en el lugar c\u00f3modamente cuando el ambiente se calienta. Para ajustarlo, simplemente desliza las correas hasta que el cintur\u00f3n quede bien ajustado y las correas de los muslos queden apretados, a continuaci\u00f3n, conecta los clips de pl\u00e1stico en la parte trasera. Las correas no se mueven y no se sueltan con el calor del momento. Escoge la velocidad que es adecuada para ti y deja que las poderosas vibraciones te hagan tocar el cielo. El ultra silencioso motor, te proveer\u00e1 una estimulaci\u00f3n incre\u00edble, dentro o fuera del agua. Pru\u00e9balo en la ducha o en el spa y convierte la hora del ba\u00f1o en tu hora del placer! El vibrador funciona con 2 pilas <strong>AAA<\/strong> que no van incluidas. La limpieza es una obligaci\u00f3n despu\u00e9s de la diversi\u00f3n con el limpiador de de juguetes <strong>Pipedream<\/strong> y agua tibia. Se adapta a un 143 cm. de cintura.<\/p>\n<p>Incluye m\u00e1scara y muestras de lubricante y gel limpiador de juguetes.<\/p>\n<p>Medidas:<\/p>\n<ul>\n<li>Longitud Insertable: 20 cm<\/li>\n<li>Di\u00e1metro externo: 5 cm<\/li>\n<li>Longitud Interna: 12.5 cm<\/li>\n<li>Di\u00e1metro Interno: 3,25 cm<\/li>\n<\/ul>\n","protected":false},"excerpt":{"rendered":"<p>FETISH FANTASY ELITE 22 CM VIBRATING HOLLOW STRAP-ON PURPLE. El arn\u00e9s hueco es perfecto para principiantes y puede ser usado<\/p>\n","protected":false},"featured_media":28412,"comment_status":"open","ping_status":"open","template":"","meta":[],"product_cat":[631],"product_tag":[482,259],"class_list":["post-28411","product","type-product","status-publish","has-post-thumbnail","hentry","product_cat-huecos-con-dildo","product_tag-fetish-fantasy-elite","product_tag-pipedream"],"bundled_by":[],"bundle_stock_status":"instock","bundle_stock_quantity":2,"bundle_virtual":false,"bundle_layout":"","bundle_add_to_cart_form_location":"","bundle_editable_in_cart":false,"bundle_sold_individually_context":"","bundle_item_grouping":"","bundle_min_size":"","bundle_max_size":"","bundled_items":[],"yoast_head":"<!-- This site is optimized with the Yoast SEO plugin v20.6 - https:\/\/yoast.com\/wordpress\/plugins\/seo\/ -->\n<title>FETISH FANTASY ELITE ARNES VIBRADOR HUECO 22 CM LILA - Tienda Er\u00f3tica<\/title>\n<meta name=\"robots\" content=\"noindex, follow, max-snippet:-1, max-image-preview:large, max-video-preview:-1\" \/>\n<meta property=\"og:locale\" content=\"es_ES\" \/>\n<meta property=\"og:type\" content=\"article\" \/>\n<meta property=\"og:title\" content=\"FETISH FANTASY ELITE ARNES VIBRADOR HUECO 22 CM LILA - Tienda Er\u00f3tica\" \/>\n<meta property=\"og:description\" content=\"FETISH FANTASY ELITE 22 CM VIBRATING HOLLOW STRAP-ON PURPLE. El arn\u00e9s hueco es perfecto para principiantes y puede ser usado\" \/>\n<meta property=\"og:url\" content=\"https:\/\/demoweb.info\/sexshop001\/producto\/fetish-fantasy-elite-arnes-vibrador-hueco-22-cm-lila\/\" \/>\n<meta property=\"og:site_name\" content=\"Tienda Er\u00f3tica\" \/>\n<meta property=\"article:modified_time\" content=\"2022-01-22T11:21:41+00:00\" \/>\n<meta property=\"og:image\" content=\"https:\/\/demoweb.info\/sexshop001\/wp-content\/uploads\/2022\/01\/FETISH-FANTASY-ELITE-ARNES-VIBRADOR-HUECO-22-CM-LILA.jpg\" \/>\n\t<meta property=\"og:image:width\" content=\"550\" \/>\n\t<meta property=\"og:image:height\" content=\"550\" \/>\n\t<meta property=\"og:image:type\" content=\"image\/jpeg\" \/>\n<meta name=\"twitter:card\" content=\"summary_large_image\" \/>\n<meta name=\"twitter:label1\" content=\"Tiempo de lectura\" \/>\n\t<meta name=\"twitter:data1\" content=\"1 minuto\" \/>\n<script type=\"application\/ld+json\" class=\"yoast-schema-graph\">{\"@context\":\"https:\/\/schema.org\",\"@graph\":[{\"@type\":\"WebPage\",\"@id\":\"https:\/\/demoweb.info\/sexshop001\/producto\/fetish-fantasy-elite-arnes-vibrador-hueco-22-cm-lila\/\",\"url\":\"https:\/\/demoweb.info\/sexshop001\/producto\/fetish-fantasy-elite-arnes-vibrador-hueco-22-cm-lila\/\",\"name\":\"FETISH FANTASY ELITE ARNES VIBRADOR HUECO 22 CM LILA - Tienda Er\u00f3tica\",\"isPartOf\":{\"@id\":\"https:\/\/demoweb.info\/sexshop001\/#website\"},\"datePublished\":\"2022-01-22T11:21:33+00:00\",\"dateModified\":\"2022-01-22T11:21:41+00:00\",\"breadcrumb\":{\"@id\":\"https:\/\/demoweb.info\/sexshop001\/producto\/fetish-fantasy-elite-arnes-vibrador-hueco-22-cm-lila\/#breadcrumb\"},\"inLanguage\":\"es\",\"potentialAction\":[{\"@type\":\"ReadAction\",\"target\":[\"https:\/\/demoweb.info\/sexshop001\/producto\/fetish-fantasy-elite-arnes-vibrador-hueco-22-cm-lila\/\"]}]},{\"@type\":\"BreadcrumbList\",\"@id\":\"https:\/\/demoweb.info\/sexshop001\/producto\/fetish-fantasy-elite-arnes-vibrador-hueco-22-cm-lila\/#breadcrumb\",\"itemListElement\":[{\"@type\":\"ListItem\",\"position\":1,\"name\":\"Portada\",\"item\":\"https:\/\/demoweb.info\/sexshop001\/\"},{\"@type\":\"ListItem\",\"position\":2,\"name\":\"Tienda\",\"item\":\"https:\/\/demoweb.info\/sexshop001\/tienda\/\"},{\"@type\":\"ListItem\",\"position\":3,\"name\":\"FETISH FANTASY ELITE ARNES VIBRADOR HUECO 22 CM LILA\"}]},{\"@type\":\"WebSite\",\"@id\":\"https:\/\/demoweb.info\/sexshop001\/#website\",\"url\":\"https:\/\/demoweb.info\/sexshop001\/\",\"name\":\"Tienda Er\u00f3tica\",\"description\":\"DEMOWEB SL\",\"potentialAction\":[{\"@type\":\"SearchAction\",\"target\":{\"@type\":\"EntryPoint\",\"urlTemplate\":\"https:\/\/demoweb.info\/sexshop001\/?s={search_term_string}\"},\"query-input\":\"required name=search_term_string\"}],\"inLanguage\":\"es\"}]}<\/script>\n<!-- \/ Yoast SEO plugin. -->","yoast_head_json":{"title":"FETISH FANTASY ELITE ARNES VIBRADOR HUECO 22 CM LILA - Tienda Er\u00f3tica","robots":{"index":"noindex","follow":"follow","max-snippet":"max-snippet:-1","max-image-preview":"max-image-preview:large","max-video-preview":"max-video-preview:-1"},"og_locale":"es_ES","og_type":"article","og_title":"FETISH FANTASY ELITE ARNES VIBRADOR HUECO 22 CM LILA - Tienda Er\u00f3tica","og_description":"FETISH FANTASY ELITE 22 CM VIBRATING HOLLOW STRAP-ON PURPLE. El arn\u00e9s hueco es perfecto para principiantes y puede ser usado","og_url":"https:\/\/demoweb.info\/sexshop001\/producto\/fetish-fantasy-elite-arnes-vibrador-hueco-22-cm-lila\/","og_site_name":"Tienda Er\u00f3tica","article_modified_time":"2022-01-22T11:21:41+00:00","og_image":[{"width":550,"height":550,"url":"https:\/\/demoweb.info\/sexshop001\/wp-content\/uploads\/2022\/01\/FETISH-FANTASY-ELITE-ARNES-VIBRADOR-HUECO-22-CM-LILA.jpg","type":"image\/jpeg"}],"twitter_card":"summary_large_image","twitter_misc":{"Tiempo de lectura":"1 minuto"},"schema":{"@context":"https:\/\/schema.org","@graph":[{"@type":"WebPage","@id":"https:\/\/demoweb.info\/sexshop001\/producto\/fetish-fantasy-elite-arnes-vibrador-hueco-22-cm-lila\/","url":"https:\/\/demoweb.info\/sexshop001\/producto\/fetish-fantasy-elite-arnes-vibrador-hueco-22-cm-lila\/","name":"FETISH FANTASY ELITE ARNES VIBRADOR HUECO 22 CM LILA - Tienda Er\u00f3tica","isPartOf":{"@id":"https:\/\/demoweb.info\/sexshop001\/#website"},"datePublished":"2022-01-22T11:21:33+00:00","dateModified":"2022-01-22T11:21:41+00:00","breadcrumb":{"@id":"https:\/\/demoweb.info\/sexshop001\/producto\/fetish-fantasy-elite-arnes-vibrador-hueco-22-cm-lila\/#breadcrumb"},"inLanguage":"es","potentialAction":[{"@type":"ReadAction","target":["https:\/\/demoweb.info\/sexshop001\/producto\/fetish-fantasy-elite-arnes-vibrador-hueco-22-cm-lila\/"]}]},{"@type":"BreadcrumbList","@id":"https:\/\/demoweb.info\/sexshop001\/producto\/fetish-fantasy-elite-arnes-vibrador-hueco-22-cm-lila\/#breadcrumb","itemListElement":[{"@type":"ListItem","position":1,"name":"Portada","item":"https:\/\/demoweb.info\/sexshop001\/"},{"@type":"ListItem","position":2,"name":"Tienda","item":"https:\/\/demoweb.info\/sexshop001\/tienda\/"},{"@type":"ListItem","position":3,"name":"FETISH FANTASY ELITE ARNES VIBRADOR HUECO 22 CM LILA"}]},{"@type":"WebSite","@id":"https:\/\/demoweb.info\/sexshop001\/#website","url":"https:\/\/demoweb.info\/sexshop001\/","name":"Tienda Er\u00f3tica","description":"DEMOWEB SL","potentialAction":[{"@type":"SearchAction","target":{"@type":"EntryPoint","urlTemplate":"https:\/\/demoweb.info\/sexshop001\/?s={search_term_string}"},"query-input":"required name=search_term_string"}],"inLanguage":"es"}]}},"_links":{"self":[{"href":"https:\/\/demoweb.info\/sexshop001\/wp-json\/wp\/v3\/product\/28411","targetHints":{"allow":["GET"]}}],"collection":[{"href":"https:\/\/demoweb.info\/sexshop001\/wp-json\/wp\/v3\/product"}],"about":[{"href":"https:\/\/demoweb.info\/sexshop001\/wp-json\/wp\/v2\/types\/product"}],"replies":[{"embeddable":true,"href":"https:\/\/demoweb.info\/sexshop001\/wp-json\/wp\/v2\/comments?post=28411"}],"wp:featuredmedia":[{"embeddable":true,"href":"https:\/\/demoweb.info\/sexshop001\/wp-json\/wp\/v2\/media\/28412"}],"wp:attachment":[{"href":"https:\/\/demoweb.info\/sexshop001\/wp-json\/wp\/v2\/media?parent=28411"}],"wp:term":[{"taxonomy":"product_cat","embeddable":true,"href":"https:\/\/demoweb.info\/sexshop001\/wp-json\/wp\/v2\/product_cat?post=28411"},{"taxonomy":"product_tag","embeddable":true,"href":"https:\/\/demoweb.info\/sexshop001\/wp-json\/wp\/v2\/product_tag?post=28411"}],"curies":[{"name":"wp","href":"https:\/\/api.w.org\/{rel}","templated":true}]}}