{"id":28401,"date":"2022-01-22T12:21:33","date_gmt":"2022-01-22T11:21:33","guid":{"rendered":"https:\/\/demoweb.info\/sexshop001\/producto\/fetish-fantasy-elite-arnes-sin-sujecion-22-cm-negro\/"},"modified":"2022-01-22T12:21:37","modified_gmt":"2022-01-22T11:21:37","slug":"fetish-fantasy-elite-arnes-sin-sujecion-22-cm-negro","status":"publish","type":"product","link":"https:\/\/demoweb.info\/sexshop001\/producto\/fetish-fantasy-elite-arnes-sin-sujecion-22-cm-negro\/","title":{"rendered":"FETISH FANTASY ELITE ARNES SIN SUJECION 22 CM NEGRO"},"content":{"rendered":"<p><font size=&quot;1&quot;><b>FETISH FANTASY ELITE 22 CM STRAPLESS STRAP-ON BLACK<\/b>.<\/p>\n<p>Consigue una estimulaci\u00f3n sin utilizar las manos y sexo cara a cara con este fant\u00e1stico arn\u00e9s sin tiras. Curvado con un angulo perfecto, el arn\u00e9s permanece en su lugar con cada apasionada embestida. Su dise\u00f1o ergon\u00f3mico te permitir\u00e1 disfrutar de una penetraci\u00f3n sin necesidad de utilizar tus manos, ni de cintas ni cinturones. Es perfecto para ambos sexos y puede ser usado tanto para estimulaci\u00f3n anal, vaginal y con la mano.<\/p>\n<p>Todos los dildos de la colecci\u00f3n <b>\u00c9lite<\/b> se pueden limpiar en el lavavajillas y esterilizar con agua hirviendo, sin necesidad de utilizar ning\u00fan producto qu\u00edmico. Si prefieres utilizar un jab\u00f3n limpiador, la limpieza es una obligaci\u00f3n despu\u00e9s de la diversi\u00f3n, puedes utilizar el jab\u00f3n limpiador antibacteriano de <b>Pipedream<\/b> y agua tibia.<\/p>\n<p>Medidas: 20,5 x 3,5 cm. y 10,5 x 3,5 cm.<\/p>\n<p>Incluye m\u00e1scara y muestras de lubricante y gel limpiador de juguetes.<\/font><\/p>\n","protected":false},"excerpt":{"rendered":"<p>FETISH FANTASY ELITE 22 CM STRAPLESS STRAP-ON BLACK. Consigue una estimulaci\u00f3n sin utilizar las manos y sexo cara a cara<\/p>\n","protected":false},"featured_media":28402,"comment_status":"open","ping_status":"open","template":"","meta":[],"product_cat":[273],"product_tag":[482,259],"class_list":["post-28401","product","type-product","status-publish","has-post-thumbnail","hentry","product_cat-silicona-sin-sujecion","product_tag-fetish-fantasy-elite","product_tag-pipedream"],"bundled_by":[],"bundle_stock_status":"instock","bundle_stock_quantity":2,"bundle_virtual":false,"bundle_layout":"","bundle_add_to_cart_form_location":"","bundle_editable_in_cart":false,"bundle_sold_individually_context":"","bundle_item_grouping":"","bundle_min_size":"","bundle_max_size":"","bundled_items":[],"yoast_head":"<!-- This site is optimized with the Yoast SEO plugin v20.6 - https:\/\/yoast.com\/wordpress\/plugins\/seo\/ -->\n<title>FETISH FANTASY ELITE ARNES SIN SUJECION 22 CM NEGRO - Tienda Er\u00f3tica<\/title>\n<meta name=\"robots\" content=\"noindex, follow, max-snippet:-1, max-image-preview:large, max-video-preview:-1\" \/>\n<meta property=\"og:locale\" content=\"es_ES\" \/>\n<meta property=\"og:type\" content=\"article\" \/>\n<meta property=\"og:title\" content=\"FETISH FANTASY ELITE ARNES SIN SUJECION 22 CM NEGRO - Tienda Er\u00f3tica\" \/>\n<meta property=\"og:description\" content=\"FETISH FANTASY ELITE 22 CM STRAPLESS STRAP-ON BLACK. Consigue una estimulaci\u00f3n sin utilizar las manos y sexo cara a cara\" \/>\n<meta property=\"og:url\" content=\"https:\/\/demoweb.info\/sexshop001\/producto\/fetish-fantasy-elite-arnes-sin-sujecion-22-cm-negro\/\" \/>\n<meta property=\"og:site_name\" content=\"Tienda Er\u00f3tica\" \/>\n<meta property=\"article:modified_time\" content=\"2022-01-22T11:21:37+00:00\" \/>\n<meta property=\"og:image\" content=\"https:\/\/demoweb.info\/sexshop001\/wp-content\/uploads\/2022\/01\/FETISH-FANTASY-ELITE-ARNES-SIN-SUJECION-22-CM-NEGRO.jpg\" \/>\n\t<meta property=\"og:image:width\" content=\"550\" \/>\n\t<meta property=\"og:image:height\" content=\"550\" \/>\n\t<meta property=\"og:image:type\" content=\"image\/jpeg\" \/>\n<meta name=\"twitter:card\" content=\"summary_large_image\" \/>\n<meta name=\"twitter:label1\" content=\"Tiempo de lectura\" \/>\n\t<meta name=\"twitter:data1\" content=\"1 minuto\" \/>\n<script type=\"application\/ld+json\" class=\"yoast-schema-graph\">{\"@context\":\"https:\/\/schema.org\",\"@graph\":[{\"@type\":\"WebPage\",\"@id\":\"https:\/\/demoweb.info\/sexshop001\/producto\/fetish-fantasy-elite-arnes-sin-sujecion-22-cm-negro\/\",\"url\":\"https:\/\/demoweb.info\/sexshop001\/producto\/fetish-fantasy-elite-arnes-sin-sujecion-22-cm-negro\/\",\"name\":\"FETISH FANTASY ELITE ARNES SIN SUJECION 22 CM NEGRO - Tienda Er\u00f3tica\",\"isPartOf\":{\"@id\":\"https:\/\/demoweb.info\/sexshop001\/#website\"},\"datePublished\":\"2022-01-22T11:21:33+00:00\",\"dateModified\":\"2022-01-22T11:21:37+00:00\",\"breadcrumb\":{\"@id\":\"https:\/\/demoweb.info\/sexshop001\/producto\/fetish-fantasy-elite-arnes-sin-sujecion-22-cm-negro\/#breadcrumb\"},\"inLanguage\":\"es\",\"potentialAction\":[{\"@type\":\"ReadAction\",\"target\":[\"https:\/\/demoweb.info\/sexshop001\/producto\/fetish-fantasy-elite-arnes-sin-sujecion-22-cm-negro\/\"]}]},{\"@type\":\"BreadcrumbList\",\"@id\":\"https:\/\/demoweb.info\/sexshop001\/producto\/fetish-fantasy-elite-arnes-sin-sujecion-22-cm-negro\/#breadcrumb\",\"itemListElement\":[{\"@type\":\"ListItem\",\"position\":1,\"name\":\"Portada\",\"item\":\"https:\/\/demoweb.info\/sexshop001\/\"},{\"@type\":\"ListItem\",\"position\":2,\"name\":\"Tienda\",\"item\":\"https:\/\/demoweb.info\/sexshop001\/tienda\/\"},{\"@type\":\"ListItem\",\"position\":3,\"name\":\"FETISH FANTASY ELITE ARNES SIN SUJECION 22 CM NEGRO\"}]},{\"@type\":\"WebSite\",\"@id\":\"https:\/\/demoweb.info\/sexshop001\/#website\",\"url\":\"https:\/\/demoweb.info\/sexshop001\/\",\"name\":\"Tienda Er\u00f3tica\",\"description\":\"DEMOWEB SL\",\"potentialAction\":[{\"@type\":\"SearchAction\",\"target\":{\"@type\":\"EntryPoint\",\"urlTemplate\":\"https:\/\/demoweb.info\/sexshop001\/?s={search_term_string}\"},\"query-input\":\"required name=search_term_string\"}],\"inLanguage\":\"es\"}]}<\/script>\n<!-- \/ Yoast SEO plugin. -->","yoast_head_json":{"title":"FETISH FANTASY ELITE ARNES SIN SUJECION 22 CM NEGRO - Tienda Er\u00f3tica","robots":{"index":"noindex","follow":"follow","max-snippet":"max-snippet:-1","max-image-preview":"max-image-preview:large","max-video-preview":"max-video-preview:-1"},"og_locale":"es_ES","og_type":"article","og_title":"FETISH FANTASY ELITE ARNES SIN SUJECION 22 CM NEGRO - Tienda Er\u00f3tica","og_description":"FETISH FANTASY ELITE 22 CM STRAPLESS STRAP-ON BLACK. Consigue una estimulaci\u00f3n sin utilizar las manos y sexo cara a cara","og_url":"https:\/\/demoweb.info\/sexshop001\/producto\/fetish-fantasy-elite-arnes-sin-sujecion-22-cm-negro\/","og_site_name":"Tienda Er\u00f3tica","article_modified_time":"2022-01-22T11:21:37+00:00","og_image":[{"width":550,"height":550,"url":"https:\/\/demoweb.info\/sexshop001\/wp-content\/uploads\/2022\/01\/FETISH-FANTASY-ELITE-ARNES-SIN-SUJECION-22-CM-NEGRO.jpg","type":"image\/jpeg"}],"twitter_card":"summary_large_image","twitter_misc":{"Tiempo de lectura":"1 minuto"},"schema":{"@context":"https:\/\/schema.org","@graph":[{"@type":"WebPage","@id":"https:\/\/demoweb.info\/sexshop001\/producto\/fetish-fantasy-elite-arnes-sin-sujecion-22-cm-negro\/","url":"https:\/\/demoweb.info\/sexshop001\/producto\/fetish-fantasy-elite-arnes-sin-sujecion-22-cm-negro\/","name":"FETISH FANTASY ELITE ARNES SIN SUJECION 22 CM NEGRO - Tienda Er\u00f3tica","isPartOf":{"@id":"https:\/\/demoweb.info\/sexshop001\/#website"},"datePublished":"2022-01-22T11:21:33+00:00","dateModified":"2022-01-22T11:21:37+00:00","breadcrumb":{"@id":"https:\/\/demoweb.info\/sexshop001\/producto\/fetish-fantasy-elite-arnes-sin-sujecion-22-cm-negro\/#breadcrumb"},"inLanguage":"es","potentialAction":[{"@type":"ReadAction","target":["https:\/\/demoweb.info\/sexshop001\/producto\/fetish-fantasy-elite-arnes-sin-sujecion-22-cm-negro\/"]}]},{"@type":"BreadcrumbList","@id":"https:\/\/demoweb.info\/sexshop001\/producto\/fetish-fantasy-elite-arnes-sin-sujecion-22-cm-negro\/#breadcrumb","itemListElement":[{"@type":"ListItem","position":1,"name":"Portada","item":"https:\/\/demoweb.info\/sexshop001\/"},{"@type":"ListItem","position":2,"name":"Tienda","item":"https:\/\/demoweb.info\/sexshop001\/tienda\/"},{"@type":"ListItem","position":3,"name":"FETISH FANTASY ELITE ARNES SIN SUJECION 22 CM NEGRO"}]},{"@type":"WebSite","@id":"https:\/\/demoweb.info\/sexshop001\/#website","url":"https:\/\/demoweb.info\/sexshop001\/","name":"Tienda Er\u00f3tica","description":"DEMOWEB SL","potentialAction":[{"@type":"SearchAction","target":{"@type":"EntryPoint","urlTemplate":"https:\/\/demoweb.info\/sexshop001\/?s={search_term_string}"},"query-input":"required name=search_term_string"}],"inLanguage":"es"}]}},"_links":{"self":[{"href":"https:\/\/demoweb.info\/sexshop001\/wp-json\/wp\/v3\/product\/28401","targetHints":{"allow":["GET"]}}],"collection":[{"href":"https:\/\/demoweb.info\/sexshop001\/wp-json\/wp\/v3\/product"}],"about":[{"href":"https:\/\/demoweb.info\/sexshop001\/wp-json\/wp\/v2\/types\/product"}],"replies":[{"embeddable":true,"href":"https:\/\/demoweb.info\/sexshop001\/wp-json\/wp\/v2\/comments?post=28401"}],"wp:featuredmedia":[{"embeddable":true,"href":"https:\/\/demoweb.info\/sexshop001\/wp-json\/wp\/v2\/media\/28402"}],"wp:attachment":[{"href":"https:\/\/demoweb.info\/sexshop001\/wp-json\/wp\/v2\/media?parent=28401"}],"wp:term":[{"taxonomy":"product_cat","embeddable":true,"href":"https:\/\/demoweb.info\/sexshop001\/wp-json\/wp\/v2\/product_cat?post=28401"},{"taxonomy":"product_tag","embeddable":true,"href":"https:\/\/demoweb.info\/sexshop001\/wp-json\/wp\/v2\/product_tag?post=28401"}],"curies":[{"name":"wp","href":"https:\/\/api.w.org\/{rel}","templated":true}]}}