{"id":28331,"date":"2022-01-22T12:20:27","date_gmt":"2022-01-22T11:20:27","guid":{"rendered":"https:\/\/demoweb.info\/sexshop001\/producto\/extreme-toyz-tunel-del-amor\/"},"modified":"2022-01-22T12:20:49","modified_gmt":"2022-01-22T11:20:49","slug":"extreme-toyz-tunel-del-amor","status":"publish","type":"product","link":"https:\/\/demoweb.info\/sexshop001\/producto\/extreme-toyz-tunel-del-amor\/","title":{"rendered":"EXTREME TOYZ TUNEL DEL AMOR"},"content":{"rendered":"<p><font size=&quot;1&quot;><b>EXTREME TOYZ TUNNEL OF LOVE<\/b>.<\/p>\n<p>Experimenta las sensaciones m\u00e1s real\u00edsticas y m\u00e1s intensas con este masturbador llamado el T\u00fanel de Amor. Este masturbador manual est\u00e1 fabricado con un material s\u00faper suave llamado FantaFlesh que simula la piel humana. Tiene una forma anat\u00f3mica, muy c\u00f3moda de sujetar que envuelve cada cent\u00edmetro de tu pene como su fuese una vagina real; igual de c\u00e1lida, suave y muy real\u00edstica. En su interior, cientos de n\u00f3dulos de placer masajear\u00e1n tu pene con cada movimiento, a\u00f1adiendo estimulaci\u00f3n extra a cada caricia. Cuando est\u00e9s al borde del cl\u00edmax, no te preocupes si eyaculas dentro, que es muy<br \/>\nf\u00e1cil de limpiar!<\/p>\n<p>Utiliza lubricante si lo que quieres es un encuentro extra h\u00famedo y <b>Pipedream Toy Cleaner<br \/>\n<\/b>con agua tibia para cuando termines limpiarlo.<\/p>\n<p>Incluye muestra de lubricante y limpiador de juguetes <b>Pipedream<\/b>.<br \/>\n<\/font><\/p>\n","protected":false},"excerpt":{"rendered":"<p>EXTREME TOYZ TUNNEL OF LOVE. Experimenta las sensaciones m\u00e1s real\u00edsticas y m\u00e1s intensas con este masturbador llamado el T\u00fanel de<\/p>\n","protected":false},"featured_media":28332,"comment_status":"open","ping_status":"open","template":"","meta":[],"product_cat":[541],"product_tag":[561,259],"class_list":["post-28331","product","type-product","status-publish","has-post-thumbnail","hentry","product_cat-vaginas","product_tag-extreme-toyz","product_tag-pipedream"],"bundled_by":[],"bundle_stock_status":"instock","bundle_stock_quantity":3,"bundle_virtual":false,"bundle_layout":"","bundle_add_to_cart_form_location":"","bundle_editable_in_cart":false,"bundle_sold_individually_context":"","bundle_item_grouping":"","bundle_min_size":"","bundle_max_size":"","bundled_items":[],"yoast_head":"<!-- This site is optimized with the Yoast SEO plugin v20.6 - https:\/\/yoast.com\/wordpress\/plugins\/seo\/ -->\n<title>EXTREME TOYZ TUNEL DEL AMOR - Tienda Er\u00f3tica<\/title>\n<meta name=\"robots\" content=\"noindex, follow, max-snippet:-1, max-image-preview:large, max-video-preview:-1\" \/>\n<meta property=\"og:locale\" content=\"es_ES\" \/>\n<meta property=\"og:type\" content=\"article\" \/>\n<meta property=\"og:title\" content=\"EXTREME TOYZ TUNEL DEL AMOR - Tienda Er\u00f3tica\" \/>\n<meta property=\"og:description\" content=\"EXTREME TOYZ TUNNEL OF LOVE. Experimenta las sensaciones m\u00e1s real\u00edsticas y m\u00e1s intensas con este masturbador llamado el T\u00fanel de\" \/>\n<meta property=\"og:url\" content=\"https:\/\/demoweb.info\/sexshop001\/producto\/extreme-toyz-tunel-del-amor\/\" \/>\n<meta property=\"og:site_name\" content=\"Tienda Er\u00f3tica\" \/>\n<meta property=\"article:modified_time\" content=\"2022-01-22T11:20:49+00:00\" \/>\n<meta property=\"og:image\" content=\"https:\/\/demoweb.info\/sexshop001\/wp-content\/uploads\/2022\/01\/EXTREME-TOYZ-TUNEL-DEL-AMOR.jpg\" \/>\n\t<meta property=\"og:image:width\" content=\"550\" \/>\n\t<meta property=\"og:image:height\" content=\"550\" \/>\n\t<meta property=\"og:image:type\" content=\"image\/jpeg\" \/>\n<meta name=\"twitter:card\" content=\"summary_large_image\" \/>\n<meta name=\"twitter:label1\" content=\"Tiempo de lectura\" \/>\n\t<meta name=\"twitter:data1\" content=\"1 minuto\" \/>\n<script type=\"application\/ld+json\" class=\"yoast-schema-graph\">{\"@context\":\"https:\/\/schema.org\",\"@graph\":[{\"@type\":\"WebPage\",\"@id\":\"https:\/\/demoweb.info\/sexshop001\/producto\/extreme-toyz-tunel-del-amor\/\",\"url\":\"https:\/\/demoweb.info\/sexshop001\/producto\/extreme-toyz-tunel-del-amor\/\",\"name\":\"EXTREME TOYZ TUNEL DEL AMOR - Tienda Er\u00f3tica\",\"isPartOf\":{\"@id\":\"https:\/\/demoweb.info\/sexshop001\/#website\"},\"datePublished\":\"2022-01-22T11:20:27+00:00\",\"dateModified\":\"2022-01-22T11:20:49+00:00\",\"breadcrumb\":{\"@id\":\"https:\/\/demoweb.info\/sexshop001\/producto\/extreme-toyz-tunel-del-amor\/#breadcrumb\"},\"inLanguage\":\"es\",\"potentialAction\":[{\"@type\":\"ReadAction\",\"target\":[\"https:\/\/demoweb.info\/sexshop001\/producto\/extreme-toyz-tunel-del-amor\/\"]}]},{\"@type\":\"BreadcrumbList\",\"@id\":\"https:\/\/demoweb.info\/sexshop001\/producto\/extreme-toyz-tunel-del-amor\/#breadcrumb\",\"itemListElement\":[{\"@type\":\"ListItem\",\"position\":1,\"name\":\"Portada\",\"item\":\"https:\/\/demoweb.info\/sexshop001\/\"},{\"@type\":\"ListItem\",\"position\":2,\"name\":\"Tienda\",\"item\":\"https:\/\/demoweb.info\/sexshop001\/tienda\/\"},{\"@type\":\"ListItem\",\"position\":3,\"name\":\"EXTREME TOYZ TUNEL DEL AMOR\"}]},{\"@type\":\"WebSite\",\"@id\":\"https:\/\/demoweb.info\/sexshop001\/#website\",\"url\":\"https:\/\/demoweb.info\/sexshop001\/\",\"name\":\"Tienda Er\u00f3tica\",\"description\":\"DEMOWEB SL\",\"potentialAction\":[{\"@type\":\"SearchAction\",\"target\":{\"@type\":\"EntryPoint\",\"urlTemplate\":\"https:\/\/demoweb.info\/sexshop001\/?s={search_term_string}\"},\"query-input\":\"required name=search_term_string\"}],\"inLanguage\":\"es\"}]}<\/script>\n<!-- \/ Yoast SEO plugin. -->","yoast_head_json":{"title":"EXTREME TOYZ TUNEL DEL AMOR - Tienda Er\u00f3tica","robots":{"index":"noindex","follow":"follow","max-snippet":"max-snippet:-1","max-image-preview":"max-image-preview:large","max-video-preview":"max-video-preview:-1"},"og_locale":"es_ES","og_type":"article","og_title":"EXTREME TOYZ TUNEL DEL AMOR - Tienda Er\u00f3tica","og_description":"EXTREME TOYZ TUNNEL OF LOVE. Experimenta las sensaciones m\u00e1s real\u00edsticas y m\u00e1s intensas con este masturbador llamado el T\u00fanel de","og_url":"https:\/\/demoweb.info\/sexshop001\/producto\/extreme-toyz-tunel-del-amor\/","og_site_name":"Tienda Er\u00f3tica","article_modified_time":"2022-01-22T11:20:49+00:00","og_image":[{"width":550,"height":550,"url":"https:\/\/demoweb.info\/sexshop001\/wp-content\/uploads\/2022\/01\/EXTREME-TOYZ-TUNEL-DEL-AMOR.jpg","type":"image\/jpeg"}],"twitter_card":"summary_large_image","twitter_misc":{"Tiempo de lectura":"1 minuto"},"schema":{"@context":"https:\/\/schema.org","@graph":[{"@type":"WebPage","@id":"https:\/\/demoweb.info\/sexshop001\/producto\/extreme-toyz-tunel-del-amor\/","url":"https:\/\/demoweb.info\/sexshop001\/producto\/extreme-toyz-tunel-del-amor\/","name":"EXTREME TOYZ TUNEL DEL AMOR - Tienda Er\u00f3tica","isPartOf":{"@id":"https:\/\/demoweb.info\/sexshop001\/#website"},"datePublished":"2022-01-22T11:20:27+00:00","dateModified":"2022-01-22T11:20:49+00:00","breadcrumb":{"@id":"https:\/\/demoweb.info\/sexshop001\/producto\/extreme-toyz-tunel-del-amor\/#breadcrumb"},"inLanguage":"es","potentialAction":[{"@type":"ReadAction","target":["https:\/\/demoweb.info\/sexshop001\/producto\/extreme-toyz-tunel-del-amor\/"]}]},{"@type":"BreadcrumbList","@id":"https:\/\/demoweb.info\/sexshop001\/producto\/extreme-toyz-tunel-del-amor\/#breadcrumb","itemListElement":[{"@type":"ListItem","position":1,"name":"Portada","item":"https:\/\/demoweb.info\/sexshop001\/"},{"@type":"ListItem","position":2,"name":"Tienda","item":"https:\/\/demoweb.info\/sexshop001\/tienda\/"},{"@type":"ListItem","position":3,"name":"EXTREME TOYZ TUNEL DEL AMOR"}]},{"@type":"WebSite","@id":"https:\/\/demoweb.info\/sexshop001\/#website","url":"https:\/\/demoweb.info\/sexshop001\/","name":"Tienda Er\u00f3tica","description":"DEMOWEB SL","potentialAction":[{"@type":"SearchAction","target":{"@type":"EntryPoint","urlTemplate":"https:\/\/demoweb.info\/sexshop001\/?s={search_term_string}"},"query-input":"required name=search_term_string"}],"inLanguage":"es"}]}},"_links":{"self":[{"href":"https:\/\/demoweb.info\/sexshop001\/wp-json\/wp\/v3\/product\/28331","targetHints":{"allow":["GET"]}}],"collection":[{"href":"https:\/\/demoweb.info\/sexshop001\/wp-json\/wp\/v3\/product"}],"about":[{"href":"https:\/\/demoweb.info\/sexshop001\/wp-json\/wp\/v2\/types\/product"}],"replies":[{"embeddable":true,"href":"https:\/\/demoweb.info\/sexshop001\/wp-json\/wp\/v2\/comments?post=28331"}],"wp:featuredmedia":[{"embeddable":true,"href":"https:\/\/demoweb.info\/sexshop001\/wp-json\/wp\/v2\/media\/28332"}],"wp:attachment":[{"href":"https:\/\/demoweb.info\/sexshop001\/wp-json\/wp\/v2\/media?parent=28331"}],"wp:term":[{"taxonomy":"product_cat","embeddable":true,"href":"https:\/\/demoweb.info\/sexshop001\/wp-json\/wp\/v2\/product_cat?post=28331"},{"taxonomy":"product_tag","embeddable":true,"href":"https:\/\/demoweb.info\/sexshop001\/wp-json\/wp\/v2\/product_tag?post=28331"}],"curies":[{"name":"wp","href":"https:\/\/api.w.org\/{rel}","templated":true}]}}