{"id":28320,"date":"2022-01-22T12:20:27","date_gmt":"2022-01-22T11:20:27","guid":{"rendered":"https:\/\/demoweb.info\/sexshop001\/producto\/extreme-toyz-masturbador-vagina-deluxe\/"},"modified":"2022-01-22T12:20:44","modified_gmt":"2022-01-22T11:20:44","slug":"extreme-toyz-masturbador-vagina-deluxe","status":"publish","type":"product","link":"https:\/\/demoweb.info\/sexshop001\/producto\/extreme-toyz-masturbador-vagina-deluxe\/","title":{"rendered":"EXTREME TOYZ MASTURBADOR VAGINA DELUXE"},"content":{"rendered":"<p><font size=&quot;1&quot;><b>EXTREME TOYZ CYBER SNATCH DELUXE<\/b>.<\/p>\n<p>Prep\u00e1rate para la m\u00e1s intensa sensaci\u00f3n con este gran masturbador de medio kilo! Est\u00e1 fabricado con suave gelatina y es suficientemente grande para acoger a los chicos m\u00e1s grandes. Acoger\u00e1 tu pene con mucho placer como si de una vagina real se tratase. Su canal interior estriado con perlas de placer masajear\u00e1 tu pene con cada caricia, mientras que sus labios lo envolver\u00e1n de una forma muy c\u00e1lida. <\/p>\n<p>Utiliza lubricante si lo que quieres es un encuentro extra h\u00famedo y <b>Pipedream Toy Cleaner<br \/>\n<\/b>con agua tibia para cuando termines limpiarlo.<\/p>\n<p>Incluye muestra de lubricante y limpiador de juguetes <b>Pipedream<\/b>.<br \/>\n<\/font><\/p>\n","protected":false},"excerpt":{"rendered":"<p>EXTREME TOYZ CYBER SNATCH DELUXE. Prep\u00e1rate para la m\u00e1s intensa sensaci\u00f3n con este gran masturbador de medio kilo! Est\u00e1 fabricado<\/p>\n","protected":false},"featured_media":28321,"comment_status":"open","ping_status":"open","template":"","meta":[],"product_cat":[541],"product_tag":[561,259],"class_list":["post-28320","product","type-product","status-publish","has-post-thumbnail","hentry","product_cat-vaginas","product_tag-extreme-toyz","product_tag-pipedream"],"bundled_by":[],"bundle_stock_status":"outofstock","bundle_stock_quantity":0,"bundle_virtual":false,"bundle_layout":"","bundle_add_to_cart_form_location":"","bundle_editable_in_cart":false,"bundle_sold_individually_context":"","bundle_item_grouping":"","bundle_min_size":"","bundle_max_size":"","bundled_items":[],"yoast_head":"<!-- This site is optimized with the Yoast SEO plugin v20.6 - https:\/\/yoast.com\/wordpress\/plugins\/seo\/ -->\n<title>EXTREME TOYZ MASTURBADOR VAGINA DELUXE - Tienda Er\u00f3tica<\/title>\n<meta name=\"robots\" content=\"noindex, follow, max-snippet:-1, max-image-preview:large, max-video-preview:-1\" \/>\n<meta property=\"og:locale\" content=\"es_ES\" \/>\n<meta property=\"og:type\" content=\"article\" \/>\n<meta property=\"og:title\" content=\"EXTREME TOYZ MASTURBADOR VAGINA DELUXE - Tienda Er\u00f3tica\" \/>\n<meta property=\"og:description\" content=\"EXTREME TOYZ CYBER SNATCH DELUXE. Prep\u00e1rate para la m\u00e1s intensa sensaci\u00f3n con este gran masturbador de medio kilo! Est\u00e1 fabricado\" \/>\n<meta property=\"og:url\" content=\"https:\/\/demoweb.info\/sexshop001\/producto\/extreme-toyz-masturbador-vagina-deluxe\/\" \/>\n<meta property=\"og:site_name\" content=\"Tienda Er\u00f3tica\" \/>\n<meta property=\"article:modified_time\" content=\"2022-01-22T11:20:44+00:00\" \/>\n<meta property=\"og:image\" content=\"https:\/\/demoweb.info\/sexshop001\/wp-content\/uploads\/2022\/01\/EXTREME-TOYZ-MASTURBADOR-VAGINA-DELUXE.jpg\" \/>\n\t<meta property=\"og:image:width\" content=\"550\" \/>\n\t<meta property=\"og:image:height\" content=\"550\" \/>\n\t<meta property=\"og:image:type\" content=\"image\/jpeg\" \/>\n<meta name=\"twitter:card\" content=\"summary_large_image\" \/>\n<meta name=\"twitter:label1\" content=\"Tiempo de lectura\" \/>\n\t<meta name=\"twitter:data1\" content=\"1 minuto\" \/>\n<script type=\"application\/ld+json\" class=\"yoast-schema-graph\">{\"@context\":\"https:\/\/schema.org\",\"@graph\":[{\"@type\":\"WebPage\",\"@id\":\"https:\/\/demoweb.info\/sexshop001\/producto\/extreme-toyz-masturbador-vagina-deluxe\/\",\"url\":\"https:\/\/demoweb.info\/sexshop001\/producto\/extreme-toyz-masturbador-vagina-deluxe\/\",\"name\":\"EXTREME TOYZ MASTURBADOR VAGINA DELUXE - Tienda Er\u00f3tica\",\"isPartOf\":{\"@id\":\"https:\/\/demoweb.info\/sexshop001\/#website\"},\"datePublished\":\"2022-01-22T11:20:27+00:00\",\"dateModified\":\"2022-01-22T11:20:44+00:00\",\"breadcrumb\":{\"@id\":\"https:\/\/demoweb.info\/sexshop001\/producto\/extreme-toyz-masturbador-vagina-deluxe\/#breadcrumb\"},\"inLanguage\":\"es\",\"potentialAction\":[{\"@type\":\"ReadAction\",\"target\":[\"https:\/\/demoweb.info\/sexshop001\/producto\/extreme-toyz-masturbador-vagina-deluxe\/\"]}]},{\"@type\":\"BreadcrumbList\",\"@id\":\"https:\/\/demoweb.info\/sexshop001\/producto\/extreme-toyz-masturbador-vagina-deluxe\/#breadcrumb\",\"itemListElement\":[{\"@type\":\"ListItem\",\"position\":1,\"name\":\"Portada\",\"item\":\"https:\/\/demoweb.info\/sexshop001\/\"},{\"@type\":\"ListItem\",\"position\":2,\"name\":\"Tienda\",\"item\":\"https:\/\/demoweb.info\/sexshop001\/tienda\/\"},{\"@type\":\"ListItem\",\"position\":3,\"name\":\"EXTREME TOYZ MASTURBADOR VAGINA DELUXE\"}]},{\"@type\":\"WebSite\",\"@id\":\"https:\/\/demoweb.info\/sexshop001\/#website\",\"url\":\"https:\/\/demoweb.info\/sexshop001\/\",\"name\":\"Tienda Er\u00f3tica\",\"description\":\"DEMOWEB SL\",\"potentialAction\":[{\"@type\":\"SearchAction\",\"target\":{\"@type\":\"EntryPoint\",\"urlTemplate\":\"https:\/\/demoweb.info\/sexshop001\/?s={search_term_string}\"},\"query-input\":\"required name=search_term_string\"}],\"inLanguage\":\"es\"}]}<\/script>\n<!-- \/ Yoast SEO plugin. -->","yoast_head_json":{"title":"EXTREME TOYZ MASTURBADOR VAGINA DELUXE - Tienda Er\u00f3tica","robots":{"index":"noindex","follow":"follow","max-snippet":"max-snippet:-1","max-image-preview":"max-image-preview:large","max-video-preview":"max-video-preview:-1"},"og_locale":"es_ES","og_type":"article","og_title":"EXTREME TOYZ MASTURBADOR VAGINA DELUXE - Tienda Er\u00f3tica","og_description":"EXTREME TOYZ CYBER SNATCH DELUXE. Prep\u00e1rate para la m\u00e1s intensa sensaci\u00f3n con este gran masturbador de medio kilo! Est\u00e1 fabricado","og_url":"https:\/\/demoweb.info\/sexshop001\/producto\/extreme-toyz-masturbador-vagina-deluxe\/","og_site_name":"Tienda Er\u00f3tica","article_modified_time":"2022-01-22T11:20:44+00:00","og_image":[{"width":550,"height":550,"url":"https:\/\/demoweb.info\/sexshop001\/wp-content\/uploads\/2022\/01\/EXTREME-TOYZ-MASTURBADOR-VAGINA-DELUXE.jpg","type":"image\/jpeg"}],"twitter_card":"summary_large_image","twitter_misc":{"Tiempo de lectura":"1 minuto"},"schema":{"@context":"https:\/\/schema.org","@graph":[{"@type":"WebPage","@id":"https:\/\/demoweb.info\/sexshop001\/producto\/extreme-toyz-masturbador-vagina-deluxe\/","url":"https:\/\/demoweb.info\/sexshop001\/producto\/extreme-toyz-masturbador-vagina-deluxe\/","name":"EXTREME TOYZ MASTURBADOR VAGINA DELUXE - Tienda Er\u00f3tica","isPartOf":{"@id":"https:\/\/demoweb.info\/sexshop001\/#website"},"datePublished":"2022-01-22T11:20:27+00:00","dateModified":"2022-01-22T11:20:44+00:00","breadcrumb":{"@id":"https:\/\/demoweb.info\/sexshop001\/producto\/extreme-toyz-masturbador-vagina-deluxe\/#breadcrumb"},"inLanguage":"es","potentialAction":[{"@type":"ReadAction","target":["https:\/\/demoweb.info\/sexshop001\/producto\/extreme-toyz-masturbador-vagina-deluxe\/"]}]},{"@type":"BreadcrumbList","@id":"https:\/\/demoweb.info\/sexshop001\/producto\/extreme-toyz-masturbador-vagina-deluxe\/#breadcrumb","itemListElement":[{"@type":"ListItem","position":1,"name":"Portada","item":"https:\/\/demoweb.info\/sexshop001\/"},{"@type":"ListItem","position":2,"name":"Tienda","item":"https:\/\/demoweb.info\/sexshop001\/tienda\/"},{"@type":"ListItem","position":3,"name":"EXTREME TOYZ MASTURBADOR VAGINA DELUXE"}]},{"@type":"WebSite","@id":"https:\/\/demoweb.info\/sexshop001\/#website","url":"https:\/\/demoweb.info\/sexshop001\/","name":"Tienda Er\u00f3tica","description":"DEMOWEB SL","potentialAction":[{"@type":"SearchAction","target":{"@type":"EntryPoint","urlTemplate":"https:\/\/demoweb.info\/sexshop001\/?s={search_term_string}"},"query-input":"required name=search_term_string"}],"inLanguage":"es"}]}},"_links":{"self":[{"href":"https:\/\/demoweb.info\/sexshop001\/wp-json\/wp\/v3\/product\/28320","targetHints":{"allow":["GET"]}}],"collection":[{"href":"https:\/\/demoweb.info\/sexshop001\/wp-json\/wp\/v3\/product"}],"about":[{"href":"https:\/\/demoweb.info\/sexshop001\/wp-json\/wp\/v2\/types\/product"}],"replies":[{"embeddable":true,"href":"https:\/\/demoweb.info\/sexshop001\/wp-json\/wp\/v2\/comments?post=28320"}],"wp:featuredmedia":[{"embeddable":true,"href":"https:\/\/demoweb.info\/sexshop001\/wp-json\/wp\/v2\/media\/28321"}],"wp:attachment":[{"href":"https:\/\/demoweb.info\/sexshop001\/wp-json\/wp\/v2\/media?parent=28320"}],"wp:term":[{"taxonomy":"product_cat","embeddable":true,"href":"https:\/\/demoweb.info\/sexshop001\/wp-json\/wp\/v2\/product_cat?post=28320"},{"taxonomy":"product_tag","embeddable":true,"href":"https:\/\/demoweb.info\/sexshop001\/wp-json\/wp\/v2\/product_tag?post=28320"}],"curies":[{"name":"wp","href":"https:\/\/api.w.org\/{rel}","templated":true}]}}