{"id":28314,"date":"2022-01-22T12:20:27","date_gmt":"2022-01-22T11:20:27","guid":{"rendered":"https:\/\/demoweb.info\/sexshop001\/producto\/extreme-toyz-masturbador-vagina-jugosa\/"},"modified":"2022-01-22T12:20:41","modified_gmt":"2022-01-22T11:20:41","slug":"extreme-toyz-masturbador-vagina-jugosa","status":"publish","type":"product","link":"https:\/\/demoweb.info\/sexshop001\/producto\/extreme-toyz-masturbador-vagina-jugosa\/","title":{"rendered":"EXTREME TOYZ MASTURBADOR VAGINA JUGOSA"},"content":{"rendered":"<p><strong>EXTREME TOYZ JUICY CYBER SNATCH<\/strong>.<\/p>\n<p>Deja de so\u00f1ar acerca de como se siente meterla dentro de esta vagina y empieza a eyacular! Esta suave vagina tiene unos labios dispuestos a besar tu gran pene con mucho cari\u00f1o. Su acabado exterior completamente anat\u00f3mico, se adapta a tu mano, para que puedas sacud\u00edrtela muy c\u00f3modamente y apretar si necesitas un agujero m\u00e1s estrecho.<\/p>\n<p>Utiliza lubricante si lo que quieres es un encuentro extra h\u00famedo y <strong>Pipedream Toy Cleaner <\/strong>con agua tibia para cuando termines limpiarlo.<\/p>\n<p>Incluye muestra de lubricante y limpiador de juguetes <strong>Pipedream<\/strong>.<\/p>\n","protected":false},"excerpt":{"rendered":"<p>EXTREME TOYZ JUICY CYBER SNATCH. Deja de so\u00f1ar acerca de como se siente meterla dentro de esta vagina y empieza<\/p>\n","protected":false},"featured_media":28315,"comment_status":"open","ping_status":"open","template":"","meta":[],"product_cat":[541],"product_tag":[561,259],"class_list":["post-28314","product","type-product","status-publish","has-post-thumbnail","hentry","product_cat-vaginas","product_tag-extreme-toyz","product_tag-pipedream"],"bundled_by":[],"bundle_stock_status":"instock","bundle_stock_quantity":1,"bundle_virtual":false,"bundle_layout":"","bundle_add_to_cart_form_location":"","bundle_editable_in_cart":false,"bundle_sold_individually_context":"","bundle_item_grouping":"","bundle_min_size":"","bundle_max_size":"","bundled_items":[],"yoast_head":"<!-- This site is optimized with the Yoast SEO plugin v20.6 - https:\/\/yoast.com\/wordpress\/plugins\/seo\/ -->\n<title>EXTREME TOYZ MASTURBADOR VAGINA JUGOSA - Tienda Er\u00f3tica<\/title>\n<meta name=\"robots\" content=\"noindex, follow, max-snippet:-1, max-image-preview:large, max-video-preview:-1\" \/>\n<meta property=\"og:locale\" content=\"es_ES\" \/>\n<meta property=\"og:type\" content=\"article\" \/>\n<meta property=\"og:title\" content=\"EXTREME TOYZ MASTURBADOR VAGINA JUGOSA - Tienda Er\u00f3tica\" \/>\n<meta property=\"og:description\" content=\"EXTREME TOYZ JUICY CYBER SNATCH. Deja de so\u00f1ar acerca de como se siente meterla dentro de esta vagina y empieza\" \/>\n<meta property=\"og:url\" content=\"https:\/\/demoweb.info\/sexshop001\/producto\/extreme-toyz-masturbador-vagina-jugosa\/\" \/>\n<meta property=\"og:site_name\" content=\"Tienda Er\u00f3tica\" \/>\n<meta property=\"article:modified_time\" content=\"2022-01-22T11:20:41+00:00\" \/>\n<meta property=\"og:image\" content=\"https:\/\/demoweb.info\/sexshop001\/wp-content\/uploads\/2022\/01\/EXTREME-TOYZ-MASTURBADOR-VAGINA-JUGOSA.jpg\" \/>\n\t<meta property=\"og:image:width\" content=\"550\" \/>\n\t<meta property=\"og:image:height\" content=\"550\" \/>\n\t<meta property=\"og:image:type\" content=\"image\/jpeg\" \/>\n<meta name=\"twitter:card\" content=\"summary_large_image\" \/>\n<script type=\"application\/ld+json\" class=\"yoast-schema-graph\">{\"@context\":\"https:\/\/schema.org\",\"@graph\":[{\"@type\":\"WebPage\",\"@id\":\"https:\/\/demoweb.info\/sexshop001\/producto\/extreme-toyz-masturbador-vagina-jugosa\/\",\"url\":\"https:\/\/demoweb.info\/sexshop001\/producto\/extreme-toyz-masturbador-vagina-jugosa\/\",\"name\":\"EXTREME TOYZ MASTURBADOR VAGINA JUGOSA - Tienda Er\u00f3tica\",\"isPartOf\":{\"@id\":\"https:\/\/demoweb.info\/sexshop001\/#website\"},\"datePublished\":\"2022-01-22T11:20:27+00:00\",\"dateModified\":\"2022-01-22T11:20:41+00:00\",\"breadcrumb\":{\"@id\":\"https:\/\/demoweb.info\/sexshop001\/producto\/extreme-toyz-masturbador-vagina-jugosa\/#breadcrumb\"},\"inLanguage\":\"es\",\"potentialAction\":[{\"@type\":\"ReadAction\",\"target\":[\"https:\/\/demoweb.info\/sexshop001\/producto\/extreme-toyz-masturbador-vagina-jugosa\/\"]}]},{\"@type\":\"BreadcrumbList\",\"@id\":\"https:\/\/demoweb.info\/sexshop001\/producto\/extreme-toyz-masturbador-vagina-jugosa\/#breadcrumb\",\"itemListElement\":[{\"@type\":\"ListItem\",\"position\":1,\"name\":\"Portada\",\"item\":\"https:\/\/demoweb.info\/sexshop001\/\"},{\"@type\":\"ListItem\",\"position\":2,\"name\":\"Tienda\",\"item\":\"https:\/\/demoweb.info\/sexshop001\/tienda\/\"},{\"@type\":\"ListItem\",\"position\":3,\"name\":\"EXTREME TOYZ MASTURBADOR VAGINA JUGOSA\"}]},{\"@type\":\"WebSite\",\"@id\":\"https:\/\/demoweb.info\/sexshop001\/#website\",\"url\":\"https:\/\/demoweb.info\/sexshop001\/\",\"name\":\"Tienda Er\u00f3tica\",\"description\":\"DEMOWEB SL\",\"potentialAction\":[{\"@type\":\"SearchAction\",\"target\":{\"@type\":\"EntryPoint\",\"urlTemplate\":\"https:\/\/demoweb.info\/sexshop001\/?s={search_term_string}\"},\"query-input\":\"required name=search_term_string\"}],\"inLanguage\":\"es\"}]}<\/script>\n<!-- \/ Yoast SEO plugin. -->","yoast_head_json":{"title":"EXTREME TOYZ MASTURBADOR VAGINA JUGOSA - Tienda Er\u00f3tica","robots":{"index":"noindex","follow":"follow","max-snippet":"max-snippet:-1","max-image-preview":"max-image-preview:large","max-video-preview":"max-video-preview:-1"},"og_locale":"es_ES","og_type":"article","og_title":"EXTREME TOYZ MASTURBADOR VAGINA JUGOSA - Tienda Er\u00f3tica","og_description":"EXTREME TOYZ JUICY CYBER SNATCH. Deja de so\u00f1ar acerca de como se siente meterla dentro de esta vagina y empieza","og_url":"https:\/\/demoweb.info\/sexshop001\/producto\/extreme-toyz-masturbador-vagina-jugosa\/","og_site_name":"Tienda Er\u00f3tica","article_modified_time":"2022-01-22T11:20:41+00:00","og_image":[{"width":550,"height":550,"url":"https:\/\/demoweb.info\/sexshop001\/wp-content\/uploads\/2022\/01\/EXTREME-TOYZ-MASTURBADOR-VAGINA-JUGOSA.jpg","type":"image\/jpeg"}],"twitter_card":"summary_large_image","schema":{"@context":"https:\/\/schema.org","@graph":[{"@type":"WebPage","@id":"https:\/\/demoweb.info\/sexshop001\/producto\/extreme-toyz-masturbador-vagina-jugosa\/","url":"https:\/\/demoweb.info\/sexshop001\/producto\/extreme-toyz-masturbador-vagina-jugosa\/","name":"EXTREME TOYZ MASTURBADOR VAGINA JUGOSA - Tienda Er\u00f3tica","isPartOf":{"@id":"https:\/\/demoweb.info\/sexshop001\/#website"},"datePublished":"2022-01-22T11:20:27+00:00","dateModified":"2022-01-22T11:20:41+00:00","breadcrumb":{"@id":"https:\/\/demoweb.info\/sexshop001\/producto\/extreme-toyz-masturbador-vagina-jugosa\/#breadcrumb"},"inLanguage":"es","potentialAction":[{"@type":"ReadAction","target":["https:\/\/demoweb.info\/sexshop001\/producto\/extreme-toyz-masturbador-vagina-jugosa\/"]}]},{"@type":"BreadcrumbList","@id":"https:\/\/demoweb.info\/sexshop001\/producto\/extreme-toyz-masturbador-vagina-jugosa\/#breadcrumb","itemListElement":[{"@type":"ListItem","position":1,"name":"Portada","item":"https:\/\/demoweb.info\/sexshop001\/"},{"@type":"ListItem","position":2,"name":"Tienda","item":"https:\/\/demoweb.info\/sexshop001\/tienda\/"},{"@type":"ListItem","position":3,"name":"EXTREME TOYZ MASTURBADOR VAGINA JUGOSA"}]},{"@type":"WebSite","@id":"https:\/\/demoweb.info\/sexshop001\/#website","url":"https:\/\/demoweb.info\/sexshop001\/","name":"Tienda Er\u00f3tica","description":"DEMOWEB SL","potentialAction":[{"@type":"SearchAction","target":{"@type":"EntryPoint","urlTemplate":"https:\/\/demoweb.info\/sexshop001\/?s={search_term_string}"},"query-input":"required name=search_term_string"}],"inLanguage":"es"}]}},"_links":{"self":[{"href":"https:\/\/demoweb.info\/sexshop001\/wp-json\/wp\/v3\/product\/28314","targetHints":{"allow":["GET"]}}],"collection":[{"href":"https:\/\/demoweb.info\/sexshop001\/wp-json\/wp\/v3\/product"}],"about":[{"href":"https:\/\/demoweb.info\/sexshop001\/wp-json\/wp\/v2\/types\/product"}],"replies":[{"embeddable":true,"href":"https:\/\/demoweb.info\/sexshop001\/wp-json\/wp\/v2\/comments?post=28314"}],"wp:featuredmedia":[{"embeddable":true,"href":"https:\/\/demoweb.info\/sexshop001\/wp-json\/wp\/v2\/media\/28315"}],"wp:attachment":[{"href":"https:\/\/demoweb.info\/sexshop001\/wp-json\/wp\/v2\/media?parent=28314"}],"wp:term":[{"taxonomy":"product_cat","embeddable":true,"href":"https:\/\/demoweb.info\/sexshop001\/wp-json\/wp\/v2\/product_cat?post=28314"},{"taxonomy":"product_tag","embeddable":true,"href":"https:\/\/demoweb.info\/sexshop001\/wp-json\/wp\/v2\/product_tag?post=28314"}],"curies":[{"name":"wp","href":"https:\/\/api.w.org\/{rel}","templated":true}]}}