{"id":28279,"date":"2022-01-22T12:20:03","date_gmt":"2022-01-22T11:20:03","guid":{"rendered":"https:\/\/demoweb.info\/sexshop001\/producto\/extreme-toyz-fuck-me-mega-masturbador-cara-rubia\/"},"modified":"2022-01-22T12:20:19","modified_gmt":"2022-01-22T11:20:19","slug":"extreme-toyz-fuck-me-mega-masturbador-cara-rubia","status":"publish","type":"product","link":"https:\/\/demoweb.info\/sexshop001\/producto\/extreme-toyz-fuck-me-mega-masturbador-cara-rubia\/","title":{"rendered":"EXTREME TOYZ FUCK ME MEGA MASTURBADOR CARA RUBIA"},"content":{"rendered":"<p><font size=&quot;1&quot;><b>EXTREME TOYZ FUCK ME FACE BLONDE MEGA MASTURBATOR<\/b>.<\/p>\n<p>Coge a esta belleza del sexo oral, dale al play al DVD, lubrica tu pene y m\u00e9tesela por la boca hasta que explotes!<\/p>\n<p>Agarra su pelo y m\u00e9tesela hasta la mitad de la tr\u00e1quea! Esta belleza no puede esperar a tragar hasta la \u00faltima gota de semen. Dobla la cabeza hacia atr\u00e1s, m\u00e9tesela en la boca y prep\u00e1rate para el sexo oral m\u00e1s realista que jam\u00e1s hayas experimentado!<\/p>\n<p>Hemos cuidado hasta el m\u00e1s m\u00ednimo detalle su tacto de piel real con <b>FantaFlesh<\/b>, sus brillantes ojos que se mueven con los movimientos de cabeza y su fant\u00e1stica tr\u00e1quea que envolver\u00e1 cada mil\u00edmetro de tu pene! Es toda tuyo para disfrutar y no hay reglas! Lo mejor de todo, ella nunca dice que no a un buen momento porque ella siempre tiene la boca preparada!<\/p>\n<p>La base de ventosa que tiene se adhiere a casi cualquier superficie plana (suelo, azulejos, mesas e incluso de vidrio!). Mira sus ojos se vuelven de nuevo en la cabeza, luego amord\u00e1zala y ll\u00e9nala con el sabor de tu miembro! Si tu pareja no es capaz de realizarte una garganta profunda, ella si que podr\u00e1! Ahora es tu oportunidad de disfrutar de la emoci\u00f3n! Su boca se aferra a la piel de tu pene y se calienta en funci\u00f3n de tu temperatura corporal. A\u00f1ade un poco de lubricante y su boca se transforma en un para\u00edso h\u00famedo para tu pene. No se atraganta, no le molesta el pelo y no hay dientes que te hagan da\u00f1o. Cuando est\u00e1s a punto de acabar, no necesitas sacarla puedes acabar en su boca, ya que ella est\u00e1 sedienta de ti!<\/p>\n<p>Pon tu tono favorito de l\u00e1piz labial en sus sexys labios y a continuaci\u00f3n mira como queda en tu pene. Incluso puedes rizar o alisar su cabello y darle tu estilo de pelo favorito! Adhi\u00e9rela en los azulejos de la ducha y convierte tu hora de la ducha, en la hora del sexo oral! Ver\u00e1s como repetir\u00e1s y tus duchas ser\u00e1n m\u00e1s largas!<\/p>\n<p>Para limpiarlo puedes usar el limpiador de juguetes <b>Pipedream<\/b> y agua tibia, y para recuperar su tacto una vez est\u00e9 seca, puedes aplicar el polvo especial de recuperaci\u00f3n.<\/p>\n<p> Incluye muestra de lubricante, limpiador de juguetes, polvo recuperador de <b>Pipedream<\/b>, DVD porno y pintalabios.<br \/>\n<\/font><\/p>\n","protected":false},"excerpt":{"rendered":"<p>EXTREME TOYZ FUCK ME FACE BLONDE MEGA MASTURBATOR. Coge a esta belleza del sexo oral, dale al play al DVD,<\/p>\n","protected":false},"featured_media":28280,"comment_status":"open","ping_status":"open","template":"","meta":[],"product_cat":[1136],"product_tag":[561,259],"class_list":["post-28279","product","type-product","status-publish","has-post-thumbnail","hentry","product_cat-caras","product_tag-extreme-toyz","product_tag-pipedream"],"bundled_by":[],"bundle_stock_status":"instock","bundle_stock_quantity":1,"bundle_virtual":false,"bundle_layout":"","bundle_add_to_cart_form_location":"","bundle_editable_in_cart":false,"bundle_sold_individually_context":"","bundle_item_grouping":"","bundle_min_size":"","bundle_max_size":"","bundled_items":[],"yoast_head":"<!-- This site is optimized with the Yoast SEO plugin v20.6 - https:\/\/yoast.com\/wordpress\/plugins\/seo\/ -->\n<title>EXTREME TOYZ FUCK ME MEGA MASTURBADOR CARA RUBIA - Tienda Er\u00f3tica<\/title>\n<meta name=\"robots\" content=\"noindex, follow, max-snippet:-1, max-image-preview:large, max-video-preview:-1\" \/>\n<meta property=\"og:locale\" content=\"es_ES\" \/>\n<meta property=\"og:type\" content=\"article\" \/>\n<meta property=\"og:title\" content=\"EXTREME TOYZ FUCK ME MEGA MASTURBADOR CARA RUBIA - Tienda Er\u00f3tica\" \/>\n<meta property=\"og:description\" content=\"EXTREME TOYZ FUCK ME FACE BLONDE MEGA MASTURBATOR. Coge a esta belleza del sexo oral, dale al play al DVD,\" \/>\n<meta property=\"og:url\" content=\"https:\/\/demoweb.info\/sexshop001\/producto\/extreme-toyz-fuck-me-mega-masturbador-cara-rubia\/\" \/>\n<meta property=\"og:site_name\" content=\"Tienda Er\u00f3tica\" \/>\n<meta property=\"article:modified_time\" content=\"2022-01-22T11:20:19+00:00\" \/>\n<meta property=\"og:image\" content=\"https:\/\/demoweb.info\/sexshop001\/wp-content\/uploads\/2022\/01\/EXTREME-TOYZ-FUCK-ME-MEGA-MASTURBADOR-CARA-RUBIA.jpg\" \/>\n\t<meta property=\"og:image:width\" content=\"550\" \/>\n\t<meta property=\"og:image:height\" content=\"550\" \/>\n\t<meta property=\"og:image:type\" content=\"image\/jpeg\" \/>\n<meta name=\"twitter:card\" content=\"summary_large_image\" \/>\n<meta name=\"twitter:label1\" content=\"Tiempo de lectura\" \/>\n\t<meta name=\"twitter:data1\" content=\"2 minutos\" \/>\n<script type=\"application\/ld+json\" class=\"yoast-schema-graph\">{\"@context\":\"https:\/\/schema.org\",\"@graph\":[{\"@type\":\"WebPage\",\"@id\":\"https:\/\/demoweb.info\/sexshop001\/producto\/extreme-toyz-fuck-me-mega-masturbador-cara-rubia\/\",\"url\":\"https:\/\/demoweb.info\/sexshop001\/producto\/extreme-toyz-fuck-me-mega-masturbador-cara-rubia\/\",\"name\":\"EXTREME TOYZ FUCK ME MEGA MASTURBADOR CARA RUBIA - Tienda Er\u00f3tica\",\"isPartOf\":{\"@id\":\"https:\/\/demoweb.info\/sexshop001\/#website\"},\"datePublished\":\"2022-01-22T11:20:03+00:00\",\"dateModified\":\"2022-01-22T11:20:19+00:00\",\"breadcrumb\":{\"@id\":\"https:\/\/demoweb.info\/sexshop001\/producto\/extreme-toyz-fuck-me-mega-masturbador-cara-rubia\/#breadcrumb\"},\"inLanguage\":\"es\",\"potentialAction\":[{\"@type\":\"ReadAction\",\"target\":[\"https:\/\/demoweb.info\/sexshop001\/producto\/extreme-toyz-fuck-me-mega-masturbador-cara-rubia\/\"]}]},{\"@type\":\"BreadcrumbList\",\"@id\":\"https:\/\/demoweb.info\/sexshop001\/producto\/extreme-toyz-fuck-me-mega-masturbador-cara-rubia\/#breadcrumb\",\"itemListElement\":[{\"@type\":\"ListItem\",\"position\":1,\"name\":\"Portada\",\"item\":\"https:\/\/demoweb.info\/sexshop001\/\"},{\"@type\":\"ListItem\",\"position\":2,\"name\":\"Tienda\",\"item\":\"https:\/\/demoweb.info\/sexshop001\/tienda\/\"},{\"@type\":\"ListItem\",\"position\":3,\"name\":\"EXTREME TOYZ FUCK ME MEGA MASTURBADOR CARA RUBIA\"}]},{\"@type\":\"WebSite\",\"@id\":\"https:\/\/demoweb.info\/sexshop001\/#website\",\"url\":\"https:\/\/demoweb.info\/sexshop001\/\",\"name\":\"Tienda Er\u00f3tica\",\"description\":\"DEMOWEB SL\",\"potentialAction\":[{\"@type\":\"SearchAction\",\"target\":{\"@type\":\"EntryPoint\",\"urlTemplate\":\"https:\/\/demoweb.info\/sexshop001\/?s={search_term_string}\"},\"query-input\":\"required name=search_term_string\"}],\"inLanguage\":\"es\"}]}<\/script>\n<!-- \/ Yoast SEO plugin. -->","yoast_head_json":{"title":"EXTREME TOYZ FUCK ME MEGA MASTURBADOR CARA RUBIA - Tienda Er\u00f3tica","robots":{"index":"noindex","follow":"follow","max-snippet":"max-snippet:-1","max-image-preview":"max-image-preview:large","max-video-preview":"max-video-preview:-1"},"og_locale":"es_ES","og_type":"article","og_title":"EXTREME TOYZ FUCK ME MEGA MASTURBADOR CARA RUBIA - Tienda Er\u00f3tica","og_description":"EXTREME TOYZ FUCK ME FACE BLONDE MEGA MASTURBATOR. Coge a esta belleza del sexo oral, dale al play al DVD,","og_url":"https:\/\/demoweb.info\/sexshop001\/producto\/extreme-toyz-fuck-me-mega-masturbador-cara-rubia\/","og_site_name":"Tienda Er\u00f3tica","article_modified_time":"2022-01-22T11:20:19+00:00","og_image":[{"width":550,"height":550,"url":"https:\/\/demoweb.info\/sexshop001\/wp-content\/uploads\/2022\/01\/EXTREME-TOYZ-FUCK-ME-MEGA-MASTURBADOR-CARA-RUBIA.jpg","type":"image\/jpeg"}],"twitter_card":"summary_large_image","twitter_misc":{"Tiempo de lectura":"2 minutos"},"schema":{"@context":"https:\/\/schema.org","@graph":[{"@type":"WebPage","@id":"https:\/\/demoweb.info\/sexshop001\/producto\/extreme-toyz-fuck-me-mega-masturbador-cara-rubia\/","url":"https:\/\/demoweb.info\/sexshop001\/producto\/extreme-toyz-fuck-me-mega-masturbador-cara-rubia\/","name":"EXTREME TOYZ FUCK ME MEGA MASTURBADOR CARA RUBIA - Tienda Er\u00f3tica","isPartOf":{"@id":"https:\/\/demoweb.info\/sexshop001\/#website"},"datePublished":"2022-01-22T11:20:03+00:00","dateModified":"2022-01-22T11:20:19+00:00","breadcrumb":{"@id":"https:\/\/demoweb.info\/sexshop001\/producto\/extreme-toyz-fuck-me-mega-masturbador-cara-rubia\/#breadcrumb"},"inLanguage":"es","potentialAction":[{"@type":"ReadAction","target":["https:\/\/demoweb.info\/sexshop001\/producto\/extreme-toyz-fuck-me-mega-masturbador-cara-rubia\/"]}]},{"@type":"BreadcrumbList","@id":"https:\/\/demoweb.info\/sexshop001\/producto\/extreme-toyz-fuck-me-mega-masturbador-cara-rubia\/#breadcrumb","itemListElement":[{"@type":"ListItem","position":1,"name":"Portada","item":"https:\/\/demoweb.info\/sexshop001\/"},{"@type":"ListItem","position":2,"name":"Tienda","item":"https:\/\/demoweb.info\/sexshop001\/tienda\/"},{"@type":"ListItem","position":3,"name":"EXTREME TOYZ FUCK ME MEGA MASTURBADOR CARA RUBIA"}]},{"@type":"WebSite","@id":"https:\/\/demoweb.info\/sexshop001\/#website","url":"https:\/\/demoweb.info\/sexshop001\/","name":"Tienda Er\u00f3tica","description":"DEMOWEB SL","potentialAction":[{"@type":"SearchAction","target":{"@type":"EntryPoint","urlTemplate":"https:\/\/demoweb.info\/sexshop001\/?s={search_term_string}"},"query-input":"required name=search_term_string"}],"inLanguage":"es"}]}},"_links":{"self":[{"href":"https:\/\/demoweb.info\/sexshop001\/wp-json\/wp\/v3\/product\/28279","targetHints":{"allow":["GET"]}}],"collection":[{"href":"https:\/\/demoweb.info\/sexshop001\/wp-json\/wp\/v3\/product"}],"about":[{"href":"https:\/\/demoweb.info\/sexshop001\/wp-json\/wp\/v2\/types\/product"}],"replies":[{"embeddable":true,"href":"https:\/\/demoweb.info\/sexshop001\/wp-json\/wp\/v2\/comments?post=28279"}],"wp:featuredmedia":[{"embeddable":true,"href":"https:\/\/demoweb.info\/sexshop001\/wp-json\/wp\/v2\/media\/28280"}],"wp:attachment":[{"href":"https:\/\/demoweb.info\/sexshop001\/wp-json\/wp\/v2\/media?parent=28279"}],"wp:term":[{"taxonomy":"product_cat","embeddable":true,"href":"https:\/\/demoweb.info\/sexshop001\/wp-json\/wp\/v2\/product_cat?post=28279"},{"taxonomy":"product_tag","embeddable":true,"href":"https:\/\/demoweb.info\/sexshop001\/wp-json\/wp\/v2\/product_tag?post=28279"}],"curies":[{"name":"wp","href":"https:\/\/api.w.org\/{rel}","templated":true}]}}