{"id":28267,"date":"2022-01-22T12:20:03","date_gmt":"2022-01-22T11:20:03","guid":{"rendered":"https:\/\/demoweb.info\/sexshop001\/producto\/extreme-toyz-fuck-me-mega-masturbador-torso-masculino\/"},"modified":"2022-01-22T12:20:14","modified_gmt":"2022-01-22T11:20:14","slug":"extreme-toyz-fuck-me-mega-masturbador-torso-masculino","status":"publish","type":"product","link":"https:\/\/demoweb.info\/sexshop001\/producto\/extreme-toyz-fuck-me-mega-masturbador-torso-masculino\/","title":{"rendered":"EXTREME TOYZ FUCK ME MEGA MASTURBADOR TORSO MASCULINO"},"content":{"rendered":"<p><strong>EXTREME TOYZ FUCK ME SILLY DUDE MEGA MASTURBATOR<\/strong>.<\/p>\n<p>Siempre has so\u00f1ado con montar sobre un pene s\u00faper duro, \u00bfa qu\u00e9 est\u00e1s esperando? Coloca a este s\u00faper semental sobre su espalda, coge el lubricante y hazle el amor como nunca antes se lo hab\u00edan hecho! Desde sus sexys abdominales, su cintura y ese pene de <strong>20 cm. x 4 cm.<\/strong>, este macho est\u00e1 listo para hacerte volar. Ser\u00e1 tu hombre m\u00e1s juguet\u00f3n y morboso que te permitir\u00e1 cumplir con todas tus fantas\u00edas!<\/p>\n<p>Fabricado en <strong>FantaFlesh<\/strong>, este masturbador es el folla-amigo m\u00e1s realista que puedes encontrar en el mercado. Aprieta sus blandos test\u00edculos, frote sus dedos sobre sus pulidos abdominales, mientras muerdes sus pezones turgentes y acaricias su duro pene. Cualquier cosa que quieras hacer, nunca dir\u00e1 que no!<\/p>\n<p>Agarra su pene grueso y flexible, y gu\u00edalo en tu interior. El suave miembro se calienta a la temperatura de tu cuerpo y lo sentir\u00e1s como si fuese real o incluso mejor! Pon las manos sobre su pecho musculoso y disfruta de cada ondulaci\u00f3n. Este guapo gal\u00e1n nunca terminar\u00e1 antes que tu. \u00c9l siempre estar\u00e1 listo ti y para darte una sesi\u00f3n de sexo duro que nunca olvidar\u00e1s!<\/p>\n<p>\u00bfQu\u00e9 m\u00e1s se puede pedir? Puedes dejar que te introduzca su pene o introducir lo que desees en su ano, hasta el m\u00e1s m\u00ednimo detalle est\u00e1 cuidado. Disfruta de \u00e9l sola o en compa\u00f1\u00eda&#8230; No te sentir\u00e1s culpable por traer a otra persona en tu relaci\u00f3n! H\u00e1ztelo con \u00e9l en la cama, sobre en el fregadero o la mesa, o incluso directamente en el suelo! Le encanta probar cosas nuevas y nuevas posiciones.<\/p>\n<p>Cuando hayas terminado, la limpieza es una obligaci\u00f3n despu\u00e9s de la diversi\u00f3n con el limpiador de juguetes <strong>Pipedream<\/strong> y agua tibia. Despu\u00e9s de que se seque por completo, aplicar el <strong>Pipedream Extreme Revive<\/strong> que se trata de almid\u00f3n en polvo para restablecer el masturbador a la suavidad inicial y dejarlo como si fuera nuevo.<\/p>\n","protected":false},"excerpt":{"rendered":"<p>EXTREME TOYZ FUCK ME SILLY DUDE MEGA MASTURBATOR. Siempre has so\u00f1ado con montar sobre un pene s\u00faper duro, \u00bfa qu\u00e9<\/p>\n","protected":false},"featured_media":28268,"comment_status":"open","ping_status":"open","template":"","meta":[],"product_cat":[1135],"product_tag":[561,259],"class_list":["post-28267","product","type-product","status-publish","has-post-thumbnail","hentry","product_cat-torsos","product_tag-extreme-toyz","product_tag-pipedream"],"bundled_by":[],"bundle_stock_status":"instock","bundle_stock_quantity":1,"bundle_virtual":false,"bundle_layout":"","bundle_add_to_cart_form_location":"","bundle_editable_in_cart":false,"bundle_sold_individually_context":"","bundle_item_grouping":"","bundle_min_size":"","bundle_max_size":"","bundled_items":[],"yoast_head":"<!-- This site is optimized with the Yoast SEO plugin v20.6 - https:\/\/yoast.com\/wordpress\/plugins\/seo\/ -->\n<title>EXTREME TOYZ FUCK ME MEGA MASTURBADOR TORSO MASCULINO - Tienda Er\u00f3tica<\/title>\n<meta name=\"robots\" content=\"noindex, follow, max-snippet:-1, max-image-preview:large, max-video-preview:-1\" \/>\n<meta property=\"og:locale\" content=\"es_ES\" \/>\n<meta property=\"og:type\" content=\"article\" \/>\n<meta property=\"og:title\" content=\"EXTREME TOYZ FUCK ME MEGA MASTURBADOR TORSO MASCULINO - Tienda Er\u00f3tica\" \/>\n<meta property=\"og:description\" content=\"EXTREME TOYZ FUCK ME SILLY DUDE MEGA MASTURBATOR. Siempre has so\u00f1ado con montar sobre un pene s\u00faper duro, \u00bfa qu\u00e9\" \/>\n<meta property=\"og:url\" content=\"https:\/\/demoweb.info\/sexshop001\/producto\/extreme-toyz-fuck-me-mega-masturbador-torso-masculino\/\" \/>\n<meta property=\"og:site_name\" content=\"Tienda Er\u00f3tica\" \/>\n<meta property=\"article:modified_time\" content=\"2022-01-22T11:20:14+00:00\" \/>\n<meta property=\"og:image\" content=\"https:\/\/demoweb.info\/sexshop001\/wp-content\/uploads\/2022\/01\/EXTREME-TOYZ-FUCK-ME-MEGA-MASTURBADOR-TORSO-MASCULINO.jpg\" \/>\n\t<meta property=\"og:image:width\" content=\"550\" \/>\n\t<meta property=\"og:image:height\" content=\"550\" \/>\n\t<meta property=\"og:image:type\" content=\"image\/jpeg\" \/>\n<meta name=\"twitter:card\" content=\"summary_large_image\" \/>\n<meta name=\"twitter:label1\" content=\"Tiempo de lectura\" \/>\n\t<meta name=\"twitter:data1\" content=\"2 minutos\" \/>\n<script type=\"application\/ld+json\" class=\"yoast-schema-graph\">{\"@context\":\"https:\/\/schema.org\",\"@graph\":[{\"@type\":\"WebPage\",\"@id\":\"https:\/\/demoweb.info\/sexshop001\/producto\/extreme-toyz-fuck-me-mega-masturbador-torso-masculino\/\",\"url\":\"https:\/\/demoweb.info\/sexshop001\/producto\/extreme-toyz-fuck-me-mega-masturbador-torso-masculino\/\",\"name\":\"EXTREME TOYZ FUCK ME MEGA MASTURBADOR TORSO MASCULINO - Tienda Er\u00f3tica\",\"isPartOf\":{\"@id\":\"https:\/\/demoweb.info\/sexshop001\/#website\"},\"datePublished\":\"2022-01-22T11:20:03+00:00\",\"dateModified\":\"2022-01-22T11:20:14+00:00\",\"breadcrumb\":{\"@id\":\"https:\/\/demoweb.info\/sexshop001\/producto\/extreme-toyz-fuck-me-mega-masturbador-torso-masculino\/#breadcrumb\"},\"inLanguage\":\"es\",\"potentialAction\":[{\"@type\":\"ReadAction\",\"target\":[\"https:\/\/demoweb.info\/sexshop001\/producto\/extreme-toyz-fuck-me-mega-masturbador-torso-masculino\/\"]}]},{\"@type\":\"BreadcrumbList\",\"@id\":\"https:\/\/demoweb.info\/sexshop001\/producto\/extreme-toyz-fuck-me-mega-masturbador-torso-masculino\/#breadcrumb\",\"itemListElement\":[{\"@type\":\"ListItem\",\"position\":1,\"name\":\"Portada\",\"item\":\"https:\/\/demoweb.info\/sexshop001\/\"},{\"@type\":\"ListItem\",\"position\":2,\"name\":\"Tienda\",\"item\":\"https:\/\/demoweb.info\/sexshop001\/tienda\/\"},{\"@type\":\"ListItem\",\"position\":3,\"name\":\"EXTREME TOYZ FUCK ME MEGA MASTURBADOR TORSO MASCULINO\"}]},{\"@type\":\"WebSite\",\"@id\":\"https:\/\/demoweb.info\/sexshop001\/#website\",\"url\":\"https:\/\/demoweb.info\/sexshop001\/\",\"name\":\"Tienda Er\u00f3tica\",\"description\":\"DEMOWEB SL\",\"potentialAction\":[{\"@type\":\"SearchAction\",\"target\":{\"@type\":\"EntryPoint\",\"urlTemplate\":\"https:\/\/demoweb.info\/sexshop001\/?s={search_term_string}\"},\"query-input\":\"required name=search_term_string\"}],\"inLanguage\":\"es\"}]}<\/script>\n<!-- \/ Yoast SEO plugin. -->","yoast_head_json":{"title":"EXTREME TOYZ FUCK ME MEGA MASTURBADOR TORSO MASCULINO - Tienda Er\u00f3tica","robots":{"index":"noindex","follow":"follow","max-snippet":"max-snippet:-1","max-image-preview":"max-image-preview:large","max-video-preview":"max-video-preview:-1"},"og_locale":"es_ES","og_type":"article","og_title":"EXTREME TOYZ FUCK ME MEGA MASTURBADOR TORSO MASCULINO - Tienda Er\u00f3tica","og_description":"EXTREME TOYZ FUCK ME SILLY DUDE MEGA MASTURBATOR. Siempre has so\u00f1ado con montar sobre un pene s\u00faper duro, \u00bfa qu\u00e9","og_url":"https:\/\/demoweb.info\/sexshop001\/producto\/extreme-toyz-fuck-me-mega-masturbador-torso-masculino\/","og_site_name":"Tienda Er\u00f3tica","article_modified_time":"2022-01-22T11:20:14+00:00","og_image":[{"width":550,"height":550,"url":"https:\/\/demoweb.info\/sexshop001\/wp-content\/uploads\/2022\/01\/EXTREME-TOYZ-FUCK-ME-MEGA-MASTURBADOR-TORSO-MASCULINO.jpg","type":"image\/jpeg"}],"twitter_card":"summary_large_image","twitter_misc":{"Tiempo de lectura":"2 minutos"},"schema":{"@context":"https:\/\/schema.org","@graph":[{"@type":"WebPage","@id":"https:\/\/demoweb.info\/sexshop001\/producto\/extreme-toyz-fuck-me-mega-masturbador-torso-masculino\/","url":"https:\/\/demoweb.info\/sexshop001\/producto\/extreme-toyz-fuck-me-mega-masturbador-torso-masculino\/","name":"EXTREME TOYZ FUCK ME MEGA MASTURBADOR TORSO MASCULINO - Tienda Er\u00f3tica","isPartOf":{"@id":"https:\/\/demoweb.info\/sexshop001\/#website"},"datePublished":"2022-01-22T11:20:03+00:00","dateModified":"2022-01-22T11:20:14+00:00","breadcrumb":{"@id":"https:\/\/demoweb.info\/sexshop001\/producto\/extreme-toyz-fuck-me-mega-masturbador-torso-masculino\/#breadcrumb"},"inLanguage":"es","potentialAction":[{"@type":"ReadAction","target":["https:\/\/demoweb.info\/sexshop001\/producto\/extreme-toyz-fuck-me-mega-masturbador-torso-masculino\/"]}]},{"@type":"BreadcrumbList","@id":"https:\/\/demoweb.info\/sexshop001\/producto\/extreme-toyz-fuck-me-mega-masturbador-torso-masculino\/#breadcrumb","itemListElement":[{"@type":"ListItem","position":1,"name":"Portada","item":"https:\/\/demoweb.info\/sexshop001\/"},{"@type":"ListItem","position":2,"name":"Tienda","item":"https:\/\/demoweb.info\/sexshop001\/tienda\/"},{"@type":"ListItem","position":3,"name":"EXTREME TOYZ FUCK ME MEGA MASTURBADOR TORSO MASCULINO"}]},{"@type":"WebSite","@id":"https:\/\/demoweb.info\/sexshop001\/#website","url":"https:\/\/demoweb.info\/sexshop001\/","name":"Tienda Er\u00f3tica","description":"DEMOWEB SL","potentialAction":[{"@type":"SearchAction","target":{"@type":"EntryPoint","urlTemplate":"https:\/\/demoweb.info\/sexshop001\/?s={search_term_string}"},"query-input":"required name=search_term_string"}],"inLanguage":"es"}]}},"_links":{"self":[{"href":"https:\/\/demoweb.info\/sexshop001\/wp-json\/wp\/v3\/product\/28267","targetHints":{"allow":["GET"]}}],"collection":[{"href":"https:\/\/demoweb.info\/sexshop001\/wp-json\/wp\/v3\/product"}],"about":[{"href":"https:\/\/demoweb.info\/sexshop001\/wp-json\/wp\/v2\/types\/product"}],"replies":[{"embeddable":true,"href":"https:\/\/demoweb.info\/sexshop001\/wp-json\/wp\/v2\/comments?post=28267"}],"wp:featuredmedia":[{"embeddable":true,"href":"https:\/\/demoweb.info\/sexshop001\/wp-json\/wp\/v2\/media\/28268"}],"wp:attachment":[{"href":"https:\/\/demoweb.info\/sexshop001\/wp-json\/wp\/v2\/media?parent=28267"}],"wp:term":[{"taxonomy":"product_cat","embeddable":true,"href":"https:\/\/demoweb.info\/sexshop001\/wp-json\/wp\/v2\/product_cat?post=28267"},{"taxonomy":"product_tag","embeddable":true,"href":"https:\/\/demoweb.info\/sexshop001\/wp-json\/wp\/v2\/product_tag?post=28267"}],"curies":[{"name":"wp","href":"https:\/\/api.w.org\/{rel}","templated":true}]}}