{"id":28244,"date":"2022-01-22T12:20:03","date_gmt":"2022-01-22T11:20:03","guid":{"rendered":"https:\/\/demoweb.info\/sexshop001\/producto\/extreme-toyz-mega-masturbador-vagina-pechos-y-ano\/"},"modified":"2022-01-22T12:20:03","modified_gmt":"2022-01-22T11:20:03","slug":"extreme-toyz-mega-masturbador-vagina-pechos-y-ano","status":"publish","type":"product","link":"https:\/\/demoweb.info\/sexshop001\/producto\/extreme-toyz-mega-masturbador-vagina-pechos-y-ano\/","title":{"rendered":"EXTREME TOYZ MEGA MASTURBADOR VAGINA PECHOS Y ANO"},"content":{"rendered":"<p><font size=&quot;1&quot;><b>EXTREME TOYZ DOUBLE-D MEGA MASTURBATOR<\/b>.<\/p>\n<p>Desl\u00edzate a trav\u00e9s de tus fantas\u00edas m\u00e1s calientes y convierte a este<br \/>\nmasturbador de pechos grandes en tu esclava del sexo! Cada mil\u00edmetro de piel <b>FantaFlesh<\/b> es tuyo para tu uso y disfrute. Aprieta sus redondos y suaves pechos, mientras se la metes por abajo. Los dos agujeros te est\u00e1n esperando, \u00bfpor cu\u00e1l empezar\u00e1s primero? Incluye una poderosa bala vibradora que te har\u00e1 tocar el cielo con cada embestida. Si lo que quieres es unos encuentros h\u00edper h\u00famedos y extra salvajes, a\u00f1ade un poco de lubricante. Cuando hayas terminado, utiliza el<br \/>\n<b>Pipedream Toy Cleaner<\/b> y agua tibia para una r\u00e1pida y f\u00e1cil limpieza. Ella es toda tuya&#8230; A que est\u00e1s esperando? La bala vibradora funciona con 2 pilas <b>AA<\/b> que no va incluida.<\/p>\n<p>Incluye muestras de lubricante, gel limpiador y polvo recuperador de la textura.<br \/>\n<\/font><\/p>\n","protected":false},"excerpt":{"rendered":"<p>EXTREME TOYZ DOUBLE-D MEGA MASTURBATOR. Desl\u00edzate a trav\u00e9s de tus fantas\u00edas m\u00e1s calientes y convierte a este masturbador de pechos<\/p>\n","protected":false},"featured_media":28245,"comment_status":"open","ping_status":"open","template":"","meta":[],"product_cat":[1135],"product_tag":[561,259],"class_list":["post-28244","product","type-product","status-publish","has-post-thumbnail","hentry","product_cat-torsos","product_tag-extreme-toyz","product_tag-pipedream"],"bundled_by":[],"bundle_stock_status":"instock","bundle_stock_quantity":1,"bundle_virtual":false,"bundle_layout":"","bundle_add_to_cart_form_location":"","bundle_editable_in_cart":false,"bundle_sold_individually_context":"","bundle_item_grouping":"","bundle_min_size":"","bundle_max_size":"","bundled_items":[],"yoast_head":"<!-- This site is optimized with the Yoast SEO plugin v20.6 - https:\/\/yoast.com\/wordpress\/plugins\/seo\/ -->\n<title>EXTREME TOYZ MEGA MASTURBADOR VAGINA PECHOS Y ANO - Tienda Er\u00f3tica<\/title>\n<meta name=\"robots\" content=\"noindex, follow, max-snippet:-1, max-image-preview:large, max-video-preview:-1\" \/>\n<meta property=\"og:locale\" content=\"es_ES\" \/>\n<meta property=\"og:type\" content=\"article\" \/>\n<meta property=\"og:title\" content=\"EXTREME TOYZ MEGA MASTURBADOR VAGINA PECHOS Y ANO - Tienda Er\u00f3tica\" \/>\n<meta property=\"og:description\" content=\"EXTREME TOYZ DOUBLE-D MEGA MASTURBATOR. Desl\u00edzate a trav\u00e9s de tus fantas\u00edas m\u00e1s calientes y convierte a este masturbador de pechos\" \/>\n<meta property=\"og:url\" content=\"https:\/\/demoweb.info\/sexshop001\/producto\/extreme-toyz-mega-masturbador-vagina-pechos-y-ano\/\" \/>\n<meta property=\"og:site_name\" content=\"Tienda Er\u00f3tica\" \/>\n<meta property=\"og:image\" content=\"https:\/\/demoweb.info\/sexshop001\/wp-content\/uploads\/2022\/01\/EXTREME-TOYZ-MEGA-MASTURBADOR-VAGINA-PECHOS-Y-ANO.jpg\" \/>\n\t<meta property=\"og:image:width\" content=\"550\" \/>\n\t<meta property=\"og:image:height\" content=\"550\" \/>\n\t<meta property=\"og:image:type\" content=\"image\/jpeg\" \/>\n<meta name=\"twitter:card\" content=\"summary_large_image\" \/>\n<meta name=\"twitter:label1\" content=\"Tiempo de lectura\" \/>\n\t<meta name=\"twitter:data1\" content=\"1 minuto\" \/>\n<script type=\"application\/ld+json\" class=\"yoast-schema-graph\">{\"@context\":\"https:\/\/schema.org\",\"@graph\":[{\"@type\":\"WebPage\",\"@id\":\"https:\/\/demoweb.info\/sexshop001\/producto\/extreme-toyz-mega-masturbador-vagina-pechos-y-ano\/\",\"url\":\"https:\/\/demoweb.info\/sexshop001\/producto\/extreme-toyz-mega-masturbador-vagina-pechos-y-ano\/\",\"name\":\"EXTREME TOYZ MEGA MASTURBADOR VAGINA PECHOS Y ANO - Tienda Er\u00f3tica\",\"isPartOf\":{\"@id\":\"https:\/\/demoweb.info\/sexshop001\/#website\"},\"datePublished\":\"2022-01-22T11:20:03+00:00\",\"dateModified\":\"2022-01-22T11:20:03+00:00\",\"breadcrumb\":{\"@id\":\"https:\/\/demoweb.info\/sexshop001\/producto\/extreme-toyz-mega-masturbador-vagina-pechos-y-ano\/#breadcrumb\"},\"inLanguage\":\"es\",\"potentialAction\":[{\"@type\":\"ReadAction\",\"target\":[\"https:\/\/demoweb.info\/sexshop001\/producto\/extreme-toyz-mega-masturbador-vagina-pechos-y-ano\/\"]}]},{\"@type\":\"BreadcrumbList\",\"@id\":\"https:\/\/demoweb.info\/sexshop001\/producto\/extreme-toyz-mega-masturbador-vagina-pechos-y-ano\/#breadcrumb\",\"itemListElement\":[{\"@type\":\"ListItem\",\"position\":1,\"name\":\"Portada\",\"item\":\"https:\/\/demoweb.info\/sexshop001\/\"},{\"@type\":\"ListItem\",\"position\":2,\"name\":\"Tienda\",\"item\":\"https:\/\/demoweb.info\/sexshop001\/tienda\/\"},{\"@type\":\"ListItem\",\"position\":3,\"name\":\"EXTREME TOYZ MEGA MASTURBADOR VAGINA PECHOS Y ANO\"}]},{\"@type\":\"WebSite\",\"@id\":\"https:\/\/demoweb.info\/sexshop001\/#website\",\"url\":\"https:\/\/demoweb.info\/sexshop001\/\",\"name\":\"Tienda Er\u00f3tica\",\"description\":\"DEMOWEB SL\",\"potentialAction\":[{\"@type\":\"SearchAction\",\"target\":{\"@type\":\"EntryPoint\",\"urlTemplate\":\"https:\/\/demoweb.info\/sexshop001\/?s={search_term_string}\"},\"query-input\":\"required name=search_term_string\"}],\"inLanguage\":\"es\"}]}<\/script>\n<!-- \/ Yoast SEO plugin. -->","yoast_head_json":{"title":"EXTREME TOYZ MEGA MASTURBADOR VAGINA PECHOS Y ANO - Tienda Er\u00f3tica","robots":{"index":"noindex","follow":"follow","max-snippet":"max-snippet:-1","max-image-preview":"max-image-preview:large","max-video-preview":"max-video-preview:-1"},"og_locale":"es_ES","og_type":"article","og_title":"EXTREME TOYZ MEGA MASTURBADOR VAGINA PECHOS Y ANO - Tienda Er\u00f3tica","og_description":"EXTREME TOYZ DOUBLE-D MEGA MASTURBATOR. Desl\u00edzate a trav\u00e9s de tus fantas\u00edas m\u00e1s calientes y convierte a este masturbador de pechos","og_url":"https:\/\/demoweb.info\/sexshop001\/producto\/extreme-toyz-mega-masturbador-vagina-pechos-y-ano\/","og_site_name":"Tienda Er\u00f3tica","og_image":[{"width":550,"height":550,"url":"https:\/\/demoweb.info\/sexshop001\/wp-content\/uploads\/2022\/01\/EXTREME-TOYZ-MEGA-MASTURBADOR-VAGINA-PECHOS-Y-ANO.jpg","type":"image\/jpeg"}],"twitter_card":"summary_large_image","twitter_misc":{"Tiempo de lectura":"1 minuto"},"schema":{"@context":"https:\/\/schema.org","@graph":[{"@type":"WebPage","@id":"https:\/\/demoweb.info\/sexshop001\/producto\/extreme-toyz-mega-masturbador-vagina-pechos-y-ano\/","url":"https:\/\/demoweb.info\/sexshop001\/producto\/extreme-toyz-mega-masturbador-vagina-pechos-y-ano\/","name":"EXTREME TOYZ MEGA MASTURBADOR VAGINA PECHOS Y ANO - Tienda Er\u00f3tica","isPartOf":{"@id":"https:\/\/demoweb.info\/sexshop001\/#website"},"datePublished":"2022-01-22T11:20:03+00:00","dateModified":"2022-01-22T11:20:03+00:00","breadcrumb":{"@id":"https:\/\/demoweb.info\/sexshop001\/producto\/extreme-toyz-mega-masturbador-vagina-pechos-y-ano\/#breadcrumb"},"inLanguage":"es","potentialAction":[{"@type":"ReadAction","target":["https:\/\/demoweb.info\/sexshop001\/producto\/extreme-toyz-mega-masturbador-vagina-pechos-y-ano\/"]}]},{"@type":"BreadcrumbList","@id":"https:\/\/demoweb.info\/sexshop001\/producto\/extreme-toyz-mega-masturbador-vagina-pechos-y-ano\/#breadcrumb","itemListElement":[{"@type":"ListItem","position":1,"name":"Portada","item":"https:\/\/demoweb.info\/sexshop001\/"},{"@type":"ListItem","position":2,"name":"Tienda","item":"https:\/\/demoweb.info\/sexshop001\/tienda\/"},{"@type":"ListItem","position":3,"name":"EXTREME TOYZ MEGA MASTURBADOR VAGINA PECHOS Y ANO"}]},{"@type":"WebSite","@id":"https:\/\/demoweb.info\/sexshop001\/#website","url":"https:\/\/demoweb.info\/sexshop001\/","name":"Tienda Er\u00f3tica","description":"DEMOWEB SL","potentialAction":[{"@type":"SearchAction","target":{"@type":"EntryPoint","urlTemplate":"https:\/\/demoweb.info\/sexshop001\/?s={search_term_string}"},"query-input":"required name=search_term_string"}],"inLanguage":"es"}]}},"_links":{"self":[{"href":"https:\/\/demoweb.info\/sexshop001\/wp-json\/wp\/v3\/product\/28244","targetHints":{"allow":["GET"]}}],"collection":[{"href":"https:\/\/demoweb.info\/sexshop001\/wp-json\/wp\/v3\/product"}],"about":[{"href":"https:\/\/demoweb.info\/sexshop001\/wp-json\/wp\/v2\/types\/product"}],"replies":[{"embeddable":true,"href":"https:\/\/demoweb.info\/sexshop001\/wp-json\/wp\/v2\/comments?post=28244"}],"wp:featuredmedia":[{"embeddable":true,"href":"https:\/\/demoweb.info\/sexshop001\/wp-json\/wp\/v2\/media\/28245"}],"wp:attachment":[{"href":"https:\/\/demoweb.info\/sexshop001\/wp-json\/wp\/v2\/media?parent=28244"}],"wp:term":[{"taxonomy":"product_cat","embeddable":true,"href":"https:\/\/demoweb.info\/sexshop001\/wp-json\/wp\/v2\/product_cat?post=28244"},{"taxonomy":"product_tag","embeddable":true,"href":"https:\/\/demoweb.info\/sexshop001\/wp-json\/wp\/v2\/product_tag?post=28244"}],"curies":[{"name":"wp","href":"https:\/\/api.w.org\/{rel}","templated":true}]}}