{"id":28180,"date":"2022-01-22T12:19:12","date_gmt":"2022-01-22T11:19:12","guid":{"rendered":"https:\/\/demoweb.info\/sexshop001\/producto\/fetish-fantasy-elite-universal-heavy-duty-arnes-universal\/"},"modified":"2022-01-22T12:19:23","modified_gmt":"2022-01-22T11:19:23","slug":"fetish-fantasy-elite-universal-heavy-duty-arnes-universal","status":"publish","type":"product","link":"https:\/\/demoweb.info\/sexshop001\/producto\/fetish-fantasy-elite-universal-heavy-duty-arnes-universal\/","title":{"rendered":"FETISH FANTASY ELITE UNIVERSAL HEAVY-DUTY ARNES UNIVERSAL"},"content":{"rendered":"<p><strong>FETISH FANTASY ELITE UNIVERSAL HEAVY-DUTY HARNESS<\/strong>.<\/p>\n<p>Cuando necesitas un arn\u00e9s que mantenga todo en su lugar para los trabajos duros, este arn\u00e9s universal es la \u00fanica soluci\u00f3n y la \u00fanica opci\u00f3n de obtener resultados satisfactorios. Dise\u00f1ado para soportar juegos fetichistas extremos, este arn\u00e9s cuenta con cintas ajustables y una anilla de silicona el\u00e1stica en la junta t\u00f3rica. El arn\u00e9s universal se adapta a una gran variedad de dildos y est\u00e1 hecho para jugar duro!<\/p>\n<p>Adelante, ponte a dar placer con este maravilloso arn\u00e9s! Su dise\u00f1o se adapta c\u00f3modamente a los contornos de tu cuerpo, lo que te permite moverte libremente y de forma flexible sin ninguna molestia. Con el uso, se va adaptando a\u00fan m\u00e1s a la forma de tu cuerpo, cpor lo que lo sentir\u00e1s a\u00fan m\u00e1s c\u00f3modo y placentero. Las hebillas de la cintura lo aseguran en su sitio cuando la temperatura sube y la acci\u00f3n empieza, mientras que los cierres sujetan el dildo en su lugar. Si has probado otros arneses y te han decepcionado, deja de buscar y prueba este!<\/p>\n<p>Escoge el consolador que m\u00e1s te guste y disfrutar de un sexo con arn\u00e9s sensacional sin preocuparse por que se rompa o afloje. No hay roce, fricci\u00f3n o molestias en el cuerpo. Se adapta a una variedad de tama\u00f1os y tipos de cuerpo y funciona con cualquier consolador <strong>Fetish Fantasy Elite<\/strong> con vibrador o sin. El c\u00f3modo arn\u00e9s te permite usarlo por per\u00edodos prolongados de tiempo, prolongando la diversi\u00f3n sin sacrificar su comodidad. Lo mejor de todo, no se afloja o se rompe durante el calor del momento.<\/p>\n<p>Para limpiar el arn\u00e9s solamente debes hacerlo a mano y dejarlo secar sobre una superficie plana. Se adapta al tama\u00f1o de la cintura hasta 107 cm.<\/p>\n<p>No incluye dildo.<\/p>\n","protected":false},"excerpt":{"rendered":"<p>FETISH FANTASY ELITE UNIVERSAL HEAVY-DUTY HARNESS. Cuando necesitas un arn\u00e9s que mantenga todo en su lugar para los trabajos duros,<\/p>\n","protected":false},"featured_media":28181,"comment_status":"open","ping_status":"open","template":"","meta":[],"product_cat":[780],"product_tag":[482,259],"class_list":["post-28180","product","type-product","status-publish","has-post-thumbnail","hentry","product_cat-basicos-arneses","product_tag-fetish-fantasy-elite","product_tag-pipedream"],"bundled_by":[],"bundle_stock_status":"instock","bundle_stock_quantity":2,"bundle_virtual":false,"bundle_layout":"","bundle_add_to_cart_form_location":"","bundle_editable_in_cart":false,"bundle_sold_individually_context":"","bundle_item_grouping":"","bundle_min_size":"","bundle_max_size":"","bundled_items":[],"yoast_head":"<!-- This site is optimized with the Yoast SEO plugin v20.6 - https:\/\/yoast.com\/wordpress\/plugins\/seo\/ -->\n<title>FETISH FANTASY ELITE UNIVERSAL HEAVY-DUTY ARNES UNIVERSAL - Tienda Er\u00f3tica<\/title>\n<meta name=\"robots\" content=\"noindex, follow, max-snippet:-1, max-image-preview:large, max-video-preview:-1\" \/>\n<meta property=\"og:locale\" content=\"es_ES\" \/>\n<meta property=\"og:type\" content=\"article\" \/>\n<meta property=\"og:title\" content=\"FETISH FANTASY ELITE UNIVERSAL HEAVY-DUTY ARNES UNIVERSAL - Tienda Er\u00f3tica\" \/>\n<meta property=\"og:description\" content=\"FETISH FANTASY ELITE UNIVERSAL HEAVY-DUTY HARNESS. Cuando necesitas un arn\u00e9s que mantenga todo en su lugar para los trabajos duros,\" \/>\n<meta property=\"og:url\" content=\"https:\/\/demoweb.info\/sexshop001\/producto\/fetish-fantasy-elite-universal-heavy-duty-arnes-universal\/\" \/>\n<meta property=\"og:site_name\" content=\"Tienda Er\u00f3tica\" \/>\n<meta property=\"article:modified_time\" content=\"2022-01-22T11:19:23+00:00\" \/>\n<meta property=\"og:image\" content=\"https:\/\/demoweb.info\/sexshop001\/wp-content\/uploads\/2022\/01\/FETISH-FANTASY-ELITE-UNIVERSAL-HEAVY-DUTY-ARNES-UNIVERSAL.jpg\" \/>\n\t<meta property=\"og:image:width\" content=\"550\" \/>\n\t<meta property=\"og:image:height\" content=\"550\" \/>\n\t<meta property=\"og:image:type\" content=\"image\/jpeg\" \/>\n<meta name=\"twitter:card\" content=\"summary_large_image\" \/>\n<meta name=\"twitter:label1\" content=\"Tiempo de lectura\" \/>\n\t<meta name=\"twitter:data1\" content=\"2 minutos\" \/>\n<script type=\"application\/ld+json\" class=\"yoast-schema-graph\">{\"@context\":\"https:\/\/schema.org\",\"@graph\":[{\"@type\":\"WebPage\",\"@id\":\"https:\/\/demoweb.info\/sexshop001\/producto\/fetish-fantasy-elite-universal-heavy-duty-arnes-universal\/\",\"url\":\"https:\/\/demoweb.info\/sexshop001\/producto\/fetish-fantasy-elite-universal-heavy-duty-arnes-universal\/\",\"name\":\"FETISH FANTASY ELITE UNIVERSAL HEAVY-DUTY ARNES UNIVERSAL - Tienda Er\u00f3tica\",\"isPartOf\":{\"@id\":\"https:\/\/demoweb.info\/sexshop001\/#website\"},\"datePublished\":\"2022-01-22T11:19:12+00:00\",\"dateModified\":\"2022-01-22T11:19:23+00:00\",\"breadcrumb\":{\"@id\":\"https:\/\/demoweb.info\/sexshop001\/producto\/fetish-fantasy-elite-universal-heavy-duty-arnes-universal\/#breadcrumb\"},\"inLanguage\":\"es\",\"potentialAction\":[{\"@type\":\"ReadAction\",\"target\":[\"https:\/\/demoweb.info\/sexshop001\/producto\/fetish-fantasy-elite-universal-heavy-duty-arnes-universal\/\"]}]},{\"@type\":\"BreadcrumbList\",\"@id\":\"https:\/\/demoweb.info\/sexshop001\/producto\/fetish-fantasy-elite-universal-heavy-duty-arnes-universal\/#breadcrumb\",\"itemListElement\":[{\"@type\":\"ListItem\",\"position\":1,\"name\":\"Portada\",\"item\":\"https:\/\/demoweb.info\/sexshop001\/\"},{\"@type\":\"ListItem\",\"position\":2,\"name\":\"Tienda\",\"item\":\"https:\/\/demoweb.info\/sexshop001\/tienda\/\"},{\"@type\":\"ListItem\",\"position\":3,\"name\":\"FETISH FANTASY ELITE UNIVERSAL HEAVY-DUTY ARNES UNIVERSAL\"}]},{\"@type\":\"WebSite\",\"@id\":\"https:\/\/demoweb.info\/sexshop001\/#website\",\"url\":\"https:\/\/demoweb.info\/sexshop001\/\",\"name\":\"Tienda Er\u00f3tica\",\"description\":\"DEMOWEB SL\",\"potentialAction\":[{\"@type\":\"SearchAction\",\"target\":{\"@type\":\"EntryPoint\",\"urlTemplate\":\"https:\/\/demoweb.info\/sexshop001\/?s={search_term_string}\"},\"query-input\":\"required name=search_term_string\"}],\"inLanguage\":\"es\"}]}<\/script>\n<!-- \/ Yoast SEO plugin. -->","yoast_head_json":{"title":"FETISH FANTASY ELITE UNIVERSAL HEAVY-DUTY ARNES UNIVERSAL - Tienda Er\u00f3tica","robots":{"index":"noindex","follow":"follow","max-snippet":"max-snippet:-1","max-image-preview":"max-image-preview:large","max-video-preview":"max-video-preview:-1"},"og_locale":"es_ES","og_type":"article","og_title":"FETISH FANTASY ELITE UNIVERSAL HEAVY-DUTY ARNES UNIVERSAL - Tienda Er\u00f3tica","og_description":"FETISH FANTASY ELITE UNIVERSAL HEAVY-DUTY HARNESS. Cuando necesitas un arn\u00e9s que mantenga todo en su lugar para los trabajos duros,","og_url":"https:\/\/demoweb.info\/sexshop001\/producto\/fetish-fantasy-elite-universal-heavy-duty-arnes-universal\/","og_site_name":"Tienda Er\u00f3tica","article_modified_time":"2022-01-22T11:19:23+00:00","og_image":[{"width":550,"height":550,"url":"https:\/\/demoweb.info\/sexshop001\/wp-content\/uploads\/2022\/01\/FETISH-FANTASY-ELITE-UNIVERSAL-HEAVY-DUTY-ARNES-UNIVERSAL.jpg","type":"image\/jpeg"}],"twitter_card":"summary_large_image","twitter_misc":{"Tiempo de lectura":"2 minutos"},"schema":{"@context":"https:\/\/schema.org","@graph":[{"@type":"WebPage","@id":"https:\/\/demoweb.info\/sexshop001\/producto\/fetish-fantasy-elite-universal-heavy-duty-arnes-universal\/","url":"https:\/\/demoweb.info\/sexshop001\/producto\/fetish-fantasy-elite-universal-heavy-duty-arnes-universal\/","name":"FETISH FANTASY ELITE UNIVERSAL HEAVY-DUTY ARNES UNIVERSAL - Tienda Er\u00f3tica","isPartOf":{"@id":"https:\/\/demoweb.info\/sexshop001\/#website"},"datePublished":"2022-01-22T11:19:12+00:00","dateModified":"2022-01-22T11:19:23+00:00","breadcrumb":{"@id":"https:\/\/demoweb.info\/sexshop001\/producto\/fetish-fantasy-elite-universal-heavy-duty-arnes-universal\/#breadcrumb"},"inLanguage":"es","potentialAction":[{"@type":"ReadAction","target":["https:\/\/demoweb.info\/sexshop001\/producto\/fetish-fantasy-elite-universal-heavy-duty-arnes-universal\/"]}]},{"@type":"BreadcrumbList","@id":"https:\/\/demoweb.info\/sexshop001\/producto\/fetish-fantasy-elite-universal-heavy-duty-arnes-universal\/#breadcrumb","itemListElement":[{"@type":"ListItem","position":1,"name":"Portada","item":"https:\/\/demoweb.info\/sexshop001\/"},{"@type":"ListItem","position":2,"name":"Tienda","item":"https:\/\/demoweb.info\/sexshop001\/tienda\/"},{"@type":"ListItem","position":3,"name":"FETISH FANTASY ELITE UNIVERSAL HEAVY-DUTY ARNES UNIVERSAL"}]},{"@type":"WebSite","@id":"https:\/\/demoweb.info\/sexshop001\/#website","url":"https:\/\/demoweb.info\/sexshop001\/","name":"Tienda Er\u00f3tica","description":"DEMOWEB SL","potentialAction":[{"@type":"SearchAction","target":{"@type":"EntryPoint","urlTemplate":"https:\/\/demoweb.info\/sexshop001\/?s={search_term_string}"},"query-input":"required name=search_term_string"}],"inLanguage":"es"}]}},"_links":{"self":[{"href":"https:\/\/demoweb.info\/sexshop001\/wp-json\/wp\/v3\/product\/28180","targetHints":{"allow":["GET"]}}],"collection":[{"href":"https:\/\/demoweb.info\/sexshop001\/wp-json\/wp\/v3\/product"}],"about":[{"href":"https:\/\/demoweb.info\/sexshop001\/wp-json\/wp\/v2\/types\/product"}],"replies":[{"embeddable":true,"href":"https:\/\/demoweb.info\/sexshop001\/wp-json\/wp\/v2\/comments?post=28180"}],"wp:featuredmedia":[{"embeddable":true,"href":"https:\/\/demoweb.info\/sexshop001\/wp-json\/wp\/v2\/media\/28181"}],"wp:attachment":[{"href":"https:\/\/demoweb.info\/sexshop001\/wp-json\/wp\/v2\/media?parent=28180"}],"wp:term":[{"taxonomy":"product_cat","embeddable":true,"href":"https:\/\/demoweb.info\/sexshop001\/wp-json\/wp\/v2\/product_cat?post=28180"},{"taxonomy":"product_tag","embeddable":true,"href":"https:\/\/demoweb.info\/sexshop001\/wp-json\/wp\/v2\/product_tag?post=28180"}],"curies":[{"name":"wp","href":"https:\/\/api.w.org\/{rel}","templated":true}]}}