{"id":28162,"date":"2022-01-22T12:19:12","date_gmt":"2022-01-22T11:19:12","guid":{"rendered":"https:\/\/demoweb.info\/sexshop001\/producto\/extreme-toyz-fuck-me-silly-vagina-y-ano-negra-extra-real\/"},"modified":"2022-01-22T12:19:15","modified_gmt":"2022-01-22T11:19:15","slug":"extreme-toyz-fuck-me-silly-vagina-y-ano-negra-extra-real","status":"publish","type":"product","link":"https:\/\/demoweb.info\/sexshop001\/producto\/extreme-toyz-fuck-me-silly-vagina-y-ano-negra-extra-real\/","title":{"rendered":"EXTREME TOYZ FUCK ME SILLY VAGINA Y ANO NEGRA EXTRA REAL"},"content":{"rendered":"<p><strong>EXTREME TOYZ FUCK ME SILLY BLACK MEGA MASTURBATOR<\/strong><\/p>\n<p>Seguro que siempre hab\u00edas so\u00f1ado con una mulata tan caliente como esta.<\/p>\n<p>S\u00e1cala de la caja, aplica el lubricante que te obsequiamos y lib\u00e9rate.<\/p>\n<p>Este mega Masturbador es la r\u00e9plica mas realista que puedas probar.<\/p>\n<p>Su suave vulva te envuelve y masajea tu pene, es casi mejor que una vagina real.<\/p>\n<p>Dale una palmada a este maravilloso culo y escucha ese sonido tan real, pellizca las nalgas de este prieto culo y ll\u00e9nalo con tu pene. Ella esta caliente, ella esta apretada y nunca dice que no.<\/p>\n<p>Cuando hayas terminado la limpieza es muy f\u00e1cil, con tu limpiador de juguetes <strong>Pipedream<\/strong> y agua tibia.<\/p>\n<p>Lo mejor de todo, es que la puedes guardar debajo de la cama o en el armario, un almacenamiento f\u00e1cil despu\u00e9s de la diversi\u00f3n. Sin compromisos, sin tonter\u00edas y no te preocupes m\u00e1s de ella.<\/p>\n<p>Es toda una revelaci\u00f3n, en cualquier momento en cualquier lugar y para cualquier tama\u00f1o de pene.<\/p>\n<p>No esperes m\u00e1s, consigue su <strong>Fuck Me Silly.<\/strong><\/p>\n<p>Peso 9 Kilos.<\/p>\n","protected":false},"excerpt":{"rendered":"<p>EXTREME TOYZ FUCK ME SILLY BLACK MEGA MASTURBATOR Seguro que siempre hab\u00edas so\u00f1ado con una mulata tan caliente como esta.<\/p>\n","protected":false},"featured_media":28163,"comment_status":"open","ping_status":"open","template":"","meta":[],"product_cat":[560],"product_tag":[561,259],"class_list":["post-28162","product","type-product","status-publish","has-post-thumbnail","hentry","product_cat-vaginas-y-anos","product_tag-extreme-toyz","product_tag-pipedream"],"bundled_by":[],"bundle_stock_status":"outofstock","bundle_stock_quantity":0,"bundle_virtual":false,"bundle_layout":"","bundle_add_to_cart_form_location":"","bundle_editable_in_cart":false,"bundle_sold_individually_context":"","bundle_item_grouping":"","bundle_min_size":"","bundle_max_size":"","bundled_items":[],"yoast_head":"<!-- This site is optimized with the Yoast SEO plugin v20.6 - https:\/\/yoast.com\/wordpress\/plugins\/seo\/ -->\n<title>EXTREME TOYZ FUCK ME SILLY VAGINA Y ANO NEGRA EXTRA REAL - Tienda Er\u00f3tica<\/title>\n<meta name=\"robots\" content=\"noindex, follow, max-snippet:-1, max-image-preview:large, max-video-preview:-1\" \/>\n<meta property=\"og:locale\" content=\"es_ES\" \/>\n<meta property=\"og:type\" content=\"article\" \/>\n<meta property=\"og:title\" content=\"EXTREME TOYZ FUCK ME SILLY VAGINA Y ANO NEGRA EXTRA REAL - Tienda Er\u00f3tica\" \/>\n<meta property=\"og:description\" content=\"EXTREME TOYZ FUCK ME SILLY BLACK MEGA MASTURBATOR Seguro que siempre hab\u00edas so\u00f1ado con una mulata tan caliente como esta.\" \/>\n<meta property=\"og:url\" content=\"https:\/\/demoweb.info\/sexshop001\/producto\/extreme-toyz-fuck-me-silly-vagina-y-ano-negra-extra-real\/\" \/>\n<meta property=\"og:site_name\" content=\"Tienda Er\u00f3tica\" \/>\n<meta property=\"article:modified_time\" content=\"2022-01-22T11:19:15+00:00\" \/>\n<meta property=\"og:image\" content=\"https:\/\/demoweb.info\/sexshop001\/wp-content\/uploads\/2022\/01\/EXTREME-TOYZ-FUCK-ME-SILLY-VAGINA-Y-ANO-NEGRA-EXTRA-REAL.jpg\" \/>\n\t<meta property=\"og:image:width\" content=\"550\" \/>\n\t<meta property=\"og:image:height\" content=\"550\" \/>\n\t<meta property=\"og:image:type\" content=\"image\/jpeg\" \/>\n<meta name=\"twitter:card\" content=\"summary_large_image\" \/>\n<meta name=\"twitter:label1\" content=\"Tiempo de lectura\" \/>\n\t<meta name=\"twitter:data1\" content=\"1 minuto\" \/>\n<script type=\"application\/ld+json\" class=\"yoast-schema-graph\">{\"@context\":\"https:\/\/schema.org\",\"@graph\":[{\"@type\":\"WebPage\",\"@id\":\"https:\/\/demoweb.info\/sexshop001\/producto\/extreme-toyz-fuck-me-silly-vagina-y-ano-negra-extra-real\/\",\"url\":\"https:\/\/demoweb.info\/sexshop001\/producto\/extreme-toyz-fuck-me-silly-vagina-y-ano-negra-extra-real\/\",\"name\":\"EXTREME TOYZ FUCK ME SILLY VAGINA Y ANO NEGRA EXTRA REAL - Tienda Er\u00f3tica\",\"isPartOf\":{\"@id\":\"https:\/\/demoweb.info\/sexshop001\/#website\"},\"datePublished\":\"2022-01-22T11:19:12+00:00\",\"dateModified\":\"2022-01-22T11:19:15+00:00\",\"breadcrumb\":{\"@id\":\"https:\/\/demoweb.info\/sexshop001\/producto\/extreme-toyz-fuck-me-silly-vagina-y-ano-negra-extra-real\/#breadcrumb\"},\"inLanguage\":\"es\",\"potentialAction\":[{\"@type\":\"ReadAction\",\"target\":[\"https:\/\/demoweb.info\/sexshop001\/producto\/extreme-toyz-fuck-me-silly-vagina-y-ano-negra-extra-real\/\"]}]},{\"@type\":\"BreadcrumbList\",\"@id\":\"https:\/\/demoweb.info\/sexshop001\/producto\/extreme-toyz-fuck-me-silly-vagina-y-ano-negra-extra-real\/#breadcrumb\",\"itemListElement\":[{\"@type\":\"ListItem\",\"position\":1,\"name\":\"Portada\",\"item\":\"https:\/\/demoweb.info\/sexshop001\/\"},{\"@type\":\"ListItem\",\"position\":2,\"name\":\"Tienda\",\"item\":\"https:\/\/demoweb.info\/sexshop001\/tienda\/\"},{\"@type\":\"ListItem\",\"position\":3,\"name\":\"EXTREME TOYZ FUCK ME SILLY VAGINA Y ANO NEGRA EXTRA REAL\"}]},{\"@type\":\"WebSite\",\"@id\":\"https:\/\/demoweb.info\/sexshop001\/#website\",\"url\":\"https:\/\/demoweb.info\/sexshop001\/\",\"name\":\"Tienda Er\u00f3tica\",\"description\":\"DEMOWEB SL\",\"potentialAction\":[{\"@type\":\"SearchAction\",\"target\":{\"@type\":\"EntryPoint\",\"urlTemplate\":\"https:\/\/demoweb.info\/sexshop001\/?s={search_term_string}\"},\"query-input\":\"required name=search_term_string\"}],\"inLanguage\":\"es\"}]}<\/script>\n<!-- \/ Yoast SEO plugin. -->","yoast_head_json":{"title":"EXTREME TOYZ FUCK ME SILLY VAGINA Y ANO NEGRA EXTRA REAL - Tienda Er\u00f3tica","robots":{"index":"noindex","follow":"follow","max-snippet":"max-snippet:-1","max-image-preview":"max-image-preview:large","max-video-preview":"max-video-preview:-1"},"og_locale":"es_ES","og_type":"article","og_title":"EXTREME TOYZ FUCK ME SILLY VAGINA Y ANO NEGRA EXTRA REAL - Tienda Er\u00f3tica","og_description":"EXTREME TOYZ FUCK ME SILLY BLACK MEGA MASTURBATOR Seguro que siempre hab\u00edas so\u00f1ado con una mulata tan caliente como esta.","og_url":"https:\/\/demoweb.info\/sexshop001\/producto\/extreme-toyz-fuck-me-silly-vagina-y-ano-negra-extra-real\/","og_site_name":"Tienda Er\u00f3tica","article_modified_time":"2022-01-22T11:19:15+00:00","og_image":[{"width":550,"height":550,"url":"https:\/\/demoweb.info\/sexshop001\/wp-content\/uploads\/2022\/01\/EXTREME-TOYZ-FUCK-ME-SILLY-VAGINA-Y-ANO-NEGRA-EXTRA-REAL.jpg","type":"image\/jpeg"}],"twitter_card":"summary_large_image","twitter_misc":{"Tiempo de lectura":"1 minuto"},"schema":{"@context":"https:\/\/schema.org","@graph":[{"@type":"WebPage","@id":"https:\/\/demoweb.info\/sexshop001\/producto\/extreme-toyz-fuck-me-silly-vagina-y-ano-negra-extra-real\/","url":"https:\/\/demoweb.info\/sexshop001\/producto\/extreme-toyz-fuck-me-silly-vagina-y-ano-negra-extra-real\/","name":"EXTREME TOYZ FUCK ME SILLY VAGINA Y ANO NEGRA EXTRA REAL - Tienda Er\u00f3tica","isPartOf":{"@id":"https:\/\/demoweb.info\/sexshop001\/#website"},"datePublished":"2022-01-22T11:19:12+00:00","dateModified":"2022-01-22T11:19:15+00:00","breadcrumb":{"@id":"https:\/\/demoweb.info\/sexshop001\/producto\/extreme-toyz-fuck-me-silly-vagina-y-ano-negra-extra-real\/#breadcrumb"},"inLanguage":"es","potentialAction":[{"@type":"ReadAction","target":["https:\/\/demoweb.info\/sexshop001\/producto\/extreme-toyz-fuck-me-silly-vagina-y-ano-negra-extra-real\/"]}]},{"@type":"BreadcrumbList","@id":"https:\/\/demoweb.info\/sexshop001\/producto\/extreme-toyz-fuck-me-silly-vagina-y-ano-negra-extra-real\/#breadcrumb","itemListElement":[{"@type":"ListItem","position":1,"name":"Portada","item":"https:\/\/demoweb.info\/sexshop001\/"},{"@type":"ListItem","position":2,"name":"Tienda","item":"https:\/\/demoweb.info\/sexshop001\/tienda\/"},{"@type":"ListItem","position":3,"name":"EXTREME TOYZ FUCK ME SILLY VAGINA Y ANO NEGRA EXTRA REAL"}]},{"@type":"WebSite","@id":"https:\/\/demoweb.info\/sexshop001\/#website","url":"https:\/\/demoweb.info\/sexshop001\/","name":"Tienda Er\u00f3tica","description":"DEMOWEB SL","potentialAction":[{"@type":"SearchAction","target":{"@type":"EntryPoint","urlTemplate":"https:\/\/demoweb.info\/sexshop001\/?s={search_term_string}"},"query-input":"required name=search_term_string"}],"inLanguage":"es"}]}},"_links":{"self":[{"href":"https:\/\/demoweb.info\/sexshop001\/wp-json\/wp\/v3\/product\/28162","targetHints":{"allow":["GET"]}}],"collection":[{"href":"https:\/\/demoweb.info\/sexshop001\/wp-json\/wp\/v3\/product"}],"about":[{"href":"https:\/\/demoweb.info\/sexshop001\/wp-json\/wp\/v2\/types\/product"}],"replies":[{"embeddable":true,"href":"https:\/\/demoweb.info\/sexshop001\/wp-json\/wp\/v2\/comments?post=28162"}],"wp:featuredmedia":[{"embeddable":true,"href":"https:\/\/demoweb.info\/sexshop001\/wp-json\/wp\/v2\/media\/28163"}],"wp:attachment":[{"href":"https:\/\/demoweb.info\/sexshop001\/wp-json\/wp\/v2\/media?parent=28162"}],"wp:term":[{"taxonomy":"product_cat","embeddable":true,"href":"https:\/\/demoweb.info\/sexshop001\/wp-json\/wp\/v2\/product_cat?post=28162"},{"taxonomy":"product_tag","embeddable":true,"href":"https:\/\/demoweb.info\/sexshop001\/wp-json\/wp\/v2\/product_tag?post=28162"}],"curies":[{"name":"wp","href":"https:\/\/api.w.org\/{rel}","templated":true}]}}