{"id":28153,"date":"2022-01-22T12:19:02","date_gmt":"2022-01-22T11:19:02","guid":{"rendered":"https:\/\/demoweb.info\/sexshop001\/producto\/neon-luv-touch-punto-g-rosa\/"},"modified":"2022-01-22T12:19:08","modified_gmt":"2022-01-22T11:19:08","slug":"neon-luv-touch-punto-g-rosa","status":"publish","type":"product","link":"https:\/\/demoweb.info\/sexshop001\/producto\/neon-luv-touch-punto-g-rosa\/","title":{"rendered":"NEON LUV TOUCH PUNTO G ROSA"},"content":{"rendered":"<p><font size=&quot;1&quot;><b>NEON LUV TOUCH G-SPOT PINK<\/b>.<\/p>\n<p>Reg\u00e1late un instante de placer en la ducha o en la sauna con este mini vibrador estimulador de punto G Neon G-Spot. El solito es capaz de hacerte vibrar hasta el alma tanto dentro como fuera del agua. Solo ajusta la velocidad \u00f3ptima para ti con su ruedecilla inferior y d\u00e9jate llevar por sus seductoras y silenciosas vibraciones. Su inteligentemente pensada cabeza curva estimular\u00e1 tu punto G, sola o en compa\u00f1\u00eda de tu pareja. De cualquier modo, amar\u00e1s esa discreta emoci\u00f3n que provoca en ti, que al mismo tiempo te llena de paz interior.<\/p>\n<p>Medidas: 16 cm x 2,2 cm.<\/p>\n<p>Funciona con 2 pilas <b>AA<\/b> que no van incluidas.<br \/>\n<\/font><\/p>\n","protected":false},"excerpt":{"rendered":"<p>NEON LUV TOUCH G-SPOT PINK. Reg\u00e1late un instante de placer en la ducha o en la sauna con este mini<\/p>\n","protected":false},"featured_media":28154,"comment_status":"open","ping_status":"open","template":"","meta":[],"product_cat":[639],"product_tag":[838,259],"class_list":["post-28153","product","type-product","status-publish","has-post-thumbnail","hentry","product_cat-punto-g","product_tag-neon","product_tag-pipedream"],"bundled_by":[],"bundle_stock_status":"instock","bundle_stock_quantity":2,"bundle_virtual":false,"bundle_layout":"","bundle_add_to_cart_form_location":"","bundle_editable_in_cart":false,"bundle_sold_individually_context":"","bundle_item_grouping":"","bundle_min_size":"","bundle_max_size":"","bundled_items":[],"yoast_head":"<!-- This site is optimized with the Yoast SEO plugin v20.6 - https:\/\/yoast.com\/wordpress\/plugins\/seo\/ -->\n<title>NEON LUV TOUCH PUNTO G ROSA - Tienda Er\u00f3tica<\/title>\n<meta name=\"robots\" content=\"noindex, follow, max-snippet:-1, max-image-preview:large, max-video-preview:-1\" \/>\n<meta property=\"og:locale\" content=\"es_ES\" \/>\n<meta property=\"og:type\" content=\"article\" \/>\n<meta property=\"og:title\" content=\"NEON LUV TOUCH PUNTO G ROSA - Tienda Er\u00f3tica\" \/>\n<meta property=\"og:description\" content=\"NEON LUV TOUCH G-SPOT PINK. Reg\u00e1late un instante de placer en la ducha o en la sauna con este mini\" \/>\n<meta property=\"og:url\" content=\"https:\/\/demoweb.info\/sexshop001\/producto\/neon-luv-touch-punto-g-rosa\/\" \/>\n<meta property=\"og:site_name\" content=\"Tienda Er\u00f3tica\" \/>\n<meta property=\"article:modified_time\" content=\"2022-01-22T11:19:08+00:00\" \/>\n<meta property=\"og:image\" content=\"https:\/\/demoweb.info\/sexshop001\/wp-content\/uploads\/2022\/01\/NEON-LUV-TOUCH-PUNTO-G-ROSA.jpg\" \/>\n\t<meta property=\"og:image:width\" content=\"550\" \/>\n\t<meta property=\"og:image:height\" content=\"550\" \/>\n\t<meta property=\"og:image:type\" content=\"image\/jpeg\" \/>\n<meta name=\"twitter:card\" content=\"summary_large_image\" \/>\n<meta name=\"twitter:label1\" content=\"Tiempo de lectura\" \/>\n\t<meta name=\"twitter:data1\" content=\"1 minuto\" \/>\n<script type=\"application\/ld+json\" class=\"yoast-schema-graph\">{\"@context\":\"https:\/\/schema.org\",\"@graph\":[{\"@type\":\"WebPage\",\"@id\":\"https:\/\/demoweb.info\/sexshop001\/producto\/neon-luv-touch-punto-g-rosa\/\",\"url\":\"https:\/\/demoweb.info\/sexshop001\/producto\/neon-luv-touch-punto-g-rosa\/\",\"name\":\"NEON LUV TOUCH PUNTO G ROSA - Tienda Er\u00f3tica\",\"isPartOf\":{\"@id\":\"https:\/\/demoweb.info\/sexshop001\/#website\"},\"datePublished\":\"2022-01-22T11:19:02+00:00\",\"dateModified\":\"2022-01-22T11:19:08+00:00\",\"breadcrumb\":{\"@id\":\"https:\/\/demoweb.info\/sexshop001\/producto\/neon-luv-touch-punto-g-rosa\/#breadcrumb\"},\"inLanguage\":\"es\",\"potentialAction\":[{\"@type\":\"ReadAction\",\"target\":[\"https:\/\/demoweb.info\/sexshop001\/producto\/neon-luv-touch-punto-g-rosa\/\"]}]},{\"@type\":\"BreadcrumbList\",\"@id\":\"https:\/\/demoweb.info\/sexshop001\/producto\/neon-luv-touch-punto-g-rosa\/#breadcrumb\",\"itemListElement\":[{\"@type\":\"ListItem\",\"position\":1,\"name\":\"Portada\",\"item\":\"https:\/\/demoweb.info\/sexshop001\/\"},{\"@type\":\"ListItem\",\"position\":2,\"name\":\"Tienda\",\"item\":\"https:\/\/demoweb.info\/sexshop001\/tienda\/\"},{\"@type\":\"ListItem\",\"position\":3,\"name\":\"NEON LUV TOUCH PUNTO G ROSA\"}]},{\"@type\":\"WebSite\",\"@id\":\"https:\/\/demoweb.info\/sexshop001\/#website\",\"url\":\"https:\/\/demoweb.info\/sexshop001\/\",\"name\":\"Tienda Er\u00f3tica\",\"description\":\"DEMOWEB SL\",\"potentialAction\":[{\"@type\":\"SearchAction\",\"target\":{\"@type\":\"EntryPoint\",\"urlTemplate\":\"https:\/\/demoweb.info\/sexshop001\/?s={search_term_string}\"},\"query-input\":\"required name=search_term_string\"}],\"inLanguage\":\"es\"}]}<\/script>\n<!-- \/ Yoast SEO plugin. -->","yoast_head_json":{"title":"NEON LUV TOUCH PUNTO G ROSA - Tienda Er\u00f3tica","robots":{"index":"noindex","follow":"follow","max-snippet":"max-snippet:-1","max-image-preview":"max-image-preview:large","max-video-preview":"max-video-preview:-1"},"og_locale":"es_ES","og_type":"article","og_title":"NEON LUV TOUCH PUNTO G ROSA - Tienda Er\u00f3tica","og_description":"NEON LUV TOUCH G-SPOT PINK. Reg\u00e1late un instante de placer en la ducha o en la sauna con este mini","og_url":"https:\/\/demoweb.info\/sexshop001\/producto\/neon-luv-touch-punto-g-rosa\/","og_site_name":"Tienda Er\u00f3tica","article_modified_time":"2022-01-22T11:19:08+00:00","og_image":[{"width":550,"height":550,"url":"https:\/\/demoweb.info\/sexshop001\/wp-content\/uploads\/2022\/01\/NEON-LUV-TOUCH-PUNTO-G-ROSA.jpg","type":"image\/jpeg"}],"twitter_card":"summary_large_image","twitter_misc":{"Tiempo de lectura":"1 minuto"},"schema":{"@context":"https:\/\/schema.org","@graph":[{"@type":"WebPage","@id":"https:\/\/demoweb.info\/sexshop001\/producto\/neon-luv-touch-punto-g-rosa\/","url":"https:\/\/demoweb.info\/sexshop001\/producto\/neon-luv-touch-punto-g-rosa\/","name":"NEON LUV TOUCH PUNTO G ROSA - Tienda Er\u00f3tica","isPartOf":{"@id":"https:\/\/demoweb.info\/sexshop001\/#website"},"datePublished":"2022-01-22T11:19:02+00:00","dateModified":"2022-01-22T11:19:08+00:00","breadcrumb":{"@id":"https:\/\/demoweb.info\/sexshop001\/producto\/neon-luv-touch-punto-g-rosa\/#breadcrumb"},"inLanguage":"es","potentialAction":[{"@type":"ReadAction","target":["https:\/\/demoweb.info\/sexshop001\/producto\/neon-luv-touch-punto-g-rosa\/"]}]},{"@type":"BreadcrumbList","@id":"https:\/\/demoweb.info\/sexshop001\/producto\/neon-luv-touch-punto-g-rosa\/#breadcrumb","itemListElement":[{"@type":"ListItem","position":1,"name":"Portada","item":"https:\/\/demoweb.info\/sexshop001\/"},{"@type":"ListItem","position":2,"name":"Tienda","item":"https:\/\/demoweb.info\/sexshop001\/tienda\/"},{"@type":"ListItem","position":3,"name":"NEON LUV TOUCH PUNTO G ROSA"}]},{"@type":"WebSite","@id":"https:\/\/demoweb.info\/sexshop001\/#website","url":"https:\/\/demoweb.info\/sexshop001\/","name":"Tienda Er\u00f3tica","description":"DEMOWEB SL","potentialAction":[{"@type":"SearchAction","target":{"@type":"EntryPoint","urlTemplate":"https:\/\/demoweb.info\/sexshop001\/?s={search_term_string}"},"query-input":"required name=search_term_string"}],"inLanguage":"es"}]}},"_links":{"self":[{"href":"https:\/\/demoweb.info\/sexshop001\/wp-json\/wp\/v3\/product\/28153","targetHints":{"allow":["GET"]}}],"collection":[{"href":"https:\/\/demoweb.info\/sexshop001\/wp-json\/wp\/v3\/product"}],"about":[{"href":"https:\/\/demoweb.info\/sexshop001\/wp-json\/wp\/v2\/types\/product"}],"replies":[{"embeddable":true,"href":"https:\/\/demoweb.info\/sexshop001\/wp-json\/wp\/v2\/comments?post=28153"}],"wp:featuredmedia":[{"embeddable":true,"href":"https:\/\/demoweb.info\/sexshop001\/wp-json\/wp\/v2\/media\/28154"}],"wp:attachment":[{"href":"https:\/\/demoweb.info\/sexshop001\/wp-json\/wp\/v2\/media?parent=28153"}],"wp:term":[{"taxonomy":"product_cat","embeddable":true,"href":"https:\/\/demoweb.info\/sexshop001\/wp-json\/wp\/v2\/product_cat?post=28153"},{"taxonomy":"product_tag","embeddable":true,"href":"https:\/\/demoweb.info\/sexshop001\/wp-json\/wp\/v2\/product_tag?post=28153"}],"curies":[{"name":"wp","href":"https:\/\/api.w.org\/{rel}","templated":true}]}}