{"id":28148,"date":"2022-01-22T12:19:02","date_gmt":"2022-01-22T11:19:02","guid":{"rendered":"https:\/\/demoweb.info\/sexshop001\/producto\/extreme-toyz-masturbador-vagina-virgen\/"},"modified":"2022-01-22T12:19:06","modified_gmt":"2022-01-22T11:19:06","slug":"extreme-toyz-masturbador-vagina-virgen","status":"publish","type":"product","link":"https:\/\/demoweb.info\/sexshop001\/producto\/extreme-toyz-masturbador-vagina-virgen\/","title":{"rendered":"EXTREME TOYZ MASTURBADOR VAGINA VIRGEN"},"content":{"rendered":"<p><strong>EXTREME TOYZ VIRGIN SNATCH<\/strong>.<\/p>\n<p>Desl\u00edzate a trav\u00e9s de tus fantas\u00edas m\u00e1s calientes y disfruta de la sensaci\u00f3n de penetrar una vagina que nunca antes ha sido penetrada. Una vez que la metes por ese agujero del placer estrecho y tirante, sentir\u00e1s como te va envolviendo cada vez m\u00e1s, sintiendo como si fuese una mujer real. Los labios son s\u00faper real\u00edsticos fabricados en Fanta Flesh y est\u00e1n esperando a tu pene. Eyacula dentro de ella todo lo que quieras, que no se quejar\u00e1 en absoluto.<\/p>\n<p>Utiliza lubricante si lo que quieres es un encuentro extra h\u00famedo y <strong>Pipedream Toy Cleaner <\/strong>con agua tibia para cuando termines limpiarlo.<\/p>\n<p>Incluye muestra de lubricante y limpiador de juguetes <strong>Pipedream<\/strong>.<\/p>\n","protected":false},"excerpt":{"rendered":"<p>EXTREME TOYZ VIRGIN SNATCH. Desl\u00edzate a trav\u00e9s de tus fantas\u00edas m\u00e1s calientes y disfruta de la sensaci\u00f3n de penetrar una<\/p>\n","protected":false},"featured_media":28149,"comment_status":"open","ping_status":"open","template":"","meta":[],"product_cat":[541],"product_tag":[561,259],"class_list":["post-28148","product","type-product","status-publish","has-post-thumbnail","hentry","product_cat-vaginas","product_tag-extreme-toyz","product_tag-pipedream"],"bundled_by":[],"bundle_stock_status":"outofstock","bundle_stock_quantity":0,"bundle_virtual":false,"bundle_layout":"","bundle_add_to_cart_form_location":"","bundle_editable_in_cart":false,"bundle_sold_individually_context":"","bundle_item_grouping":"","bundle_min_size":"","bundle_max_size":"","bundled_items":[],"yoast_head":"<!-- This site is optimized with the Yoast SEO plugin v20.6 - https:\/\/yoast.com\/wordpress\/plugins\/seo\/ -->\n<title>EXTREME TOYZ MASTURBADOR VAGINA VIRGEN - Tienda Er\u00f3tica<\/title>\n<meta name=\"robots\" content=\"noindex, follow, max-snippet:-1, max-image-preview:large, max-video-preview:-1\" \/>\n<meta property=\"og:locale\" content=\"es_ES\" \/>\n<meta property=\"og:type\" content=\"article\" \/>\n<meta property=\"og:title\" content=\"EXTREME TOYZ MASTURBADOR VAGINA VIRGEN - Tienda Er\u00f3tica\" \/>\n<meta property=\"og:description\" content=\"EXTREME TOYZ VIRGIN SNATCH. Desl\u00edzate a trav\u00e9s de tus fantas\u00edas m\u00e1s calientes y disfruta de la sensaci\u00f3n de penetrar una\" \/>\n<meta property=\"og:url\" content=\"https:\/\/demoweb.info\/sexshop001\/producto\/extreme-toyz-masturbador-vagina-virgen\/\" \/>\n<meta property=\"og:site_name\" content=\"Tienda Er\u00f3tica\" \/>\n<meta property=\"article:modified_time\" content=\"2022-01-22T11:19:06+00:00\" \/>\n<meta property=\"og:image\" content=\"https:\/\/demoweb.info\/sexshop001\/wp-content\/uploads\/2022\/01\/EXTREME-TOYZ-MASTURBADOR-VAGINA-VIRGEN.jpg\" \/>\n\t<meta property=\"og:image:width\" content=\"550\" \/>\n\t<meta property=\"og:image:height\" content=\"550\" \/>\n\t<meta property=\"og:image:type\" content=\"image\/jpeg\" \/>\n<meta name=\"twitter:card\" content=\"summary_large_image\" \/>\n<meta name=\"twitter:label1\" content=\"Tiempo de lectura\" \/>\n\t<meta name=\"twitter:data1\" content=\"1 minuto\" \/>\n<script type=\"application\/ld+json\" class=\"yoast-schema-graph\">{\"@context\":\"https:\/\/schema.org\",\"@graph\":[{\"@type\":\"WebPage\",\"@id\":\"https:\/\/demoweb.info\/sexshop001\/producto\/extreme-toyz-masturbador-vagina-virgen\/\",\"url\":\"https:\/\/demoweb.info\/sexshop001\/producto\/extreme-toyz-masturbador-vagina-virgen\/\",\"name\":\"EXTREME TOYZ MASTURBADOR VAGINA VIRGEN - Tienda Er\u00f3tica\",\"isPartOf\":{\"@id\":\"https:\/\/demoweb.info\/sexshop001\/#website\"},\"datePublished\":\"2022-01-22T11:19:02+00:00\",\"dateModified\":\"2022-01-22T11:19:06+00:00\",\"breadcrumb\":{\"@id\":\"https:\/\/demoweb.info\/sexshop001\/producto\/extreme-toyz-masturbador-vagina-virgen\/#breadcrumb\"},\"inLanguage\":\"es\",\"potentialAction\":[{\"@type\":\"ReadAction\",\"target\":[\"https:\/\/demoweb.info\/sexshop001\/producto\/extreme-toyz-masturbador-vagina-virgen\/\"]}]},{\"@type\":\"BreadcrumbList\",\"@id\":\"https:\/\/demoweb.info\/sexshop001\/producto\/extreme-toyz-masturbador-vagina-virgen\/#breadcrumb\",\"itemListElement\":[{\"@type\":\"ListItem\",\"position\":1,\"name\":\"Portada\",\"item\":\"https:\/\/demoweb.info\/sexshop001\/\"},{\"@type\":\"ListItem\",\"position\":2,\"name\":\"Tienda\",\"item\":\"https:\/\/demoweb.info\/sexshop001\/tienda\/\"},{\"@type\":\"ListItem\",\"position\":3,\"name\":\"EXTREME TOYZ MASTURBADOR VAGINA VIRGEN\"}]},{\"@type\":\"WebSite\",\"@id\":\"https:\/\/demoweb.info\/sexshop001\/#website\",\"url\":\"https:\/\/demoweb.info\/sexshop001\/\",\"name\":\"Tienda Er\u00f3tica\",\"description\":\"DEMOWEB SL\",\"potentialAction\":[{\"@type\":\"SearchAction\",\"target\":{\"@type\":\"EntryPoint\",\"urlTemplate\":\"https:\/\/demoweb.info\/sexshop001\/?s={search_term_string}\"},\"query-input\":\"required name=search_term_string\"}],\"inLanguage\":\"es\"}]}<\/script>\n<!-- \/ Yoast SEO plugin. -->","yoast_head_json":{"title":"EXTREME TOYZ MASTURBADOR VAGINA VIRGEN - Tienda Er\u00f3tica","robots":{"index":"noindex","follow":"follow","max-snippet":"max-snippet:-1","max-image-preview":"max-image-preview:large","max-video-preview":"max-video-preview:-1"},"og_locale":"es_ES","og_type":"article","og_title":"EXTREME TOYZ MASTURBADOR VAGINA VIRGEN - Tienda Er\u00f3tica","og_description":"EXTREME TOYZ VIRGIN SNATCH. Desl\u00edzate a trav\u00e9s de tus fantas\u00edas m\u00e1s calientes y disfruta de la sensaci\u00f3n de penetrar una","og_url":"https:\/\/demoweb.info\/sexshop001\/producto\/extreme-toyz-masturbador-vagina-virgen\/","og_site_name":"Tienda Er\u00f3tica","article_modified_time":"2022-01-22T11:19:06+00:00","og_image":[{"width":550,"height":550,"url":"https:\/\/demoweb.info\/sexshop001\/wp-content\/uploads\/2022\/01\/EXTREME-TOYZ-MASTURBADOR-VAGINA-VIRGEN.jpg","type":"image\/jpeg"}],"twitter_card":"summary_large_image","twitter_misc":{"Tiempo de lectura":"1 minuto"},"schema":{"@context":"https:\/\/schema.org","@graph":[{"@type":"WebPage","@id":"https:\/\/demoweb.info\/sexshop001\/producto\/extreme-toyz-masturbador-vagina-virgen\/","url":"https:\/\/demoweb.info\/sexshop001\/producto\/extreme-toyz-masturbador-vagina-virgen\/","name":"EXTREME TOYZ MASTURBADOR VAGINA VIRGEN - Tienda Er\u00f3tica","isPartOf":{"@id":"https:\/\/demoweb.info\/sexshop001\/#website"},"datePublished":"2022-01-22T11:19:02+00:00","dateModified":"2022-01-22T11:19:06+00:00","breadcrumb":{"@id":"https:\/\/demoweb.info\/sexshop001\/producto\/extreme-toyz-masturbador-vagina-virgen\/#breadcrumb"},"inLanguage":"es","potentialAction":[{"@type":"ReadAction","target":["https:\/\/demoweb.info\/sexshop001\/producto\/extreme-toyz-masturbador-vagina-virgen\/"]}]},{"@type":"BreadcrumbList","@id":"https:\/\/demoweb.info\/sexshop001\/producto\/extreme-toyz-masturbador-vagina-virgen\/#breadcrumb","itemListElement":[{"@type":"ListItem","position":1,"name":"Portada","item":"https:\/\/demoweb.info\/sexshop001\/"},{"@type":"ListItem","position":2,"name":"Tienda","item":"https:\/\/demoweb.info\/sexshop001\/tienda\/"},{"@type":"ListItem","position":3,"name":"EXTREME TOYZ MASTURBADOR VAGINA VIRGEN"}]},{"@type":"WebSite","@id":"https:\/\/demoweb.info\/sexshop001\/#website","url":"https:\/\/demoweb.info\/sexshop001\/","name":"Tienda Er\u00f3tica","description":"DEMOWEB SL","potentialAction":[{"@type":"SearchAction","target":{"@type":"EntryPoint","urlTemplate":"https:\/\/demoweb.info\/sexshop001\/?s={search_term_string}"},"query-input":"required name=search_term_string"}],"inLanguage":"es"}]}},"_links":{"self":[{"href":"https:\/\/demoweb.info\/sexshop001\/wp-json\/wp\/v3\/product\/28148","targetHints":{"allow":["GET"]}}],"collection":[{"href":"https:\/\/demoweb.info\/sexshop001\/wp-json\/wp\/v3\/product"}],"about":[{"href":"https:\/\/demoweb.info\/sexshop001\/wp-json\/wp\/v2\/types\/product"}],"replies":[{"embeddable":true,"href":"https:\/\/demoweb.info\/sexshop001\/wp-json\/wp\/v2\/comments?post=28148"}],"wp:featuredmedia":[{"embeddable":true,"href":"https:\/\/demoweb.info\/sexshop001\/wp-json\/wp\/v2\/media\/28149"}],"wp:attachment":[{"href":"https:\/\/demoweb.info\/sexshop001\/wp-json\/wp\/v2\/media?parent=28148"}],"wp:term":[{"taxonomy":"product_cat","embeddable":true,"href":"https:\/\/demoweb.info\/sexshop001\/wp-json\/wp\/v2\/product_cat?post=28148"},{"taxonomy":"product_tag","embeddable":true,"href":"https:\/\/demoweb.info\/sexshop001\/wp-json\/wp\/v2\/product_tag?post=28148"}],"curies":[{"name":"wp","href":"https:\/\/api.w.org\/{rel}","templated":true}]}}