{"id":28129,"date":"2022-01-22T12:18:47","date_gmt":"2022-01-22T11:18:47","guid":{"rendered":"https:\/\/demoweb.info\/sexshop001\/producto\/muneca-hinchable-asiatica-de-cyberskin\/"},"modified":"2022-01-22T12:18:57","modified_gmt":"2022-01-22T11:18:57","slug":"muneca-hinchable-asiatica-de-cyberskin","status":"publish","type":"product","link":"https:\/\/demoweb.info\/sexshop001\/producto\/muneca-hinchable-asiatica-de-cyberskin\/","title":{"rendered":"MU\u00d1ECA HINCHABLE ASIATICA DE CYBERSKIN"},"content":{"rendered":"<p><font size=&quot;1&quot;><br \/>\n<b>EXOTIC CYBERSKIN INFLATABLE DOLL<\/b>, es una mu\u00f1eca hinchable de ex\u00f3ticos rasgos asi\u00e1ticos, de una calidad insuperable, gracias al nuevo material<br \/>\n<font color=&quot;#0000FF&quot;> <b>Cyberskin<\/b><\/font>.<\/p>\n<p>El material <font color=&quot;#0000FF&quot;><b>Cyberskin<\/b><\/font>, es una textura de tacto virtual, que proporciona la \u00faltima experiencia en placer y estimulaci\u00f3n sexual. Simula<br \/>\nperfectamente el tacto de la piel humana y la rigidez que necesita el pene, para<br \/>\ndisfrutar al m\u00e1ximo de todas las sensaciones.<\/p>\n<p>Fabricada por <b>Topco Sales<\/b>, toda una garant\u00eda de calidad.<\/p>\n<p>El rostro y los pezones, han sido fabricados con gran realismo.<\/p>\n<p>La vagina y el ano se pueden usar por separado a modo de masturbador.<\/p>\n<p>Haz realidad tus fantas\u00edas con esta mu\u00f1eca, nunca te dir\u00e1 que no.<\/font><\/p>\n","protected":false},"excerpt":{"rendered":"<p>EXOTIC CYBERSKIN INFLATABLE DOLL, es una mu\u00f1eca hinchable de ex\u00f3ticos rasgos asi\u00e1ticos, de una calidad insuperable, gracias al nuevo material<\/p>\n","protected":false},"featured_media":28130,"comment_status":"open","ping_status":"open","template":"","meta":[],"product_cat":[694],"product_tag":[1132,932],"class_list":["post-28129","product","type-product","status-publish","has-post-thumbnail","hentry","product_cat-hinchables-munecas","product_tag-cyberskin","product_tag-topco-sales"],"bundled_by":[],"bundle_stock_status":"outofstock","bundle_stock_quantity":0,"bundle_virtual":false,"bundle_layout":"","bundle_add_to_cart_form_location":"","bundle_editable_in_cart":false,"bundle_sold_individually_context":"","bundle_item_grouping":"","bundle_min_size":"","bundle_max_size":"","bundled_items":[],"yoast_head":"<!-- This site is optimized with the Yoast SEO plugin v20.6 - https:\/\/yoast.com\/wordpress\/plugins\/seo\/ -->\n<title>MU\u00d1ECA HINCHABLE ASIATICA DE CYBERSKIN - Tienda Er\u00f3tica<\/title>\n<meta name=\"robots\" content=\"noindex, follow, max-snippet:-1, max-image-preview:large, max-video-preview:-1\" \/>\n<meta property=\"og:locale\" content=\"es_ES\" \/>\n<meta property=\"og:type\" content=\"article\" \/>\n<meta property=\"og:title\" content=\"MU\u00d1ECA HINCHABLE ASIATICA DE CYBERSKIN - Tienda Er\u00f3tica\" \/>\n<meta property=\"og:description\" content=\"EXOTIC CYBERSKIN INFLATABLE DOLL, es una mu\u00f1eca hinchable de ex\u00f3ticos rasgos asi\u00e1ticos, de una calidad insuperable, gracias al nuevo material\" \/>\n<meta property=\"og:url\" content=\"https:\/\/demoweb.info\/sexshop001\/producto\/muneca-hinchable-asiatica-de-cyberskin\/\" \/>\n<meta property=\"og:site_name\" content=\"Tienda Er\u00f3tica\" \/>\n<meta property=\"article:modified_time\" content=\"2022-01-22T11:18:57+00:00\" \/>\n<meta property=\"og:image\" content=\"https:\/\/demoweb.info\/sexshop001\/wp-content\/uploads\/2022\/01\/MUNECA-HINCHABLE-ASIATICA-DE-CYBERSKIN.jpg\" \/>\n\t<meta property=\"og:image:width\" content=\"550\" \/>\n\t<meta property=\"og:image:height\" content=\"550\" \/>\n\t<meta property=\"og:image:type\" content=\"image\/jpeg\" \/>\n<meta name=\"twitter:card\" content=\"summary_large_image\" \/>\n<meta name=\"twitter:label1\" content=\"Tiempo de lectura\" \/>\n\t<meta name=\"twitter:data1\" content=\"1 minuto\" \/>\n<script type=\"application\/ld+json\" class=\"yoast-schema-graph\">{\"@context\":\"https:\/\/schema.org\",\"@graph\":[{\"@type\":\"WebPage\",\"@id\":\"https:\/\/demoweb.info\/sexshop001\/producto\/muneca-hinchable-asiatica-de-cyberskin\/\",\"url\":\"https:\/\/demoweb.info\/sexshop001\/producto\/muneca-hinchable-asiatica-de-cyberskin\/\",\"name\":\"MU\u00d1ECA HINCHABLE ASIATICA DE CYBERSKIN - Tienda Er\u00f3tica\",\"isPartOf\":{\"@id\":\"https:\/\/demoweb.info\/sexshop001\/#website\"},\"datePublished\":\"2022-01-22T11:18:47+00:00\",\"dateModified\":\"2022-01-22T11:18:57+00:00\",\"breadcrumb\":{\"@id\":\"https:\/\/demoweb.info\/sexshop001\/producto\/muneca-hinchable-asiatica-de-cyberskin\/#breadcrumb\"},\"inLanguage\":\"es\",\"potentialAction\":[{\"@type\":\"ReadAction\",\"target\":[\"https:\/\/demoweb.info\/sexshop001\/producto\/muneca-hinchable-asiatica-de-cyberskin\/\"]}]},{\"@type\":\"BreadcrumbList\",\"@id\":\"https:\/\/demoweb.info\/sexshop001\/producto\/muneca-hinchable-asiatica-de-cyberskin\/#breadcrumb\",\"itemListElement\":[{\"@type\":\"ListItem\",\"position\":1,\"name\":\"Portada\",\"item\":\"https:\/\/demoweb.info\/sexshop001\/\"},{\"@type\":\"ListItem\",\"position\":2,\"name\":\"Tienda\",\"item\":\"https:\/\/demoweb.info\/sexshop001\/tienda\/\"},{\"@type\":\"ListItem\",\"position\":3,\"name\":\"MU\u00d1ECA HINCHABLE ASIATICA DE CYBERSKIN\"}]},{\"@type\":\"WebSite\",\"@id\":\"https:\/\/demoweb.info\/sexshop001\/#website\",\"url\":\"https:\/\/demoweb.info\/sexshop001\/\",\"name\":\"Tienda Er\u00f3tica\",\"description\":\"DEMOWEB SL\",\"potentialAction\":[{\"@type\":\"SearchAction\",\"target\":{\"@type\":\"EntryPoint\",\"urlTemplate\":\"https:\/\/demoweb.info\/sexshop001\/?s={search_term_string}\"},\"query-input\":\"required name=search_term_string\"}],\"inLanguage\":\"es\"}]}<\/script>\n<!-- \/ Yoast SEO plugin. -->","yoast_head_json":{"title":"MU\u00d1ECA HINCHABLE ASIATICA DE CYBERSKIN - Tienda Er\u00f3tica","robots":{"index":"noindex","follow":"follow","max-snippet":"max-snippet:-1","max-image-preview":"max-image-preview:large","max-video-preview":"max-video-preview:-1"},"og_locale":"es_ES","og_type":"article","og_title":"MU\u00d1ECA HINCHABLE ASIATICA DE CYBERSKIN - Tienda Er\u00f3tica","og_description":"EXOTIC CYBERSKIN INFLATABLE DOLL, es una mu\u00f1eca hinchable de ex\u00f3ticos rasgos asi\u00e1ticos, de una calidad insuperable, gracias al nuevo material","og_url":"https:\/\/demoweb.info\/sexshop001\/producto\/muneca-hinchable-asiatica-de-cyberskin\/","og_site_name":"Tienda Er\u00f3tica","article_modified_time":"2022-01-22T11:18:57+00:00","og_image":[{"width":550,"height":550,"url":"https:\/\/demoweb.info\/sexshop001\/wp-content\/uploads\/2022\/01\/MUNECA-HINCHABLE-ASIATICA-DE-CYBERSKIN.jpg","type":"image\/jpeg"}],"twitter_card":"summary_large_image","twitter_misc":{"Tiempo de lectura":"1 minuto"},"schema":{"@context":"https:\/\/schema.org","@graph":[{"@type":"WebPage","@id":"https:\/\/demoweb.info\/sexshop001\/producto\/muneca-hinchable-asiatica-de-cyberskin\/","url":"https:\/\/demoweb.info\/sexshop001\/producto\/muneca-hinchable-asiatica-de-cyberskin\/","name":"MU\u00d1ECA HINCHABLE ASIATICA DE CYBERSKIN - Tienda Er\u00f3tica","isPartOf":{"@id":"https:\/\/demoweb.info\/sexshop001\/#website"},"datePublished":"2022-01-22T11:18:47+00:00","dateModified":"2022-01-22T11:18:57+00:00","breadcrumb":{"@id":"https:\/\/demoweb.info\/sexshop001\/producto\/muneca-hinchable-asiatica-de-cyberskin\/#breadcrumb"},"inLanguage":"es","potentialAction":[{"@type":"ReadAction","target":["https:\/\/demoweb.info\/sexshop001\/producto\/muneca-hinchable-asiatica-de-cyberskin\/"]}]},{"@type":"BreadcrumbList","@id":"https:\/\/demoweb.info\/sexshop001\/producto\/muneca-hinchable-asiatica-de-cyberskin\/#breadcrumb","itemListElement":[{"@type":"ListItem","position":1,"name":"Portada","item":"https:\/\/demoweb.info\/sexshop001\/"},{"@type":"ListItem","position":2,"name":"Tienda","item":"https:\/\/demoweb.info\/sexshop001\/tienda\/"},{"@type":"ListItem","position":3,"name":"MU\u00d1ECA HINCHABLE ASIATICA DE CYBERSKIN"}]},{"@type":"WebSite","@id":"https:\/\/demoweb.info\/sexshop001\/#website","url":"https:\/\/demoweb.info\/sexshop001\/","name":"Tienda Er\u00f3tica","description":"DEMOWEB SL","potentialAction":[{"@type":"SearchAction","target":{"@type":"EntryPoint","urlTemplate":"https:\/\/demoweb.info\/sexshop001\/?s={search_term_string}"},"query-input":"required name=search_term_string"}],"inLanguage":"es"}]}},"_links":{"self":[{"href":"https:\/\/demoweb.info\/sexshop001\/wp-json\/wp\/v3\/product\/28129","targetHints":{"allow":["GET"]}}],"collection":[{"href":"https:\/\/demoweb.info\/sexshop001\/wp-json\/wp\/v3\/product"}],"about":[{"href":"https:\/\/demoweb.info\/sexshop001\/wp-json\/wp\/v2\/types\/product"}],"replies":[{"embeddable":true,"href":"https:\/\/demoweb.info\/sexshop001\/wp-json\/wp\/v2\/comments?post=28129"}],"wp:featuredmedia":[{"embeddable":true,"href":"https:\/\/demoweb.info\/sexshop001\/wp-json\/wp\/v2\/media\/28130"}],"wp:attachment":[{"href":"https:\/\/demoweb.info\/sexshop001\/wp-json\/wp\/v2\/media?parent=28129"}],"wp:term":[{"taxonomy":"product_cat","embeddable":true,"href":"https:\/\/demoweb.info\/sexshop001\/wp-json\/wp\/v2\/product_cat?post=28129"},{"taxonomy":"product_tag","embeddable":true,"href":"https:\/\/demoweb.info\/sexshop001\/wp-json\/wp\/v2\/product_tag?post=28129"}],"curies":[{"name":"wp","href":"https:\/\/api.w.org\/{rel}","templated":true}]}}