{"id":28119,"date":"2022-01-22T12:18:47","date_gmt":"2022-01-22T11:18:47","guid":{"rendered":"https:\/\/demoweb.info\/sexshop001\/producto\/virtual-sex-pene-y-ano-cyberskin\/"},"modified":"2022-01-22T12:18:50","modified_gmt":"2022-01-22T11:18:50","slug":"virtual-sex-pene-y-ano-cyberskin","status":"publish","type":"product","link":"https:\/\/demoweb.info\/sexshop001\/producto\/virtual-sex-pene-y-ano-cyberskin\/","title":{"rendered":"VIRTUAL SEX PENE Y ANO CYBERSKIN"},"content":{"rendered":"<p><strong>VIRTUAL SEX COCK AND ASS CYBERSKIN<\/strong>, es la r\u00e9plica perfecta de un pene y ano, de una calidad insuperable, gracias al nuevo material <strong>Cyberskin<\/strong>. Este masturbador te ofrece la posibilidad de satisfacer tus necesidades m\u00e1s ansiadas como si con un hombre de verdad estuvieses.<\/p>\n<p>El material <strong>Cyberskin<\/strong>, es una textura de tacto virtual, que proporciona la \u00faltima experiencia en placer y estimulaci\u00f3n sexual. Simula perfectamente el tacto de la piel humana y la rigidez que necesita el pene, para disfrutar al m\u00e1ximo de todas las sensaciones.<\/p>\n<p>Fabricada por <strong>Topco Sales<\/strong>, toda una garant\u00eda de calidad.<\/p>\n<p>Dise\u00f1ado para una perfecta sujeci\u00f3n en sus manos.<\/p>\n<p>Haz realidad tus fantas\u00edas con <strong>Adam Black<\/strong>, nunca te dir\u00e1 que no.<\/p>\n<p>Medidas del pene: 15,5 x 4 cm.<\/p>\n<p>Incluye una muestra de l\u00edquido recuperador de la textura.<\/p>\n<p>Funciona con 2 pilas <strong>R6\/AA<\/strong> que puedes encontrar en la secci\u00f3n <strong>Pilas, <\/strong>para as\u00ed disfrutar de sus 7 potentes vibraciones.<\/p>\n","protected":false},"excerpt":{"rendered":"<p>VIRTUAL SEX COCK AND ASS CYBERSKIN, es la r\u00e9plica perfecta de un pene y ano, de una calidad insuperable, gracias<\/p>\n","protected":false},"featured_media":28120,"comment_status":"open","ping_status":"open","template":"","meta":[],"product_cat":[1131],"product_tag":[1132,932],"class_list":["post-28119","product","type-product","status-publish","has-post-thumbnail","hentry","product_cat-con-pene-munecas","product_tag-cyberskin","product_tag-topco-sales"],"bundled_by":[],"bundle_stock_status":"instock","bundle_stock_quantity":1,"bundle_virtual":false,"bundle_layout":"","bundle_add_to_cart_form_location":"","bundle_editable_in_cart":false,"bundle_sold_individually_context":"","bundle_item_grouping":"","bundle_min_size":"","bundle_max_size":"","bundled_items":[],"yoast_head":"<!-- This site is optimized with the Yoast SEO plugin v20.6 - https:\/\/yoast.com\/wordpress\/plugins\/seo\/ -->\n<title>VIRTUAL SEX PENE Y ANO CYBERSKIN - Tienda Er\u00f3tica<\/title>\n<meta name=\"robots\" content=\"noindex, follow, max-snippet:-1, max-image-preview:large, max-video-preview:-1\" \/>\n<meta property=\"og:locale\" content=\"es_ES\" \/>\n<meta property=\"og:type\" content=\"article\" \/>\n<meta property=\"og:title\" content=\"VIRTUAL SEX PENE Y ANO CYBERSKIN - Tienda Er\u00f3tica\" \/>\n<meta property=\"og:description\" content=\"VIRTUAL SEX COCK AND ASS CYBERSKIN, es la r\u00e9plica perfecta de un pene y ano, de una calidad insuperable, gracias\" \/>\n<meta property=\"og:url\" content=\"https:\/\/demoweb.info\/sexshop001\/producto\/virtual-sex-pene-y-ano-cyberskin\/\" \/>\n<meta property=\"og:site_name\" content=\"Tienda Er\u00f3tica\" \/>\n<meta property=\"article:modified_time\" content=\"2022-01-22T11:18:50+00:00\" \/>\n<meta property=\"og:image\" content=\"https:\/\/demoweb.info\/sexshop001\/wp-content\/uploads\/2022\/01\/VIRTUAL-SEX-PENE-Y-ANO-CYBERSKIN.jpg\" \/>\n\t<meta property=\"og:image:width\" content=\"550\" \/>\n\t<meta property=\"og:image:height\" content=\"550\" \/>\n\t<meta property=\"og:image:type\" content=\"image\/jpeg\" \/>\n<meta name=\"twitter:card\" content=\"summary_large_image\" \/>\n<meta name=\"twitter:label1\" content=\"Tiempo de lectura\" \/>\n\t<meta name=\"twitter:data1\" content=\"1 minuto\" \/>\n<script type=\"application\/ld+json\" class=\"yoast-schema-graph\">{\"@context\":\"https:\/\/schema.org\",\"@graph\":[{\"@type\":\"WebPage\",\"@id\":\"https:\/\/demoweb.info\/sexshop001\/producto\/virtual-sex-pene-y-ano-cyberskin\/\",\"url\":\"https:\/\/demoweb.info\/sexshop001\/producto\/virtual-sex-pene-y-ano-cyberskin\/\",\"name\":\"VIRTUAL SEX PENE Y ANO CYBERSKIN - Tienda Er\u00f3tica\",\"isPartOf\":{\"@id\":\"https:\/\/demoweb.info\/sexshop001\/#website\"},\"datePublished\":\"2022-01-22T11:18:47+00:00\",\"dateModified\":\"2022-01-22T11:18:50+00:00\",\"breadcrumb\":{\"@id\":\"https:\/\/demoweb.info\/sexshop001\/producto\/virtual-sex-pene-y-ano-cyberskin\/#breadcrumb\"},\"inLanguage\":\"es\",\"potentialAction\":[{\"@type\":\"ReadAction\",\"target\":[\"https:\/\/demoweb.info\/sexshop001\/producto\/virtual-sex-pene-y-ano-cyberskin\/\"]}]},{\"@type\":\"BreadcrumbList\",\"@id\":\"https:\/\/demoweb.info\/sexshop001\/producto\/virtual-sex-pene-y-ano-cyberskin\/#breadcrumb\",\"itemListElement\":[{\"@type\":\"ListItem\",\"position\":1,\"name\":\"Portada\",\"item\":\"https:\/\/demoweb.info\/sexshop001\/\"},{\"@type\":\"ListItem\",\"position\":2,\"name\":\"Tienda\",\"item\":\"https:\/\/demoweb.info\/sexshop001\/tienda\/\"},{\"@type\":\"ListItem\",\"position\":3,\"name\":\"VIRTUAL SEX PENE Y ANO CYBERSKIN\"}]},{\"@type\":\"WebSite\",\"@id\":\"https:\/\/demoweb.info\/sexshop001\/#website\",\"url\":\"https:\/\/demoweb.info\/sexshop001\/\",\"name\":\"Tienda Er\u00f3tica\",\"description\":\"DEMOWEB SL\",\"potentialAction\":[{\"@type\":\"SearchAction\",\"target\":{\"@type\":\"EntryPoint\",\"urlTemplate\":\"https:\/\/demoweb.info\/sexshop001\/?s={search_term_string}\"},\"query-input\":\"required name=search_term_string\"}],\"inLanguage\":\"es\"}]}<\/script>\n<!-- \/ Yoast SEO plugin. -->","yoast_head_json":{"title":"VIRTUAL SEX PENE Y ANO CYBERSKIN - Tienda Er\u00f3tica","robots":{"index":"noindex","follow":"follow","max-snippet":"max-snippet:-1","max-image-preview":"max-image-preview:large","max-video-preview":"max-video-preview:-1"},"og_locale":"es_ES","og_type":"article","og_title":"VIRTUAL SEX PENE Y ANO CYBERSKIN - Tienda Er\u00f3tica","og_description":"VIRTUAL SEX COCK AND ASS CYBERSKIN, es la r\u00e9plica perfecta de un pene y ano, de una calidad insuperable, gracias","og_url":"https:\/\/demoweb.info\/sexshop001\/producto\/virtual-sex-pene-y-ano-cyberskin\/","og_site_name":"Tienda Er\u00f3tica","article_modified_time":"2022-01-22T11:18:50+00:00","og_image":[{"width":550,"height":550,"url":"https:\/\/demoweb.info\/sexshop001\/wp-content\/uploads\/2022\/01\/VIRTUAL-SEX-PENE-Y-ANO-CYBERSKIN.jpg","type":"image\/jpeg"}],"twitter_card":"summary_large_image","twitter_misc":{"Tiempo de lectura":"1 minuto"},"schema":{"@context":"https:\/\/schema.org","@graph":[{"@type":"WebPage","@id":"https:\/\/demoweb.info\/sexshop001\/producto\/virtual-sex-pene-y-ano-cyberskin\/","url":"https:\/\/demoweb.info\/sexshop001\/producto\/virtual-sex-pene-y-ano-cyberskin\/","name":"VIRTUAL SEX PENE Y ANO CYBERSKIN - Tienda Er\u00f3tica","isPartOf":{"@id":"https:\/\/demoweb.info\/sexshop001\/#website"},"datePublished":"2022-01-22T11:18:47+00:00","dateModified":"2022-01-22T11:18:50+00:00","breadcrumb":{"@id":"https:\/\/demoweb.info\/sexshop001\/producto\/virtual-sex-pene-y-ano-cyberskin\/#breadcrumb"},"inLanguage":"es","potentialAction":[{"@type":"ReadAction","target":["https:\/\/demoweb.info\/sexshop001\/producto\/virtual-sex-pene-y-ano-cyberskin\/"]}]},{"@type":"BreadcrumbList","@id":"https:\/\/demoweb.info\/sexshop001\/producto\/virtual-sex-pene-y-ano-cyberskin\/#breadcrumb","itemListElement":[{"@type":"ListItem","position":1,"name":"Portada","item":"https:\/\/demoweb.info\/sexshop001\/"},{"@type":"ListItem","position":2,"name":"Tienda","item":"https:\/\/demoweb.info\/sexshop001\/tienda\/"},{"@type":"ListItem","position":3,"name":"VIRTUAL SEX PENE Y ANO CYBERSKIN"}]},{"@type":"WebSite","@id":"https:\/\/demoweb.info\/sexshop001\/#website","url":"https:\/\/demoweb.info\/sexshop001\/","name":"Tienda Er\u00f3tica","description":"DEMOWEB SL","potentialAction":[{"@type":"SearchAction","target":{"@type":"EntryPoint","urlTemplate":"https:\/\/demoweb.info\/sexshop001\/?s={search_term_string}"},"query-input":"required name=search_term_string"}],"inLanguage":"es"}]}},"_links":{"self":[{"href":"https:\/\/demoweb.info\/sexshop001\/wp-json\/wp\/v3\/product\/28119","targetHints":{"allow":["GET"]}}],"collection":[{"href":"https:\/\/demoweb.info\/sexshop001\/wp-json\/wp\/v3\/product"}],"about":[{"href":"https:\/\/demoweb.info\/sexshop001\/wp-json\/wp\/v2\/types\/product"}],"replies":[{"embeddable":true,"href":"https:\/\/demoweb.info\/sexshop001\/wp-json\/wp\/v2\/comments?post=28119"}],"wp:featuredmedia":[{"embeddable":true,"href":"https:\/\/demoweb.info\/sexshop001\/wp-json\/wp\/v2\/media\/28120"}],"wp:attachment":[{"href":"https:\/\/demoweb.info\/sexshop001\/wp-json\/wp\/v2\/media?parent=28119"}],"wp:term":[{"taxonomy":"product_cat","embeddable":true,"href":"https:\/\/demoweb.info\/sexshop001\/wp-json\/wp\/v2\/product_cat?post=28119"},{"taxonomy":"product_tag","embeddable":true,"href":"https:\/\/demoweb.info\/sexshop001\/wp-json\/wp\/v2\/product_tag?post=28119"}],"curies":[{"name":"wp","href":"https:\/\/api.w.org\/{rel}","templated":true}]}}