{"id":28086,"date":"2022-01-22T12:18:32","date_gmt":"2022-01-22T11:18:32","guid":{"rendered":"https:\/\/demoweb.info\/sexshop001\/producto\/stay-hard-spray-retardante\/"},"modified":"2022-01-22T12:18:33","modified_gmt":"2022-01-22T11:18:33","slug":"stay-hard-spray-retardante","status":"publish","type":"product","link":"https:\/\/demoweb.info\/sexshop001\/producto\/stay-hard-spray-retardante\/","title":{"rendered":"STAY HARD SPRAY RETARDANTE"},"content":{"rendered":"<p><font size=&quot;1&quot;><b>STAY HARD DELAY SPRAY<\/b><\/p>\n<p>Stay Hard Delay Spray es un m\u00e9todo que ejerce una influencia directa y exitosa sobre la eyaculaci\u00f3n precoz. Utilizar el spray 1 a 3 veces directamente sobre el pene. Despu\u00e9s de aproximadamente 15 minutos, el l\u00edquido ha penetrado perfectamente bien en la piel del pene, produciendo un efecto anest\u00e9sico local. S\u00f3lo para uso externo. Mantener fuera del alcance de los ni\u00f1os. Conservar en un lugar fresco y oscuro.<\/p>\n<p>Contiene 6 ml.<\/font><\/p>\n","protected":false},"excerpt":{"rendered":"<p>STAY HARD DELAY SPRAY Stay Hard Delay Spray es un m\u00e9todo que ejerce una influencia directa y exitosa sobre la<\/p>\n","protected":false},"featured_media":28087,"comment_status":"open","ping_status":"open","template":"","meta":[],"product_cat":[403],"product_tag":[328],"class_list":["post-28086","product","type-product","status-publish","has-post-thumbnail","hentry","product_cat-retardantes","product_tag-pharmquests"],"bundled_by":[],"bundle_stock_status":"instock","bundle_stock_quantity":6,"bundle_virtual":false,"bundle_layout":"","bundle_add_to_cart_form_location":"","bundle_editable_in_cart":false,"bundle_sold_individually_context":"","bundle_item_grouping":"","bundle_min_size":"","bundle_max_size":"","bundled_items":[],"yoast_head":"<!-- This site is optimized with the Yoast SEO plugin v20.6 - https:\/\/yoast.com\/wordpress\/plugins\/seo\/ -->\n<title>STAY HARD SPRAY RETARDANTE - Tienda Er\u00f3tica<\/title>\n<meta name=\"robots\" content=\"noindex, follow, max-snippet:-1, max-image-preview:large, max-video-preview:-1\" \/>\n<meta property=\"og:locale\" content=\"es_ES\" \/>\n<meta property=\"og:type\" content=\"article\" \/>\n<meta property=\"og:title\" content=\"STAY HARD SPRAY RETARDANTE - Tienda Er\u00f3tica\" \/>\n<meta property=\"og:description\" content=\"STAY HARD DELAY SPRAY Stay Hard Delay Spray es un m\u00e9todo que ejerce una influencia directa y exitosa sobre la\" \/>\n<meta property=\"og:url\" content=\"https:\/\/demoweb.info\/sexshop001\/producto\/stay-hard-spray-retardante\/\" \/>\n<meta property=\"og:site_name\" content=\"Tienda Er\u00f3tica\" \/>\n<meta property=\"article:modified_time\" content=\"2022-01-22T11:18:33+00:00\" \/>\n<meta property=\"og:image\" content=\"https:\/\/demoweb.info\/sexshop001\/wp-content\/uploads\/2022\/01\/STAY-HARD-SPRAY-RETARDANTE.jpg\" \/>\n\t<meta property=\"og:image:width\" content=\"550\" \/>\n\t<meta property=\"og:image:height\" content=\"550\" \/>\n\t<meta property=\"og:image:type\" content=\"image\/jpeg\" \/>\n<meta name=\"twitter:card\" content=\"summary_large_image\" \/>\n<script type=\"application\/ld+json\" class=\"yoast-schema-graph\">{\"@context\":\"https:\/\/schema.org\",\"@graph\":[{\"@type\":\"WebPage\",\"@id\":\"https:\/\/demoweb.info\/sexshop001\/producto\/stay-hard-spray-retardante\/\",\"url\":\"https:\/\/demoweb.info\/sexshop001\/producto\/stay-hard-spray-retardante\/\",\"name\":\"STAY HARD SPRAY RETARDANTE - Tienda Er\u00f3tica\",\"isPartOf\":{\"@id\":\"https:\/\/demoweb.info\/sexshop001\/#website\"},\"datePublished\":\"2022-01-22T11:18:32+00:00\",\"dateModified\":\"2022-01-22T11:18:33+00:00\",\"breadcrumb\":{\"@id\":\"https:\/\/demoweb.info\/sexshop001\/producto\/stay-hard-spray-retardante\/#breadcrumb\"},\"inLanguage\":\"es\",\"potentialAction\":[{\"@type\":\"ReadAction\",\"target\":[\"https:\/\/demoweb.info\/sexshop001\/producto\/stay-hard-spray-retardante\/\"]}]},{\"@type\":\"BreadcrumbList\",\"@id\":\"https:\/\/demoweb.info\/sexshop001\/producto\/stay-hard-spray-retardante\/#breadcrumb\",\"itemListElement\":[{\"@type\":\"ListItem\",\"position\":1,\"name\":\"Portada\",\"item\":\"https:\/\/demoweb.info\/sexshop001\/\"},{\"@type\":\"ListItem\",\"position\":2,\"name\":\"Tienda\",\"item\":\"https:\/\/demoweb.info\/sexshop001\/tienda\/\"},{\"@type\":\"ListItem\",\"position\":3,\"name\":\"STAY HARD SPRAY RETARDANTE\"}]},{\"@type\":\"WebSite\",\"@id\":\"https:\/\/demoweb.info\/sexshop001\/#website\",\"url\":\"https:\/\/demoweb.info\/sexshop001\/\",\"name\":\"Tienda Er\u00f3tica\",\"description\":\"DEMOWEB SL\",\"potentialAction\":[{\"@type\":\"SearchAction\",\"target\":{\"@type\":\"EntryPoint\",\"urlTemplate\":\"https:\/\/demoweb.info\/sexshop001\/?s={search_term_string}\"},\"query-input\":\"required name=search_term_string\"}],\"inLanguage\":\"es\"}]}<\/script>\n<!-- \/ Yoast SEO plugin. -->","yoast_head_json":{"title":"STAY HARD SPRAY RETARDANTE - Tienda Er\u00f3tica","robots":{"index":"noindex","follow":"follow","max-snippet":"max-snippet:-1","max-image-preview":"max-image-preview:large","max-video-preview":"max-video-preview:-1"},"og_locale":"es_ES","og_type":"article","og_title":"STAY HARD SPRAY RETARDANTE - Tienda Er\u00f3tica","og_description":"STAY HARD DELAY SPRAY Stay Hard Delay Spray es un m\u00e9todo que ejerce una influencia directa y exitosa sobre la","og_url":"https:\/\/demoweb.info\/sexshop001\/producto\/stay-hard-spray-retardante\/","og_site_name":"Tienda Er\u00f3tica","article_modified_time":"2022-01-22T11:18:33+00:00","og_image":[{"width":550,"height":550,"url":"https:\/\/demoweb.info\/sexshop001\/wp-content\/uploads\/2022\/01\/STAY-HARD-SPRAY-RETARDANTE.jpg","type":"image\/jpeg"}],"twitter_card":"summary_large_image","schema":{"@context":"https:\/\/schema.org","@graph":[{"@type":"WebPage","@id":"https:\/\/demoweb.info\/sexshop001\/producto\/stay-hard-spray-retardante\/","url":"https:\/\/demoweb.info\/sexshop001\/producto\/stay-hard-spray-retardante\/","name":"STAY HARD SPRAY RETARDANTE - Tienda Er\u00f3tica","isPartOf":{"@id":"https:\/\/demoweb.info\/sexshop001\/#website"},"datePublished":"2022-01-22T11:18:32+00:00","dateModified":"2022-01-22T11:18:33+00:00","breadcrumb":{"@id":"https:\/\/demoweb.info\/sexshop001\/producto\/stay-hard-spray-retardante\/#breadcrumb"},"inLanguage":"es","potentialAction":[{"@type":"ReadAction","target":["https:\/\/demoweb.info\/sexshop001\/producto\/stay-hard-spray-retardante\/"]}]},{"@type":"BreadcrumbList","@id":"https:\/\/demoweb.info\/sexshop001\/producto\/stay-hard-spray-retardante\/#breadcrumb","itemListElement":[{"@type":"ListItem","position":1,"name":"Portada","item":"https:\/\/demoweb.info\/sexshop001\/"},{"@type":"ListItem","position":2,"name":"Tienda","item":"https:\/\/demoweb.info\/sexshop001\/tienda\/"},{"@type":"ListItem","position":3,"name":"STAY HARD SPRAY RETARDANTE"}]},{"@type":"WebSite","@id":"https:\/\/demoweb.info\/sexshop001\/#website","url":"https:\/\/demoweb.info\/sexshop001\/","name":"Tienda Er\u00f3tica","description":"DEMOWEB SL","potentialAction":[{"@type":"SearchAction","target":{"@type":"EntryPoint","urlTemplate":"https:\/\/demoweb.info\/sexshop001\/?s={search_term_string}"},"query-input":"required name=search_term_string"}],"inLanguage":"es"}]}},"_links":{"self":[{"href":"https:\/\/demoweb.info\/sexshop001\/wp-json\/wp\/v3\/product\/28086","targetHints":{"allow":["GET"]}}],"collection":[{"href":"https:\/\/demoweb.info\/sexshop001\/wp-json\/wp\/v3\/product"}],"about":[{"href":"https:\/\/demoweb.info\/sexshop001\/wp-json\/wp\/v2\/types\/product"}],"replies":[{"embeddable":true,"href":"https:\/\/demoweb.info\/sexshop001\/wp-json\/wp\/v2\/comments?post=28086"}],"wp:featuredmedia":[{"embeddable":true,"href":"https:\/\/demoweb.info\/sexshop001\/wp-json\/wp\/v2\/media\/28087"}],"wp:attachment":[{"href":"https:\/\/demoweb.info\/sexshop001\/wp-json\/wp\/v2\/media?parent=28086"}],"wp:term":[{"taxonomy":"product_cat","embeddable":true,"href":"https:\/\/demoweb.info\/sexshop001\/wp-json\/wp\/v2\/product_cat?post=28086"},{"taxonomy":"product_tag","embeddable":true,"href":"https:\/\/demoweb.info\/sexshop001\/wp-json\/wp\/v2\/product_tag?post=28086"}],"curies":[{"name":"wp","href":"https:\/\/api.w.org\/{rel}","templated":true}]}}