{"id":28069,"date":"2022-01-22T12:18:21","date_gmt":"2022-01-22T11:18:21","guid":{"rendered":"https:\/\/demoweb.info\/sexshop001\/producto\/cargador-inalambrico-fast-charging-con-despertador-sobremesa-10w-negro-con-luz\/"},"modified":"2022-01-22T12:18:24","modified_gmt":"2022-01-22T11:18:24","slug":"cargador-inalambrico-fast-charging-con-despertador-sobremesa-10w-negro-con-luz","status":"publish","type":"product","link":"https:\/\/demoweb.info\/sexshop001\/producto\/cargador-inalambrico-fast-charging-con-despertador-sobremesa-10w-negro-con-luz\/","title":{"rendered":"CARGADOR INAL\u00c1MBRICO FAST CHARGING CON DESPERTADOR SOBREMESA 10W NEGRO CON LUZ"},"content":{"rendered":"<p><strong>CARGADOR INAL\u00c1MBRICO FAST CHARGING CON DESPERTADOR SOBREMESA 10W NEGRO CON LUZ<\/strong><\/p>\n<p>El reloj despertador indica la hora e incorpora una alarma, al mismo tiempo que permite cargar la bater\u00eda del m\u00f3vil . Adem\u00e1s, cuenta con una luz de noche con 3 niveles de regulaci\u00f3n. Es la soluci\u00f3n de carga perfecta para colocar en cualquier mesita de noche sin ocupar espacio extra.<\/p>\n<p>Reloj despertador<br \/>\nCon su dise\u00f1o sobrio y minimalista, este reloj despertador con cargador inal\u00e1mbrico y luz de noche se adapta arm\u00f3nicamente a cualquier habitaci\u00f3n. Configurar la hora y los minutos del reloj despertador es muy sencillo.<\/p>\n<p>Modo snooze<br \/>\nLa alarma suena a la hora programada y el modo snooze permite extender el sue\u00f1o durante 5 minutos m\u00e1s, 2 veces.<\/p>\n<p>Luz de noche con 3 niveles de intensidad<br \/>\nEl despertador incorpora una tenue luz de noche y cuenta con 3 niveles de intensidad posibles.<\/p>\n<p>Carga inal\u00e1mbrica r\u00e1pida para Apple y Android<br \/>\nEl despertador Ksix cuenta con un cargador inal\u00e1mbrico de carga r\u00e1pida inal\u00e1mbrica (Apple y Android). La carga inal\u00e1mbrica r\u00e1pida carga los dispositivos hasta 1,4 veces m\u00e1s r\u00e1pido que una carga inal\u00e1mbrica est\u00e1ndar**.<\/p>\n<p>Al cargar dispositivos compatibles con la carga inal\u00e1mbrica Qi que no soportan la carga r\u00e1pida, el cargador adaptar\u00e1 la carga a la velocidad est\u00e1ndar (5W).<\/p>\n<p>Compatible con Qi<br \/>\nEl cargador inal\u00e1mbrico es compatible con todos los dispositivos habilitados para Qi. Es posible verificar que el terminal est\u00e1 habilitado con la tecnolog\u00eda inal\u00e1mbrica de carga r\u00e1pida en el manual de usuario o consultando al proveedor.<\/p>\n<p>Puerto USB tipo A<br \/>\nGracias a su puerto de salida USB tipo A, permite cargar tambi\u00e9n aquellos dispositivos m\u00f3viles que no cuenten con carga inal\u00e1mbrica.<\/p>\n<p>* Si el smartphone es iPhone 8, iPhone 8 Plus o iPhone X, se debe tener en cuenta que la carga r\u00e1pida ser\u00e1 de 7.5W, ya que esta es la potencia de carga r\u00e1pida m\u00e1xima permitida por el dispositivo.<\/p>\n<p>** La funci\u00f3n de carga r\u00e1pida necesita un cargador incluyendo la tecnolog\u00eda QuickCharge 2.0 o superior (no incluido) y s\u00f3lo funciona con dispositivos compatibles con la carga r\u00e1pida Qi como los iPhone 8\/8 Plus\/X y Samsung Galaxy Note8 \/S9+\/S9\/S8\/S8 +\/S7\/S7 Edge\/S6 Edge Plus\/Note 5.<\/p>\n<p>Caracter\u00edsticas principales<br \/>\nReloj despertador con cargador inal\u00e1mbrico de carga r\u00e1pida y luz de noche<br \/>\nIndicadores LED de hora y minutos, con 3 niveles de intensidad posible<br \/>\nAlarma f\u00e1cilmente configurable, con modo snooze<br \/>\nLuz de noche con 3 niveles de intensidad posibles<br \/>\n2 potencias de carga: una r\u00e1pida de 7,5W o 10W para dispositivos compatibles con la carga r\u00e1pida Qi y una est\u00e1ndar de 5W<br \/>\nSalida USB tipo A para cargar aquellos dispositivos no habilitados con carga inal\u00e1mbrica<br \/>\nCompatible con los dispositivos Apple y Android<br \/>\nDise\u00f1o sobrio y minimalista, y dimensiones reducidas, perfectas para cualquier mesita de noche<br \/>\nCompatible con cualquier tel\u00e9fono inteligente y dispositivo m\u00f3vil habilitados para Qi o dispositivos equipados con una bater\u00eda compatible con Qi<br \/>\nEspecificaciones t\u00e9cnicas<br \/>\nReloj despertador con carga inal\u00e1mbrica Fast Charge y luz de noche<br \/>\nPar\u00e1metros de entrada: 5V-2A, 9V-1.67A<br \/>\nPar\u00e1metros de salida USB: 5V\/1A (m\u00e1ximo)<br \/>\nPotencia de salida inal\u00e1mbrica: 5W\/7.5W (iPhone 8, iPhone 8 Plus, iPhone X o modelo posterior)-10W<br \/>\nEficiencia de carga: = 73%<br \/>\nFrecuencia de transmisi\u00f3n: 110-205 KHz<br \/>\nRango de carga: = 8 mm<br \/>\nDimensiones: 140 x 100 x 75 mm<br \/>\nPeso: 150 g<br \/>\nCable USB tipo A &#8211; USB tipo C incluido<br \/>\nCompatible con la tecnolog\u00eda de carga inal\u00e1mbrica Qi<\/p>\n","protected":false},"excerpt":{"rendered":"<p>CARGADOR INAL\u00c1MBRICO FAST CHARGING CON DESPERTADOR SOBREMESA 10W NEGRO CON LUZ El reloj despertador indica la hora e incorpora una<\/p>\n","protected":false},"featured_media":28070,"comment_status":"open","ping_status":"open","template":"","meta":[],"product_cat":[929],"product_tag":[1129],"class_list":["post-28069","product","type-product","status-publish","has-post-thumbnail","hentry","product_cat-pilas-y-cargadores-electricidad","product_tag-multimarca"],"bundled_by":[],"bundle_stock_status":"instock","bundle_stock_quantity":7,"bundle_virtual":false,"bundle_layout":"","bundle_add_to_cart_form_location":"","bundle_editable_in_cart":false,"bundle_sold_individually_context":"","bundle_item_grouping":"","bundle_min_size":"","bundle_max_size":"","bundled_items":[],"yoast_head":"<!-- This site is optimized with the Yoast SEO plugin v20.6 - https:\/\/yoast.com\/wordpress\/plugins\/seo\/ -->\n<title>CARGADOR INAL\u00c1MBRICO FAST CHARGING CON DESPERTADOR SOBREMESA 10W NEGRO CON LUZ - Tienda Er\u00f3tica<\/title>\n<meta name=\"robots\" content=\"noindex, follow, max-snippet:-1, max-image-preview:large, max-video-preview:-1\" \/>\n<meta property=\"og:locale\" content=\"es_ES\" \/>\n<meta property=\"og:type\" content=\"article\" \/>\n<meta property=\"og:title\" content=\"CARGADOR INAL\u00c1MBRICO FAST CHARGING CON DESPERTADOR SOBREMESA 10W NEGRO CON LUZ - Tienda Er\u00f3tica\" \/>\n<meta property=\"og:description\" content=\"CARGADOR INAL\u00c1MBRICO FAST CHARGING CON DESPERTADOR SOBREMESA 10W NEGRO CON LUZ El reloj despertador indica la hora e incorpora una\" \/>\n<meta property=\"og:url\" content=\"https:\/\/demoweb.info\/sexshop001\/producto\/cargador-inalambrico-fast-charging-con-despertador-sobremesa-10w-negro-con-luz\/\" \/>\n<meta property=\"og:site_name\" content=\"Tienda Er\u00f3tica\" \/>\n<meta property=\"article:modified_time\" content=\"2022-01-22T11:18:24+00:00\" \/>\n<meta property=\"og:image\" content=\"https:\/\/demoweb.info\/sexshop001\/wp-content\/uploads\/2022\/01\/CARGADOR-INALAMBRICO-FAST-CHARGING-CON-DESPERTADOR-SOBREMESA-10W-NEGRO-CON-LUZ.jpg\" \/>\n\t<meta property=\"og:image:width\" content=\"550\" \/>\n\t<meta property=\"og:image:height\" content=\"550\" \/>\n\t<meta property=\"og:image:type\" content=\"image\/jpeg\" \/>\n<meta name=\"twitter:card\" content=\"summary_large_image\" \/>\n<meta name=\"twitter:label1\" content=\"Tiempo de lectura\" \/>\n\t<meta name=\"twitter:data1\" content=\"3 minutos\" \/>\n<script type=\"application\/ld+json\" class=\"yoast-schema-graph\">{\"@context\":\"https:\/\/schema.org\",\"@graph\":[{\"@type\":\"WebPage\",\"@id\":\"https:\/\/demoweb.info\/sexshop001\/producto\/cargador-inalambrico-fast-charging-con-despertador-sobremesa-10w-negro-con-luz\/\",\"url\":\"https:\/\/demoweb.info\/sexshop001\/producto\/cargador-inalambrico-fast-charging-con-despertador-sobremesa-10w-negro-con-luz\/\",\"name\":\"CARGADOR INAL\u00c1MBRICO FAST CHARGING CON DESPERTADOR SOBREMESA 10W NEGRO CON LUZ - Tienda Er\u00f3tica\",\"isPartOf\":{\"@id\":\"https:\/\/demoweb.info\/sexshop001\/#website\"},\"datePublished\":\"2022-01-22T11:18:21+00:00\",\"dateModified\":\"2022-01-22T11:18:24+00:00\",\"breadcrumb\":{\"@id\":\"https:\/\/demoweb.info\/sexshop001\/producto\/cargador-inalambrico-fast-charging-con-despertador-sobremesa-10w-negro-con-luz\/#breadcrumb\"},\"inLanguage\":\"es\",\"potentialAction\":[{\"@type\":\"ReadAction\",\"target\":[\"https:\/\/demoweb.info\/sexshop001\/producto\/cargador-inalambrico-fast-charging-con-despertador-sobremesa-10w-negro-con-luz\/\"]}]},{\"@type\":\"BreadcrumbList\",\"@id\":\"https:\/\/demoweb.info\/sexshop001\/producto\/cargador-inalambrico-fast-charging-con-despertador-sobremesa-10w-negro-con-luz\/#breadcrumb\",\"itemListElement\":[{\"@type\":\"ListItem\",\"position\":1,\"name\":\"Portada\",\"item\":\"https:\/\/demoweb.info\/sexshop001\/\"},{\"@type\":\"ListItem\",\"position\":2,\"name\":\"Tienda\",\"item\":\"https:\/\/demoweb.info\/sexshop001\/tienda\/\"},{\"@type\":\"ListItem\",\"position\":3,\"name\":\"CARGADOR INAL\u00c1MBRICO FAST CHARGING CON DESPERTADOR SOBREMESA 10W NEGRO CON LUZ\"}]},{\"@type\":\"WebSite\",\"@id\":\"https:\/\/demoweb.info\/sexshop001\/#website\",\"url\":\"https:\/\/demoweb.info\/sexshop001\/\",\"name\":\"Tienda Er\u00f3tica\",\"description\":\"DEMOWEB SL\",\"potentialAction\":[{\"@type\":\"SearchAction\",\"target\":{\"@type\":\"EntryPoint\",\"urlTemplate\":\"https:\/\/demoweb.info\/sexshop001\/?s={search_term_string}\"},\"query-input\":\"required name=search_term_string\"}],\"inLanguage\":\"es\"}]}<\/script>\n<!-- \/ Yoast SEO plugin. -->","yoast_head_json":{"title":"CARGADOR INAL\u00c1MBRICO FAST CHARGING CON DESPERTADOR SOBREMESA 10W NEGRO CON LUZ - Tienda Er\u00f3tica","robots":{"index":"noindex","follow":"follow","max-snippet":"max-snippet:-1","max-image-preview":"max-image-preview:large","max-video-preview":"max-video-preview:-1"},"og_locale":"es_ES","og_type":"article","og_title":"CARGADOR INAL\u00c1MBRICO FAST CHARGING CON DESPERTADOR SOBREMESA 10W NEGRO CON LUZ - Tienda Er\u00f3tica","og_description":"CARGADOR INAL\u00c1MBRICO FAST CHARGING CON DESPERTADOR SOBREMESA 10W NEGRO CON LUZ El reloj despertador indica la hora e incorpora una","og_url":"https:\/\/demoweb.info\/sexshop001\/producto\/cargador-inalambrico-fast-charging-con-despertador-sobremesa-10w-negro-con-luz\/","og_site_name":"Tienda Er\u00f3tica","article_modified_time":"2022-01-22T11:18:24+00:00","og_image":[{"width":550,"height":550,"url":"https:\/\/demoweb.info\/sexshop001\/wp-content\/uploads\/2022\/01\/CARGADOR-INALAMBRICO-FAST-CHARGING-CON-DESPERTADOR-SOBREMESA-10W-NEGRO-CON-LUZ.jpg","type":"image\/jpeg"}],"twitter_card":"summary_large_image","twitter_misc":{"Tiempo de lectura":"3 minutos"},"schema":{"@context":"https:\/\/schema.org","@graph":[{"@type":"WebPage","@id":"https:\/\/demoweb.info\/sexshop001\/producto\/cargador-inalambrico-fast-charging-con-despertador-sobremesa-10w-negro-con-luz\/","url":"https:\/\/demoweb.info\/sexshop001\/producto\/cargador-inalambrico-fast-charging-con-despertador-sobremesa-10w-negro-con-luz\/","name":"CARGADOR INAL\u00c1MBRICO FAST CHARGING CON DESPERTADOR SOBREMESA 10W NEGRO CON LUZ - Tienda Er\u00f3tica","isPartOf":{"@id":"https:\/\/demoweb.info\/sexshop001\/#website"},"datePublished":"2022-01-22T11:18:21+00:00","dateModified":"2022-01-22T11:18:24+00:00","breadcrumb":{"@id":"https:\/\/demoweb.info\/sexshop001\/producto\/cargador-inalambrico-fast-charging-con-despertador-sobremesa-10w-negro-con-luz\/#breadcrumb"},"inLanguage":"es","potentialAction":[{"@type":"ReadAction","target":["https:\/\/demoweb.info\/sexshop001\/producto\/cargador-inalambrico-fast-charging-con-despertador-sobremesa-10w-negro-con-luz\/"]}]},{"@type":"BreadcrumbList","@id":"https:\/\/demoweb.info\/sexshop001\/producto\/cargador-inalambrico-fast-charging-con-despertador-sobremesa-10w-negro-con-luz\/#breadcrumb","itemListElement":[{"@type":"ListItem","position":1,"name":"Portada","item":"https:\/\/demoweb.info\/sexshop001\/"},{"@type":"ListItem","position":2,"name":"Tienda","item":"https:\/\/demoweb.info\/sexshop001\/tienda\/"},{"@type":"ListItem","position":3,"name":"CARGADOR INAL\u00c1MBRICO FAST CHARGING CON DESPERTADOR SOBREMESA 10W NEGRO CON LUZ"}]},{"@type":"WebSite","@id":"https:\/\/demoweb.info\/sexshop001\/#website","url":"https:\/\/demoweb.info\/sexshop001\/","name":"Tienda Er\u00f3tica","description":"DEMOWEB SL","potentialAction":[{"@type":"SearchAction","target":{"@type":"EntryPoint","urlTemplate":"https:\/\/demoweb.info\/sexshop001\/?s={search_term_string}"},"query-input":"required name=search_term_string"}],"inLanguage":"es"}]}},"_links":{"self":[{"href":"https:\/\/demoweb.info\/sexshop001\/wp-json\/wp\/v3\/product\/28069","targetHints":{"allow":["GET"]}}],"collection":[{"href":"https:\/\/demoweb.info\/sexshop001\/wp-json\/wp\/v3\/product"}],"about":[{"href":"https:\/\/demoweb.info\/sexshop001\/wp-json\/wp\/v2\/types\/product"}],"replies":[{"embeddable":true,"href":"https:\/\/demoweb.info\/sexshop001\/wp-json\/wp\/v2\/comments?post=28069"}],"wp:featuredmedia":[{"embeddable":true,"href":"https:\/\/demoweb.info\/sexshop001\/wp-json\/wp\/v2\/media\/28070"}],"wp:attachment":[{"href":"https:\/\/demoweb.info\/sexshop001\/wp-json\/wp\/v2\/media?parent=28069"}],"wp:term":[{"taxonomy":"product_cat","embeddable":true,"href":"https:\/\/demoweb.info\/sexshop001\/wp-json\/wp\/v2\/product_cat?post=28069"},{"taxonomy":"product_tag","embeddable":true,"href":"https:\/\/demoweb.info\/sexshop001\/wp-json\/wp\/v2\/product_tag?post=28069"}],"curies":[{"name":"wp","href":"https:\/\/api.w.org\/{rel}","templated":true}]}}