{"id":28061,"date":"2022-01-22T12:18:21","date_gmt":"2022-01-22T11:18:21","guid":{"rendered":"https:\/\/demoweb.info\/sexshop001\/producto\/coupletition-abcsex\/"},"modified":"2022-01-22T12:18:21","modified_gmt":"2022-01-22T11:18:21","slug":"coupletition-abcsex","status":"publish","type":"product","link":"https:\/\/demoweb.info\/sexshop001\/producto\/coupletition-abcsex\/","title":{"rendered":"COUPLETITION ABCSEX"},"content":{"rendered":"<p><strong>COUPLETITION ABCSEX<\/strong><\/p>\n<p>ABCSEX es el nuevo juego er\u00f3tico de Coupletition.<\/p>\n<p>Un juego donde te divertir\u00e1s en pareja y a\u00f1adir\u00e1s sexo, pasi\u00f3n y orgasmos a tu vida diaria, rompiendo tu rutina a base de placer en pareja.<br \/>\nComo todos los juegos de Coupletition, nace con el objetivo de sexualizar nuestra vida en pareja y fortalecer los lazos de nuestra relaci\u00f3n. Pero, \u00bfque lo hace diferente de los dem\u00e1s juegos?<\/p>\n<ul>\n<li>Aprender\u00e9is curiosidades y conceptos sobre sexualidad que desconoc\u00edais.<\/li>\n<li>Probar\u00e9is nuevas posturas, pr\u00e1cticas y actividades sexuales.<\/li>\n<li>Os enfrentareis a situaciones totalmente at\u00edpicas, jugando a retos desde lo m\u00e1s rom\u00e1ntico a lo m\u00e1s atrevido.<\/li>\n<li>Y formar\u00e9is el mejor de los equipos, intentando superar el objetivo del juego que se os propone.<\/li>\n<\/ul>\n<p>\u00bfConseguir\u00e9is llevaros el premio final o, por el contrario, tendr\u00e9is que realizar el castigo propuesto?<\/p>\n<p>Coupletition ABCSEX es una experiencia que pretende divertir y a\u00f1adir pasi\u00f3n a las relaciones de pareja, a la vez que ayuda a normalizar todas las relaciones sexuales y a disfrutar del placer en pareja sin tab\u00faes. La duraci\u00f3n aproximada del juego es de 20-60 d\u00edas, dividido en m\u00e1s de 25 retos de media hora aproximada de duraci\u00f3n.<\/p>\n<p>Coupletition \u2013 ABCSEX incluye:<br \/>\n&bull; El juego ABCSEX. Presentado en 60 p\u00e1ginas de 210 x 99mm<br \/>\nde tama\u00f1oy 170gr de peso. Libreto con acabado mate y<br \/>\nencuadernado con anillas. 26 pruebas de juego.<\/p>\n<p>\u00bfComo se juega a ABCSEX?<\/p>\n<p>El objetivo de ABCSEX reside en completar todas las pruebas que se os proponen, dentro del tiempo l\u00edmite marcado por vuestro nivel de dificultad.<br \/>\nAntes de empezar a jugar, deber\u00e9is seleccionar el nivel de dificultad. Dependiendo del nivel seleccionado dispondr\u00e9is de m\u00e1s o menos tiempo para completar el reto, y tambi\u00e9n dispondr\u00e9is de una mayor o menor cantidad de \u201ccomodines\u201d. Los comodines os servir\u00e1n para saltar alguna prueba en concreto que no quer\u00e1is realizar.<\/p>\n<p>Los t\u00e9rminos que encontrar\u00e9is p\u00e1gina tras p\u00e1gina pueden hacer referencia a un amplio abanico de conceptos: desde ideas o propuestas sexuales para hacer en pareja, pr\u00e1cticas sexuales poco corrientes o que socialmente se consideran \u201ctab\u00fa\u201d, informaci\u00f3n curiosa e interesante sobre sexualidad o incluso expresiones coloquiales sobre sexo que quiz\u00e1s desconoc\u00edas.<\/p>\n<p>Adem\u00e1s del t\u00e9rmino y su definici\u00f3n, en cada p\u00e1gina encontrar\u00e9is una prueba a realizar. Estas<br \/>\npruebas o actividades son el objetivo a completar del juego, y deber\u00e9is realizarlas todas (excep- tuando las que quer\u00e1is saltar con los comodines que teng\u00e1is disponibles). Cada p\u00e1gina es una nueva sorpresa y una nueva oportunidad para divertirse, aprender cosas nuevas y gozar en pareja.<\/p>\n<p>Al igual que con Coupletition SEX GAME, el objetivo de ABCSEX es que dediquemos una peque\u00f1a parte de nuestra rutina diaria a sentarnos en pareja, divertirnos y disfrutar del sexo.<\/p>\n<p>Sexualizar nuestra rutina tiene una cantidad de beneficios incre\u00edble tanto para nuestra salud como para la de nuestra relaci\u00f3n en pareja, y Coupletition pretende hacer de esto una tarea mucho m\u00e1s f\u00e1cil y divertida.<\/p>\n","protected":false},"excerpt":{"rendered":"<p>COUPLETITION ABCSEX ABCSEX es el nuevo juego er\u00f3tico de Coupletition. Un juego donde te divertir\u00e1s en pareja y a\u00f1adir\u00e1s sexo,<\/p>\n","protected":false},"featured_media":28062,"comment_status":"open","ping_status":"open","template":"","meta":[],"product_cat":[367],"product_tag":[1128],"class_list":["post-28061","product","type-product","status-publish","has-post-thumbnail","hentry","product_cat-juegos-pareja","product_tag-coupletition"],"bundled_by":[],"bundle_stock_status":"instock","bundle_stock_quantity":25,"bundle_virtual":false,"bundle_layout":"","bundle_add_to_cart_form_location":"","bundle_editable_in_cart":false,"bundle_sold_individually_context":"","bundle_item_grouping":"","bundle_min_size":"","bundle_max_size":"","bundled_items":[],"yoast_head":"<!-- This site is optimized with the Yoast SEO plugin v20.6 - https:\/\/yoast.com\/wordpress\/plugins\/seo\/ -->\n<title>COUPLETITION ABCSEX - Tienda Er\u00f3tica<\/title>\n<meta name=\"robots\" content=\"noindex, follow, max-snippet:-1, max-image-preview:large, max-video-preview:-1\" \/>\n<meta property=\"og:locale\" content=\"es_ES\" \/>\n<meta property=\"og:type\" content=\"article\" \/>\n<meta property=\"og:title\" content=\"COUPLETITION ABCSEX - Tienda Er\u00f3tica\" \/>\n<meta property=\"og:description\" content=\"COUPLETITION ABCSEX ABCSEX es el nuevo juego er\u00f3tico de Coupletition. Un juego donde te divertir\u00e1s en pareja y a\u00f1adir\u00e1s sexo,\" \/>\n<meta property=\"og:url\" content=\"https:\/\/demoweb.info\/sexshop001\/producto\/coupletition-abcsex\/\" \/>\n<meta property=\"og:site_name\" content=\"Tienda Er\u00f3tica\" \/>\n<meta property=\"og:image\" content=\"https:\/\/demoweb.info\/sexshop001\/wp-content\/uploads\/2022\/01\/COUPLETITION-ABCSEX.jpg\" \/>\n\t<meta property=\"og:image:width\" content=\"550\" \/>\n\t<meta property=\"og:image:height\" content=\"550\" \/>\n\t<meta property=\"og:image:type\" content=\"image\/jpeg\" \/>\n<meta name=\"twitter:card\" content=\"summary_large_image\" \/>\n<meta name=\"twitter:label1\" content=\"Tiempo de lectura\" \/>\n\t<meta name=\"twitter:data1\" content=\"3 minutos\" \/>\n<script type=\"application\/ld+json\" class=\"yoast-schema-graph\">{\"@context\":\"https:\/\/schema.org\",\"@graph\":[{\"@type\":\"WebPage\",\"@id\":\"https:\/\/demoweb.info\/sexshop001\/producto\/coupletition-abcsex\/\",\"url\":\"https:\/\/demoweb.info\/sexshop001\/producto\/coupletition-abcsex\/\",\"name\":\"COUPLETITION ABCSEX - Tienda Er\u00f3tica\",\"isPartOf\":{\"@id\":\"https:\/\/demoweb.info\/sexshop001\/#website\"},\"datePublished\":\"2022-01-22T11:18:21+00:00\",\"dateModified\":\"2022-01-22T11:18:21+00:00\",\"breadcrumb\":{\"@id\":\"https:\/\/demoweb.info\/sexshop001\/producto\/coupletition-abcsex\/#breadcrumb\"},\"inLanguage\":\"es\",\"potentialAction\":[{\"@type\":\"ReadAction\",\"target\":[\"https:\/\/demoweb.info\/sexshop001\/producto\/coupletition-abcsex\/\"]}]},{\"@type\":\"BreadcrumbList\",\"@id\":\"https:\/\/demoweb.info\/sexshop001\/producto\/coupletition-abcsex\/#breadcrumb\",\"itemListElement\":[{\"@type\":\"ListItem\",\"position\":1,\"name\":\"Portada\",\"item\":\"https:\/\/demoweb.info\/sexshop001\/\"},{\"@type\":\"ListItem\",\"position\":2,\"name\":\"Tienda\",\"item\":\"https:\/\/demoweb.info\/sexshop001\/tienda\/\"},{\"@type\":\"ListItem\",\"position\":3,\"name\":\"COUPLETITION ABCSEX\"}]},{\"@type\":\"WebSite\",\"@id\":\"https:\/\/demoweb.info\/sexshop001\/#website\",\"url\":\"https:\/\/demoweb.info\/sexshop001\/\",\"name\":\"Tienda Er\u00f3tica\",\"description\":\"DEMOWEB SL\",\"potentialAction\":[{\"@type\":\"SearchAction\",\"target\":{\"@type\":\"EntryPoint\",\"urlTemplate\":\"https:\/\/demoweb.info\/sexshop001\/?s={search_term_string}\"},\"query-input\":\"required name=search_term_string\"}],\"inLanguage\":\"es\"}]}<\/script>\n<!-- \/ Yoast SEO plugin. -->","yoast_head_json":{"title":"COUPLETITION ABCSEX - Tienda Er\u00f3tica","robots":{"index":"noindex","follow":"follow","max-snippet":"max-snippet:-1","max-image-preview":"max-image-preview:large","max-video-preview":"max-video-preview:-1"},"og_locale":"es_ES","og_type":"article","og_title":"COUPLETITION ABCSEX - Tienda Er\u00f3tica","og_description":"COUPLETITION ABCSEX ABCSEX es el nuevo juego er\u00f3tico de Coupletition. Un juego donde te divertir\u00e1s en pareja y a\u00f1adir\u00e1s sexo,","og_url":"https:\/\/demoweb.info\/sexshop001\/producto\/coupletition-abcsex\/","og_site_name":"Tienda Er\u00f3tica","og_image":[{"width":550,"height":550,"url":"https:\/\/demoweb.info\/sexshop001\/wp-content\/uploads\/2022\/01\/COUPLETITION-ABCSEX.jpg","type":"image\/jpeg"}],"twitter_card":"summary_large_image","twitter_misc":{"Tiempo de lectura":"3 minutos"},"schema":{"@context":"https:\/\/schema.org","@graph":[{"@type":"WebPage","@id":"https:\/\/demoweb.info\/sexshop001\/producto\/coupletition-abcsex\/","url":"https:\/\/demoweb.info\/sexshop001\/producto\/coupletition-abcsex\/","name":"COUPLETITION ABCSEX - Tienda Er\u00f3tica","isPartOf":{"@id":"https:\/\/demoweb.info\/sexshop001\/#website"},"datePublished":"2022-01-22T11:18:21+00:00","dateModified":"2022-01-22T11:18:21+00:00","breadcrumb":{"@id":"https:\/\/demoweb.info\/sexshop001\/producto\/coupletition-abcsex\/#breadcrumb"},"inLanguage":"es","potentialAction":[{"@type":"ReadAction","target":["https:\/\/demoweb.info\/sexshop001\/producto\/coupletition-abcsex\/"]}]},{"@type":"BreadcrumbList","@id":"https:\/\/demoweb.info\/sexshop001\/producto\/coupletition-abcsex\/#breadcrumb","itemListElement":[{"@type":"ListItem","position":1,"name":"Portada","item":"https:\/\/demoweb.info\/sexshop001\/"},{"@type":"ListItem","position":2,"name":"Tienda","item":"https:\/\/demoweb.info\/sexshop001\/tienda\/"},{"@type":"ListItem","position":3,"name":"COUPLETITION ABCSEX"}]},{"@type":"WebSite","@id":"https:\/\/demoweb.info\/sexshop001\/#website","url":"https:\/\/demoweb.info\/sexshop001\/","name":"Tienda Er\u00f3tica","description":"DEMOWEB SL","potentialAction":[{"@type":"SearchAction","target":{"@type":"EntryPoint","urlTemplate":"https:\/\/demoweb.info\/sexshop001\/?s={search_term_string}"},"query-input":"required name=search_term_string"}],"inLanguage":"es"}]}},"_links":{"self":[{"href":"https:\/\/demoweb.info\/sexshop001\/wp-json\/wp\/v3\/product\/28061","targetHints":{"allow":["GET"]}}],"collection":[{"href":"https:\/\/demoweb.info\/sexshop001\/wp-json\/wp\/v3\/product"}],"about":[{"href":"https:\/\/demoweb.info\/sexshop001\/wp-json\/wp\/v2\/types\/product"}],"replies":[{"embeddable":true,"href":"https:\/\/demoweb.info\/sexshop001\/wp-json\/wp\/v2\/comments?post=28061"}],"wp:featuredmedia":[{"embeddable":true,"href":"https:\/\/demoweb.info\/sexshop001\/wp-json\/wp\/v2\/media\/28062"}],"wp:attachment":[{"href":"https:\/\/demoweb.info\/sexshop001\/wp-json\/wp\/v2\/media?parent=28061"}],"wp:term":[{"taxonomy":"product_cat","embeddable":true,"href":"https:\/\/demoweb.info\/sexshop001\/wp-json\/wp\/v2\/product_cat?post=28061"},{"taxonomy":"product_tag","embeddable":true,"href":"https:\/\/demoweb.info\/sexshop001\/wp-json\/wp\/v2\/product_tag?post=28061"}],"curies":[{"name":"wp","href":"https:\/\/api.w.org\/{rel}","templated":true}]}}