{"id":28057,"date":"2022-01-22T12:17:57","date_gmt":"2022-01-22T11:17:57","guid":{"rendered":"https:\/\/demoweb.info\/sexshop001\/producto\/coupletition-sex-game\/"},"modified":"2022-01-22T12:18:18","modified_gmt":"2022-01-22T11:18:18","slug":"coupletition-sex-game","status":"publish","type":"product","link":"https:\/\/demoweb.info\/sexshop001\/producto\/coupletition-sex-game\/","title":{"rendered":"COUPLETITION SEX GAME"},"content":{"rendered":"<p><strong>COUPLETITION SEX GAME<\/strong><\/p>\n<p>Coupletition SEX GAME es un juego er\u00f3tico, presentado en forma de competici\u00f3n, que pretende mezclarse con la rutina diaria de los jugadores y mejorar la frecuencia y calidad de sus relaciones sexuales.<\/p>\n<p>Avanzando diariamente y nivel tras nivel, los jugadores se enfrentar\u00e1n a 15 pruebas de una duraci\u00f3n aproximada de 30 minutos, donde deber\u00e1n acumular Couplepoints para vencer a su pareja y alzarse con la victoria.<\/p>\n<p>En SEX GAME se pueden encontrar juegos y actividades de todo tipo y que abarcan un amplio abanico de tem\u00e1ticas: desde sexting, bondage y roleplays, hasta la direcci\u00f3n de la \u201cpel\u00edcula porno perfecta\u201d seg\u00fan el criterio de los jugadores.<\/p>\n<p>SEX GAME no es un juego er\u00f3tico m\u00e1s. No solo por su formato \u00fanico e in\u00e9dito, sino tambi\u00e9n por el grado de elaboraci\u00f3n de sus niveles. Coupletition brindar\u00e1 adicci\u00f3n y diversi\u00f3n a los jugadores mucho m\u00e1s all\u00e1 de las 4 paredes del dormitorio, y sus efectos se traducir\u00e1n en unas relaciones sexuales (y rom\u00e1ntico-afectivas) mucho m\u00e1s completas e intensas.<\/p>\n<p><strong>Coupletition \u2013 SEX GAME incluye:<\/strong><\/p>\n<p>&bull; Caja de cart\u00f3n (145x110x30cm) con estructura tapa\/fondo e<br \/>\nimpresa a 4\/0 tintas y plastificado mate.<br \/>\n&bull; 37 cartas de gramaje 350gr \u201ctama\u00f1o p\u00f3ker\u201d (62 x 88 mm),<br \/>\nimpresas a todo color (4\/4 tintas) y con barnizado.<br \/>\n&bull; Folleto de reglas de 8 p\u00e1ginas, tama\u00f1o A7 e impreso a 4\/4<br \/>\ntintas.<br \/>\n&bull; Ficha tama\u00f1o A7, impresa a 4\/4 tintas y destinada al control de<br \/>\nCouplepoints.<br \/>\n&bull; Contenedor interno blanco.<\/p>\n","protected":false},"excerpt":{"rendered":"<p>COUPLETITION SEX GAME Coupletition SEX GAME es un juego er\u00f3tico, presentado en forma de competici\u00f3n, que pretende mezclarse con la<\/p>\n","protected":false},"featured_media":28058,"comment_status":"open","ping_status":"open","template":"","meta":[],"product_cat":[367],"product_tag":[1128],"class_list":["post-28057","product","type-product","status-publish","has-post-thumbnail","hentry","product_cat-juegos-pareja","product_tag-coupletition"],"bundled_by":[],"bundle_stock_status":"outofstock","bundle_stock_quantity":0,"bundle_virtual":false,"bundle_layout":"","bundle_add_to_cart_form_location":"","bundle_editable_in_cart":false,"bundle_sold_individually_context":"","bundle_item_grouping":"","bundle_min_size":"","bundle_max_size":"","bundled_items":[],"yoast_head":"<!-- This site is optimized with the Yoast SEO plugin v20.6 - https:\/\/yoast.com\/wordpress\/plugins\/seo\/ -->\n<title>COUPLETITION SEX GAME - Tienda Er\u00f3tica<\/title>\n<meta name=\"robots\" content=\"noindex, follow, max-snippet:-1, max-image-preview:large, max-video-preview:-1\" \/>\n<meta property=\"og:locale\" content=\"es_ES\" \/>\n<meta property=\"og:type\" content=\"article\" \/>\n<meta property=\"og:title\" content=\"COUPLETITION SEX GAME - Tienda Er\u00f3tica\" \/>\n<meta property=\"og:description\" content=\"COUPLETITION SEX GAME Coupletition SEX GAME es un juego er\u00f3tico, presentado en forma de competici\u00f3n, que pretende mezclarse con la\" \/>\n<meta property=\"og:url\" content=\"https:\/\/demoweb.info\/sexshop001\/producto\/coupletition-sex-game\/\" \/>\n<meta property=\"og:site_name\" content=\"Tienda Er\u00f3tica\" \/>\n<meta property=\"article:modified_time\" content=\"2022-01-22T11:18:18+00:00\" \/>\n<meta property=\"og:image\" content=\"https:\/\/demoweb.info\/sexshop001\/wp-content\/uploads\/2022\/01\/COUPLETITION-SEX-GAME.jpg\" \/>\n\t<meta property=\"og:image:width\" content=\"550\" \/>\n\t<meta property=\"og:image:height\" content=\"550\" \/>\n\t<meta property=\"og:image:type\" content=\"image\/jpeg\" \/>\n<meta name=\"twitter:card\" content=\"summary_large_image\" \/>\n<meta name=\"twitter:label1\" content=\"Tiempo de lectura\" \/>\n\t<meta name=\"twitter:data1\" content=\"1 minuto\" \/>\n<script type=\"application\/ld+json\" class=\"yoast-schema-graph\">{\"@context\":\"https:\/\/schema.org\",\"@graph\":[{\"@type\":\"WebPage\",\"@id\":\"https:\/\/demoweb.info\/sexshop001\/producto\/coupletition-sex-game\/\",\"url\":\"https:\/\/demoweb.info\/sexshop001\/producto\/coupletition-sex-game\/\",\"name\":\"COUPLETITION SEX GAME - Tienda Er\u00f3tica\",\"isPartOf\":{\"@id\":\"https:\/\/demoweb.info\/sexshop001\/#website\"},\"datePublished\":\"2022-01-22T11:17:57+00:00\",\"dateModified\":\"2022-01-22T11:18:18+00:00\",\"breadcrumb\":{\"@id\":\"https:\/\/demoweb.info\/sexshop001\/producto\/coupletition-sex-game\/#breadcrumb\"},\"inLanguage\":\"es\",\"potentialAction\":[{\"@type\":\"ReadAction\",\"target\":[\"https:\/\/demoweb.info\/sexshop001\/producto\/coupletition-sex-game\/\"]}]},{\"@type\":\"BreadcrumbList\",\"@id\":\"https:\/\/demoweb.info\/sexshop001\/producto\/coupletition-sex-game\/#breadcrumb\",\"itemListElement\":[{\"@type\":\"ListItem\",\"position\":1,\"name\":\"Portada\",\"item\":\"https:\/\/demoweb.info\/sexshop001\/\"},{\"@type\":\"ListItem\",\"position\":2,\"name\":\"Tienda\",\"item\":\"https:\/\/demoweb.info\/sexshop001\/tienda\/\"},{\"@type\":\"ListItem\",\"position\":3,\"name\":\"COUPLETITION SEX GAME\"}]},{\"@type\":\"WebSite\",\"@id\":\"https:\/\/demoweb.info\/sexshop001\/#website\",\"url\":\"https:\/\/demoweb.info\/sexshop001\/\",\"name\":\"Tienda Er\u00f3tica\",\"description\":\"DEMOWEB SL\",\"potentialAction\":[{\"@type\":\"SearchAction\",\"target\":{\"@type\":\"EntryPoint\",\"urlTemplate\":\"https:\/\/demoweb.info\/sexshop001\/?s={search_term_string}\"},\"query-input\":\"required name=search_term_string\"}],\"inLanguage\":\"es\"}]}<\/script>\n<!-- \/ Yoast SEO plugin. -->","yoast_head_json":{"title":"COUPLETITION SEX GAME - Tienda Er\u00f3tica","robots":{"index":"noindex","follow":"follow","max-snippet":"max-snippet:-1","max-image-preview":"max-image-preview:large","max-video-preview":"max-video-preview:-1"},"og_locale":"es_ES","og_type":"article","og_title":"COUPLETITION SEX GAME - Tienda Er\u00f3tica","og_description":"COUPLETITION SEX GAME Coupletition SEX GAME es un juego er\u00f3tico, presentado en forma de competici\u00f3n, que pretende mezclarse con la","og_url":"https:\/\/demoweb.info\/sexshop001\/producto\/coupletition-sex-game\/","og_site_name":"Tienda Er\u00f3tica","article_modified_time":"2022-01-22T11:18:18+00:00","og_image":[{"width":550,"height":550,"url":"https:\/\/demoweb.info\/sexshop001\/wp-content\/uploads\/2022\/01\/COUPLETITION-SEX-GAME.jpg","type":"image\/jpeg"}],"twitter_card":"summary_large_image","twitter_misc":{"Tiempo de lectura":"1 minuto"},"schema":{"@context":"https:\/\/schema.org","@graph":[{"@type":"WebPage","@id":"https:\/\/demoweb.info\/sexshop001\/producto\/coupletition-sex-game\/","url":"https:\/\/demoweb.info\/sexshop001\/producto\/coupletition-sex-game\/","name":"COUPLETITION SEX GAME - Tienda Er\u00f3tica","isPartOf":{"@id":"https:\/\/demoweb.info\/sexshop001\/#website"},"datePublished":"2022-01-22T11:17:57+00:00","dateModified":"2022-01-22T11:18:18+00:00","breadcrumb":{"@id":"https:\/\/demoweb.info\/sexshop001\/producto\/coupletition-sex-game\/#breadcrumb"},"inLanguage":"es","potentialAction":[{"@type":"ReadAction","target":["https:\/\/demoweb.info\/sexshop001\/producto\/coupletition-sex-game\/"]}]},{"@type":"BreadcrumbList","@id":"https:\/\/demoweb.info\/sexshop001\/producto\/coupletition-sex-game\/#breadcrumb","itemListElement":[{"@type":"ListItem","position":1,"name":"Portada","item":"https:\/\/demoweb.info\/sexshop001\/"},{"@type":"ListItem","position":2,"name":"Tienda","item":"https:\/\/demoweb.info\/sexshop001\/tienda\/"},{"@type":"ListItem","position":3,"name":"COUPLETITION SEX GAME"}]},{"@type":"WebSite","@id":"https:\/\/demoweb.info\/sexshop001\/#website","url":"https:\/\/demoweb.info\/sexshop001\/","name":"Tienda Er\u00f3tica","description":"DEMOWEB SL","potentialAction":[{"@type":"SearchAction","target":{"@type":"EntryPoint","urlTemplate":"https:\/\/demoweb.info\/sexshop001\/?s={search_term_string}"},"query-input":"required name=search_term_string"}],"inLanguage":"es"}]}},"_links":{"self":[{"href":"https:\/\/demoweb.info\/sexshop001\/wp-json\/wp\/v3\/product\/28057","targetHints":{"allow":["GET"]}}],"collection":[{"href":"https:\/\/demoweb.info\/sexshop001\/wp-json\/wp\/v3\/product"}],"about":[{"href":"https:\/\/demoweb.info\/sexshop001\/wp-json\/wp\/v2\/types\/product"}],"replies":[{"embeddable":true,"href":"https:\/\/demoweb.info\/sexshop001\/wp-json\/wp\/v2\/comments?post=28057"}],"wp:featuredmedia":[{"embeddable":true,"href":"https:\/\/demoweb.info\/sexshop001\/wp-json\/wp\/v2\/media\/28058"}],"wp:attachment":[{"href":"https:\/\/demoweb.info\/sexshop001\/wp-json\/wp\/v2\/media?parent=28057"}],"wp:term":[{"taxonomy":"product_cat","embeddable":true,"href":"https:\/\/demoweb.info\/sexshop001\/wp-json\/wp\/v2\/product_cat?post=28057"},{"taxonomy":"product_tag","embeddable":true,"href":"https:\/\/demoweb.info\/sexshop001\/wp-json\/wp\/v2\/product_tag?post=28057"}],"curies":[{"name":"wp","href":"https:\/\/api.w.org\/{rel}","templated":true}]}}