{"id":28019,"date":"2022-01-22T12:17:57","date_gmt":"2022-01-22T11:17:57","guid":{"rendered":"https:\/\/demoweb.info\/sexshop001\/producto\/feelztoys-lea-rabbit-vibrador-doble-estimulacion-rosa\/"},"modified":"2022-01-22T12:17:57","modified_gmt":"2022-01-22T11:17:57","slug":"feelztoys-lea-rabbit-vibrador-doble-estimulacion-rosa","status":"publish","type":"product","link":"https:\/\/demoweb.info\/sexshop001\/producto\/feelztoys-lea-rabbit-vibrador-doble-estimulacion-rosa\/","title":{"rendered":"FEELZTOYS &#8211; LEA RABBIT VIBRADOR DOBLE ESTIMULACI\u00d3N ROSA"},"content":{"rendered":"<p><strong>FEELZTOYS &#8211; LEA RABBIT VIBRATOR SOFT PINK<\/strong><\/p>\n<p>El LEA es un vibrador de conejo sedoso que proporciona deliciosos orgasmos intensos. El punto G y el cl\u00edtoris son estimulados simult\u00e1neamente por dos potentes motores que pueden ajustarse a sus propios patrones de vibraci\u00f3n. Hay no menos de 7 patrones que puedes experimentar, tanto para el cl\u00edtoris como para la vagina. \u00bfQuieres una estimulaci\u00f3n m\u00e1s suave en el cl\u00edtoris y vibraciones m\u00e1s intensas contra tu punto G? LEA satisface todas sus necesidades, puede configurarlo como m\u00e1s le guste.<\/p>\n<p>No tienes que preocuparte por tu salud, porque LEA est\u00e1 hecho de silicona m\u00e9dica segura y es 100% impermeable, por lo que tambi\u00e9n puedes disfrutarlo en la ducha e incluso en el ba\u00f1o. Nadie te escuchar\u00e1, porque los motores LEA est\u00e1n en silencio. Y puedes disfrutar hasta dos horas de tu juguete sexual con la bater\u00eda completa.<br \/>\n\u00a1Lea proporciona un placer intenso!<\/p>\n<p>Especificaciones y caracteristicas:<br \/>\n&#8211; Dos potentes motores, independientes entre s\u00ed<br \/>\n&#8211; 2 x 7 patrones de vibraci\u00f3n<br \/>\n&#8211; Motores silenciosos<br \/>\n&#8211; 100% impermeable<br \/>\n&#8211; Bater\u00eda: 700 mAh USB recargable, 2 horas de tiempo de trabajo (cable USB incluido)<br \/>\n&#8211; Material: silicona de grado m\u00e9dico de calidad superior<br \/>\n&#8211; Peso: 210g<br \/>\n&#8211; Dimensiones 202 (L) mm x 37,5 (D) mm<br \/>\n&#8211; Garant\u00eda: 1 a\u00f1o despu\u00e9s de la recepci\u00f3n.<\/p>\n","protected":false},"excerpt":{"rendered":"<p>FEELZTOYS &#8211; LEA RABBIT VIBRATOR SOFT PINK El LEA es un vibrador de conejo sedoso que proporciona deliciosos orgasmos intensos.<\/p>\n","protected":false},"featured_media":28020,"comment_status":"open","ping_status":"open","template":"","meta":[],"product_cat":[434],"product_tag":[373],"class_list":["post-28019","product","type-product","status-publish","has-post-thumbnail","hentry","product_cat-doble-estimulacion-vibradores-juguetes-xxx","product_tag-feelztoys"],"bundled_by":[],"bundle_stock_status":"instock","bundle_stock_quantity":1,"bundle_virtual":false,"bundle_layout":"","bundle_add_to_cart_form_location":"","bundle_editable_in_cart":false,"bundle_sold_individually_context":"","bundle_item_grouping":"","bundle_min_size":"","bundle_max_size":"","bundled_items":[],"yoast_head":"<!-- This site is optimized with the Yoast SEO plugin v20.6 - https:\/\/yoast.com\/wordpress\/plugins\/seo\/ -->\n<title>FEELZTOYS - LEA RABBIT VIBRADOR DOBLE ESTIMULACI\u00d3N ROSA - Tienda Er\u00f3tica<\/title>\n<meta name=\"robots\" content=\"noindex, follow, max-snippet:-1, max-image-preview:large, max-video-preview:-1\" \/>\n<meta property=\"og:locale\" content=\"es_ES\" \/>\n<meta property=\"og:type\" content=\"article\" \/>\n<meta property=\"og:title\" content=\"FEELZTOYS - LEA RABBIT VIBRADOR DOBLE ESTIMULACI\u00d3N ROSA - Tienda Er\u00f3tica\" \/>\n<meta property=\"og:description\" content=\"FEELZTOYS &#8211; LEA RABBIT VIBRATOR SOFT PINK El LEA es un vibrador de conejo sedoso que proporciona deliciosos orgasmos intensos.\" \/>\n<meta property=\"og:url\" content=\"https:\/\/demoweb.info\/sexshop001\/producto\/feelztoys-lea-rabbit-vibrador-doble-estimulacion-rosa\/\" \/>\n<meta property=\"og:site_name\" content=\"Tienda Er\u00f3tica\" \/>\n<meta property=\"og:image\" content=\"https:\/\/demoweb.info\/sexshop001\/wp-content\/uploads\/2022\/01\/FEELZTOYS-LEA-RABBIT-VIBRADOR-DOBLE-ESTIMULACION-ROSA.jpg\" \/>\n\t<meta property=\"og:image:width\" content=\"550\" \/>\n\t<meta property=\"og:image:height\" content=\"550\" \/>\n\t<meta property=\"og:image:type\" content=\"image\/jpeg\" \/>\n<meta name=\"twitter:card\" content=\"summary_large_image\" \/>\n<meta name=\"twitter:label1\" content=\"Tiempo de lectura\" \/>\n\t<meta name=\"twitter:data1\" content=\"1 minuto\" \/>\n<script type=\"application\/ld+json\" class=\"yoast-schema-graph\">{\"@context\":\"https:\/\/schema.org\",\"@graph\":[{\"@type\":\"WebPage\",\"@id\":\"https:\/\/demoweb.info\/sexshop001\/producto\/feelztoys-lea-rabbit-vibrador-doble-estimulacion-rosa\/\",\"url\":\"https:\/\/demoweb.info\/sexshop001\/producto\/feelztoys-lea-rabbit-vibrador-doble-estimulacion-rosa\/\",\"name\":\"FEELZTOYS - LEA RABBIT VIBRADOR DOBLE ESTIMULACI\u00d3N ROSA - Tienda Er\u00f3tica\",\"isPartOf\":{\"@id\":\"https:\/\/demoweb.info\/sexshop001\/#website\"},\"datePublished\":\"2022-01-22T11:17:57+00:00\",\"dateModified\":\"2022-01-22T11:17:57+00:00\",\"breadcrumb\":{\"@id\":\"https:\/\/demoweb.info\/sexshop001\/producto\/feelztoys-lea-rabbit-vibrador-doble-estimulacion-rosa\/#breadcrumb\"},\"inLanguage\":\"es\",\"potentialAction\":[{\"@type\":\"ReadAction\",\"target\":[\"https:\/\/demoweb.info\/sexshop001\/producto\/feelztoys-lea-rabbit-vibrador-doble-estimulacion-rosa\/\"]}]},{\"@type\":\"BreadcrumbList\",\"@id\":\"https:\/\/demoweb.info\/sexshop001\/producto\/feelztoys-lea-rabbit-vibrador-doble-estimulacion-rosa\/#breadcrumb\",\"itemListElement\":[{\"@type\":\"ListItem\",\"position\":1,\"name\":\"Portada\",\"item\":\"https:\/\/demoweb.info\/sexshop001\/\"},{\"@type\":\"ListItem\",\"position\":2,\"name\":\"Tienda\",\"item\":\"https:\/\/demoweb.info\/sexshop001\/tienda\/\"},{\"@type\":\"ListItem\",\"position\":3,\"name\":\"FEELZTOYS &#8211; LEA RABBIT VIBRADOR DOBLE ESTIMULACI\u00d3N ROSA\"}]},{\"@type\":\"WebSite\",\"@id\":\"https:\/\/demoweb.info\/sexshop001\/#website\",\"url\":\"https:\/\/demoweb.info\/sexshop001\/\",\"name\":\"Tienda Er\u00f3tica\",\"description\":\"DEMOWEB SL\",\"potentialAction\":[{\"@type\":\"SearchAction\",\"target\":{\"@type\":\"EntryPoint\",\"urlTemplate\":\"https:\/\/demoweb.info\/sexshop001\/?s={search_term_string}\"},\"query-input\":\"required name=search_term_string\"}],\"inLanguage\":\"es\"}]}<\/script>\n<!-- \/ Yoast SEO plugin. -->","yoast_head_json":{"title":"FEELZTOYS - LEA RABBIT VIBRADOR DOBLE ESTIMULACI\u00d3N ROSA - Tienda Er\u00f3tica","robots":{"index":"noindex","follow":"follow","max-snippet":"max-snippet:-1","max-image-preview":"max-image-preview:large","max-video-preview":"max-video-preview:-1"},"og_locale":"es_ES","og_type":"article","og_title":"FEELZTOYS - LEA RABBIT VIBRADOR DOBLE ESTIMULACI\u00d3N ROSA - Tienda Er\u00f3tica","og_description":"FEELZTOYS &#8211; LEA RABBIT VIBRATOR SOFT PINK El LEA es un vibrador de conejo sedoso que proporciona deliciosos orgasmos intensos.","og_url":"https:\/\/demoweb.info\/sexshop001\/producto\/feelztoys-lea-rabbit-vibrador-doble-estimulacion-rosa\/","og_site_name":"Tienda Er\u00f3tica","og_image":[{"width":550,"height":550,"url":"https:\/\/demoweb.info\/sexshop001\/wp-content\/uploads\/2022\/01\/FEELZTOYS-LEA-RABBIT-VIBRADOR-DOBLE-ESTIMULACION-ROSA.jpg","type":"image\/jpeg"}],"twitter_card":"summary_large_image","twitter_misc":{"Tiempo de lectura":"1 minuto"},"schema":{"@context":"https:\/\/schema.org","@graph":[{"@type":"WebPage","@id":"https:\/\/demoweb.info\/sexshop001\/producto\/feelztoys-lea-rabbit-vibrador-doble-estimulacion-rosa\/","url":"https:\/\/demoweb.info\/sexshop001\/producto\/feelztoys-lea-rabbit-vibrador-doble-estimulacion-rosa\/","name":"FEELZTOYS - LEA RABBIT VIBRADOR DOBLE ESTIMULACI\u00d3N ROSA - Tienda Er\u00f3tica","isPartOf":{"@id":"https:\/\/demoweb.info\/sexshop001\/#website"},"datePublished":"2022-01-22T11:17:57+00:00","dateModified":"2022-01-22T11:17:57+00:00","breadcrumb":{"@id":"https:\/\/demoweb.info\/sexshop001\/producto\/feelztoys-lea-rabbit-vibrador-doble-estimulacion-rosa\/#breadcrumb"},"inLanguage":"es","potentialAction":[{"@type":"ReadAction","target":["https:\/\/demoweb.info\/sexshop001\/producto\/feelztoys-lea-rabbit-vibrador-doble-estimulacion-rosa\/"]}]},{"@type":"BreadcrumbList","@id":"https:\/\/demoweb.info\/sexshop001\/producto\/feelztoys-lea-rabbit-vibrador-doble-estimulacion-rosa\/#breadcrumb","itemListElement":[{"@type":"ListItem","position":1,"name":"Portada","item":"https:\/\/demoweb.info\/sexshop001\/"},{"@type":"ListItem","position":2,"name":"Tienda","item":"https:\/\/demoweb.info\/sexshop001\/tienda\/"},{"@type":"ListItem","position":3,"name":"FEELZTOYS &#8211; LEA RABBIT VIBRADOR DOBLE ESTIMULACI\u00d3N ROSA"}]},{"@type":"WebSite","@id":"https:\/\/demoweb.info\/sexshop001\/#website","url":"https:\/\/demoweb.info\/sexshop001\/","name":"Tienda Er\u00f3tica","description":"DEMOWEB SL","potentialAction":[{"@type":"SearchAction","target":{"@type":"EntryPoint","urlTemplate":"https:\/\/demoweb.info\/sexshop001\/?s={search_term_string}"},"query-input":"required name=search_term_string"}],"inLanguage":"es"}]}},"_links":{"self":[{"href":"https:\/\/demoweb.info\/sexshop001\/wp-json\/wp\/v3\/product\/28019","targetHints":{"allow":["GET"]}}],"collection":[{"href":"https:\/\/demoweb.info\/sexshop001\/wp-json\/wp\/v3\/product"}],"about":[{"href":"https:\/\/demoweb.info\/sexshop001\/wp-json\/wp\/v2\/types\/product"}],"replies":[{"embeddable":true,"href":"https:\/\/demoweb.info\/sexshop001\/wp-json\/wp\/v2\/comments?post=28019"}],"wp:featuredmedia":[{"embeddable":true,"href":"https:\/\/demoweb.info\/sexshop001\/wp-json\/wp\/v2\/media\/28020"}],"wp:attachment":[{"href":"https:\/\/demoweb.info\/sexshop001\/wp-json\/wp\/v2\/media?parent=28019"}],"wp:term":[{"taxonomy":"product_cat","embeddable":true,"href":"https:\/\/demoweb.info\/sexshop001\/wp-json\/wp\/v2\/product_cat?post=28019"},{"taxonomy":"product_tag","embeddable":true,"href":"https:\/\/demoweb.info\/sexshop001\/wp-json\/wp\/v2\/product_tag?post=28019"}],"curies":[{"name":"wp","href":"https:\/\/api.w.org\/{rel}","templated":true}]}}