{"id":27980,"date":"2022-01-22T12:17:33","date_gmt":"2022-01-22T11:17:33","guid":{"rendered":"https:\/\/demoweb.info\/sexshop001\/producto\/sexpert-es\/"},"modified":"2022-01-22T12:17:35","modified_gmt":"2022-01-22T11:17:35","slug":"sexpert-es","status":"publish","type":"product","link":"https:\/\/demoweb.info\/sexshop001\/producto\/sexpert-es\/","title":{"rendered":"SEXPERT (ES)"},"content":{"rendered":"<p><strong>SEXPERT (ES)<\/strong><\/p>\n<p>Sabes t\u00fa m\u00e1s que los otros concursantes en temas de amor y sexualidad? Entonces t\u00fa eres el sexexperto o Sexperto.<\/p>\n<p>MOODZZ amplia su exitoso surtido de juegos er\u00f3ticos con un atrevido juego de preguntas sobre sexo y amor. Poned a prueba vuestros conocimientos acerca de sexo sacando por turnos una tarjeta con preguntas. Las preguntas son diversas y sorprendentes. Adem\u00e1s abren posiblemente las puertas que hasta el momento te quedaban cerradas. Y naturalmente las preguntas son (sobretodo las respuestas a las mismas) educativas para todos. Casi cada pregunta contiene tambi\u00e9,n adem\u00e1s de la respuesta correspondiente, una explicaci\u00f3n detallada. Especialmente en el tema de sexualidad existen todav\u00eda muchos tab\u00fas y prejuicios. SEXPERT acaba definitivamente con ellos.<\/p>\n<p>El juego contiene m\u00e1s de 200 tarjetas con preguntas (en parte con ilustraciones), un tablero de juegos, 6 piones y 6 correspondientes fichas de respuesta. La caja del juego con la ilustraci\u00f3n de una severa maestra de colegio te hace recordar y te reta posiblemente, como cuando i bas al colegio, a esforzarte al m\u00e1ximo: aunque s\u00f3lo sea por ella&#8230; Por turnos va\u00eds sacando una tarjeta. \u00c9sta puede contener una pregunta abierta, una pregunta con respuesta verdad\/mentira o una de opci\u00f3n multiple.<\/p>\n<p>Algunas preguntas s\u00f3lo deben de ser respondidas y otras exigen la participaci\u00f3n de otros jugadores. Tanto si sabes mucho como si sabes poco, tanto si te sonrojas al hablar de sexo como si no, siempre aprender\u00e1s algo con este juego.<\/p>\n<p>ALGUNOS EJEMPLOS DE PREGUNTAS:<\/p>\n<p>&#8211; \u00bfCon qu\u00e9 postura sexual se quem\u00e1n m\u00e1s calor\u00edas (el que act\u00faa como pareja activa)?<\/p>\n<p>&#8211; \u00bfVerdad o mentira? Las mujeres que a menudo llevan tacones experimentan m\u00e1s intensivamente un cl\u00edmax.<\/p>\n<p>&#8211; \u00bfEn qu\u00e9 situaci\u00f3n espec\u00edfica produce un hombre esperma el cual contiene el doble de espermatozoides de lo normal?<\/p>\n<p>&#8211; Los hombres tambi\u00e9n cuentan con un punto G. \u00bfD\u00f3nde est\u00e1?<\/p>\n<p>SEXPERT no s\u00f3lo aumenta el conocimiento y perspicacia sino, tambi\u00e9n la libertad con la cual la sexualidad puede ser tratada. MOODZZ comparte su conocimiento con el conocimiento de sex\u00f3logos y especialistas experimentados en este estimulante juego, lleno de cosas que merece la pena saber. \u00a1La emoci\u00f3n y el placer est\u00e1n garantizados!<\/p><\/p>\n","protected":false},"excerpt":{"rendered":"<p>SEXPERT (ES) Sabes t\u00fa m\u00e1s que los otros concursantes en temas de amor y sexualidad? Entonces t\u00fa eres el sexexperto<\/p>\n","protected":false},"featured_media":27981,"comment_status":"open","ping_status":"open","template":"","meta":[],"product_cat":[367],"product_tag":[368],"class_list":["post-27980","product","type-product","status-publish","has-post-thumbnail","hentry","product_cat-juegos-pareja","product_tag-tease-and-please"],"bundled_by":[],"bundle_stock_status":"instock","bundle_stock_quantity":3,"bundle_virtual":false,"bundle_layout":"","bundle_add_to_cart_form_location":"","bundle_editable_in_cart":false,"bundle_sold_individually_context":"","bundle_item_grouping":"","bundle_min_size":"","bundle_max_size":"","bundled_items":[],"yoast_head":"<!-- This site is optimized with the Yoast SEO plugin v20.6 - https:\/\/yoast.com\/wordpress\/plugins\/seo\/ -->\n<title>SEXPERT (ES) - Tienda Er\u00f3tica<\/title>\n<meta name=\"robots\" content=\"noindex, follow, max-snippet:-1, max-image-preview:large, max-video-preview:-1\" \/>\n<meta property=\"og:locale\" content=\"es_ES\" \/>\n<meta property=\"og:type\" content=\"article\" \/>\n<meta property=\"og:title\" content=\"SEXPERT (ES) - Tienda Er\u00f3tica\" \/>\n<meta property=\"og:description\" content=\"SEXPERT (ES) Sabes t\u00fa m\u00e1s que los otros concursantes en temas de amor y sexualidad? Entonces t\u00fa eres el sexexperto\" \/>\n<meta property=\"og:url\" content=\"https:\/\/demoweb.info\/sexshop001\/producto\/sexpert-es\/\" \/>\n<meta property=\"og:site_name\" content=\"Tienda Er\u00f3tica\" \/>\n<meta property=\"article:modified_time\" content=\"2022-01-22T11:17:35+00:00\" \/>\n<meta property=\"og:image\" content=\"https:\/\/demoweb.info\/sexshop001\/wp-content\/uploads\/2022\/01\/SEXPERT-ES.jpg\" \/>\n\t<meta property=\"og:image:width\" content=\"550\" \/>\n\t<meta property=\"og:image:height\" content=\"550\" \/>\n\t<meta property=\"og:image:type\" content=\"image\/jpeg\" \/>\n<meta name=\"twitter:card\" content=\"summary_large_image\" \/>\n<meta name=\"twitter:label1\" content=\"Tiempo de lectura\" \/>\n\t<meta name=\"twitter:data1\" content=\"2 minutos\" \/>\n<script type=\"application\/ld+json\" class=\"yoast-schema-graph\">{\"@context\":\"https:\/\/schema.org\",\"@graph\":[{\"@type\":\"WebPage\",\"@id\":\"https:\/\/demoweb.info\/sexshop001\/producto\/sexpert-es\/\",\"url\":\"https:\/\/demoweb.info\/sexshop001\/producto\/sexpert-es\/\",\"name\":\"SEXPERT (ES) - Tienda Er\u00f3tica\",\"isPartOf\":{\"@id\":\"https:\/\/demoweb.info\/sexshop001\/#website\"},\"datePublished\":\"2022-01-22T11:17:33+00:00\",\"dateModified\":\"2022-01-22T11:17:35+00:00\",\"breadcrumb\":{\"@id\":\"https:\/\/demoweb.info\/sexshop001\/producto\/sexpert-es\/#breadcrumb\"},\"inLanguage\":\"es\",\"potentialAction\":[{\"@type\":\"ReadAction\",\"target\":[\"https:\/\/demoweb.info\/sexshop001\/producto\/sexpert-es\/\"]}]},{\"@type\":\"BreadcrumbList\",\"@id\":\"https:\/\/demoweb.info\/sexshop001\/producto\/sexpert-es\/#breadcrumb\",\"itemListElement\":[{\"@type\":\"ListItem\",\"position\":1,\"name\":\"Portada\",\"item\":\"https:\/\/demoweb.info\/sexshop001\/\"},{\"@type\":\"ListItem\",\"position\":2,\"name\":\"Tienda\",\"item\":\"https:\/\/demoweb.info\/sexshop001\/tienda\/\"},{\"@type\":\"ListItem\",\"position\":3,\"name\":\"SEXPERT (ES)\"}]},{\"@type\":\"WebSite\",\"@id\":\"https:\/\/demoweb.info\/sexshop001\/#website\",\"url\":\"https:\/\/demoweb.info\/sexshop001\/\",\"name\":\"Tienda Er\u00f3tica\",\"description\":\"DEMOWEB SL\",\"potentialAction\":[{\"@type\":\"SearchAction\",\"target\":{\"@type\":\"EntryPoint\",\"urlTemplate\":\"https:\/\/demoweb.info\/sexshop001\/?s={search_term_string}\"},\"query-input\":\"required name=search_term_string\"}],\"inLanguage\":\"es\"}]}<\/script>\n<!-- \/ Yoast SEO plugin. -->","yoast_head_json":{"title":"SEXPERT (ES) - Tienda Er\u00f3tica","robots":{"index":"noindex","follow":"follow","max-snippet":"max-snippet:-1","max-image-preview":"max-image-preview:large","max-video-preview":"max-video-preview:-1"},"og_locale":"es_ES","og_type":"article","og_title":"SEXPERT (ES) - Tienda Er\u00f3tica","og_description":"SEXPERT (ES) Sabes t\u00fa m\u00e1s que los otros concursantes en temas de amor y sexualidad? Entonces t\u00fa eres el sexexperto","og_url":"https:\/\/demoweb.info\/sexshop001\/producto\/sexpert-es\/","og_site_name":"Tienda Er\u00f3tica","article_modified_time":"2022-01-22T11:17:35+00:00","og_image":[{"width":550,"height":550,"url":"https:\/\/demoweb.info\/sexshop001\/wp-content\/uploads\/2022\/01\/SEXPERT-ES.jpg","type":"image\/jpeg"}],"twitter_card":"summary_large_image","twitter_misc":{"Tiempo de lectura":"2 minutos"},"schema":{"@context":"https:\/\/schema.org","@graph":[{"@type":"WebPage","@id":"https:\/\/demoweb.info\/sexshop001\/producto\/sexpert-es\/","url":"https:\/\/demoweb.info\/sexshop001\/producto\/sexpert-es\/","name":"SEXPERT (ES) - Tienda Er\u00f3tica","isPartOf":{"@id":"https:\/\/demoweb.info\/sexshop001\/#website"},"datePublished":"2022-01-22T11:17:33+00:00","dateModified":"2022-01-22T11:17:35+00:00","breadcrumb":{"@id":"https:\/\/demoweb.info\/sexshop001\/producto\/sexpert-es\/#breadcrumb"},"inLanguage":"es","potentialAction":[{"@type":"ReadAction","target":["https:\/\/demoweb.info\/sexshop001\/producto\/sexpert-es\/"]}]},{"@type":"BreadcrumbList","@id":"https:\/\/demoweb.info\/sexshop001\/producto\/sexpert-es\/#breadcrumb","itemListElement":[{"@type":"ListItem","position":1,"name":"Portada","item":"https:\/\/demoweb.info\/sexshop001\/"},{"@type":"ListItem","position":2,"name":"Tienda","item":"https:\/\/demoweb.info\/sexshop001\/tienda\/"},{"@type":"ListItem","position":3,"name":"SEXPERT (ES)"}]},{"@type":"WebSite","@id":"https:\/\/demoweb.info\/sexshop001\/#website","url":"https:\/\/demoweb.info\/sexshop001\/","name":"Tienda Er\u00f3tica","description":"DEMOWEB SL","potentialAction":[{"@type":"SearchAction","target":{"@type":"EntryPoint","urlTemplate":"https:\/\/demoweb.info\/sexshop001\/?s={search_term_string}"},"query-input":"required name=search_term_string"}],"inLanguage":"es"}]}},"_links":{"self":[{"href":"https:\/\/demoweb.info\/sexshop001\/wp-json\/wp\/v3\/product\/27980","targetHints":{"allow":["GET"]}}],"collection":[{"href":"https:\/\/demoweb.info\/sexshop001\/wp-json\/wp\/v3\/product"}],"about":[{"href":"https:\/\/demoweb.info\/sexshop001\/wp-json\/wp\/v2\/types\/product"}],"replies":[{"embeddable":true,"href":"https:\/\/demoweb.info\/sexshop001\/wp-json\/wp\/v2\/comments?post=27980"}],"wp:featuredmedia":[{"embeddable":true,"href":"https:\/\/demoweb.info\/sexshop001\/wp-json\/wp\/v2\/media\/27981"}],"wp:attachment":[{"href":"https:\/\/demoweb.info\/sexshop001\/wp-json\/wp\/v2\/media?parent=27980"}],"wp:term":[{"taxonomy":"product_cat","embeddable":true,"href":"https:\/\/demoweb.info\/sexshop001\/wp-json\/wp\/v2\/product_cat?post=27980"},{"taxonomy":"product_tag","embeddable":true,"href":"https:\/\/demoweb.info\/sexshop001\/wp-json\/wp\/v2\/product_tag?post=27980"}],"curies":[{"name":"wp","href":"https:\/\/api.w.org\/{rel}","templated":true}]}}