{"id":27947,"date":"2022-01-22T12:17:01","date_gmt":"2022-01-22T11:17:01","guid":{"rendered":"https:\/\/demoweb.info\/sexshop001\/producto\/la-farmaceutica\/"},"modified":"2022-01-22T12:17:17","modified_gmt":"2022-01-22T11:17:17","slug":"la-farmaceutica","status":"publish","type":"product","link":"https:\/\/demoweb.info\/sexshop001\/producto\/la-farmaceutica\/","title":{"rendered":"LA FARMACEUTICA"},"content":{"rendered":"<p><strong>LA FARMAC\u00c9UTICA<\/strong><\/p>\n<p><strong>ESPARBEC<\/strong><\/p>\n<p>Bertend y su hermana, gemelos de 15 a\u00f1os, viven con su madre y el segundo marido de \u00e9sta. La madre, farmace\u00fatica, es una mujer burguesa que tras enviudar se casa con un camarero diez a\u00f1os menor que ella.<\/p>\n<p>Como el negocio familiar parece bastante rentable, prefiere que el ex camarero se quede en casa para que de paso, se aleje de las mujeres de vida licenciosa. La farmace\u00fatica est\u00e1 convencida de que los juegos que practican su marido y sus hijos son muy inocentes, pero la realidad es bien distinta&#8230;<\/p>\n<ul>\n<li>P\u00e1ginas: 208<\/li>\n<li>Encuadernaci\u00f3n: Tapa Blanda<\/li>\n<li>A\u00f1o de edici\u00f3n: 2007<\/li>\n<\/ul>\n","protected":false},"excerpt":{"rendered":"<p>LA FARMAC\u00c9UTICA ESPARBEC Bertend y su hermana, gemelos de 15 a\u00f1os, viven con su madre y el segundo marido de<\/p>\n","protected":false},"featured_media":27948,"comment_status":"open","ping_status":"open","template":"","meta":[],"product_cat":[414],"product_tag":[1127],"class_list":["post-27947","product","type-product","status-publish","has-post-thumbnail","hentry","product_cat-libros","product_tag-swing"],"bundled_by":[],"bundle_stock_status":"instock","bundle_stock_quantity":5,"bundle_virtual":false,"bundle_layout":"","bundle_add_to_cart_form_location":"","bundle_editable_in_cart":false,"bundle_sold_individually_context":"","bundle_item_grouping":"","bundle_min_size":"","bundle_max_size":"","bundled_items":[],"yoast_head":"<!-- This site is optimized with the Yoast SEO plugin v20.6 - https:\/\/yoast.com\/wordpress\/plugins\/seo\/ -->\n<title>LA FARMACEUTICA - Tienda Er\u00f3tica<\/title>\n<meta name=\"robots\" content=\"noindex, follow, max-snippet:-1, max-image-preview:large, max-video-preview:-1\" \/>\n<meta property=\"og:locale\" content=\"es_ES\" \/>\n<meta property=\"og:type\" content=\"article\" \/>\n<meta property=\"og:title\" content=\"LA FARMACEUTICA - Tienda Er\u00f3tica\" \/>\n<meta property=\"og:description\" content=\"LA FARMAC\u00c9UTICA ESPARBEC Bertend y su hermana, gemelos de 15 a\u00f1os, viven con su madre y el segundo marido de\" \/>\n<meta property=\"og:url\" content=\"https:\/\/demoweb.info\/sexshop001\/producto\/la-farmaceutica\/\" \/>\n<meta property=\"og:site_name\" content=\"Tienda Er\u00f3tica\" \/>\n<meta property=\"article:modified_time\" content=\"2022-01-22T11:17:17+00:00\" \/>\n<meta property=\"og:image\" content=\"https:\/\/demoweb.info\/sexshop001\/wp-content\/uploads\/2022\/01\/LA-FARMACEUTICA.jpg\" \/>\n\t<meta property=\"og:image:width\" content=\"550\" \/>\n\t<meta property=\"og:image:height\" content=\"550\" \/>\n\t<meta property=\"og:image:type\" content=\"image\/jpeg\" \/>\n<meta name=\"twitter:card\" content=\"summary_large_image\" \/>\n<meta name=\"twitter:label1\" content=\"Tiempo de lectura\" \/>\n\t<meta name=\"twitter:data1\" content=\"1 minuto\" \/>\n<script type=\"application\/ld+json\" class=\"yoast-schema-graph\">{\"@context\":\"https:\/\/schema.org\",\"@graph\":[{\"@type\":\"WebPage\",\"@id\":\"https:\/\/demoweb.info\/sexshop001\/producto\/la-farmaceutica\/\",\"url\":\"https:\/\/demoweb.info\/sexshop001\/producto\/la-farmaceutica\/\",\"name\":\"LA FARMACEUTICA - Tienda Er\u00f3tica\",\"isPartOf\":{\"@id\":\"https:\/\/demoweb.info\/sexshop001\/#website\"},\"datePublished\":\"2022-01-22T11:17:01+00:00\",\"dateModified\":\"2022-01-22T11:17:17+00:00\",\"breadcrumb\":{\"@id\":\"https:\/\/demoweb.info\/sexshop001\/producto\/la-farmaceutica\/#breadcrumb\"},\"inLanguage\":\"es\",\"potentialAction\":[{\"@type\":\"ReadAction\",\"target\":[\"https:\/\/demoweb.info\/sexshop001\/producto\/la-farmaceutica\/\"]}]},{\"@type\":\"BreadcrumbList\",\"@id\":\"https:\/\/demoweb.info\/sexshop001\/producto\/la-farmaceutica\/#breadcrumb\",\"itemListElement\":[{\"@type\":\"ListItem\",\"position\":1,\"name\":\"Portada\",\"item\":\"https:\/\/demoweb.info\/sexshop001\/\"},{\"@type\":\"ListItem\",\"position\":2,\"name\":\"Tienda\",\"item\":\"https:\/\/demoweb.info\/sexshop001\/tienda\/\"},{\"@type\":\"ListItem\",\"position\":3,\"name\":\"LA FARMACEUTICA\"}]},{\"@type\":\"WebSite\",\"@id\":\"https:\/\/demoweb.info\/sexshop001\/#website\",\"url\":\"https:\/\/demoweb.info\/sexshop001\/\",\"name\":\"Tienda Er\u00f3tica\",\"description\":\"DEMOWEB SL\",\"potentialAction\":[{\"@type\":\"SearchAction\",\"target\":{\"@type\":\"EntryPoint\",\"urlTemplate\":\"https:\/\/demoweb.info\/sexshop001\/?s={search_term_string}\"},\"query-input\":\"required name=search_term_string\"}],\"inLanguage\":\"es\"}]}<\/script>\n<!-- \/ Yoast SEO plugin. -->","yoast_head_json":{"title":"LA FARMACEUTICA - Tienda Er\u00f3tica","robots":{"index":"noindex","follow":"follow","max-snippet":"max-snippet:-1","max-image-preview":"max-image-preview:large","max-video-preview":"max-video-preview:-1"},"og_locale":"es_ES","og_type":"article","og_title":"LA FARMACEUTICA - Tienda Er\u00f3tica","og_description":"LA FARMAC\u00c9UTICA ESPARBEC Bertend y su hermana, gemelos de 15 a\u00f1os, viven con su madre y el segundo marido de","og_url":"https:\/\/demoweb.info\/sexshop001\/producto\/la-farmaceutica\/","og_site_name":"Tienda Er\u00f3tica","article_modified_time":"2022-01-22T11:17:17+00:00","og_image":[{"width":550,"height":550,"url":"https:\/\/demoweb.info\/sexshop001\/wp-content\/uploads\/2022\/01\/LA-FARMACEUTICA.jpg","type":"image\/jpeg"}],"twitter_card":"summary_large_image","twitter_misc":{"Tiempo de lectura":"1 minuto"},"schema":{"@context":"https:\/\/schema.org","@graph":[{"@type":"WebPage","@id":"https:\/\/demoweb.info\/sexshop001\/producto\/la-farmaceutica\/","url":"https:\/\/demoweb.info\/sexshop001\/producto\/la-farmaceutica\/","name":"LA FARMACEUTICA - Tienda Er\u00f3tica","isPartOf":{"@id":"https:\/\/demoweb.info\/sexshop001\/#website"},"datePublished":"2022-01-22T11:17:01+00:00","dateModified":"2022-01-22T11:17:17+00:00","breadcrumb":{"@id":"https:\/\/demoweb.info\/sexshop001\/producto\/la-farmaceutica\/#breadcrumb"},"inLanguage":"es","potentialAction":[{"@type":"ReadAction","target":["https:\/\/demoweb.info\/sexshop001\/producto\/la-farmaceutica\/"]}]},{"@type":"BreadcrumbList","@id":"https:\/\/demoweb.info\/sexshop001\/producto\/la-farmaceutica\/#breadcrumb","itemListElement":[{"@type":"ListItem","position":1,"name":"Portada","item":"https:\/\/demoweb.info\/sexshop001\/"},{"@type":"ListItem","position":2,"name":"Tienda","item":"https:\/\/demoweb.info\/sexshop001\/tienda\/"},{"@type":"ListItem","position":3,"name":"LA FARMACEUTICA"}]},{"@type":"WebSite","@id":"https:\/\/demoweb.info\/sexshop001\/#website","url":"https:\/\/demoweb.info\/sexshop001\/","name":"Tienda Er\u00f3tica","description":"DEMOWEB SL","potentialAction":[{"@type":"SearchAction","target":{"@type":"EntryPoint","urlTemplate":"https:\/\/demoweb.info\/sexshop001\/?s={search_term_string}"},"query-input":"required name=search_term_string"}],"inLanguage":"es"}]}},"_links":{"self":[{"href":"https:\/\/demoweb.info\/sexshop001\/wp-json\/wp\/v3\/product\/27947","targetHints":{"allow":["GET"]}}],"collection":[{"href":"https:\/\/demoweb.info\/sexshop001\/wp-json\/wp\/v3\/product"}],"about":[{"href":"https:\/\/demoweb.info\/sexshop001\/wp-json\/wp\/v2\/types\/product"}],"replies":[{"embeddable":true,"href":"https:\/\/demoweb.info\/sexshop001\/wp-json\/wp\/v2\/comments?post=27947"}],"wp:featuredmedia":[{"embeddable":true,"href":"https:\/\/demoweb.info\/sexshop001\/wp-json\/wp\/v2\/media\/27948"}],"wp:attachment":[{"href":"https:\/\/demoweb.info\/sexshop001\/wp-json\/wp\/v2\/media?parent=27947"}],"wp:term":[{"taxonomy":"product_cat","embeddable":true,"href":"https:\/\/demoweb.info\/sexshop001\/wp-json\/wp\/v2\/product_cat?post=27947"},{"taxonomy":"product_tag","embeddable":true,"href":"https:\/\/demoweb.info\/sexshop001\/wp-json\/wp\/v2\/product_tag?post=27947"}],"curies":[{"name":"wp","href":"https:\/\/api.w.org\/{rel}","templated":true}]}}