{"id":27891,"date":"2022-01-22T12:16:44","date_gmt":"2022-01-22T11:16:44","guid":{"rendered":"https:\/\/demoweb.info\/sexshop001\/producto\/intt-massage-gel-fruta-de-la-pasion-30ml\/"},"modified":"2022-01-22T12:16:49","modified_gmt":"2022-01-22T11:16:49","slug":"intt-massage-gel-fruta-de-la-pasion-30ml","status":"publish","type":"product","link":"https:\/\/demoweb.info\/sexshop001\/producto\/intt-massage-gel-fruta-de-la-pasion-30ml\/","title":{"rendered":"INTT MASSAGE GEL &#8211; FRUTA DE LA PASI\u00d3N 30ML"},"content":{"rendered":"<p><strong>INTT MASSAGE GEL PASSION FRUIT<\/strong><\/p>\n<p>Gel besable con sabor a maracuy\u00e1 que se puede utilizar para masajes, sexo oral, penetraciones y tambi\u00e9n para besos.<\/p>\n<p>Este gel de masaje proporciona una sensaci\u00f3n c\u00e1lida y dulce.<\/p>\n<p>Contiene 30 ml.<\/p>\n<p>Botella de cristal.<\/p>\n","protected":false},"excerpt":{"rendered":"<p>INTT MASSAGE GEL PASSION FRUIT Gel besable con sabor a maracuy\u00e1 que se puede utilizar para masajes, sexo oral, penetraciones<\/p>\n","protected":false},"featured_media":27892,"comment_status":"open","ping_status":"open","template":"","meta":[],"product_cat":[538],"product_tag":[1042],"class_list":["post-27891","product","type-product","status-publish","has-post-thumbnail","hentry","product_cat-maquinas-vending","product_tag-intt"],"bundled_by":[],"bundle_stock_status":"instock","bundle_stock_quantity":10,"bundle_virtual":false,"bundle_layout":"","bundle_add_to_cart_form_location":"","bundle_editable_in_cart":false,"bundle_sold_individually_context":"","bundle_item_grouping":"","bundle_min_size":"","bundle_max_size":"","bundled_items":[],"yoast_head":"<!-- This site is optimized with the Yoast SEO plugin v20.6 - https:\/\/yoast.com\/wordpress\/plugins\/seo\/ -->\n<title>INTT MASSAGE GEL - FRUTA DE LA PASI\u00d3N 30ML - Tienda Er\u00f3tica<\/title>\n<meta name=\"robots\" content=\"noindex, follow, max-snippet:-1, max-image-preview:large, max-video-preview:-1\" \/>\n<meta property=\"og:locale\" content=\"es_ES\" \/>\n<meta property=\"og:type\" content=\"article\" \/>\n<meta property=\"og:title\" content=\"INTT MASSAGE GEL - FRUTA DE LA PASI\u00d3N 30ML - Tienda Er\u00f3tica\" \/>\n<meta property=\"og:description\" content=\"INTT MASSAGE GEL PASSION FRUIT Gel besable con sabor a maracuy\u00e1 que se puede utilizar para masajes, sexo oral, penetraciones\" \/>\n<meta property=\"og:url\" content=\"https:\/\/demoweb.info\/sexshop001\/producto\/intt-massage-gel-fruta-de-la-pasion-30ml\/\" \/>\n<meta property=\"og:site_name\" content=\"Tienda Er\u00f3tica\" \/>\n<meta property=\"article:modified_time\" content=\"2022-01-22T11:16:49+00:00\" \/>\n<meta property=\"og:image\" content=\"https:\/\/demoweb.info\/sexshop001\/wp-content\/uploads\/2022\/01\/INTT-MASSAGE-GEL-FRUTA-DE-LA-PASION-30ML.jpg\" \/>\n\t<meta property=\"og:image:width\" content=\"550\" \/>\n\t<meta property=\"og:image:height\" content=\"550\" \/>\n\t<meta property=\"og:image:type\" content=\"image\/jpeg\" \/>\n<meta name=\"twitter:card\" content=\"summary_large_image\" \/>\n<script type=\"application\/ld+json\" class=\"yoast-schema-graph\">{\"@context\":\"https:\/\/schema.org\",\"@graph\":[{\"@type\":\"WebPage\",\"@id\":\"https:\/\/demoweb.info\/sexshop001\/producto\/intt-massage-gel-fruta-de-la-pasion-30ml\/\",\"url\":\"https:\/\/demoweb.info\/sexshop001\/producto\/intt-massage-gel-fruta-de-la-pasion-30ml\/\",\"name\":\"INTT MASSAGE GEL - FRUTA DE LA PASI\u00d3N 30ML - Tienda Er\u00f3tica\",\"isPartOf\":{\"@id\":\"https:\/\/demoweb.info\/sexshop001\/#website\"},\"datePublished\":\"2022-01-22T11:16:44+00:00\",\"dateModified\":\"2022-01-22T11:16:49+00:00\",\"breadcrumb\":{\"@id\":\"https:\/\/demoweb.info\/sexshop001\/producto\/intt-massage-gel-fruta-de-la-pasion-30ml\/#breadcrumb\"},\"inLanguage\":\"es\",\"potentialAction\":[{\"@type\":\"ReadAction\",\"target\":[\"https:\/\/demoweb.info\/sexshop001\/producto\/intt-massage-gel-fruta-de-la-pasion-30ml\/\"]}]},{\"@type\":\"BreadcrumbList\",\"@id\":\"https:\/\/demoweb.info\/sexshop001\/producto\/intt-massage-gel-fruta-de-la-pasion-30ml\/#breadcrumb\",\"itemListElement\":[{\"@type\":\"ListItem\",\"position\":1,\"name\":\"Portada\",\"item\":\"https:\/\/demoweb.info\/sexshop001\/\"},{\"@type\":\"ListItem\",\"position\":2,\"name\":\"Tienda\",\"item\":\"https:\/\/demoweb.info\/sexshop001\/tienda\/\"},{\"@type\":\"ListItem\",\"position\":3,\"name\":\"INTT MASSAGE GEL &#8211; FRUTA DE LA PASI\u00d3N 30ML\"}]},{\"@type\":\"WebSite\",\"@id\":\"https:\/\/demoweb.info\/sexshop001\/#website\",\"url\":\"https:\/\/demoweb.info\/sexshop001\/\",\"name\":\"Tienda Er\u00f3tica\",\"description\":\"DEMOWEB SL\",\"potentialAction\":[{\"@type\":\"SearchAction\",\"target\":{\"@type\":\"EntryPoint\",\"urlTemplate\":\"https:\/\/demoweb.info\/sexshop001\/?s={search_term_string}\"},\"query-input\":\"required name=search_term_string\"}],\"inLanguage\":\"es\"}]}<\/script>\n<!-- \/ Yoast SEO plugin. -->","yoast_head_json":{"title":"INTT MASSAGE GEL - FRUTA DE LA PASI\u00d3N 30ML - Tienda Er\u00f3tica","robots":{"index":"noindex","follow":"follow","max-snippet":"max-snippet:-1","max-image-preview":"max-image-preview:large","max-video-preview":"max-video-preview:-1"},"og_locale":"es_ES","og_type":"article","og_title":"INTT MASSAGE GEL - FRUTA DE LA PASI\u00d3N 30ML - Tienda Er\u00f3tica","og_description":"INTT MASSAGE GEL PASSION FRUIT Gel besable con sabor a maracuy\u00e1 que se puede utilizar para masajes, sexo oral, penetraciones","og_url":"https:\/\/demoweb.info\/sexshop001\/producto\/intt-massage-gel-fruta-de-la-pasion-30ml\/","og_site_name":"Tienda Er\u00f3tica","article_modified_time":"2022-01-22T11:16:49+00:00","og_image":[{"width":550,"height":550,"url":"https:\/\/demoweb.info\/sexshop001\/wp-content\/uploads\/2022\/01\/INTT-MASSAGE-GEL-FRUTA-DE-LA-PASION-30ML.jpg","type":"image\/jpeg"}],"twitter_card":"summary_large_image","schema":{"@context":"https:\/\/schema.org","@graph":[{"@type":"WebPage","@id":"https:\/\/demoweb.info\/sexshop001\/producto\/intt-massage-gel-fruta-de-la-pasion-30ml\/","url":"https:\/\/demoweb.info\/sexshop001\/producto\/intt-massage-gel-fruta-de-la-pasion-30ml\/","name":"INTT MASSAGE GEL - FRUTA DE LA PASI\u00d3N 30ML - Tienda Er\u00f3tica","isPartOf":{"@id":"https:\/\/demoweb.info\/sexshop001\/#website"},"datePublished":"2022-01-22T11:16:44+00:00","dateModified":"2022-01-22T11:16:49+00:00","breadcrumb":{"@id":"https:\/\/demoweb.info\/sexshop001\/producto\/intt-massage-gel-fruta-de-la-pasion-30ml\/#breadcrumb"},"inLanguage":"es","potentialAction":[{"@type":"ReadAction","target":["https:\/\/demoweb.info\/sexshop001\/producto\/intt-massage-gel-fruta-de-la-pasion-30ml\/"]}]},{"@type":"BreadcrumbList","@id":"https:\/\/demoweb.info\/sexshop001\/producto\/intt-massage-gel-fruta-de-la-pasion-30ml\/#breadcrumb","itemListElement":[{"@type":"ListItem","position":1,"name":"Portada","item":"https:\/\/demoweb.info\/sexshop001\/"},{"@type":"ListItem","position":2,"name":"Tienda","item":"https:\/\/demoweb.info\/sexshop001\/tienda\/"},{"@type":"ListItem","position":3,"name":"INTT MASSAGE GEL &#8211; FRUTA DE LA PASI\u00d3N 30ML"}]},{"@type":"WebSite","@id":"https:\/\/demoweb.info\/sexshop001\/#website","url":"https:\/\/demoweb.info\/sexshop001\/","name":"Tienda Er\u00f3tica","description":"DEMOWEB SL","potentialAction":[{"@type":"SearchAction","target":{"@type":"EntryPoint","urlTemplate":"https:\/\/demoweb.info\/sexshop001\/?s={search_term_string}"},"query-input":"required name=search_term_string"}],"inLanguage":"es"}]}},"_links":{"self":[{"href":"https:\/\/demoweb.info\/sexshop001\/wp-json\/wp\/v3\/product\/27891","targetHints":{"allow":["GET"]}}],"collection":[{"href":"https:\/\/demoweb.info\/sexshop001\/wp-json\/wp\/v3\/product"}],"about":[{"href":"https:\/\/demoweb.info\/sexshop001\/wp-json\/wp\/v2\/types\/product"}],"replies":[{"embeddable":true,"href":"https:\/\/demoweb.info\/sexshop001\/wp-json\/wp\/v2\/comments?post=27891"}],"wp:featuredmedia":[{"embeddable":true,"href":"https:\/\/demoweb.info\/sexshop001\/wp-json\/wp\/v2\/media\/27892"}],"wp:attachment":[{"href":"https:\/\/demoweb.info\/sexshop001\/wp-json\/wp\/v2\/media?parent=27891"}],"wp:term":[{"taxonomy":"product_cat","embeddable":true,"href":"https:\/\/demoweb.info\/sexshop001\/wp-json\/wp\/v2\/product_cat?post=27891"},{"taxonomy":"product_tag","embeddable":true,"href":"https:\/\/demoweb.info\/sexshop001\/wp-json\/wp\/v2\/product_tag?post=27891"}],"curies":[{"name":"wp","href":"https:\/\/api.w.org\/{rel}","templated":true}]}}