{"id":27874,"date":"2022-01-22T12:16:31","date_gmt":"2022-01-22T11:16:31","guid":{"rendered":"https:\/\/demoweb.info\/sexshop001\/producto\/lelo-smart-wand-masajeador-ciruela-mediano\/"},"modified":"2022-01-22T12:16:40","modified_gmt":"2022-01-22T11:16:40","slug":"lelo-smart-wand-masajeador-ciruela-mediano","status":"publish","type":"product","link":"https:\/\/demoweb.info\/sexshop001\/producto\/lelo-smart-wand-masajeador-ciruela-mediano\/","title":{"rendered":"LELO SMART WAND MASAJEADOR CIRUELA MEDIANO"},"content":{"rendered":"<p><strong>LELO SMART WAND MEDIUM PLUM<\/strong><\/p>\n<p>Rel\u00e1jate y dale un respiro a tu cuerpo con el mejor masajeador dentro de su categoria y sin cables que proporciona funcionalidad y dise\u00f1o en un nuevo nivel superior.<\/p>\n<p>Completamente resistente al agua y recargable, te ofrece el m\u00e1s potente y discreto rendimiento por el cual todos los productos <strong> Lelo<\/strong> son reconocidos, haciendo de <strong>Smart Wand<\/strong> el accesorio perfecto para disfrutar en cualquier lugar; desde la ducha o la ba\u00f1era, hasta los viajes de negocios o de placer&#8230;<\/p>\n<p>Su suave exterior con su cabeza flexible se adapta perfectamente a las situaciones m\u00e1s lujosamente placenteras que quepa imaginar, experimenta un masaje intuitivo con la innovadora tecnolog\u00eda sensible al tacto, la cual crea un un aumento en las vibraciones tras el contacto del masajeador con el cuerpo, aportando una t\u00e9cnica de masaje profesional.<\/p>\n<p>Fabricado con un n\u00facleo de ABS envuelto en la m\u00e1s suave silicona, <strong>Smart Wand <\/strong>es muy f\u00e1cil de usar, con su interfaz de 3 botones para un control perfecto de la intensidad de vibraci\u00f3n en sus 8 exclusivos modos de estimulaci\u00f3n.<\/p>\n<p>Cumpliendo con los m\u00e1s altos est\u00e1ndares de calidad y dise\u00f1o, <strong>Smart Wand<\/strong> se presenta en la galardonada caja <strong>LELO<\/strong> con su cargador espec\u00edfico del pa\u00eds, una bolsita de sat\u00e9n para guardarlo y la garant\u00eda completa de 1 a\u00f1o.<\/p>\n<p>Tama\u00f1o: 22 x 5,8 x 4,3 cm.<\/p>\n","protected":false},"excerpt":{"rendered":"<p>LELO SMART WAND MEDIUM PLUM Rel\u00e1jate y dale un respiro a tu cuerpo con el mejor masajeador dentro de su<\/p>\n","protected":false},"featured_media":27875,"comment_status":"open","ping_status":"open","template":"","meta":[],"product_cat":[502],"product_tag":[406],"class_list":["post-27874","product","type-product","status-publish","has-post-thumbnail","hentry","product_cat-luxury","product_tag-lelo"],"bundled_by":[],"bundle_stock_status":"instock","bundle_stock_quantity":1,"bundle_virtual":false,"bundle_layout":"","bundle_add_to_cart_form_location":"","bundle_editable_in_cart":false,"bundle_sold_individually_context":"","bundle_item_grouping":"","bundle_min_size":"","bundle_max_size":"","bundled_items":[],"yoast_head":"<!-- This site is optimized with the Yoast SEO plugin v20.6 - https:\/\/yoast.com\/wordpress\/plugins\/seo\/ -->\n<title>LELO SMART WAND MASAJEADOR CIRUELA MEDIANO - Tienda Er\u00f3tica<\/title>\n<meta name=\"robots\" content=\"noindex, follow, max-snippet:-1, max-image-preview:large, max-video-preview:-1\" \/>\n<meta property=\"og:locale\" content=\"es_ES\" \/>\n<meta property=\"og:type\" content=\"article\" \/>\n<meta property=\"og:title\" content=\"LELO SMART WAND MASAJEADOR CIRUELA MEDIANO - Tienda Er\u00f3tica\" \/>\n<meta property=\"og:description\" content=\"LELO SMART WAND MEDIUM PLUM Rel\u00e1jate y dale un respiro a tu cuerpo con el mejor masajeador dentro de su\" \/>\n<meta property=\"og:url\" content=\"https:\/\/demoweb.info\/sexshop001\/producto\/lelo-smart-wand-masajeador-ciruela-mediano\/\" \/>\n<meta property=\"og:site_name\" content=\"Tienda Er\u00f3tica\" \/>\n<meta property=\"article:modified_time\" content=\"2022-01-22T11:16:40+00:00\" \/>\n<meta property=\"og:image\" content=\"https:\/\/demoweb.info\/sexshop001\/wp-content\/uploads\/2022\/01\/LELO-SMART-WAND-MASAJEADOR-CIRUELA-MEDIANO.jpg\" \/>\n\t<meta property=\"og:image:width\" content=\"550\" \/>\n\t<meta property=\"og:image:height\" content=\"550\" \/>\n\t<meta property=\"og:image:type\" content=\"image\/jpeg\" \/>\n<meta name=\"twitter:card\" content=\"summary_large_image\" \/>\n<meta name=\"twitter:label1\" content=\"Tiempo de lectura\" \/>\n\t<meta name=\"twitter:data1\" content=\"1 minuto\" \/>\n<script type=\"application\/ld+json\" class=\"yoast-schema-graph\">{\"@context\":\"https:\/\/schema.org\",\"@graph\":[{\"@type\":\"WebPage\",\"@id\":\"https:\/\/demoweb.info\/sexshop001\/producto\/lelo-smart-wand-masajeador-ciruela-mediano\/\",\"url\":\"https:\/\/demoweb.info\/sexshop001\/producto\/lelo-smart-wand-masajeador-ciruela-mediano\/\",\"name\":\"LELO SMART WAND MASAJEADOR CIRUELA MEDIANO - Tienda Er\u00f3tica\",\"isPartOf\":{\"@id\":\"https:\/\/demoweb.info\/sexshop001\/#website\"},\"datePublished\":\"2022-01-22T11:16:31+00:00\",\"dateModified\":\"2022-01-22T11:16:40+00:00\",\"breadcrumb\":{\"@id\":\"https:\/\/demoweb.info\/sexshop001\/producto\/lelo-smart-wand-masajeador-ciruela-mediano\/#breadcrumb\"},\"inLanguage\":\"es\",\"potentialAction\":[{\"@type\":\"ReadAction\",\"target\":[\"https:\/\/demoweb.info\/sexshop001\/producto\/lelo-smart-wand-masajeador-ciruela-mediano\/\"]}]},{\"@type\":\"BreadcrumbList\",\"@id\":\"https:\/\/demoweb.info\/sexshop001\/producto\/lelo-smart-wand-masajeador-ciruela-mediano\/#breadcrumb\",\"itemListElement\":[{\"@type\":\"ListItem\",\"position\":1,\"name\":\"Portada\",\"item\":\"https:\/\/demoweb.info\/sexshop001\/\"},{\"@type\":\"ListItem\",\"position\":2,\"name\":\"Tienda\",\"item\":\"https:\/\/demoweb.info\/sexshop001\/tienda\/\"},{\"@type\":\"ListItem\",\"position\":3,\"name\":\"LELO SMART WAND MASAJEADOR CIRUELA MEDIANO\"}]},{\"@type\":\"WebSite\",\"@id\":\"https:\/\/demoweb.info\/sexshop001\/#website\",\"url\":\"https:\/\/demoweb.info\/sexshop001\/\",\"name\":\"Tienda Er\u00f3tica\",\"description\":\"DEMOWEB SL\",\"potentialAction\":[{\"@type\":\"SearchAction\",\"target\":{\"@type\":\"EntryPoint\",\"urlTemplate\":\"https:\/\/demoweb.info\/sexshop001\/?s={search_term_string}\"},\"query-input\":\"required name=search_term_string\"}],\"inLanguage\":\"es\"}]}<\/script>\n<!-- \/ Yoast SEO plugin. -->","yoast_head_json":{"title":"LELO SMART WAND MASAJEADOR CIRUELA MEDIANO - Tienda Er\u00f3tica","robots":{"index":"noindex","follow":"follow","max-snippet":"max-snippet:-1","max-image-preview":"max-image-preview:large","max-video-preview":"max-video-preview:-1"},"og_locale":"es_ES","og_type":"article","og_title":"LELO SMART WAND MASAJEADOR CIRUELA MEDIANO - Tienda Er\u00f3tica","og_description":"LELO SMART WAND MEDIUM PLUM Rel\u00e1jate y dale un respiro a tu cuerpo con el mejor masajeador dentro de su","og_url":"https:\/\/demoweb.info\/sexshop001\/producto\/lelo-smart-wand-masajeador-ciruela-mediano\/","og_site_name":"Tienda Er\u00f3tica","article_modified_time":"2022-01-22T11:16:40+00:00","og_image":[{"width":550,"height":550,"url":"https:\/\/demoweb.info\/sexshop001\/wp-content\/uploads\/2022\/01\/LELO-SMART-WAND-MASAJEADOR-CIRUELA-MEDIANO.jpg","type":"image\/jpeg"}],"twitter_card":"summary_large_image","twitter_misc":{"Tiempo de lectura":"1 minuto"},"schema":{"@context":"https:\/\/schema.org","@graph":[{"@type":"WebPage","@id":"https:\/\/demoweb.info\/sexshop001\/producto\/lelo-smart-wand-masajeador-ciruela-mediano\/","url":"https:\/\/demoweb.info\/sexshop001\/producto\/lelo-smart-wand-masajeador-ciruela-mediano\/","name":"LELO SMART WAND MASAJEADOR CIRUELA MEDIANO - Tienda Er\u00f3tica","isPartOf":{"@id":"https:\/\/demoweb.info\/sexshop001\/#website"},"datePublished":"2022-01-22T11:16:31+00:00","dateModified":"2022-01-22T11:16:40+00:00","breadcrumb":{"@id":"https:\/\/demoweb.info\/sexshop001\/producto\/lelo-smart-wand-masajeador-ciruela-mediano\/#breadcrumb"},"inLanguage":"es","potentialAction":[{"@type":"ReadAction","target":["https:\/\/demoweb.info\/sexshop001\/producto\/lelo-smart-wand-masajeador-ciruela-mediano\/"]}]},{"@type":"BreadcrumbList","@id":"https:\/\/demoweb.info\/sexshop001\/producto\/lelo-smart-wand-masajeador-ciruela-mediano\/#breadcrumb","itemListElement":[{"@type":"ListItem","position":1,"name":"Portada","item":"https:\/\/demoweb.info\/sexshop001\/"},{"@type":"ListItem","position":2,"name":"Tienda","item":"https:\/\/demoweb.info\/sexshop001\/tienda\/"},{"@type":"ListItem","position":3,"name":"LELO SMART WAND MASAJEADOR CIRUELA MEDIANO"}]},{"@type":"WebSite","@id":"https:\/\/demoweb.info\/sexshop001\/#website","url":"https:\/\/demoweb.info\/sexshop001\/","name":"Tienda Er\u00f3tica","description":"DEMOWEB SL","potentialAction":[{"@type":"SearchAction","target":{"@type":"EntryPoint","urlTemplate":"https:\/\/demoweb.info\/sexshop001\/?s={search_term_string}"},"query-input":"required name=search_term_string"}],"inLanguage":"es"}]}},"_links":{"self":[{"href":"https:\/\/demoweb.info\/sexshop001\/wp-json\/wp\/v3\/product\/27874","targetHints":{"allow":["GET"]}}],"collection":[{"href":"https:\/\/demoweb.info\/sexshop001\/wp-json\/wp\/v3\/product"}],"about":[{"href":"https:\/\/demoweb.info\/sexshop001\/wp-json\/wp\/v2\/types\/product"}],"replies":[{"embeddable":true,"href":"https:\/\/demoweb.info\/sexshop001\/wp-json\/wp\/v2\/comments?post=27874"}],"wp:featuredmedia":[{"embeddable":true,"href":"https:\/\/demoweb.info\/sexshop001\/wp-json\/wp\/v2\/media\/27875"}],"wp:attachment":[{"href":"https:\/\/demoweb.info\/sexshop001\/wp-json\/wp\/v2\/media?parent=27874"}],"wp:term":[{"taxonomy":"product_cat","embeddable":true,"href":"https:\/\/demoweb.info\/sexshop001\/wp-json\/wp\/v2\/product_cat?post=27874"},{"taxonomy":"product_tag","embeddable":true,"href":"https:\/\/demoweb.info\/sexshop001\/wp-json\/wp\/v2\/product_tag?post=27874"}],"curies":[{"name":"wp","href":"https:\/\/api.w.org\/{rel}","templated":true}]}}