{"id":27838,"date":"2022-01-22T12:16:20","date_gmt":"2022-01-22T11:16:20","guid":{"rendered":"https:\/\/demoweb.info\/sexshop001\/producto\/fleshlight-don-limpy-pequeno-fleshtone\/"},"modified":"2022-01-22T12:16:22","modified_gmt":"2022-01-22T11:16:22","slug":"fleshlight-don-limpy-pequeno-fleshtone","status":"publish","type":"product","link":"https:\/\/demoweb.info\/sexshop001\/producto\/fleshlight-don-limpy-pequeno-fleshtone\/","title":{"rendered":"FLESHLIGHT DON LIMPY PEQUE\u00d1O FLESHTONE"},"content":{"rendered":"<p><strong>FLESHLIGHT MR. LIMPY SMALL FLESHTONE<\/strong>, el favorito entre los usuarios fan\u00e1ticos de productos de masturbaci\u00f3n <strong>Fleshlight \u00ae<\/strong>.<\/p>\n<p>\u00a1El <strong>Sr. Limpy<\/strong> es siempre el alma de la fiesta! Fabricado con el novedoso Fleshtone\u00ae al igual que las mangas de masturbaci\u00f3n de Fleshlight, usted puede estirarlo, hacerlo girar, tirar de el, guardarlo donde quieras o utilizarlo como un divertido regalo.<\/p>\n<p>El m\u00e1s original para despedidas o simplemente para dejarlo sobre la mesa mientras tomas caf\u00e9, El <strong>Sr. Limpy<\/strong> es una gran forma de romper el hielo y entablar una conversaci\u00f3n.<\/p>\n<p>Es utilizado con frecuencia por transexuales como relleno para dar la apariencia de tener genitales masculinos.<\/p>\n<p>No es un consolador que te dar\u00e1 placer \u00edntimamente, el Se\u00f1or Limpy, es m\u00e1s un juguete con el que divertirse sin tener que ser necesariamente de forma sexual. Despu\u00e9s de todo, el pobre &#39;Sr. Limpy&#39; ha estado bajo mucha tensi\u00f3n \u00faltimamente.<\/p>\n<p>Medidas: 9 cm x 3,5 cm.<strong> <\/strong><\/p>\n","protected":false},"excerpt":{"rendered":"<p>FLESHLIGHT MR. LIMPY SMALL FLESHTONE, el favorito entre los usuarios fan\u00e1ticos de productos de masturbaci\u00f3n Fleshlight \u00ae. \u00a1El Sr. Limpy<\/p>\n","protected":false},"featured_media":27839,"comment_status":"open","ping_status":"open","template":"","meta":[],"product_cat":[386],"product_tag":[576,1122],"class_list":["post-27838","product","type-product","status-publish","has-post-thumbnail","hentry","product_cat-realisticos","product_tag-fleshlight","product_tag-mr-limpy"],"bundled_by":[],"bundle_stock_status":"instock","bundle_stock_quantity":4,"bundle_virtual":false,"bundle_layout":"","bundle_add_to_cart_form_location":"","bundle_editable_in_cart":false,"bundle_sold_individually_context":"","bundle_item_grouping":"","bundle_min_size":"","bundle_max_size":"","bundled_items":[],"yoast_head":"<!-- This site is optimized with the Yoast SEO plugin v20.6 - https:\/\/yoast.com\/wordpress\/plugins\/seo\/ -->\n<title>FLESHLIGHT DON LIMPY PEQUE\u00d1O FLESHTONE - Tienda Er\u00f3tica<\/title>\n<meta name=\"robots\" content=\"noindex, follow, max-snippet:-1, max-image-preview:large, max-video-preview:-1\" \/>\n<meta property=\"og:locale\" content=\"es_ES\" \/>\n<meta property=\"og:type\" content=\"article\" \/>\n<meta property=\"og:title\" content=\"FLESHLIGHT DON LIMPY PEQUE\u00d1O FLESHTONE - Tienda Er\u00f3tica\" \/>\n<meta property=\"og:description\" content=\"FLESHLIGHT MR. LIMPY SMALL FLESHTONE, el favorito entre los usuarios fan\u00e1ticos de productos de masturbaci\u00f3n Fleshlight \u00ae. \u00a1El Sr. Limpy\" \/>\n<meta property=\"og:url\" content=\"https:\/\/demoweb.info\/sexshop001\/producto\/fleshlight-don-limpy-pequeno-fleshtone\/\" \/>\n<meta property=\"og:site_name\" content=\"Tienda Er\u00f3tica\" \/>\n<meta property=\"article:modified_time\" content=\"2022-01-22T11:16:22+00:00\" \/>\n<meta property=\"og:image\" content=\"https:\/\/demoweb.info\/sexshop001\/wp-content\/uploads\/2022\/01\/FLESHLIGHT-DON-LIMPY-PEQUENO-FLESHTONE.jpg\" \/>\n\t<meta property=\"og:image:width\" content=\"550\" \/>\n\t<meta property=\"og:image:height\" content=\"550\" \/>\n\t<meta property=\"og:image:type\" content=\"image\/jpeg\" \/>\n<meta name=\"twitter:card\" content=\"summary_large_image\" \/>\n<meta name=\"twitter:label1\" content=\"Tiempo de lectura\" \/>\n\t<meta name=\"twitter:data1\" content=\"1 minuto\" \/>\n<script type=\"application\/ld+json\" class=\"yoast-schema-graph\">{\"@context\":\"https:\/\/schema.org\",\"@graph\":[{\"@type\":\"WebPage\",\"@id\":\"https:\/\/demoweb.info\/sexshop001\/producto\/fleshlight-don-limpy-pequeno-fleshtone\/\",\"url\":\"https:\/\/demoweb.info\/sexshop001\/producto\/fleshlight-don-limpy-pequeno-fleshtone\/\",\"name\":\"FLESHLIGHT DON LIMPY PEQUE\u00d1O FLESHTONE - Tienda Er\u00f3tica\",\"isPartOf\":{\"@id\":\"https:\/\/demoweb.info\/sexshop001\/#website\"},\"datePublished\":\"2022-01-22T11:16:20+00:00\",\"dateModified\":\"2022-01-22T11:16:22+00:00\",\"breadcrumb\":{\"@id\":\"https:\/\/demoweb.info\/sexshop001\/producto\/fleshlight-don-limpy-pequeno-fleshtone\/#breadcrumb\"},\"inLanguage\":\"es\",\"potentialAction\":[{\"@type\":\"ReadAction\",\"target\":[\"https:\/\/demoweb.info\/sexshop001\/producto\/fleshlight-don-limpy-pequeno-fleshtone\/\"]}]},{\"@type\":\"BreadcrumbList\",\"@id\":\"https:\/\/demoweb.info\/sexshop001\/producto\/fleshlight-don-limpy-pequeno-fleshtone\/#breadcrumb\",\"itemListElement\":[{\"@type\":\"ListItem\",\"position\":1,\"name\":\"Portada\",\"item\":\"https:\/\/demoweb.info\/sexshop001\/\"},{\"@type\":\"ListItem\",\"position\":2,\"name\":\"Tienda\",\"item\":\"https:\/\/demoweb.info\/sexshop001\/tienda\/\"},{\"@type\":\"ListItem\",\"position\":3,\"name\":\"FLESHLIGHT DON LIMPY PEQUE\u00d1O FLESHTONE\"}]},{\"@type\":\"WebSite\",\"@id\":\"https:\/\/demoweb.info\/sexshop001\/#website\",\"url\":\"https:\/\/demoweb.info\/sexshop001\/\",\"name\":\"Tienda Er\u00f3tica\",\"description\":\"DEMOWEB SL\",\"potentialAction\":[{\"@type\":\"SearchAction\",\"target\":{\"@type\":\"EntryPoint\",\"urlTemplate\":\"https:\/\/demoweb.info\/sexshop001\/?s={search_term_string}\"},\"query-input\":\"required name=search_term_string\"}],\"inLanguage\":\"es\"}]}<\/script>\n<!-- \/ Yoast SEO plugin. -->","yoast_head_json":{"title":"FLESHLIGHT DON LIMPY PEQUE\u00d1O FLESHTONE - Tienda Er\u00f3tica","robots":{"index":"noindex","follow":"follow","max-snippet":"max-snippet:-1","max-image-preview":"max-image-preview:large","max-video-preview":"max-video-preview:-1"},"og_locale":"es_ES","og_type":"article","og_title":"FLESHLIGHT DON LIMPY PEQUE\u00d1O FLESHTONE - Tienda Er\u00f3tica","og_description":"FLESHLIGHT MR. LIMPY SMALL FLESHTONE, el favorito entre los usuarios fan\u00e1ticos de productos de masturbaci\u00f3n Fleshlight \u00ae. \u00a1El Sr. Limpy","og_url":"https:\/\/demoweb.info\/sexshop001\/producto\/fleshlight-don-limpy-pequeno-fleshtone\/","og_site_name":"Tienda Er\u00f3tica","article_modified_time":"2022-01-22T11:16:22+00:00","og_image":[{"width":550,"height":550,"url":"https:\/\/demoweb.info\/sexshop001\/wp-content\/uploads\/2022\/01\/FLESHLIGHT-DON-LIMPY-PEQUENO-FLESHTONE.jpg","type":"image\/jpeg"}],"twitter_card":"summary_large_image","twitter_misc":{"Tiempo de lectura":"1 minuto"},"schema":{"@context":"https:\/\/schema.org","@graph":[{"@type":"WebPage","@id":"https:\/\/demoweb.info\/sexshop001\/producto\/fleshlight-don-limpy-pequeno-fleshtone\/","url":"https:\/\/demoweb.info\/sexshop001\/producto\/fleshlight-don-limpy-pequeno-fleshtone\/","name":"FLESHLIGHT DON LIMPY PEQUE\u00d1O FLESHTONE - Tienda Er\u00f3tica","isPartOf":{"@id":"https:\/\/demoweb.info\/sexshop001\/#website"},"datePublished":"2022-01-22T11:16:20+00:00","dateModified":"2022-01-22T11:16:22+00:00","breadcrumb":{"@id":"https:\/\/demoweb.info\/sexshop001\/producto\/fleshlight-don-limpy-pequeno-fleshtone\/#breadcrumb"},"inLanguage":"es","potentialAction":[{"@type":"ReadAction","target":["https:\/\/demoweb.info\/sexshop001\/producto\/fleshlight-don-limpy-pequeno-fleshtone\/"]}]},{"@type":"BreadcrumbList","@id":"https:\/\/demoweb.info\/sexshop001\/producto\/fleshlight-don-limpy-pequeno-fleshtone\/#breadcrumb","itemListElement":[{"@type":"ListItem","position":1,"name":"Portada","item":"https:\/\/demoweb.info\/sexshop001\/"},{"@type":"ListItem","position":2,"name":"Tienda","item":"https:\/\/demoweb.info\/sexshop001\/tienda\/"},{"@type":"ListItem","position":3,"name":"FLESHLIGHT DON LIMPY PEQUE\u00d1O FLESHTONE"}]},{"@type":"WebSite","@id":"https:\/\/demoweb.info\/sexshop001\/#website","url":"https:\/\/demoweb.info\/sexshop001\/","name":"Tienda Er\u00f3tica","description":"DEMOWEB SL","potentialAction":[{"@type":"SearchAction","target":{"@type":"EntryPoint","urlTemplate":"https:\/\/demoweb.info\/sexshop001\/?s={search_term_string}"},"query-input":"required name=search_term_string"}],"inLanguage":"es"}]}},"_links":{"self":[{"href":"https:\/\/demoweb.info\/sexshop001\/wp-json\/wp\/v3\/product\/27838","targetHints":{"allow":["GET"]}}],"collection":[{"href":"https:\/\/demoweb.info\/sexshop001\/wp-json\/wp\/v3\/product"}],"about":[{"href":"https:\/\/demoweb.info\/sexshop001\/wp-json\/wp\/v2\/types\/product"}],"replies":[{"embeddable":true,"href":"https:\/\/demoweb.info\/sexshop001\/wp-json\/wp\/v2\/comments?post=27838"}],"wp:featuredmedia":[{"embeddable":true,"href":"https:\/\/demoweb.info\/sexshop001\/wp-json\/wp\/v2\/media\/27839"}],"wp:attachment":[{"href":"https:\/\/demoweb.info\/sexshop001\/wp-json\/wp\/v2\/media?parent=27838"}],"wp:term":[{"taxonomy":"product_cat","embeddable":true,"href":"https:\/\/demoweb.info\/sexshop001\/wp-json\/wp\/v2\/product_cat?post=27838"},{"taxonomy":"product_tag","embeddable":true,"href":"https:\/\/demoweb.info\/sexshop001\/wp-json\/wp\/v2\/product_tag?post=27838"}],"curies":[{"name":"wp","href":"https:\/\/api.w.org\/{rel}","templated":true}]}}